{"id":3705,"date":"2016-12-20T20:17:04","date_gmt":"2016-12-20T19:17:04","guid":{"rendered":"http:\/\/cvrcak-daruvar.com.hr\/?page_id=3705"},"modified":"2016-12-20T20:18:07","modified_gmt":"2016-12-20T19:18:07","slug":"natjecanje-u-brzom-citanju","status":"publish","type":"page","link":"http:\/\/cvrcak-daruvar.com.hr\/?page_id=3705","title":{"rendered":"Natjecanje u brzom \u010ditanju"},"content":{"rendered":"<p>U \u0161kolskoj knji\u017enici odr\u017ealo se natjecanje u brzom \u010ditanju u dva navrata: u podru\u010dnoj \u0161koli u Frankopanskoj ulici i u \u0161koli u Gajevoj 11.11.2016.<\/p>\n<p>Prisustvovali smo natjecanju u knji\u017enici u Gajevoj.<\/p>\n<p>Za po\u010detak su svi \u010ditali s papira malo te\u017ei tekst kako bi \u201ezagrijali jezik\u201c. Zanimljiva je bila jezikolomka: \u201e<em>Odosmo u kotlokrpa,kad kotlokrp kotle krpi sa svojih devet kotlokrpica, a stara im kotlikrpa kotlokrpavim kotlovima vodu nosi.\u201c<\/em><\/p>\n<p>Knji\u017eni\u010darka Tomislava je postavila pravila:<\/p>\n<ul>\n<li>pro\u010ditaj najbr\u017ee \u0161to mo\u017ee\u0161<\/li>\n<li>ne ispravljaj se kad pogrije\u0161i\u0161<\/li>\n<li>ne zaustavljaj se na interpunkcijskim zarezima<\/li>\n<\/ul>\n<p>Knji\u017eni\u010darka je mjerila vrijeme (1 minutu), bilje\u017eila pogre\u0161no pro\u010ditane rije\u010di, a kad su u\u010denici zavr\u0161ili, prebrojili su koliko su rije\u010di pro\u010ditali.<\/p>\n<p>Prvo su \u010ditali u\u010denici 7.-ih razreda, da se 5.-i malo ohrabre. Sedmi i \u0161esti razredi su \u010ditali iz knjige Mali princ, a peti su \u010ditali iz Uzbune na Zelenom vrhu.<\/p>\n<p>Pobijedio je Jan \u0160tefanac iz 7.b, a dobio je za nagradu knjigu Priru\u010dnik o \u010darobnjacima.<\/p>\n<p>Na kraju je knji\u017eni\u010darka obja\u0161njavala \u0161to zna\u010di brzo \u010ditanje, rekla nam je i nekoliko zanimljivosti o brzom \u010ditanju: rekord dr\u017ei jedan profesor \u2013 3800 rije\u010di (250 kartica). \u0160to br\u017ee \u010dita\u0161 tekst, to ga bolje pamti\u0161 \u2013 zaklju\u010dila je natjecanje knji\u017eni\u010darka Tomislava.<\/p>\n<p>Bilo nam je zanimljivo na natjecanju i voljeli bismo da se ovakva natjecanja odr\u017eavaju svake godine.<\/p>\n<p style=\"text-align: right;\"><em>Lucija Peternel i Anja Luki\u0107, 7.c<\/em><\/p>\n","protected":false},"excerpt":{"rendered":"<p>U \u0161kolskoj knji\u017enici odr\u017ealo se natjecanje u brzom \u010ditanju u dva navrata: u podru\u010dnoj \u0161koli u Frankopanskoj ulici i u \u0161koli u Gajevoj 11.11.2016. Prisustvovali smo natjecanju u knji\u017enici u Gajevoj. Za po\u010detak su svi \u010ditali s papira malo te\u017ei tekst kako bi \u201ezagrijali jezik\u201c. Zanimljiva je bila jezikolomka: \u201eOdosmo u kotlokrpa,kad kotlokrp kotle krpi [&hellip;]<\/p>\n","protected":false},"author":2,"featured_media":0,"parent":0,"menu_order":0,"comment_status":"closed","ping_status":"closed","template":"","meta":[],"_links":{"self":[{"href":"http:\/\/cvrcak-daruvar.com.hr\/index.php?rest_route=\/wp\/v2\/pages\/3705"}],"collection":[{"href":"http:\/\/cvrcak-daruvar.com.hr\/index.php?rest_route=\/wp\/v2\/pages"}],"about":[{"href":"http:\/\/cvrcak-daruvar.com.hr\/index.php?rest_route=\/wp\/v2\/types\/page"}],"author":[{"embeddable":true,"href":"http:\/\/cvrcak-daruvar.com.hr\/index.php?rest_route=\/wp\/v2\/users\/2"}],"replies":[{"embeddable":true,"href":"http:\/\/cvrcak-daruvar.com.hr\/index.php?rest_route=%2Fwp%2Fv2%2Fcomments&post=3705"}],"version-history":[{"count":1,"href":"http:\/\/cvrcak-daruvar.com.hr\/index.php?rest_route=\/wp\/v2\/pages\/3705\/revisions"}],"predecessor-version":[{"id":3706,"href":"http:\/\/cvrcak-daruvar.com.hr\/index.php?rest_route=\/wp\/v2\/pages\/3705\/revisions\/3706"}],"wp:attachment":[{"href":"http:\/\/cvrcak-daruvar.com.hr\/index.php?rest_route=%2Fwp%2Fv2%2Fmedia&parent=3705"}],"curies":[{"name":"wp","href":"https:\/\/api.w.org\/{rel}","templated":true}]}}