{"id":3703,"date":"2016-12-20T20:16:14","date_gmt":"2016-12-20T19:16:14","guid":{"rendered":"http:\/\/cvrcak-daruvar.com.hr\/?page_id=3703"},"modified":"2017-01-03T20:33:26","modified_gmt":"2017-01-03T19:33:26","slug":"nastava-u-knjiznici","status":"publish","type":"page","link":"http:\/\/cvrcak-daruvar.com.hr\/?page_id=3703","title":{"rendered":"Nastava u knji\u017enici"},"content":{"rendered":"<p>U\u010denici 7.a i 7.c razreda\u00a0 posjetili su 25. studenoga 2016. Pu\u010dku knji\u017enicu i \u010ditaonicu Daruvar u sklopu obrade nastavne jedinice Referentna gra\u0111a.<\/p>\n<p><a href=\"http:\/\/cvrcak-daruvar.com.hr\/wp-content\/uploads\/2016\/12\/knj-4.jpg\" class=\"gallery_colorbox\" rel=\"attachment wp-att-3809\"><img decoding=\"async\" loading=\"lazy\" class=\"alignright size-medium wp-image-3809\" src=\"http:\/\/cvrcak-daruvar.com.hr\/wp-content\/uploads\/2016\/12\/knj-4-300x225.jpg\"  alt=\"knj-4\" width=\"300\" height=\"225\" srcset=\"http:\/\/cvrcak-daruvar.com.hr\/wp-content\/uploads\/2016\/12\/knj-4-300x225.jpg 300w, http:\/\/cvrcak-daruvar.com.hr\/wp-content\/uploads\/2016\/12\/knj-4-768x576.jpg 768w, http:\/\/cvrcak-daruvar.com.hr\/wp-content\/uploads\/2016\/12\/knj-4-1024x768.jpg 1024w, http:\/\/cvrcak-daruvar.com.hr\/wp-content\/uploads\/2016\/12\/knj-4.jpg 2048w\" sizes=\"(max-width: 300px) 100vw, 300px\" \/><\/a> <a href=\"http:\/\/cvrcak-daruvar.com.hr\/wp-content\/uploads\/2016\/12\/knj-5.jpg\" class=\"gallery_colorbox\" rel=\"attachment wp-att-3810\"><img decoding=\"async\" loading=\"lazy\" class=\"alignright size-large wp-image-3810\" src=\"http:\/\/cvrcak-daruvar.com.hr\/wp-content\/uploads\/2016\/12\/knj-5-1024x768.jpg\"  alt=\"knj-5\" width=\"500\" height=\"375\" srcset=\"http:\/\/cvrcak-daruvar.com.hr\/wp-content\/uploads\/2016\/12\/knj-5-1024x768.jpg 1024w, http:\/\/cvrcak-daruvar.com.hr\/wp-content\/uploads\/2016\/12\/knj-5-300x225.jpg 300w, http:\/\/cvrcak-daruvar.com.hr\/wp-content\/uploads\/2016\/12\/knj-5-768x576.jpg 768w, http:\/\/cvrcak-daruvar.com.hr\/wp-content\/uploads\/2016\/12\/knj-5.jpg 2048w\" sizes=\"(max-width: 500px) 100vw, 500px\" \/><\/a>Do\u010dekala nas je ljubazna knji\u017eni\u010darka Danijela Mari\u0107 i provela kroz referentnu zbirku koju knji\u017enica posjeduje. Vidjeli smo razli\u010dite vrste atlasa, rje\u010dnika, enciklopedija i leksikona. Ta se vrsta knji\u017ene gra\u0111e ne posu\u0111uje van knji\u017enice, nego se njome slu\u017eimo samo u knji\u017enici. Na kraju predavanja odr\u017ean je i kviz na kojem su najuspje\u0161niji u\u010denici osvojili jednogodi\u0161nje \u010dlanstvo u knji\u017enici: Karolina Pavi\u010di\u0107, 7.a; Ivan Krasni\u0107; 7.a i Patrick Bu\u0107an, 7.c.<\/p>\n<p>Evo \u0161to su u\u010denici napisali o tome:<\/p>\n<p>\u201eNau\u010dili smo \u0161to zna\u010di bibliografija, kakve enciklopedije postoje, kakvi sve mogu biti atlasi, \u0161to su leksikoni i rje\u010dnici\u2026 Nau\u010dili smo da su knjige najpovjerljiviji i najpouzdaniji izvori informacija. Na internetu mo\u017eemo dobiti razne odgovore, ali neki od njih ba\u0161 i nisu to\u010dni.\u201c \u2013 Karolina Pavi\u010di\u0107, 7.a<\/p>\n<p>\u201eIako sam i prije znala za njih, najvi\u0161e me se dojmilo opisivanje atlasa. To\u010dnije, znala sam za geografske atlase, ali nisam znala da postoje i druge vrste atlasa. Zapamtila sam Atlas \u010dovje\u010danstva jer mi je djelovao zanimljiv\u2026 Na kraju smo imali i malo natjecanje. Bilo je vrlo zabavno. Iako nisam pobijedila i osvojila nagradu (jednogodi\u0161nje \u010dlanstvo), mislim da \u0107u se i ja u\u010dlaniti jer mi se sve ovo jako svidjelo.\u201c \u2013 Tea Kova\u010di\u0107, 7.c<\/p>\n<p><a href=\"http:\/\/cvrcak-daruvar.com.hr\/wp-content\/uploads\/2016\/12\/knj-2.jpg\" class=\"gallery_colorbox\" rel=\"attachment wp-att-3808\"><img decoding=\"async\" loading=\"lazy\" class=\"aligncenter wp-image-3808 size-large\" src=\"http:\/\/cvrcak-daruvar.com.hr\/wp-content\/uploads\/2016\/12\/knj-2-1024x768.jpg\"  alt=\"knj-2\" width=\"500\" height=\"375\" srcset=\"http:\/\/cvrcak-daruvar.com.hr\/wp-content\/uploads\/2016\/12\/knj-2-1024x768.jpg 1024w, http:\/\/cvrcak-daruvar.com.hr\/wp-content\/uploads\/2016\/12\/knj-2-300x225.jpg 300w, http:\/\/cvrcak-daruvar.com.hr\/wp-content\/uploads\/2016\/12\/knj-2-768x576.jpg 768w, http:\/\/cvrcak-daruvar.com.hr\/wp-content\/uploads\/2016\/12\/knj-2.jpg 2048w\" sizes=\"(max-width: 500px) 100vw, 500px\" \/><\/a><\/p>\n<p>\u201eU knji\u017enici je bilo super, to je jedno lijepo iskustvo i nadam se da \u0107emo idu\u0107e godine opet i\u0107i tamo.\u201c \u2013 Iva Polenus, 7.c<\/p>\n<p>\u201eBilo nam je zabavno, super smo se proveli i nau\u010dili pone\u0161to novo.\u201c \u2013 Patrick Bu\u0107an, 7.c<\/p>\n<p>\u201eReferentna zbirka knji\u017enice je uistinu velika i veseli me \u0161to znam gdje mogu do\u0107i kada mi zatreba pomo\u0107 oko u\u010denja. U \u0161kolu smo se s predavanja vratili bogatiji za jo\u0161 jedno novo iskustvo.\u201c \u2013 Luna Bili, 7.a<\/p>\n<p>\u201eAko mi bude zatrebala pomo\u0107, idem u gradsku knji\u017enicu!\u201c \u2013 Martin Gjugjaj, 7.a<\/p>\n<p>\u201ePredavanje u knji\u017enici jako mi se svidjelo jer sam puno vi\u0161e zapamtila nego \u0161to bih zapamtila na satu. Knji\u017eni\u010darka je odli\u010dno odr\u017eala predavanje.\u201c \u2013 Anja Luki\u0107, 7.c<\/p>\n<p><a href=\"http:\/\/cvrcak-daruvar.com.hr\/wp-content\/uploads\/2016\/12\/knj-1.jpg\" class=\"gallery_colorbox\" rel=\"attachment wp-att-3807\"><img decoding=\"async\" loading=\"lazy\" class=\"wp-image-3807 size-medium alignleft\" src=\"http:\/\/cvrcak-daruvar.com.hr\/wp-content\/uploads\/2016\/12\/knj-1-225x300.jpg\"  alt=\"knj-1\" width=\"225\" height=\"300\" srcset=\"http:\/\/cvrcak-daruvar.com.hr\/wp-content\/uploads\/2016\/12\/knj-1-225x300.jpg 225w, http:\/\/cvrcak-daruvar.com.hr\/wp-content\/uploads\/2016\/12\/knj-1.jpg 720w\" sizes=\"(max-width: 225px) 100vw, 225px\" \/><\/a><\/p>\n<p>\u201eDobila sam neke \u00a0informacije u vezi studijskog odjela,\u00a0 a to je da se knjige s tog odjela ne mogu posu\u0111ivati ve\u0107 se njima slu\u017eimo samo u knji\u017enici. Na studijskom odjelu mo\u017eemo se slu\u017eiti svim knjigama koje nam trebaju, mo\u017eemo rje\u0161avati zada\u0107u ili prou\u010diti \u0161to na treba za \u0161kolu.\u201c \u2013 Maja Cetinja, 7.c<\/p>\n<p>\u201eKnji\u017eni\u010darka nam je govorila o tome gdje se \u0161to nalazi u knji\u017enici i neke zanimljivosti o knjigama iz referentne zbirke. Tamo nam je bilo lijepo jer smo nau\u010dili mnoge stvari koje nismo znali o knjigama.\u201c \u2013 Helena Markovi\u0107, 7.a<\/p>\n<p>\u201eJako mi je drago da nas je nastavnica povela u knji\u017enicu da na malo druga\u010diji na\u010din nau\u010dimo ne\u0161to novo.\u201c \u2013 Ivana Vuk, 7.a<\/p>\n<p>\u201eBilo mi je jako zanimljivo i svidjelo mi se \u0161to smo na kraju odigrali kviz o tome \u0161to smo nau\u010dili prilikom posjeta studijskom odjelu.\u201c \u2013 Valentina Houf, 7.c<\/p>\n<p>\u201eSvi\u0111a mi se \u0161to smo i\u0161li u knji\u017enicu u\u017eivo vidjeti knjige referentne zbirke, da ne moramo o njima samo \u010ditati iz \u010ditanke. U\u017eivala sam u predavanju i zabavila se!\u201c \u2013 Marta Mati\u010di\u0107, 7.c<\/p>\n<p>\u201eBilo mi je lijepo i jedva \u010dekam ponovni posjet knji\u017enici!\u201c \u2013 Iva Peranovi\u0107, 7.c<\/p>\n<p><a href=\"http:\/\/cvrcak-daruvar.com.hr\/wp-content\/uploads\/2016\/12\/knj-.jpg\" class=\"gallery_colorbox\" rel=\"attachment wp-att-3806\"><img decoding=\"async\" loading=\"lazy\" class=\"aligncenter wp-image-3806 size-large\" src=\"http:\/\/cvrcak-daruvar.com.hr\/wp-content\/uploads\/2016\/12\/knj--1024x768.jpg\"  alt=\"knj\" width=\"500\" height=\"375\" srcset=\"http:\/\/cvrcak-daruvar.com.hr\/wp-content\/uploads\/2016\/12\/knj--1024x768.jpg 1024w, http:\/\/cvrcak-daruvar.com.hr\/wp-content\/uploads\/2016\/12\/knj--300x225.jpg 300w, http:\/\/cvrcak-daruvar.com.hr\/wp-content\/uploads\/2016\/12\/knj--768x576.jpg 768w, http:\/\/cvrcak-daruvar.com.hr\/wp-content\/uploads\/2016\/12\/knj-.jpg 2048w\" sizes=\"(max-width: 500px) 100vw, 500px\" \/><\/a><\/p>\n<p>Pozivamo sve one koji jo\u0161 nisu posjetili studijski odjel Pu\u010dke knji\u017enice i \u010ditaonice da to svakako u\u010dine. Ujedno zahvaljujemo ravnateljici knji\u017enice, Romani Horvat, \u0161to nas je lijepo primila i najvi\u0161e divnoj i strpljivoj knji\u017eni\u010darki Danijeli Mari\u0107 na pou\u010dnom predavanju.<\/p>\n<p>&nbsp;<\/p>\n<p style=\"text-align: right;\">\u00a0\u00a0\u00a0\u00a0\u00a0\u00a0\u00a0\u00a0\u00a0\u00a0\u00a0 7.a i 7.c s nastavnicima Marinom Singer i Denisom Singerom<\/p>\n<p style=\"text-align: right;\"><a href=\"https:\/\/www.facebook.com\/permalink.php?story_fbid=1473114839370300&amp;id=198698423478621\" target=\"_blank\">Fotografije FB Pu\u010dka knji\u017enica i \u010ditaonica Daruvar<\/a><\/p>\n","protected":false},"excerpt":{"rendered":"<p>U\u010denici 7.a i 7.c razreda\u00a0 posjetili su 25. studenoga 2016. Pu\u010dku knji\u017enicu i \u010ditaonicu Daruvar u sklopu obrade nastavne jedinice Referentna gra\u0111a. Do\u010dekala nas je ljubazna knji\u017eni\u010darka Danijela Mari\u0107 i provela kroz referentnu zbirku koju knji\u017enica posjeduje. Vidjeli smo razli\u010dite vrste atlasa, rje\u010dnika, enciklopedija i leksikona. Ta se vrsta knji\u017ene gra\u0111e ne posu\u0111uje van knji\u017enice, [&hellip;]<\/p>\n","protected":false},"author":2,"featured_media":0,"parent":0,"menu_order":0,"comment_status":"closed","ping_status":"closed","template":"","meta":[],"_links":{"self":[{"href":"http:\/\/cvrcak-daruvar.com.hr\/index.php?rest_route=\/wp\/v2\/pages\/3703"}],"collection":[{"href":"http:\/\/cvrcak-daruvar.com.hr\/index.php?rest_route=\/wp\/v2\/pages"}],"about":[{"href":"http:\/\/cvrcak-daruvar.com.hr\/index.php?rest_route=\/wp\/v2\/types\/page"}],"author":[{"embeddable":true,"href":"http:\/\/cvrcak-daruvar.com.hr\/index.php?rest_route=\/wp\/v2\/users\/2"}],"replies":[{"embeddable":true,"href":"http:\/\/cvrcak-daruvar.com.hr\/index.php?rest_route=%2Fwp%2Fv2%2Fcomments&post=3703"}],"version-history":[{"count":3,"href":"http:\/\/cvrcak-daruvar.com.hr\/index.php?rest_route=\/wp\/v2\/pages\/3703\/revisions"}],"predecessor-version":[{"id":3811,"href":"http:\/\/cvrcak-daruvar.com.hr\/index.php?rest_route=\/wp\/v2\/pages\/3703\/revisions\/3811"}],"wp:attachment":[{"href":"http:\/\/cvrcak-daruvar.com.hr\/index.php?rest_route=%2Fwp%2Fv2%2Fmedia&parent=3703"}],"curies":[{"name":"wp","href":"https:\/\/api.w.org\/{rel}","templated":true}]}}