{"id":368,"date":"2012-06-01T04:24:34","date_gmt":"2012-06-01T04:24:34","guid":{"rendered":"http:\/\/cvrcak-daruvar.com.hr\/?page_id=368"},"modified":"2012-06-01T04:24:34","modified_gmt":"2012-06-01T04:24:34","slug":"dan-otvorenih-vrata-gajeva","status":"publish","type":"page","link":"http:\/\/cvrcak-daruvar.com.hr\/?page_id=368","title":{"rendered":"Dan otvorenih vrata &#8211; Gajeva"},"content":{"rendered":"<p style=\"text-align: left;\" align=\"center\">\u00a0<strong>DAN OTVORENIH VRATA<\/strong><\/p>\n<p>&nbsp;<\/p>\n<p>U\u010ditelji razredne nastave pripremili su za u\u010denike <em>Dan otvorenih vrata<\/em>, 20. travnja 2012. (petak).<\/p>\n<p>Ponudili su im sljede\u0107e aktivnosti:<\/p>\n<p>1.radionice: stvarala\u010dku, glazbeno-plesnu, recitatorsku, dramsko-lutkarsku, origami, sportsku i englesku<\/p>\n<p>2. igraonice: jezi\u010dnu,\u00a0 matemati\u010dku<\/p>\n<p>Od ukupno devet, svaki u\u010denik je odabrao \u010detiri aktivnosti.<\/p>\n<p>&nbsp;<\/p>\n<p>Donosimo broj u\u010denika po skupinama i voditelje:<\/p>\n<p>53\u00a0 u\u010denika: stvarala\u010dka radionica -u\u010diteljica Anita \u0106ulibrk<\/p>\n<p>61 u\u010denik: glazbeno-plesna radionica -u\u010diteljica Lida Farka\u0161<\/p>\n<p>30 u\u010denik: recitatorska radionica -u\u010diteljica \u017deljka Kube\u0161<\/p>\n<p>52 u\u010denika: jezi\u010dna igraonica -u\u010diteljica Ankica Je\u017eabek<\/p>\n<p>64 u\u010denika: matemati\u010dka igraonica -u\u010diteljica Nada Lazi\u0107<\/p>\n<p>56 u\u010denika: dramsko-lutkarska radionica -u\u010diteljica Jasna \u0160\u0107erba<\/p>\n<p>87 u\u010denika: origami -u\u010ditelj Sini\u0161a \u0106ulibrk<\/p>\n<p>104 u\u010denika: sportska skupina -u\u010diteljica Mirjana Ru\u017ei\u010dka<\/p>\n<p>55 u\u010denika: engleska radionica -profesor Silvije Devald.<\/p>\n<p>&nbsp;<\/p>\n<p>Sadr\u017eaje smo odradili u poslijepodnevnoj smjeni kada u prostoru \u0161kole imamo vi\u0161e slobodnih u\u010dionica i dvoranu za tjelesni. U\u010denici su ve\u0107 ranije dobili svoj raspored aktivnosti za taj dan. Vrata su u\u010denicima bila otvorena, a radi boljeg snala\u017eenja na vratima ih je do\u010dekala u\u010diteljica (u\u010ditelj).<\/p>\n<p>Kroz\u00a0 dru\u017eenje i zanimljiv rad s u\u010denicima vrijeme nam je brzo pro\u0161lo!<\/p>\n<p>&nbsp;<\/p>\n<p>&nbsp;<\/p>\n","protected":false},"excerpt":{"rendered":"<p>\u00a0DAN OTVORENIH VRATA &nbsp; U\u010ditelji razredne nastave pripremili su za u\u010denike Dan otvorenih vrata, 20. travnja 2012. (petak). Ponudili su im sljede\u0107e aktivnosti: 1.radionice: stvarala\u010dku, glazbeno-plesnu, recitatorsku, dramsko-lutkarsku, origami, sportsku i englesku 2. igraonice: jezi\u010dnu,\u00a0 matemati\u010dku Od ukupno devet, svaki u\u010denik je odabrao \u010detiri aktivnosti. &nbsp; Donosimo broj u\u010denika po skupinama i voditelje: 53\u00a0 u\u010denika: [&hellip;]<\/p>\n","protected":false},"author":1,"featured_media":0,"parent":827,"menu_order":0,"comment_status":"closed","ping_status":"closed","template":"","meta":[],"_links":{"self":[{"href":"http:\/\/cvrcak-daruvar.com.hr\/index.php?rest_route=\/wp\/v2\/pages\/368"}],"collection":[{"href":"http:\/\/cvrcak-daruvar.com.hr\/index.php?rest_route=\/wp\/v2\/pages"}],"about":[{"href":"http:\/\/cvrcak-daruvar.com.hr\/index.php?rest_route=\/wp\/v2\/types\/page"}],"author":[{"embeddable":true,"href":"http:\/\/cvrcak-daruvar.com.hr\/index.php?rest_route=\/wp\/v2\/users\/1"}],"replies":[{"embeddable":true,"href":"http:\/\/cvrcak-daruvar.com.hr\/index.php?rest_route=%2Fwp%2Fv2%2Fcomments&post=368"}],"version-history":[{"count":2,"href":"http:\/\/cvrcak-daruvar.com.hr\/index.php?rest_route=\/wp\/v2\/pages\/368\/revisions"}],"predecessor-version":[{"id":370,"href":"http:\/\/cvrcak-daruvar.com.hr\/index.php?rest_route=\/wp\/v2\/pages\/368\/revisions\/370"}],"up":[{"embeddable":true,"href":"http:\/\/cvrcak-daruvar.com.hr\/index.php?rest_route=\/wp\/v2\/pages\/827"}],"wp:attachment":[{"href":"http:\/\/cvrcak-daruvar.com.hr\/index.php?rest_route=%2Fwp%2Fv2%2Fmedia&parent=368"}],"curies":[{"name":"wp","href":"https:\/\/api.w.org\/{rel}","templated":true}]}}