{"id":3608,"date":"2016-12-11T22:09:57","date_gmt":"2016-12-11T21:09:57","guid":{"rendered":"http:\/\/cvrcak-daruvar.com.hr\/?page_id=3608"},"modified":"2017-01-03T21:38:05","modified_gmt":"2017-01-03T20:38:05","slug":"kros-2016","status":"publish","type":"page","link":"http:\/\/cvrcak-daruvar.com.hr\/?page_id=3608","title":{"rendered":"Kros 2016"},"content":{"rendered":"<p><strong>Kros 23.\u00a0<\/strong>rujna je na atletskoj stazi <a href=\"http:\/\/szgda.hr\/34-kros-grada-daruvara-2016\/\">NK Daruvara<\/a> odr\u017ean ve\u0107 tradicionalni, 34. po redu Kros Grada Daruvara. U njemu je sudjelovalo preko tisu\u0107u natjecatelja i to ne samo iz na\u0161eg grada. Natjecanje u tr\u010danju organizirano je u \u010detiri kategorije, za pred\u0161kolski uzrast, osnovno\u0161kolce, srednjo\u0161kolce i za u\u010denike s intelektualnim pote\u0161ko\u0107ama. Ove godine je natjecatelje poslu\u017eilo lijepo vrijeme, a me\u0111u natjecateljima su se istaknuli i mnogi u\u010denici na\u0161e \u0161kole koji su postigli odli\u010dne rezultate.<\/p>\n<p><a href=\"http:\/\/cvrcak-daruvar.com.hr\/wp-content\/uploads\/2016\/12\/IMG_9690.jpg\" class=\"gallery_colorbox\" rel=\"attachment wp-att-3818\"><img decoding=\"async\" loading=\"lazy\" class=\"aligncenter wp-image-3818 size-full\" src=\"http:\/\/cvrcak-daruvar.com.hr\/wp-content\/uploads\/2016\/12\/IMG_9690.jpg\"  alt=\"img_9690\" width=\"960\" height=\"640\" srcset=\"http:\/\/cvrcak-daruvar.com.hr\/wp-content\/uploads\/2016\/12\/IMG_9690.jpg 960w, http:\/\/cvrcak-daruvar.com.hr\/wp-content\/uploads\/2016\/12\/IMG_9690-300x200.jpg 300w, http:\/\/cvrcak-daruvar.com.hr\/wp-content\/uploads\/2016\/12\/IMG_9690-768x512.jpg 768w\" sizes=\"(max-width: 960px) 100vw, 960px\" \/><\/a><\/p>\n<p><a href=\"http:\/\/cvrcak-daruvar.com.hr\/wp-content\/uploads\/2016\/12\/IMG_4775.jpg\" class=\"gallery_colorbox\" rel=\"attachment wp-att-3817\"><img decoding=\"async\" loading=\"lazy\" class=\"aligncenter wp-image-3817 size-full\" src=\"http:\/\/cvrcak-daruvar.com.hr\/wp-content\/uploads\/2016\/12\/IMG_4775.jpg\"  alt=\"img_4775\" width=\"960\" height=\"640\" srcset=\"http:\/\/cvrcak-daruvar.com.hr\/wp-content\/uploads\/2016\/12\/IMG_4775.jpg 960w, http:\/\/cvrcak-daruvar.com.hr\/wp-content\/uploads\/2016\/12\/IMG_4775-300x200.jpg 300w, http:\/\/cvrcak-daruvar.com.hr\/wp-content\/uploads\/2016\/12\/IMG_4775-768x512.jpg 768w\" sizes=\"(max-width: 960px) 100vw, 960px\" \/><\/a><\/p>\n<p><a href=\"http:\/\/cvrcak-daruvar.com.hr\/wp-content\/uploads\/2016\/12\/IMG_9733.jpg\" class=\"gallery_colorbox\" rel=\"attachment wp-att-3819\"><img decoding=\"async\" loading=\"lazy\" class=\"aligncenter wp-image-3819 size-full\" src=\"http:\/\/cvrcak-daruvar.com.hr\/wp-content\/uploads\/2016\/12\/IMG_9733.jpg\"  alt=\"img_9733\" width=\"960\" height=\"640\" srcset=\"http:\/\/cvrcak-daruvar.com.hr\/wp-content\/uploads\/2016\/12\/IMG_9733.jpg 960w, http:\/\/cvrcak-daruvar.com.hr\/wp-content\/uploads\/2016\/12\/IMG_9733-300x200.jpg 300w, http:\/\/cvrcak-daruvar.com.hr\/wp-content\/uploads\/2016\/12\/IMG_9733-768x512.jpg 768w\" sizes=\"(max-width: 960px) 100vw, 960px\" \/><\/a><\/p>\n<p><a href=\"http:\/\/cvrcak-daruvar.com.hr\/wp-content\/uploads\/2016\/12\/P9230214.jpg\" class=\"gallery_colorbox\" rel=\"attachment wp-att-3822\"><img decoding=\"async\" loading=\"lazy\" class=\"aligncenter size-full wp-image-3822\" src=\"http:\/\/cvrcak-daruvar.com.hr\/wp-content\/uploads\/2016\/12\/P9230214.jpg\"  alt=\"p9230214\" width=\"960\" height=\"720\" srcset=\"http:\/\/cvrcak-daruvar.com.hr\/wp-content\/uploads\/2016\/12\/P9230214.jpg 960w, http:\/\/cvrcak-daruvar.com.hr\/wp-content\/uploads\/2016\/12\/P9230214-300x225.jpg 300w, http:\/\/cvrcak-daruvar.com.hr\/wp-content\/uploads\/2016\/12\/P9230214-768x576.jpg 768w\" sizes=\"(max-width: 960px) 100vw, 960px\" \/><\/a><\/p>\n<p><a href=\"http:\/\/cvrcak-daruvar.com.hr\/wp-content\/uploads\/2016\/12\/P9230193.jpg\" class=\"gallery_colorbox\" rel=\"attachment wp-att-3820\"><img decoding=\"async\" loading=\"lazy\" class=\"aligncenter size-full wp-image-3820\" src=\"http:\/\/cvrcak-daruvar.com.hr\/wp-content\/uploads\/2016\/12\/P9230193.jpg\"  alt=\"p9230193\" width=\"960\" height=\"720\" srcset=\"http:\/\/cvrcak-daruvar.com.hr\/wp-content\/uploads\/2016\/12\/P9230193.jpg 960w, http:\/\/cvrcak-daruvar.com.hr\/wp-content\/uploads\/2016\/12\/P9230193-300x225.jpg 300w, http:\/\/cvrcak-daruvar.com.hr\/wp-content\/uploads\/2016\/12\/P9230193-768x576.jpg 768w\" sizes=\"(max-width: 960px) 100vw, 960px\" \/><\/a><\/p>\n<p><a href=\"http:\/\/cvrcak-daruvar.com.hr\/wp-content\/uploads\/2016\/12\/P9230197.jpg\" class=\"gallery_colorbox\" rel=\"attachment wp-att-3821\"><img decoding=\"async\" loading=\"lazy\" class=\"aligncenter size-full wp-image-3821\" src=\"http:\/\/cvrcak-daruvar.com.hr\/wp-content\/uploads\/2016\/12\/P9230197.jpg\"  alt=\"p9230197\" width=\"960\" height=\"720\" srcset=\"http:\/\/cvrcak-daruvar.com.hr\/wp-content\/uploads\/2016\/12\/P9230197.jpg 960w, http:\/\/cvrcak-daruvar.com.hr\/wp-content\/uploads\/2016\/12\/P9230197-300x225.jpg 300w, http:\/\/cvrcak-daruvar.com.hr\/wp-content\/uploads\/2016\/12\/P9230197-768x576.jpg 768w\" sizes=\"(max-width: 960px) 100vw, 960px\" \/><\/a><\/p>\n","protected":false},"excerpt":{"rendered":"<p>Kros 23.\u00a0rujna je na atletskoj stazi NK Daruvara odr\u017ean ve\u0107 tradicionalni, 34. po redu Kros Grada Daruvara. U njemu je sudjelovalo preko tisu\u0107u natjecatelja i to ne samo iz na\u0161eg grada. Natjecanje u tr\u010danju organizirano je u \u010detiri kategorije, za pred\u0161kolski uzrast, osnovno\u0161kolce, srednjo\u0161kolce i za u\u010denike s intelektualnim pote\u0161ko\u0107ama. Ove godine je natjecatelje poslu\u017eilo [&hellip;]<\/p>\n","protected":false},"author":2,"featured_media":0,"parent":0,"menu_order":0,"comment_status":"closed","ping_status":"closed","template":"","meta":[],"_links":{"self":[{"href":"http:\/\/cvrcak-daruvar.com.hr\/index.php?rest_route=\/wp\/v2\/pages\/3608"}],"collection":[{"href":"http:\/\/cvrcak-daruvar.com.hr\/index.php?rest_route=\/wp\/v2\/pages"}],"about":[{"href":"http:\/\/cvrcak-daruvar.com.hr\/index.php?rest_route=\/wp\/v2\/types\/page"}],"author":[{"embeddable":true,"href":"http:\/\/cvrcak-daruvar.com.hr\/index.php?rest_route=\/wp\/v2\/users\/2"}],"replies":[{"embeddable":true,"href":"http:\/\/cvrcak-daruvar.com.hr\/index.php?rest_route=%2Fwp%2Fv2%2Fcomments&post=3608"}],"version-history":[{"count":4,"href":"http:\/\/cvrcak-daruvar.com.hr\/index.php?rest_route=\/wp\/v2\/pages\/3608\/revisions"}],"predecessor-version":[{"id":3823,"href":"http:\/\/cvrcak-daruvar.com.hr\/index.php?rest_route=\/wp\/v2\/pages\/3608\/revisions\/3823"}],"wp:attachment":[{"href":"http:\/\/cvrcak-daruvar.com.hr\/index.php?rest_route=%2Fwp%2Fv2%2Fmedia&parent=3608"}],"curies":[{"name":"wp","href":"https:\/\/api.w.org\/{rel}","templated":true}]}}