{"id":3580,"date":"2016-11-20T21:57:55","date_gmt":"2016-11-20T20:57:55","guid":{"rendered":"http:\/\/cvrcak-daruvar.com.hr\/?page_id=3580"},"modified":"2017-12-02T20:12:34","modified_gmt":"2017-12-02T19:12:34","slug":"natjecanja-2","status":"publish","type":"page","link":"http:\/\/cvrcak-daruvar.com.hr\/?page_id=3580","title":{"rendered":"Natjecanja 2016.\/2017."},"content":{"rendered":"<p>&nbsp;<\/p>\n<p><a href=\"http:\/\/cvrcak-daruvar.com.hr\/?page_id=4192\">Vjeronau\u010dna olimpijada 2017.<\/a><\/p>\n<p><a href=\"http:\/\/cvrcak-daruvar.com.hr\/?page_id=4201\">LiDraNo 2017.<\/a><\/p>\n<p><a href=\"http:\/\/www.os-vnazora-daruvar.skole.hr\/?news_id=3624#mod_news\">59. Natjecanje mladih tehni\u010dara<\/a><\/p>\n<p><a href=\"http:\/\/www.os-vnazora-daruvar.skole.hr\/?news_id=3671#mod_news\">Dr\u017eavna poluzavr\u0161nica u odbojci za dje\u010dake<\/a><\/p>\n<p><a href=\"http:\/\/os-vnazora-daruvar.skole.hr\/?news_id=3710#mod_news\">Volim svoj zavi\u010daj<\/a><\/p>\n<p><a href=\"http:\/\/www.os-vnazora-daruvar.skole.hr\/?news_id=3666#mod_news\">\u017dupanijsko natjecanje iz astronomije<\/a><\/p>\n<p><a href=\"http:\/\/www.os-vnazora-daruvar.skole.hr\/?news_id=3630#mod_news\">\u017dupanijsko natjecanje u poznavanju hrvatskog jezika<\/a><\/p>\n<p><a href=\"http:\/\/www.os-vnazora-daruvar.skole.hr\/?news_id=3698#mod_news\">\u017dupanijsko natjecanje iz kemije<\/a><\/p>\n<p><a href=\"http:\/\/www.os-vnazora-daruvar.skole.hr\/?news_id=3625#mod_news\">\u017dupanijsko natjecanje iz geografije<\/a><\/p>\n<p><a href=\"http:\/\/www.os-vnazora-daruvar.skole.hr\/?news_id=3622#mod_news\">\u017dupanijsko natjecanje iz Engleskog jezika<\/a><\/p>\n<p><a href=\"http:\/\/www.os-vnazora-daruvar.skole.hr\/?news_id=3575#mod_news\">Infokup 2017<\/a><\/p>\n<p><a href=\"http:\/\/cvrcak-daruvar.com.hr\/?page_id=4028\" target=\"_blank\">#Croatian Makers liga<\/a><\/p>\n<p><a href=\"http:\/\/www.os-vnazora-daruvar.skole.hr\/?news_id=3637#mod_news\">Natjecanje podmlatka Crvenog kri\u017ea<\/a><\/p>\n<p><a href=\"http:\/\/www.os-vnazora-daruvar.skole.hr\/?news_id=3701#mod_news\">Sigurno u prometu<\/a><\/p>\n<p><a href=\"http:\/\/www.os-vnazora-daruvar.skole.hr\/?news_id=3702#mod_news\">Modelarska liga<\/a><\/p>\n<p><a href=\"http:\/\/cvrcak-daruvar.com.hr\/?page_id=3608&amp;preview=true\">Kros<\/a><\/p>\n<p><a href=\"http:\/\/www.os-vnazora-daruvar.skole.hr\/?news_id=3466#mod_news\">DABAR me\u0111unarodno natjecanje iz informatike i ra\u010dunalnog razmi\u0161ljanja<\/a><\/p>\n","protected":false},"excerpt":{"rendered":"<p>&nbsp; Vjeronau\u010dna olimpijada 2017. LiDraNo 2017. 59. Natjecanje mladih tehni\u010dara Dr\u017eavna poluzavr\u0161nica u odbojci za dje\u010dake Volim svoj zavi\u010daj \u017dupanijsko natjecanje iz astronomije \u017dupanijsko natjecanje u poznavanju hrvatskog jezika \u017dupanijsko natjecanje iz kemije \u017dupanijsko natjecanje iz geografije \u017dupanijsko natjecanje iz Engleskog jezika Infokup 2017 #Croatian Makers liga Natjecanje podmlatka Crvenog kri\u017ea Sigurno u prometu Modelarska [&hellip;]<\/p>\n","protected":false},"author":1,"featured_media":0,"parent":0,"menu_order":0,"comment_status":"closed","ping_status":"closed","template":"","meta":[],"_links":{"self":[{"href":"http:\/\/cvrcak-daruvar.com.hr\/index.php?rest_route=\/wp\/v2\/pages\/3580"}],"collection":[{"href":"http:\/\/cvrcak-daruvar.com.hr\/index.php?rest_route=\/wp\/v2\/pages"}],"about":[{"href":"http:\/\/cvrcak-daruvar.com.hr\/index.php?rest_route=\/wp\/v2\/types\/page"}],"author":[{"embeddable":true,"href":"http:\/\/cvrcak-daruvar.com.hr\/index.php?rest_route=\/wp\/v2\/users\/1"}],"replies":[{"embeddable":true,"href":"http:\/\/cvrcak-daruvar.com.hr\/index.php?rest_route=%2Fwp%2Fv2%2Fcomments&post=3580"}],"version-history":[{"count":27,"href":"http:\/\/cvrcak-daruvar.com.hr\/index.php?rest_route=\/wp\/v2\/pages\/3580\/revisions"}],"predecessor-version":[{"id":4252,"href":"http:\/\/cvrcak-daruvar.com.hr\/index.php?rest_route=\/wp\/v2\/pages\/3580\/revisions\/4252"}],"wp:attachment":[{"href":"http:\/\/cvrcak-daruvar.com.hr\/index.php?rest_route=%2Fwp%2Fv2%2Fmedia&parent=3580"}],"curies":[{"name":"wp","href":"https:\/\/api.w.org\/{rel}","templated":true}]}}