{"id":3572,"date":"2016-11-20T21:55:49","date_gmt":"2016-11-20T20:55:49","guid":{"rendered":"http:\/\/cvrcak-daruvar.com.hr\/?page_id=3572"},"modified":"2017-12-02T20:11:47","modified_gmt":"2017-12-02T19:11:47","slug":"likovni-kutak-5","status":"publish","type":"page","link":"http:\/\/cvrcak-daruvar.com.hr\/?page_id=3572","title":{"rendered":"Likovni kutak 2016.\/2017."},"content":{"rendered":"<div id=\"attachment_3869\" style=\"width: 859px\" class=\"wp-caption aligncenter\"><a href=\"http:\/\/cvrcak-daruvar.com.hr\/wp-content\/uploads\/2016\/11\/P3100001-\u2013-kopija.jpg\" class=\"gallery_colorbox\" rel=\"attachment wp-att-3869\"><img aria-describedby=\"caption-attachment-3869\" decoding=\"async\" loading=\"lazy\" class=\"wp-image-3869 size-full\" src=\"http:\/\/cvrcak-daruvar.com.hr\/wp-content\/uploads\/2016\/11\/P3100001-\u2013-kopija.jpg\"  alt=\"Masla\u010dci, 1.c\" width=\"849\" height=\"709\" srcset=\"http:\/\/cvrcak-daruvar.com.hr\/wp-content\/uploads\/2016\/11\/P3100001-\u2013-kopija.jpg 849w, http:\/\/cvrcak-daruvar.com.hr\/wp-content\/uploads\/2016\/11\/P3100001-\u2013-kopija-300x251.jpg 300w, http:\/\/cvrcak-daruvar.com.hr\/wp-content\/uploads\/2016\/11\/P3100001-\u2013-kopija-768x641.jpg 768w\" sizes=\"(max-width: 849px) 100vw, 849px\" \/><\/a><p id=\"caption-attachment-3869\" class=\"wp-caption-text\">Masla\u010dci, 1.c<\/p><\/div>\n<p>&nbsp;<\/p>\n<p>&nbsp;<\/p>\n<div id=\"attachment_3870\" style=\"width: 809px\" class=\"wp-caption aligncenter\"><a href=\"http:\/\/cvrcak-daruvar.com.hr\/wp-content\/uploads\/2016\/11\/P3100002-\u2013-kopija.jpg\" class=\"gallery_colorbox\" rel=\"attachment wp-att-3870\"><img aria-describedby=\"caption-attachment-3870\" decoding=\"async\" loading=\"lazy\" class=\"size-full wp-image-3870\" src=\"http:\/\/cvrcak-daruvar.com.hr\/wp-content\/uploads\/2016\/11\/P3100002-\u2013-kopija.jpg\"  alt=\"Obojena ki\u0161a, 1.c\" width=\"799\" height=\"704\" srcset=\"http:\/\/cvrcak-daruvar.com.hr\/wp-content\/uploads\/2016\/11\/P3100002-\u2013-kopija.jpg 799w, http:\/\/cvrcak-daruvar.com.hr\/wp-content\/uploads\/2016\/11\/P3100002-\u2013-kopija-300x264.jpg 300w, http:\/\/cvrcak-daruvar.com.hr\/wp-content\/uploads\/2016\/11\/P3100002-\u2013-kopija-768x677.jpg 768w\" sizes=\"(max-width: 799px) 100vw, 799px\" \/><\/a><p id=\"caption-attachment-3870\" class=\"wp-caption-text\">Obojena ki\u0161a, 1.c<\/p><\/div>\n<p>&nbsp;<\/p>\n<p>&nbsp;<\/p>\n\n\t\t<style type=\"text\/css\">\n\t\t\t#gallery-1 {\n\t\t\t\tmargin: auto;\n\t\t\t}\n\t\t\t#gallery-1 .gallery-item {\n\t\t\t\tfloat: left;\n\t\t\t\tmargin-top: 10px;\n\t\t\t\ttext-align: center;\n\t\t\t\twidth: 50%;\n\t\t\t}\n\t\t\t#gallery-1 img {\n\t\t\t\tborder: 2px solid #cfcfcf;\n\t\t\t}\n\t\t\t#gallery-1 .gallery-caption {\n\t\t\t\tmargin-left: 0;\n\t\t\t}\n\t\t\t\/* see gallery_shortcode() in wp-includes\/media.php *\/\n\t\t<\/style>\n\t\t<div id='gallery-1' class='gallery galleryid-3572 gallery-columns-2 gallery-size-medium'><dl class='gallery-item'>\n\t\t\t<dt class='gallery-icon portrait'>\n\t\t\t\t<a href=\"http:\/\/cvrcak-daruvar.com.hr\/wp-content\/uploads\/2016\/11\/Irena-Mi\u0161\u010devi\u0107-kontrast-boja-3-a.jpg\" class=\"gallery_colorbox\"><img width=\"169\" height=\"300\" src=\"http:\/\/cvrcak-daruvar.com.hr\/wp-content\/uploads\/2016\/11\/Irena-Mi\u0161\u010devi\u0107-kontrast-boja-3-a-169x300.jpg\"  class=\"attachment-medium size-medium\" alt=\"\" decoding=\"async\" loading=\"lazy\" aria-describedby=\"gallery-1-3849\" srcset=\"http:\/\/cvrcak-daruvar.com.hr\/wp-content\/uploads\/2016\/11\/Irena-Mi\u0161\u010devi\u0107-kontrast-boja-3-a-169x300.jpg 169w, http:\/\/cvrcak-daruvar.com.hr\/wp-content\/uploads\/2016\/11\/Irena-Mi\u0161\u010devi\u0107-kontrast-boja-3-a-768x1365.jpg 768w, http:\/\/cvrcak-daruvar.com.hr\/wp-content\/uploads\/2016\/11\/Irena-Mi\u0161\u010devi\u0107-kontrast-boja-3-a-576x1024.jpg 576w, http:\/\/cvrcak-daruvar.com.hr\/wp-content\/uploads\/2016\/11\/Irena-Mi\u0161\u010devi\u0107-kontrast-boja-3-a.jpg 2016w\" sizes=\"(max-width: 169px) 100vw, 169px\" \/><\/a>\n\t\t\t<\/dt>\n\t\t\t\t<dd class='wp-caption-text gallery-caption' id='gallery-1-3849'>\n\t\t\t\tIrena Mi\u0161\u010devi\u0107, kontrast boja, 3 a\n\t\t\t\t<\/dd><\/dl><dl class='gallery-item'>\n\t\t\t<dt class='gallery-icon portrait'>\n\t\t\t\t<a href=\"http:\/\/cvrcak-daruvar.com.hr\/wp-content\/uploads\/2016\/11\/Tadia-Kle\u010dka-kontrast-boja-3-a.jpg\" class=\"gallery_colorbox\"><img width=\"169\" height=\"300\" src=\"http:\/\/cvrcak-daruvar.com.hr\/wp-content\/uploads\/2016\/11\/Tadia-Kle\u010dka-kontrast-boja-3-a-169x300.jpg\"  class=\"attachment-medium size-medium\" alt=\"\" decoding=\"async\" loading=\"lazy\" aria-describedby=\"gallery-1-3846\" srcset=\"http:\/\/cvrcak-daruvar.com.hr\/wp-content\/uploads\/2016\/11\/Tadia-Kle\u010dka-kontrast-boja-3-a-169x300.jpg 169w, http:\/\/cvrcak-daruvar.com.hr\/wp-content\/uploads\/2016\/11\/Tadia-Kle\u010dka-kontrast-boja-3-a-768x1365.jpg 768w, http:\/\/cvrcak-daruvar.com.hr\/wp-content\/uploads\/2016\/11\/Tadia-Kle\u010dka-kontrast-boja-3-a-576x1024.jpg 576w, http:\/\/cvrcak-daruvar.com.hr\/wp-content\/uploads\/2016\/11\/Tadia-Kle\u010dka-kontrast-boja-3-a.jpg 2016w\" sizes=\"(max-width: 169px) 100vw, 169px\" \/><\/a>\n\t\t\t<\/dt>\n\t\t\t\t<dd class='wp-caption-text gallery-caption' id='gallery-1-3846'>\n\t\t\t\tTadia Kle\u010dka, kontrast boja, 3 a\n\t\t\t\t<\/dd><\/dl><br style=\"clear: both\" \/><dl class='gallery-item'>\n\t\t\t<dt class='gallery-icon portrait'>\n\t\t\t\t<a href=\"http:\/\/cvrcak-daruvar.com.hr\/wp-content\/uploads\/2016\/11\/Elena-\u0160uvak-kontrast-boja-3-a.jpg\" class=\"gallery_colorbox\"><img width=\"169\" height=\"300\" src=\"http:\/\/cvrcak-daruvar.com.hr\/wp-content\/uploads\/2016\/11\/Elena-\u0160uvak-kontrast-boja-3-a-169x300.jpg\"  class=\"attachment-medium size-medium\" alt=\"\" decoding=\"async\" loading=\"lazy\" aria-describedby=\"gallery-1-3860\" srcset=\"http:\/\/cvrcak-daruvar.com.hr\/wp-content\/uploads\/2016\/11\/Elena-\u0160uvak-kontrast-boja-3-a-169x300.jpg 169w, http:\/\/cvrcak-daruvar.com.hr\/wp-content\/uploads\/2016\/11\/Elena-\u0160uvak-kontrast-boja-3-a-768x1365.jpg 768w, http:\/\/cvrcak-daruvar.com.hr\/wp-content\/uploads\/2016\/11\/Elena-\u0160uvak-kontrast-boja-3-a-576x1024.jpg 576w, http:\/\/cvrcak-daruvar.com.hr\/wp-content\/uploads\/2016\/11\/Elena-\u0160uvak-kontrast-boja-3-a.jpg 2016w\" sizes=\"(max-width: 169px) 100vw, 169px\" \/><\/a>\n\t\t\t<\/dt>\n\t\t\t\t<dd class='wp-caption-text gallery-caption' id='gallery-1-3860'>\n\t\t\t\tElena \u0160uvak, kontrast boja, 3 a\n\t\t\t\t<\/dd><\/dl><dl class='gallery-item'>\n\t\t\t<dt class='gallery-icon portrait'>\n\t\t\t\t<a href=\"http:\/\/cvrcak-daruvar.com.hr\/wp-content\/uploads\/2016\/11\/Elena-\u0160uvak-ritam-3-a.jpg\" class=\"gallery_colorbox\"><img width=\"169\" height=\"300\" src=\"http:\/\/cvrcak-daruvar.com.hr\/wp-content\/uploads\/2016\/11\/Elena-\u0160uvak-ritam-3-a-169x300.jpg\"  class=\"attachment-medium size-medium\" alt=\"\" decoding=\"async\" loading=\"lazy\" aria-describedby=\"gallery-1-3850\" srcset=\"http:\/\/cvrcak-daruvar.com.hr\/wp-content\/uploads\/2016\/11\/Elena-\u0160uvak-ritam-3-a-169x300.jpg 169w, http:\/\/cvrcak-daruvar.com.hr\/wp-content\/uploads\/2016\/11\/Elena-\u0160uvak-ritam-3-a-768x1365.jpg 768w, http:\/\/cvrcak-daruvar.com.hr\/wp-content\/uploads\/2016\/11\/Elena-\u0160uvak-ritam-3-a-576x1024.jpg 576w, http:\/\/cvrcak-daruvar.com.hr\/wp-content\/uploads\/2016\/11\/Elena-\u0160uvak-ritam-3-a.jpg 2016w\" sizes=\"(max-width: 169px) 100vw, 169px\" \/><\/a>\n\t\t\t<\/dt>\n\t\t\t\t<dd class='wp-caption-text gallery-caption' id='gallery-1-3850'>\n\t\t\t\tElena \u0160uvak, ritam, 3 a\n\t\t\t\t<\/dd><\/dl><br style=\"clear: both\" \/><dl class='gallery-item'>\n\t\t\t<dt class='gallery-icon portrait'>\n\t\t\t\t<a href=\"http:\/\/cvrcak-daruvar.com.hr\/wp-content\/uploads\/2016\/11\/Sara-Kova\u010d-ritam-pokret-3-a.jpg\" class=\"gallery_colorbox\"><img width=\"169\" height=\"300\" src=\"http:\/\/cvrcak-daruvar.com.hr\/wp-content\/uploads\/2016\/11\/Sara-Kova\u010d-ritam-pokret-3-a-169x300.jpg\"  class=\"attachment-medium size-medium\" alt=\"\" decoding=\"async\" loading=\"lazy\" aria-describedby=\"gallery-1-3847\" srcset=\"http:\/\/cvrcak-daruvar.com.hr\/wp-content\/uploads\/2016\/11\/Sara-Kova\u010d-ritam-pokret-3-a-169x300.jpg 169w, http:\/\/cvrcak-daruvar.com.hr\/wp-content\/uploads\/2016\/11\/Sara-Kova\u010d-ritam-pokret-3-a-768x1365.jpg 768w, http:\/\/cvrcak-daruvar.com.hr\/wp-content\/uploads\/2016\/11\/Sara-Kova\u010d-ritam-pokret-3-a-576x1024.jpg 576w, http:\/\/cvrcak-daruvar.com.hr\/wp-content\/uploads\/2016\/11\/Sara-Kova\u010d-ritam-pokret-3-a.jpg 2016w\" sizes=\"(max-width: 169px) 100vw, 169px\" \/><\/a>\n\t\t\t<\/dt>\n\t\t\t\t<dd class='wp-caption-text gallery-caption' id='gallery-1-3847'>\n\t\t\t\tSara Kova\u010d, ritam pokret, 3.a\n\t\t\t\t<\/dd><\/dl><dl class='gallery-item'>\n\t\t\t<dt class='gallery-icon portrait'>\n\t\t\t\t<a href=\"http:\/\/cvrcak-daruvar.com.hr\/wp-content\/uploads\/2016\/11\/Elena-\u0160uvak-ritam-pokret-3-a.jpg\" class=\"gallery_colorbox\"><img width=\"169\" height=\"300\" src=\"http:\/\/cvrcak-daruvar.com.hr\/wp-content\/uploads\/2016\/11\/Elena-\u0160uvak-ritam-pokret-3-a-169x300.jpg\"  class=\"attachment-medium size-medium\" alt=\"\" decoding=\"async\" loading=\"lazy\" aria-describedby=\"gallery-1-3859\" srcset=\"http:\/\/cvrcak-daruvar.com.hr\/wp-content\/uploads\/2016\/11\/Elena-\u0160uvak-ritam-pokret-3-a-169x300.jpg 169w, http:\/\/cvrcak-daruvar.com.hr\/wp-content\/uploads\/2016\/11\/Elena-\u0160uvak-ritam-pokret-3-a-768x1365.jpg 768w, http:\/\/cvrcak-daruvar.com.hr\/wp-content\/uploads\/2016\/11\/Elena-\u0160uvak-ritam-pokret-3-a-576x1024.jpg 576w, http:\/\/cvrcak-daruvar.com.hr\/wp-content\/uploads\/2016\/11\/Elena-\u0160uvak-ritam-pokret-3-a.jpg 2016w\" sizes=\"(max-width: 169px) 100vw, 169px\" \/><\/a>\n\t\t\t<\/dt>\n\t\t\t\t<dd class='wp-caption-text gallery-caption' id='gallery-1-3859'>\n\t\t\t\tElena \u0160uvak, ritam pokret, 3 a\n\t\t\t\t<\/dd><\/dl><br style=\"clear: both\" \/><dl class='gallery-item'>\n\t\t\t<dt class='gallery-icon portrait'>\n\t\t\t\t<a href=\"http:\/\/cvrcak-daruvar.com.hr\/wp-content\/uploads\/2016\/11\/Sara-Kova\u010d-akromatski-tonovi-3-a.jpg\" class=\"gallery_colorbox\"><img width=\"169\" height=\"300\" src=\"http:\/\/cvrcak-daruvar.com.hr\/wp-content\/uploads\/2016\/11\/Sara-Kova\u010d-akromatski-tonovi-3-a-169x300.jpg\"  class=\"attachment-medium size-medium\" alt=\"\" decoding=\"async\" loading=\"lazy\" aria-describedby=\"gallery-1-3848\" srcset=\"http:\/\/cvrcak-daruvar.com.hr\/wp-content\/uploads\/2016\/11\/Sara-Kova\u010d-akromatski-tonovi-3-a-169x300.jpg 169w, http:\/\/cvrcak-daruvar.com.hr\/wp-content\/uploads\/2016\/11\/Sara-Kova\u010d-akromatski-tonovi-3-a-768x1365.jpg 768w, http:\/\/cvrcak-daruvar.com.hr\/wp-content\/uploads\/2016\/11\/Sara-Kova\u010d-akromatski-tonovi-3-a-576x1024.jpg 576w, http:\/\/cvrcak-daruvar.com.hr\/wp-content\/uploads\/2016\/11\/Sara-Kova\u010d-akromatski-tonovi-3-a.jpg 2016w\" sizes=\"(max-width: 169px) 100vw, 169px\" \/><\/a>\n\t\t\t<\/dt>\n\t\t\t\t<dd class='wp-caption-text gallery-caption' id='gallery-1-3848'>\n\t\t\t\tSara Kova\u010d, akromatski tonovi, 3 a\n\t\t\t\t<\/dd><\/dl><dl class='gallery-item'>\n\t\t\t<dt class='gallery-icon portrait'>\n\t\t\t\t<a href=\"http:\/\/cvrcak-daruvar.com.hr\/wp-content\/uploads\/2016\/11\/Dora-Hlu\u0161i\u010dka-akromatski-tonovi-3-a.jpg\" class=\"gallery_colorbox\"><img width=\"169\" height=\"300\" src=\"http:\/\/cvrcak-daruvar.com.hr\/wp-content\/uploads\/2016\/11\/Dora-Hlu\u0161i\u010dka-akromatski-tonovi-3-a-169x300.jpg\"  class=\"attachment-medium size-medium\" alt=\"\" decoding=\"async\" loading=\"lazy\" aria-describedby=\"gallery-1-3853\" srcset=\"http:\/\/cvrcak-daruvar.com.hr\/wp-content\/uploads\/2016\/11\/Dora-Hlu\u0161i\u010dka-akromatski-tonovi-3-a-169x300.jpg 169w, http:\/\/cvrcak-daruvar.com.hr\/wp-content\/uploads\/2016\/11\/Dora-Hlu\u0161i\u010dka-akromatski-tonovi-3-a-768x1365.jpg 768w, http:\/\/cvrcak-daruvar.com.hr\/wp-content\/uploads\/2016\/11\/Dora-Hlu\u0161i\u010dka-akromatski-tonovi-3-a-576x1024.jpg 576w, http:\/\/cvrcak-daruvar.com.hr\/wp-content\/uploads\/2016\/11\/Dora-Hlu\u0161i\u010dka-akromatski-tonovi-3-a.jpg 2016w\" sizes=\"(max-width: 169px) 100vw, 169px\" \/><\/a>\n\t\t\t<\/dt>\n\t\t\t\t<dd class='wp-caption-text gallery-caption' id='gallery-1-3853'>\n\t\t\t\tDora Hlu\u0161i\u010dka, akromatski tonovi, 3 a\n\t\t\t\t<\/dd><\/dl><br style=\"clear: both\" \/><dl class='gallery-item'>\n\t\t\t<dt class='gallery-icon portrait'>\n\t\t\t\t<a href=\"http:\/\/cvrcak-daruvar.com.hr\/wp-content\/uploads\/2016\/11\/Dora-Hlu\u0161i\u0107ka-fotomonta\u017ea-3-a.jpg\" class=\"gallery_colorbox\"><img width=\"169\" height=\"300\" src=\"http:\/\/cvrcak-daruvar.com.hr\/wp-content\/uploads\/2016\/11\/Dora-Hlu\u0161i\u0107ka-fotomonta\u017ea-3-a-169x300.jpg\"  class=\"attachment-medium size-medium\" alt=\"\" decoding=\"async\" loading=\"lazy\" aria-describedby=\"gallery-1-3852\" srcset=\"http:\/\/cvrcak-daruvar.com.hr\/wp-content\/uploads\/2016\/11\/Dora-Hlu\u0161i\u0107ka-fotomonta\u017ea-3-a-169x300.jpg 169w, http:\/\/cvrcak-daruvar.com.hr\/wp-content\/uploads\/2016\/11\/Dora-Hlu\u0161i\u0107ka-fotomonta\u017ea-3-a-768x1365.jpg 768w, http:\/\/cvrcak-daruvar.com.hr\/wp-content\/uploads\/2016\/11\/Dora-Hlu\u0161i\u0107ka-fotomonta\u017ea-3-a-576x1024.jpg 576w, http:\/\/cvrcak-daruvar.com.hr\/wp-content\/uploads\/2016\/11\/Dora-Hlu\u0161i\u0107ka-fotomonta\u017ea-3-a.jpg 2016w\" sizes=\"(max-width: 169px) 100vw, 169px\" \/><\/a>\n\t\t\t<\/dt>\n\t\t\t\t<dd class='wp-caption-text gallery-caption' id='gallery-1-3852'>\n\t\t\t\tDora Hlu\u0161i\u0107ka, fotomonta\u017ea, 3 a\n\t\t\t\t<\/dd><\/dl><dl class='gallery-item'>\n\t\t\t<dt class='gallery-icon portrait'>\n\t\t\t\t<a href=\"http:\/\/cvrcak-daruvar.com.hr\/wp-content\/uploads\/2016\/11\/Domagoj-Panovski-fotomonta\u017ea-3-a.jpg\" class=\"gallery_colorbox\"><img width=\"169\" height=\"300\" src=\"http:\/\/cvrcak-daruvar.com.hr\/wp-content\/uploads\/2016\/11\/Domagoj-Panovski-fotomonta\u017ea-3-a-169x300.jpg\"  class=\"attachment-medium size-medium\" alt=\"\" decoding=\"async\" loading=\"lazy\" aria-describedby=\"gallery-1-3854\" srcset=\"http:\/\/cvrcak-daruvar.com.hr\/wp-content\/uploads\/2016\/11\/Domagoj-Panovski-fotomonta\u017ea-3-a-169x300.jpg 169w, http:\/\/cvrcak-daruvar.com.hr\/wp-content\/uploads\/2016\/11\/Domagoj-Panovski-fotomonta\u017ea-3-a-768x1365.jpg 768w, http:\/\/cvrcak-daruvar.com.hr\/wp-content\/uploads\/2016\/11\/Domagoj-Panovski-fotomonta\u017ea-3-a-576x1024.jpg 576w, http:\/\/cvrcak-daruvar.com.hr\/wp-content\/uploads\/2016\/11\/Domagoj-Panovski-fotomonta\u017ea-3-a.jpg 2016w\" sizes=\"(max-width: 169px) 100vw, 169px\" \/><\/a>\n\t\t\t<\/dt>\n\t\t\t\t<dd class='wp-caption-text gallery-caption' id='gallery-1-3854'>\n\t\t\t\tDomagoj Panovski, fotomonta\u017ea, 3 a\n\t\t\t\t<\/dd><\/dl><br style=\"clear: both\" \/><dl class='gallery-item'>\n\t\t\t<dt class='gallery-icon portrait'>\n\t\t\t\t<a href=\"http:\/\/cvrcak-daruvar.com.hr\/wp-content\/uploads\/2016\/11\/Dora-Hlu\u0161i\u0107ka-komplementarni-kontrast-3-a.jpg\" class=\"gallery_colorbox\"><img width=\"169\" height=\"300\" src=\"http:\/\/cvrcak-daruvar.com.hr\/wp-content\/uploads\/2016\/11\/Dora-Hlu\u0161i\u0107ka-komplementarni-kontrast-3-a-169x300.jpg\"  class=\"attachment-medium size-medium\" alt=\"\" decoding=\"async\" loading=\"lazy\" aria-describedby=\"gallery-1-3851\" srcset=\"http:\/\/cvrcak-daruvar.com.hr\/wp-content\/uploads\/2016\/11\/Dora-Hlu\u0161i\u0107ka-komplementarni-kontrast-3-a-169x300.jpg 169w, http:\/\/cvrcak-daruvar.com.hr\/wp-content\/uploads\/2016\/11\/Dora-Hlu\u0161i\u0107ka-komplementarni-kontrast-3-a-768x1365.jpg 768w, http:\/\/cvrcak-daruvar.com.hr\/wp-content\/uploads\/2016\/11\/Dora-Hlu\u0161i\u0107ka-komplementarni-kontrast-3-a-576x1024.jpg 576w, http:\/\/cvrcak-daruvar.com.hr\/wp-content\/uploads\/2016\/11\/Dora-Hlu\u0161i\u0107ka-komplementarni-kontrast-3-a.jpg 2016w\" sizes=\"(max-width: 169px) 100vw, 169px\" \/><\/a>\n\t\t\t<\/dt>\n\t\t\t\t<dd class='wp-caption-text gallery-caption' id='gallery-1-3851'>\n\t\t\t\tDora Hlu\u0161i\u0107ka, komplementarni kontrast, 3 a\n\t\t\t\t<\/dd><\/dl><dl class='gallery-item'>\n\t\t\t<dt class='gallery-icon portrait'>\n\t\t\t\t<a href=\"http:\/\/cvrcak-daruvar.com.hr\/wp-content\/uploads\/2016\/11\/Ana-Vuk-kru\u017ena-kompozicija-3-a.jpg\" class=\"gallery_colorbox\"><img width=\"169\" height=\"300\" src=\"http:\/\/cvrcak-daruvar.com.hr\/wp-content\/uploads\/2016\/11\/Ana-Vuk-kru\u017ena-kompozicija-3-a-169x300.jpg\"  class=\"attachment-medium size-medium\" alt=\"\" decoding=\"async\" loading=\"lazy\" aria-describedby=\"gallery-1-3855\" srcset=\"http:\/\/cvrcak-daruvar.com.hr\/wp-content\/uploads\/2016\/11\/Ana-Vuk-kru\u017ena-kompozicija-3-a-169x300.jpg 169w, http:\/\/cvrcak-daruvar.com.hr\/wp-content\/uploads\/2016\/11\/Ana-Vuk-kru\u017ena-kompozicija-3-a-768x1365.jpg 768w, http:\/\/cvrcak-daruvar.com.hr\/wp-content\/uploads\/2016\/11\/Ana-Vuk-kru\u017ena-kompozicija-3-a-576x1024.jpg 576w, http:\/\/cvrcak-daruvar.com.hr\/wp-content\/uploads\/2016\/11\/Ana-Vuk-kru\u017ena-kompozicija-3-a.jpg 2016w\" sizes=\"(max-width: 169px) 100vw, 169px\" \/><\/a>\n\t\t\t<\/dt>\n\t\t\t\t<dd class='wp-caption-text gallery-caption' id='gallery-1-3855'>\n\t\t\t\tAna Vuk, kru\u017ena kompozicija, 3 a\n\t\t\t\t<\/dd><\/dl><br style=\"clear: both\" \/>\n\t\t<\/div>\n\n<p>&nbsp;<\/p>\n<p>&nbsp;<\/p>\n<p><iframe loading=\"lazy\" src=\"https:\/\/player.vimeo.com\/video\/197900046\" width=\"640\" height=\"360\" frameborder=\"0\" allowfullscreen=\"allowfullscreen\"><\/iframe><\/p>\n<p><a href=\"https:\/\/vimeo.com\/197900046\">Jaslice-4c<\/a> from <a href=\"https:\/\/vimeo.com\/user53021591\">Alenka Njegovac<\/a> on <a href=\"https:\/\/vimeo.com\">Vimeo<\/a>.<\/p>\n","protected":false},"excerpt":{"rendered":"<p>&nbsp; &nbsp; &nbsp; &nbsp; &nbsp; &nbsp; Jaslice-4c from Alenka Njegovac on Vimeo.<\/p>\n","protected":false},"author":1,"featured_media":0,"parent":0,"menu_order":0,"comment_status":"closed","ping_status":"closed","template":"","meta":[],"_links":{"self":[{"href":"http:\/\/cvrcak-daruvar.com.hr\/index.php?rest_route=\/wp\/v2\/pages\/3572"}],"collection":[{"href":"http:\/\/cvrcak-daruvar.com.hr\/index.php?rest_route=\/wp\/v2\/pages"}],"about":[{"href":"http:\/\/cvrcak-daruvar.com.hr\/index.php?rest_route=\/wp\/v2\/types\/page"}],"author":[{"embeddable":true,"href":"http:\/\/cvrcak-daruvar.com.hr\/index.php?rest_route=\/wp\/v2\/users\/1"}],"replies":[{"embeddable":true,"href":"http:\/\/cvrcak-daruvar.com.hr\/index.php?rest_route=%2Fwp%2Fv2%2Fcomments&post=3572"}],"version-history":[{"count":8,"href":"http:\/\/cvrcak-daruvar.com.hr\/index.php?rest_route=\/wp\/v2\/pages\/3572\/revisions"}],"predecessor-version":[{"id":4249,"href":"http:\/\/cvrcak-daruvar.com.hr\/index.php?rest_route=\/wp\/v2\/pages\/3572\/revisions\/4249"}],"wp:attachment":[{"href":"http:\/\/cvrcak-daruvar.com.hr\/index.php?rest_route=%2Fwp%2Fv2%2Fmedia&parent=3572"}],"curies":[{"name":"wp","href":"https:\/\/api.w.org\/{rel}","templated":true}]}}