{"id":3570,"date":"2016-11-20T21:55:39","date_gmt":"2016-11-20T20:55:39","guid":{"rendered":"http:\/\/cvrcak-daruvar.com.hr\/?page_id=3570"},"modified":"2017-12-02T20:11:19","modified_gmt":"2017-12-02T19:11:19","slug":"literarni-kutak-5","status":"publish","type":"page","link":"http:\/\/cvrcak-daruvar.com.hr\/?page_id=3570","title":{"rendered":"Literarni kutak 2016.\/2017."},"content":{"rendered":"<h3><\/h3>\n<h3><a href=\"http:\/\/cvrcak-daruvar.com.hr\/?page_id=4097\">\u0160aljive pri\u010de<\/a><\/h3>\n<h3><a href=\"http:\/\/cvrcak-daruvar.com.hr\/?page_id=3911\">\u00a0Putopisi<\/a><\/h3>\n<h3><a href=\"http:\/\/cvrcak-daruvar.com.hr\/?page_id=3877\">Otvorena pisma<\/a><\/h3>\n<h3><a href=\"http:\/\/cvrcak-daruvar.com.hr\/?page_id=3884\">O ljubavi<\/a><\/h3>\n<h3><a href=\"http:\/\/os-vnazora-daruvar.skole.hr\/upload\/os-vnazora-daruvar\/images\/newsimg\/3533\/File\/PRI%C4%8CA%20JEDNE%20PAHULJICE.pdf\">Pri\u010da jedne pahuljice<\/a><\/h3>\n<h3><a href=\"http:\/\/os-vnazora-daruvar.skole.hr\/upload\/os-vnazora-daruvar\/images\/newsimg\/3533\/File\/KAUBOJI.pdf\">\u00a0<\/a><a href=\"http:\/\/os-vnazora-daruvar.skole.hr\/upload\/os-vnazora-daruvar\/images\/newsimg\/3533\/File\/KAUBOJI.pdf\">Kauboji<\/a><\/h3>\n<h3><a href=\"http:\/\/os-vnazora-daruvar.skole.hr\/upload\/os-vnazora-daruvar\/images\/newsimg\/3533\/File\/S1.pdf\">\u0160areni snjegovi\u0107-1<\/a><\/h3>\n<h3><a href=\"http:\/\/os-vnazora-daruvar.skole.hr\/upload\/os-vnazora-daruvar\/images\/newsimg\/3533\/File\/S2.pdf\">\u0160areni snjegovi\u0107-2<\/a><\/h3>\n<h3><a href=\"http:\/\/os-vnazora-daruvar.skole.hr\/upload\/os-vnazora-daruvar\/images\/newsimg\/3533\/File\/Bozicna%20carolija.pdf\">Bo\u017ei\u0107na \u010darolija<\/a><\/h3>\n<h3><a href=\"http:\/\/os-vnazora-daruvar.skole.hr\/upload\/os-vnazora-daruvar\/images\/newsimg\/3533\/File\/Bo%C5%BEi%C4%87.pdf\">Bo\u017ei\u0107<\/a><\/h3>\n<h3><a href=\"http:\/\/os-vnazora-daruvar.skole.hr\/upload\/os-vnazora-daruvar\/images\/static3\/2825\/File\/BOG.pdf\">Bog<\/a><\/h3>\n<h3><a href=\"http:\/\/os-vnazora-daruvar.skole.hr\/upload\/os-vnazora-daruvar\/images\/static3\/2825\/File\/Beskraj.pdf\">Sloboda<\/a><\/h3>\n<h3><a href=\"http:\/\/os-vnazora-daruvar.skole.hr\/upload\/os-vnazora-daruvar\/images\/static3\/2825\/File\/Domovina%20u%20zagrljaju.pdf\">Domovina u zagrljaju<\/a><\/h3>\n<h3><a href=\"http:\/\/os-vnazora-daruvar.skole.hr\/upload\/os-vnazora-daruvar\/images\/static3\/2825\/File\/Jesen.pdf\">Jesen<\/a><\/h3>\n<h3><a href=\"http:\/\/os-vnazora-daruvar.skole.hr\/upload\/os-vnazora-daruvar\/images\/static3\/2825\/File\/Prolje%C4%87e%20pjesma.pdf\">Prolje\u0107e za sve ljude<\/a><\/h3>\n<h3><a href=\"http:\/\/os-vnazora-daruvar.skole.hr\/upload\/os-vnazora-daruvar\/images\/static3\/2825\/File\/U%20pekarnici.pdf\"><strong>U pekarnici<\/strong><\/a><\/h3>\n<h3><a href=\"http:\/\/os-vnazora-daruvar.skole.hr\/upload\/os-vnazora-daruvar\/images\/static3\/2825\/File\/Zivot%20u%20skoli.pdf\">\u017divot u \u0161koli<\/a><\/h3>\n<h3><a href=\"http:\/\/os-vnazora-daruvar.skole.hr\/upload\/os-vnazora-daruvar\/images\/newsimg\/3533\/File\/Taj%20jedan%20list%20mali-1.pdf\"><strong>Taj jedan list mali<\/strong><\/a><\/h3>\n<h3><a href=\"http:\/\/os-vnazora-daruvar.skole.hr\/upload\/os-vnazora-daruvar\/images\/newsimg\/3533\/File\/Put%20jedne%20lastavice.pdf\"><strong>Put jedne lastavice<\/strong><\/a><\/h3>\n<p>&nbsp;<\/p>\n<p>&nbsp;<\/p>\n<p>&nbsp;<\/p>\n<p>&nbsp;<\/p>\n","protected":false},"excerpt":{"rendered":"<p>\u0160aljive pri\u010de \u00a0Putopisi Otvorena pisma O ljubavi Pri\u010da jedne pahuljice \u00a0Kauboji \u0160areni snjegovi\u0107-1 \u0160areni snjegovi\u0107-2 Bo\u017ei\u0107na \u010darolija Bo\u017ei\u0107 Bog Sloboda Domovina u zagrljaju Jesen Prolje\u0107e za sve ljude U pekarnici \u017divot u \u0161koli Taj jedan list mali Put jedne lastavice &nbsp; &nbsp; &nbsp; &nbsp;<\/p>\n","protected":false},"author":1,"featured_media":0,"parent":0,"menu_order":0,"comment_status":"closed","ping_status":"closed","template":"","meta":[],"_links":{"self":[{"href":"http:\/\/cvrcak-daruvar.com.hr\/index.php?rest_route=\/wp\/v2\/pages\/3570"}],"collection":[{"href":"http:\/\/cvrcak-daruvar.com.hr\/index.php?rest_route=\/wp\/v2\/pages"}],"about":[{"href":"http:\/\/cvrcak-daruvar.com.hr\/index.php?rest_route=\/wp\/v2\/types\/page"}],"author":[{"embeddable":true,"href":"http:\/\/cvrcak-daruvar.com.hr\/index.php?rest_route=\/wp\/v2\/users\/1"}],"replies":[{"embeddable":true,"href":"http:\/\/cvrcak-daruvar.com.hr\/index.php?rest_route=%2Fwp%2Fv2%2Fcomments&post=3570"}],"version-history":[{"count":36,"href":"http:\/\/cvrcak-daruvar.com.hr\/index.php?rest_route=\/wp\/v2\/pages\/3570\/revisions"}],"predecessor-version":[{"id":4248,"href":"http:\/\/cvrcak-daruvar.com.hr\/index.php?rest_route=\/wp\/v2\/pages\/3570\/revisions\/4248"}],"wp:attachment":[{"href":"http:\/\/cvrcak-daruvar.com.hr\/index.php?rest_route=%2Fwp%2Fv2%2Fmedia&parent=3570"}],"curies":[{"name":"wp","href":"https:\/\/api.w.org\/{rel}","templated":true}]}}