{"id":3568,"date":"2016-11-20T21:55:05","date_gmt":"2016-11-20T20:55:05","guid":{"rendered":"http:\/\/cvrcak-daruvar.com.hr\/?page_id=3568"},"modified":"2017-12-02T20:11:03","modified_gmt":"2017-12-02T19:11:03","slug":"novinari-4","status":"publish","type":"page","link":"http:\/\/cvrcak-daruvar.com.hr\/?page_id=3568","title":{"rendered":"Novinari 2016.\/2017."},"content":{"rendered":"<p>&nbsp;<\/p>\n<p><a href=\"http:\/\/os-vnazora-daruvar.skole.hr\/upload\/os-vnazora-daruvar\/images\/newsimg\/2774\/File\/VJERONAU%C4%8CNA%20OLIMPIJADA.pdf\">Vjeronau\u010dna olimpijada<\/a><\/p>\n<p><a href=\"http:\/\/os-vnazora-daruvar.skole.hr\/upload\/os-vnazora-daruvar\/images\/newsimg\/2774\/File\/Intervju%20odbojka.pdf\">Intervju odbojka<\/a><\/p>\n<p><a href=\"http:\/\/os-vnazora-daruvar.skole.hr\/upload\/os-vnazora-daruvar\/images\/newsimg\/2774\/File\/INTERVJU%20S%20TONIJEM%20%C5%A0EPLOM.pdf\">Intervju s Tonijem \u0160eplom<\/a><\/p>\n<p><a href=\"http:\/\/cvrcak-daruvar.com.hr\/?page_id=4109\">Ukras \u0161kole<\/a><\/p>\n<p><a href=\"http:\/\/cvrcak-daruvar.com.hr\/?page_id=3904\"><em>MALI DARUVARSKI EKOLOZI &#8211;\u00a0<\/em><em>INTERVJU SA 6.c<\/em><\/a><\/p>\n<p><a href=\"http:\/\/cvrcak-daruvar.com.hr\/?page_id=3900\"><strong>IVAN NEHVATAL<\/strong> &#8211; <strong>naj\u010ditatelj 2017.<\/strong><\/a><\/p>\n<p><a href=\"http:\/\/cvrcak-daruvar.com.hr\/?page_id=3895\"><strong>Amerikanac u Daruvaru<\/strong><\/a><\/p>\n<p><a href=\"http:\/\/cvrcak-daruvar.com.hr\/?page_id=3703\">Nastava u knji\u017enici<\/a><\/p>\n<p><a href=\"http:\/\/cvrcak-daruvar.com.hr\/?page_id=3705\">Natjecanje u brzom \u010ditanju<\/a><\/p>\n<p><a href=\"http:\/\/cvrcak-daruvar.com.hr\/?page_id=3711\">Posjet bakama<\/a><\/p>\n<p><a href=\"http:\/\/cvrcak-daruvar.com.hr\/?page_id=3707\">Posjet Domu za starije i nemo\u0107ne Vianey<\/a><\/p>\n<p><a href=\"http:\/\/cvrcak-daruvar.com.hr\/?p=3730\" target=\"_blank\">Maska<\/a><\/p>\n<p><a href=\"http:\/\/cvrcak-daruvar.com.hr\/?page_id=3739\" target=\"_blank\">Dan kruha<\/a><\/p>\n<p>&nbsp;<\/p>\n","protected":false},"excerpt":{"rendered":"<p>&nbsp; Vjeronau\u010dna olimpijada Intervju odbojka Intervju s Tonijem \u0160eplom Ukras \u0161kole MALI DARUVARSKI EKOLOZI &#8211;\u00a0INTERVJU SA 6.c IVAN NEHVATAL &#8211; naj\u010ditatelj 2017. Amerikanac u Daruvaru Nastava u knji\u017enici Natjecanje u brzom \u010ditanju Posjet bakama Posjet Domu za starije i nemo\u0107ne Vianey Maska Dan kruha &nbsp;<\/p>\n","protected":false},"author":1,"featured_media":0,"parent":0,"menu_order":0,"comment_status":"closed","ping_status":"closed","template":"","meta":[],"_links":{"self":[{"href":"http:\/\/cvrcak-daruvar.com.hr\/index.php?rest_route=\/wp\/v2\/pages\/3568"}],"collection":[{"href":"http:\/\/cvrcak-daruvar.com.hr\/index.php?rest_route=\/wp\/v2\/pages"}],"about":[{"href":"http:\/\/cvrcak-daruvar.com.hr\/index.php?rest_route=\/wp\/v2\/types\/page"}],"author":[{"embeddable":true,"href":"http:\/\/cvrcak-daruvar.com.hr\/index.php?rest_route=\/wp\/v2\/users\/1"}],"replies":[{"embeddable":true,"href":"http:\/\/cvrcak-daruvar.com.hr\/index.php?rest_route=%2Fwp%2Fv2%2Fcomments&post=3568"}],"version-history":[{"count":17,"href":"http:\/\/cvrcak-daruvar.com.hr\/index.php?rest_route=\/wp\/v2\/pages\/3568\/revisions"}],"predecessor-version":[{"id":4247,"href":"http:\/\/cvrcak-daruvar.com.hr\/index.php?rest_route=\/wp\/v2\/pages\/3568\/revisions\/4247"}],"wp:attachment":[{"href":"http:\/\/cvrcak-daruvar.com.hr\/index.php?rest_route=%2Fwp%2Fv2%2Fmedia&parent=3568"}],"curies":[{"name":"wp","href":"https:\/\/api.w.org\/{rel}","templated":true}]}}