{"id":3564,"date":"2016-11-20T21:52:37","date_gmt":"2016-11-20T20:52:37","guid":{"rendered":"http:\/\/cvrcak-daruvar.com.hr\/?page_id=3564"},"modified":"2017-12-02T20:10:25","modified_gmt":"2017-12-02T19:10:25","slug":"impresum-3","status":"publish","type":"page","link":"http:\/\/cvrcak-daruvar.com.hr\/?page_id=3564","title":{"rendered":"Impresum 2016.\/2017."},"content":{"rendered":"<h4><strong>Digitalni \u0161kolski list \u201cCVR\u010cAK\u201d<\/strong><\/h4>\n<h4><\/h4>\n<h4><strong>Adresa izdava\u010da:<\/strong><\/h4>\n<h4>Osnovna \u0161kola Vladimira Nazora Daruvar<\/h4>\n<h4>Ljudevita Gaja 24<\/h4>\n<h4>43500 Daruvar<\/h4>\n<h4><strong>Tel.: <\/strong>043 333 123<\/h4>\n<h4><strong>Fax.:<\/strong> 043 331 147<\/h4>\n<h4><strong>E-mail:<\/strong>\u00a0os-daruvar-001@os-vnazora-daruvar.skole.hr<\/h4>\n<h4><strong>Web stranica:<\/strong>\u00a0<a title=\"Osnovna \u0161kola Vladimira Nazora Daruvar\" href=\"http:\/\/os-vnazora-daruvar.skole.hr\/\" target=\"_blank\">http:\/\/os-vnazora-daruvar.skole.hr\/<\/a><\/h4>\n<h4><strong>Za \u0161kolu: <\/strong>ravnateljica Vesna \u0160tefanac, prof.<\/h4>\n<h4><strong>Glavna i odgovorna urednica:<\/strong> Marina Singer<\/h4>\n<h4><strong>Ra\u010dunalna obrada:<\/strong> Alenka Njegovac<\/h4>\n<h4><strong>Uredni\u0161tvo:\u00a0<\/strong><\/h4>\n<p>&nbsp;<\/p>\n<p><strong>Uredni\u0161tvo \u2013 u\u010denici: <\/strong><\/p>\n<p>Hana Ivankovi\u0107, 5.a<\/p>\n<p>Lorna Luki\u0107, 5.a<\/p>\n<p>Luna Bili, 7.a<\/p>\n<p>Karolina Pavi\u010di\u0107, 7.a<\/p>\n<p>Tina \u0160epl, 7.a<\/p>\n<p>Anja Luki\u0107, 7.c<\/p>\n<p>Lucija Peternel, 7.c<\/p>\n<h4>U\u010cENICI INFORMATI\u010cARI:<\/h4>\n<p><em>Paola Brandeis, 6.d<\/em><\/p>\n<p><em>Ida Ivan\u010di\u0107, 6.d<\/em><\/p>\n<p><em>Dorian Houf, 6.d<\/em><\/p>\n<h4><\/h4>\n<h4>U\u010ditelji: Alenka Njegovac, Marina Toma\u0161ek, Marina Singer<\/h4>\n<h4><\/h4>\n<h4><strong>Logo:<\/strong> Valentin Baron, Ivan Molnar<\/h4>\n","protected":false},"excerpt":{"rendered":"<p>Digitalni \u0161kolski list \u201cCVR\u010cAK\u201d Adresa izdava\u010da: Osnovna \u0161kola Vladimira Nazora Daruvar Ljudevita Gaja 24 43500 Daruvar Tel.: 043 333 123 Fax.: 043 331 147 E-mail:\u00a0os-daruvar-001@os-vnazora-daruvar.skole.hr Web stranica:\u00a0http:\/\/os-vnazora-daruvar.skole.hr\/ Za \u0161kolu: ravnateljica Vesna \u0160tefanac, prof. Glavna i odgovorna urednica: Marina Singer Ra\u010dunalna obrada: Alenka Njegovac Uredni\u0161tvo:\u00a0 &nbsp; Uredni\u0161tvo \u2013 u\u010denici: Hana Ivankovi\u0107, 5.a Lorna Luki\u0107, 5.a Luna [&hellip;]<\/p>\n","protected":false},"author":1,"featured_media":0,"parent":0,"menu_order":0,"comment_status":"closed","ping_status":"closed","template":"","meta":[],"_links":{"self":[{"href":"http:\/\/cvrcak-daruvar.com.hr\/index.php?rest_route=\/wp\/v2\/pages\/3564"}],"collection":[{"href":"http:\/\/cvrcak-daruvar.com.hr\/index.php?rest_route=\/wp\/v2\/pages"}],"about":[{"href":"http:\/\/cvrcak-daruvar.com.hr\/index.php?rest_route=\/wp\/v2\/types\/page"}],"author":[{"embeddable":true,"href":"http:\/\/cvrcak-daruvar.com.hr\/index.php?rest_route=\/wp\/v2\/users\/1"}],"replies":[{"embeddable":true,"href":"http:\/\/cvrcak-daruvar.com.hr\/index.php?rest_route=%2Fwp%2Fv2%2Fcomments&post=3564"}],"version-history":[{"count":4,"href":"http:\/\/cvrcak-daruvar.com.hr\/index.php?rest_route=\/wp\/v2\/pages\/3564\/revisions"}],"predecessor-version":[{"id":4245,"href":"http:\/\/cvrcak-daruvar.com.hr\/index.php?rest_route=\/wp\/v2\/pages\/3564\/revisions\/4245"}],"wp:attachment":[{"href":"http:\/\/cvrcak-daruvar.com.hr\/index.php?rest_route=%2Fwp%2Fv2%2Fmedia&parent=3564"}],"curies":[{"name":"wp","href":"https:\/\/api.w.org\/{rel}","templated":true}]}}