{"id":3499,"date":"2016-07-06T21:57:51","date_gmt":"2016-07-06T19:57:51","guid":{"rendered":"http:\/\/cvrcak-daruvar.com.hr\/?page_id=3499"},"modified":"2016-07-06T21:58:37","modified_gmt":"2016-07-06T19:58:37","slug":"skolski-sport-i-olimpijski-pokret","status":"publish","type":"page","link":"http:\/\/cvrcak-daruvar.com.hr\/?page_id=3499","title":{"rendered":"\u0160kolski sport i olimpijski pokret"},"content":{"rendered":"<p>Hrvatski \u0161kolski sportski savez (H\u0160SS), u suradnji s Hrvatskom olimpijskom akademijom (HOA) proveo je ve\u0107 \u010detvrtu godinu natje\u010daj pod nazivom \u201e\u0160kolski sport i olimpijski pokret\u201c, a ovogodi\u0161nja tema bila je sportska fotografija.<\/p>\n<p>U\u010denica Karla \u010crnjevi\u0107 sudjelovala je sa svojim fotografijama na natje\u010daju, a jedna fotografija je bila izabrana za izlo\u017ebu.<\/p>\n<p><a href=\"http:\/\/cvrcak-daruvar.com.hr\/wp-content\/uploads\/2016\/07\/Karla-\u010crnjevi\u0107-1.jpg\" class=\"gallery_colorbox\"><img decoding=\"async\" loading=\"lazy\" class=\"aligncenter size-large wp-image-3500\" src=\"http:\/\/cvrcak-daruvar.com.hr\/wp-content\/uploads\/2016\/07\/Karla-\u010crnjevi\u0107-1-683x1024.jpg\"  alt=\"Karla \u010crnjevi\u0107 1\" width=\"500\" height=\"750\" srcset=\"http:\/\/cvrcak-daruvar.com.hr\/wp-content\/uploads\/2016\/07\/Karla-\u010crnjevi\u0107-1.jpg 683w, http:\/\/cvrcak-daruvar.com.hr\/wp-content\/uploads\/2016\/07\/Karla-\u010crnjevi\u0107-1-200x300.jpg 200w\" sizes=\"(max-width: 500px) 100vw, 500px\" \/><\/a><\/p>\n<p>&nbsp;<\/p>\n<p><a href=\"http:\/\/cvrcak-daruvar.com.hr\/wp-content\/uploads\/2016\/07\/Karla-\u010crnjevi\u0107-2.jpg\" class=\"gallery_colorbox\"><img decoding=\"async\" loading=\"lazy\" class=\"aligncenter wp-image-3501 size-large\" src=\"http:\/\/cvrcak-daruvar.com.hr\/wp-content\/uploads\/2016\/07\/Karla-\u010crnjevi\u0107-2-683x1024.jpg\"  alt=\"Karla \u010crnjevi\u0107 2\" width=\"500\" height=\"750\" srcset=\"http:\/\/cvrcak-daruvar.com.hr\/wp-content\/uploads\/2016\/07\/Karla-\u010crnjevi\u0107-2.jpg 683w, http:\/\/cvrcak-daruvar.com.hr\/wp-content\/uploads\/2016\/07\/Karla-\u010crnjevi\u0107-2-200x300.jpg 200w\" sizes=\"(max-width: 500px) 100vw, 500px\" \/><\/a><\/p>\n<p>&nbsp;<\/p>\n<p><a href=\"http:\/\/cvrcak-daruvar.com.hr\/wp-content\/uploads\/2016\/07\/Karla-\u010crnjevi\u0107-3.jpg\" class=\"gallery_colorbox\"><img decoding=\"async\" loading=\"lazy\" class=\"aligncenter wp-image-3502 size-large\" src=\"http:\/\/cvrcak-daruvar.com.hr\/wp-content\/uploads\/2016\/07\/Karla-\u010crnjevi\u0107-3-1024x683.jpg\"  alt=\"Karla \u010crnjevi\u0107 3\" width=\"500\" height=\"333\" srcset=\"http:\/\/cvrcak-daruvar.com.hr\/wp-content\/uploads\/2016\/07\/Karla-\u010crnjevi\u0107-3.jpg 1024w, http:\/\/cvrcak-daruvar.com.hr\/wp-content\/uploads\/2016\/07\/Karla-\u010crnjevi\u0107-3-300x200.jpg 300w\" sizes=\"(max-width: 500px) 100vw, 500px\" \/><\/a><\/p>\n<p>&nbsp;<\/p>\n<p><a href=\"http:\/\/cvrcak-daruvar.com.hr\/wp-content\/uploads\/2016\/07\/Karla-\u010crnjevi\u0107-4.jpg\" class=\"gallery_colorbox\"><img decoding=\"async\" loading=\"lazy\" class=\"aligncenter wp-image-3503 size-large\" src=\"http:\/\/cvrcak-daruvar.com.hr\/wp-content\/uploads\/2016\/07\/Karla-\u010crnjevi\u0107-4-683x1024.jpg\"  alt=\"Karla \u010crnjevi\u0107 4\" width=\"500\" height=\"750\" srcset=\"http:\/\/cvrcak-daruvar.com.hr\/wp-content\/uploads\/2016\/07\/Karla-\u010crnjevi\u0107-4.jpg 683w, http:\/\/cvrcak-daruvar.com.hr\/wp-content\/uploads\/2016\/07\/Karla-\u010crnjevi\u0107-4-200x300.jpg 200w\" sizes=\"(max-width: 500px) 100vw, 500px\" \/><\/a><\/p>\n<p>&nbsp;<\/p>\n<p><a href=\"http:\/\/cvrcak-daruvar.com.hr\/wp-content\/uploads\/2016\/07\/Karla-\u010crnjevi\u0107-5.jpg\" class=\"gallery_colorbox\"><img decoding=\"async\" loading=\"lazy\" class=\"aligncenter wp-image-3504 size-large\" src=\"http:\/\/cvrcak-daruvar.com.hr\/wp-content\/uploads\/2016\/07\/Karla-\u010crnjevi\u0107-5-683x1024.jpg\"  alt=\"Karla \u010crnjevi\u0107 5\" width=\"500\" height=\"750\" srcset=\"http:\/\/cvrcak-daruvar.com.hr\/wp-content\/uploads\/2016\/07\/Karla-\u010crnjevi\u0107-5.jpg 683w, http:\/\/cvrcak-daruvar.com.hr\/wp-content\/uploads\/2016\/07\/Karla-\u010crnjevi\u0107-5-200x300.jpg 200w\" sizes=\"(max-width: 500px) 100vw, 500px\" \/><\/a><\/p>\n","protected":false},"excerpt":{"rendered":"<p>Hrvatski \u0161kolski sportski savez (H\u0160SS), u suradnji s Hrvatskom olimpijskom akademijom (HOA) proveo je ve\u0107 \u010detvrtu godinu natje\u010daj pod nazivom \u201e\u0160kolski sport i olimpijski pokret\u201c, a ovogodi\u0161nja tema bila je sportska fotografija. U\u010denica Karla \u010crnjevi\u0107 sudjelovala je sa svojim fotografijama na natje\u010daju, a jedna fotografija je bila izabrana za izlo\u017ebu. &nbsp; &nbsp; &nbsp; &nbsp;<\/p>\n","protected":false},"author":2,"featured_media":0,"parent":0,"menu_order":0,"comment_status":"closed","ping_status":"closed","template":"","meta":[],"_links":{"self":[{"href":"http:\/\/cvrcak-daruvar.com.hr\/index.php?rest_route=\/wp\/v2\/pages\/3499"}],"collection":[{"href":"http:\/\/cvrcak-daruvar.com.hr\/index.php?rest_route=\/wp\/v2\/pages"}],"about":[{"href":"http:\/\/cvrcak-daruvar.com.hr\/index.php?rest_route=\/wp\/v2\/types\/page"}],"author":[{"embeddable":true,"href":"http:\/\/cvrcak-daruvar.com.hr\/index.php?rest_route=\/wp\/v2\/users\/2"}],"replies":[{"embeddable":true,"href":"http:\/\/cvrcak-daruvar.com.hr\/index.php?rest_route=%2Fwp%2Fv2%2Fcomments&post=3499"}],"version-history":[{"count":2,"href":"http:\/\/cvrcak-daruvar.com.hr\/index.php?rest_route=\/wp\/v2\/pages\/3499\/revisions"}],"predecessor-version":[{"id":3506,"href":"http:\/\/cvrcak-daruvar.com.hr\/index.php?rest_route=\/wp\/v2\/pages\/3499\/revisions\/3506"}],"wp:attachment":[{"href":"http:\/\/cvrcak-daruvar.com.hr\/index.php?rest_route=%2Fwp%2Fv2%2Fmedia&parent=3499"}],"curies":[{"name":"wp","href":"https:\/\/api.w.org\/{rel}","templated":true}]}}