{"id":3467,"date":"2016-07-06T19:33:03","date_gmt":"2016-07-06T17:33:03","guid":{"rendered":"http:\/\/cvrcak-daruvar.com.hr\/?page_id=3467"},"modified":"2016-07-06T19:33:03","modified_gmt":"2016-07-06T17:33:03","slug":"kviz-znanja-volim-svoj-zavicaj","status":"publish","type":"page","link":"http:\/\/cvrcak-daruvar.com.hr\/?page_id=3467","title":{"rendered":"Kviz znanja \u201eVOLIM SVOJ ZAVI\u010cAJ\u201c"},"content":{"rendered":"<p>\u201e\u017dDRALI\u0106I\u201c<\/p>\n<p><a href=\"http:\/\/cvrcak-daruvar.com.hr\/wp-content\/uploads\/2016\/07\/Zdralici-1.jpg\" class=\"gallery_colorbox\"><img decoding=\"async\" loading=\"lazy\" class=\"aligncenter size-medium wp-image-3476\" src=\"http:\/\/cvrcak-daruvar.com.hr\/wp-content\/uploads\/2016\/07\/Zdralici-1-300x225.jpg\"  alt=\"Zdralici (1)\" width=\"300\" height=\"225\" srcset=\"http:\/\/cvrcak-daruvar.com.hr\/wp-content\/uploads\/2016\/07\/Zdralici-1-300x225.jpg 300w, http:\/\/cvrcak-daruvar.com.hr\/wp-content\/uploads\/2016\/07\/Zdralici-1.jpg 640w\" sizes=\"(max-width: 300px) 100vw, 300px\" \/><\/a><\/p>\n<p>Ove \u0161kolske godine Na\u0161a \u0161kola prvi put je sudjelovala u natjecanje tre\u0107ih razreda koje svake \u0161k.god organizira \u010cO\u0160 Josipa Ru\u017ei\u010dke Kon\u010danica. Predstavljali su nas \u201e\u017ddrali\u0107i\u201c .<\/p>\n<p><a href=\"http:\/\/cvrcak-daruvar.com.hr\/wp-content\/uploads\/2016\/07\/Zdralici-4.jpg\" class=\"gallery_colorbox\"><img decoding=\"async\" loading=\"lazy\" class=\"aligncenter size-medium wp-image-3479\" src=\"http:\/\/cvrcak-daruvar.com.hr\/wp-content\/uploads\/2016\/07\/Zdralici-4-225x300.jpg\"  alt=\"Zdralici (4)\" width=\"225\" height=\"300\" srcset=\"http:\/\/cvrcak-daruvar.com.hr\/wp-content\/uploads\/2016\/07\/Zdralici-4-225x300.jpg 225w, http:\/\/cvrcak-daruvar.com.hr\/wp-content\/uploads\/2016\/07\/Zdralici-4.jpg 360w\" sizes=\"(max-width: 225px) 100vw, 225px\" \/><\/a><\/p>\n<p>Ekipu \u201e\u017ddrali\u0107a\u201c \u010dinili su u\u010denici 3.b razreda, njih jedanaestero. To su :Petra \u017dukina, Lukas Devald, Martina Sikora, Matija Ru\u017ei\u0107, Leila Gajger,Tin Petr, Borna Donat,Mateja Peternel,Leona Sabo,Danilo Zec i Dinko Lju\u0161tina. Izradili su transparent i na predstavljanju ekipa otpjevali pjesmicu koju su napisali na poznatu melodiju.<\/p>\n<p><a href=\"http:\/\/cvrcak-daruvar.com.hr\/wp-content\/uploads\/2016\/07\/Zdralici-3.jpg\" class=\"gallery_colorbox\"><img decoding=\"async\" loading=\"lazy\" class=\"aligncenter size-medium wp-image-3478\" src=\"http:\/\/cvrcak-daruvar.com.hr\/wp-content\/uploads\/2016\/07\/Zdralici-3-225x300.jpg\"  alt=\"Zdralici (3)\" width=\"225\" height=\"300\" srcset=\"http:\/\/cvrcak-daruvar.com.hr\/wp-content\/uploads\/2016\/07\/Zdralici-3-225x300.jpg 225w, http:\/\/cvrcak-daruvar.com.hr\/wp-content\/uploads\/2016\/07\/Zdralici-3.jpg 360w\" sizes=\"(max-width: 225px) 100vw, 225px\" \/><\/a><\/p>\n<p>Oni su se 3. svibnja 2016. natjecali u kvizu znanja \u201eVOLIM SVOJ ZAVI\u010cAJ\u201c i zavi\u010dajnim igrama.\u00a0 Marljivo su se pripremali\u00a0 za: slagalicu, pamtilicu, da-ne pitanja, ABC pitanja, rije\u010di na\u0161ih baka i djedova, zagonetke, asocijacije i slijepu kartu(putujemo \u017eupanijom). Sportske igre su zahtijevale brzinu i spretnost. Zavi\u010dajne igre bile su: runjenje kukuruza, prona\u0111i jabuku, idemo na vlak, ulovi ribu, no\u0161enje krumpira, bacanje kolutova, vo\u0111enje obru\u010da i pogodi metu. Iako im sportska sre\u0107a nije bila naklonjena, ponosni su \u0161to su u kvizu znanja pokazali najbolji rezultat. Ukupno su zauzeli peto mjesto.<\/p>\n<p><a href=\"http:\/\/cvrcak-daruvar.com.hr\/wp-content\/uploads\/2016\/07\/Zdralici-2.jpg\" class=\"gallery_colorbox\"><img decoding=\"async\" loading=\"lazy\" class=\"aligncenter size-medium wp-image-3477\" src=\"http:\/\/cvrcak-daruvar.com.hr\/wp-content\/uploads\/2016\/07\/Zdralici-2-225x300.jpg\"  alt=\"Zdralici (2)\" width=\"225\" height=\"300\" srcset=\"http:\/\/cvrcak-daruvar.com.hr\/wp-content\/uploads\/2016\/07\/Zdralici-2-225x300.jpg 225w, http:\/\/cvrcak-daruvar.com.hr\/wp-content\/uploads\/2016\/07\/Zdralici-2.jpg 360w\" sizes=\"(max-width: 225px) 100vw, 225px\" \/><\/a><\/p>\n<p>Za sudjelovanje u kvizu dobili su pohvalnice. \u201e\u017ddrali\u0107i\u201c su proveli jedan dan izvan \u0161kolskih klupa i obogatili se sasvim novim iskustvima. Vodila ih je u\u010diteljica Jasna \u0160\u0107erba.<\/p>\n<p><a href=\"http:\/\/cvrcak-daruvar.com.hr\/wp-content\/uploads\/2016\/07\/Zdralici-5.jpg\" class=\"gallery_colorbox\"><img decoding=\"async\" loading=\"lazy\" class=\"aligncenter size-medium wp-image-3480\" src=\"http:\/\/cvrcak-daruvar.com.hr\/wp-content\/uploads\/2016\/07\/Zdralici-5-300x225.jpg\"  alt=\"Zdralici (5)\" width=\"300\" height=\"225\" srcset=\"http:\/\/cvrcak-daruvar.com.hr\/wp-content\/uploads\/2016\/07\/Zdralici-5-300x225.jpg 300w, http:\/\/cvrcak-daruvar.com.hr\/wp-content\/uploads\/2016\/07\/Zdralici-5.jpg 640w\" sizes=\"(max-width: 300px) 100vw, 300px\" \/><\/a><\/p>\n","protected":false},"excerpt":{"rendered":"<p>\u201e\u017dDRALI\u0106I\u201c Ove \u0161kolske godine Na\u0161a \u0161kola prvi put je sudjelovala u natjecanje tre\u0107ih razreda koje svake \u0161k.god organizira \u010cO\u0160 Josipa Ru\u017ei\u010dke Kon\u010danica. Predstavljali su nas \u201e\u017ddrali\u0107i\u201c . Ekipu \u201e\u017ddrali\u0107a\u201c \u010dinili su u\u010denici 3.b razreda, njih jedanaestero. To su :Petra \u017dukina, Lukas Devald, Martina Sikora, Matija Ru\u017ei\u0107, Leila Gajger,Tin Petr, Borna Donat,Mateja Peternel,Leona Sabo,Danilo Zec i [&hellip;]<\/p>\n","protected":false},"author":2,"featured_media":0,"parent":0,"menu_order":0,"comment_status":"closed","ping_status":"closed","template":"","meta":[],"_links":{"self":[{"href":"http:\/\/cvrcak-daruvar.com.hr\/index.php?rest_route=\/wp\/v2\/pages\/3467"}],"collection":[{"href":"http:\/\/cvrcak-daruvar.com.hr\/index.php?rest_route=\/wp\/v2\/pages"}],"about":[{"href":"http:\/\/cvrcak-daruvar.com.hr\/index.php?rest_route=\/wp\/v2\/types\/page"}],"author":[{"embeddable":true,"href":"http:\/\/cvrcak-daruvar.com.hr\/index.php?rest_route=\/wp\/v2\/users\/2"}],"replies":[{"embeddable":true,"href":"http:\/\/cvrcak-daruvar.com.hr\/index.php?rest_route=%2Fwp%2Fv2%2Fcomments&post=3467"}],"version-history":[{"count":1,"href":"http:\/\/cvrcak-daruvar.com.hr\/index.php?rest_route=\/wp\/v2\/pages\/3467\/revisions"}],"predecessor-version":[{"id":3481,"href":"http:\/\/cvrcak-daruvar.com.hr\/index.php?rest_route=\/wp\/v2\/pages\/3467\/revisions\/3481"}],"wp:attachment":[{"href":"http:\/\/cvrcak-daruvar.com.hr\/index.php?rest_route=%2Fwp%2Fv2%2Fmedia&parent=3467"}],"curies":[{"name":"wp","href":"https:\/\/api.w.org\/{rel}","templated":true}]}}