{"id":3455,"date":"2016-07-06T18:21:49","date_gmt":"2016-07-06T16:21:49","guid":{"rendered":"http:\/\/cvrcak-daruvar.com.hr\/?page_id=3455"},"modified":"2016-07-06T18:44:48","modified_gmt":"2016-07-06T16:44:48","slug":"humanitarne-skupine","status":"publish","type":"page","link":"http:\/\/cvrcak-daruvar.com.hr\/?page_id=3455","title":{"rendered":"HUMANITARNE SKUPINE"},"content":{"rendered":"<p>HUMANITARNE SKUPINE 2014.\/2015.<\/p>\n<p>voditeljice Tihana petkovi\u0107 i Suzana Lipovac<\/p>\n<p>Na\u0161e aktivnosti<\/p>\n<ol>\n<li>Odr\u017eali smo radionice u Lu\u017enici (Zapre\u0161i\u0107) 21. rujna 2014.<\/li>\n<li>Izra\u0111ivali smo \u010destitke za posjete u sklopu velike \u0161kolske akcije \u201eOd zlata jabuka\u201c prigodom obilje\u017eavanja Dana kruha i zahvalnosti.<\/li>\n<li>Izra\u0111ivali smo i prodavali bo\u017ei\u0107ne ukrase.<\/li>\n<li>Posjetili smo vi\u0161e puta stara\u010dki dom. Prigodom Bo\u017ei\u0107a, s bakicama i za bakice izra\u0111ivali smo bo\u017ei\u0107ne ukrase.<\/li>\n<li>Povodom Valentinova izra\u0111ivali smo i prodavali prigodne ukrase.<\/li>\n<li>I za Uskrs smo odr\u017eali niz radionica, izra\u0111ivali i prodavali uskrsne ukrase.<\/li>\n<li>Do kraja \u0161kolske godine nastavili smo izra\u0111ivati narukvice, medaljone \u2026<\/li>\n<\/ol>\n<p><a href=\"http:\/\/cvrcak-daruvar.com.hr\/wp-content\/uploads\/2016\/07\/5..jpg\" class=\"gallery_colorbox\"><img decoding=\"async\" loading=\"lazy\" class=\"aligncenter size-medium wp-image-3459\" src=\"http:\/\/cvrcak-daruvar.com.hr\/wp-content\/uploads\/2016\/07\/5.-300x225.jpg\"  alt=\"5.\" width=\"300\" height=\"225\" srcset=\"http:\/\/cvrcak-daruvar.com.hr\/wp-content\/uploads\/2016\/07\/5.-300x225.jpg 300w, http:\/\/cvrcak-daruvar.com.hr\/wp-content\/uploads\/2016\/07\/5..jpg 960w\" sizes=\"(max-width: 300px) 100vw, 300px\" \/><\/a><\/p>\n<p>Rado posje\u0107ujemo starce i starice i uveseljavamo njihove dane. A svojim rukotvorima i njihovom prodajom platili sedam izleta za u\u010denike na\u0161e \u0161kole koji na taj izlet, zbog lo\u0161eg financijskog stanja, ne bi i\u0161li.<\/p>\n<p><a href=\"http:\/\/cvrcak-daruvar.com.hr\/wp-content\/uploads\/2016\/07\/4..jpg\" class=\"gallery_colorbox\"><img decoding=\"async\" loading=\"lazy\" class=\"aligncenter size-medium wp-image-3458\" src=\"http:\/\/cvrcak-daruvar.com.hr\/wp-content\/uploads\/2016\/07\/4.-300x225.jpg\"  alt=\"4.\" width=\"300\" height=\"225\" srcset=\"http:\/\/cvrcak-daruvar.com.hr\/wp-content\/uploads\/2016\/07\/4.-300x225.jpg 300w, http:\/\/cvrcak-daruvar.com.hr\/wp-content\/uploads\/2016\/07\/4..jpg 960w\" sizes=\"(max-width: 300px) 100vw, 300px\" \/><\/a><\/p>\n<p>Nadamo se smo svojim radom i ljubavlju makar malo uljep\u0161ali ne\u010dije \u017eivote i ubla\u017eili ne\u010dije tegobe.<\/p>\n<p><a href=\"http:\/\/cvrcak-daruvar.com.hr\/wp-content\/uploads\/2016\/07\/1..jpg\" class=\"gallery_colorbox\"><img decoding=\"async\" loading=\"lazy\" class=\"aligncenter size-medium wp-image-3462\" src=\"http:\/\/cvrcak-daruvar.com.hr\/wp-content\/uploads\/2016\/07\/1.-225x300.jpg\"  alt=\"1.\" width=\"225\" height=\"300\" srcset=\"http:\/\/cvrcak-daruvar.com.hr\/wp-content\/uploads\/2016\/07\/1.-225x300.jpg 225w, http:\/\/cvrcak-daruvar.com.hr\/wp-content\/uploads\/2016\/07\/1..jpg 768w\" sizes=\"(max-width: 225px) 100vw, 225px\" \/><\/a><\/p>\n<p>&nbsp;<\/p>\n<p><a href=\"http:\/\/cvrcak-daruvar.com.hr\/wp-content\/uploads\/2016\/07\/3..jpg\" class=\"gallery_colorbox\"><img decoding=\"async\" loading=\"lazy\" class=\"aligncenter size-medium wp-image-3463\" src=\"http:\/\/cvrcak-daruvar.com.hr\/wp-content\/uploads\/2016\/07\/3.-300x225.jpg\"  alt=\"3.\" width=\"300\" height=\"225\" srcset=\"http:\/\/cvrcak-daruvar.com.hr\/wp-content\/uploads\/2016\/07\/3.-300x225.jpg 300w, http:\/\/cvrcak-daruvar.com.hr\/wp-content\/uploads\/2016\/07\/3..jpg 1024w\" sizes=\"(max-width: 300px) 100vw, 300px\" \/><\/a><\/p>\n<p><a href=\"http:\/\/cvrcak-daruvar.com.hr\/wp-content\/uploads\/2016\/07\/7..jpg\" class=\"gallery_colorbox\"><img decoding=\"async\" loading=\"lazy\" class=\"aligncenter size-medium wp-image-3461\" src=\"http:\/\/cvrcak-daruvar.com.hr\/wp-content\/uploads\/2016\/07\/7.-300x225.jpg\"  alt=\"7.\" width=\"300\" height=\"225\" srcset=\"http:\/\/cvrcak-daruvar.com.hr\/wp-content\/uploads\/2016\/07\/7.-300x225.jpg 300w, http:\/\/cvrcak-daruvar.com.hr\/wp-content\/uploads\/2016\/07\/7..jpg 960w\" sizes=\"(max-width: 300px) 100vw, 300px\" \/><\/a><\/p>\n<p><a href=\"http:\/\/cvrcak-daruvar.com.hr\/wp-content\/uploads\/2016\/07\/6..jpg\" class=\"gallery_colorbox\"><img decoding=\"async\" loading=\"lazy\" class=\"aligncenter size-medium wp-image-3460\" src=\"http:\/\/cvrcak-daruvar.com.hr\/wp-content\/uploads\/2016\/07\/6.-300x225.jpg\"  alt=\"6.\" width=\"300\" height=\"225\" srcset=\"http:\/\/cvrcak-daruvar.com.hr\/wp-content\/uploads\/2016\/07\/6.-300x225.jpg 300w, http:\/\/cvrcak-daruvar.com.hr\/wp-content\/uploads\/2016\/07\/6..jpg 960w\" sizes=\"(max-width: 300px) 100vw, 300px\" \/><\/a><\/p>\n","protected":false},"excerpt":{"rendered":"<p>HUMANITARNE SKUPINE 2014.\/2015. voditeljice Tihana petkovi\u0107 i Suzana Lipovac Na\u0161e aktivnosti Odr\u017eali smo radionice u Lu\u017enici (Zapre\u0161i\u0107) 21. rujna 2014. Izra\u0111ivali smo \u010destitke za posjete u sklopu velike \u0161kolske akcije \u201eOd zlata jabuka\u201c prigodom obilje\u017eavanja Dana kruha i zahvalnosti. Izra\u0111ivali smo i prodavali bo\u017ei\u0107ne ukrase. Posjetili smo vi\u0161e puta stara\u010dki dom. Prigodom Bo\u017ei\u0107a, s bakicama [&hellip;]<\/p>\n","protected":false},"author":2,"featured_media":0,"parent":0,"menu_order":0,"comment_status":"closed","ping_status":"closed","template":"","meta":[],"_links":{"self":[{"href":"http:\/\/cvrcak-daruvar.com.hr\/index.php?rest_route=\/wp\/v2\/pages\/3455"}],"collection":[{"href":"http:\/\/cvrcak-daruvar.com.hr\/index.php?rest_route=\/wp\/v2\/pages"}],"about":[{"href":"http:\/\/cvrcak-daruvar.com.hr\/index.php?rest_route=\/wp\/v2\/types\/page"}],"author":[{"embeddable":true,"href":"http:\/\/cvrcak-daruvar.com.hr\/index.php?rest_route=\/wp\/v2\/users\/2"}],"replies":[{"embeddable":true,"href":"http:\/\/cvrcak-daruvar.com.hr\/index.php?rest_route=%2Fwp%2Fv2%2Fcomments&post=3455"}],"version-history":[{"count":2,"href":"http:\/\/cvrcak-daruvar.com.hr\/index.php?rest_route=\/wp\/v2\/pages\/3455\/revisions"}],"predecessor-version":[{"id":3469,"href":"http:\/\/cvrcak-daruvar.com.hr\/index.php?rest_route=\/wp\/v2\/pages\/3455\/revisions\/3469"}],"wp:attachment":[{"href":"http:\/\/cvrcak-daruvar.com.hr\/index.php?rest_route=%2Fwp%2Fv2%2Fmedia&parent=3455"}],"curies":[{"name":"wp","href":"https:\/\/api.w.org\/{rel}","templated":true}]}}