{"id":3431,"date":"2016-07-06T16:40:47","date_gmt":"2016-07-06T14:40:47","guid":{"rendered":"http:\/\/cvrcak-daruvar.com.hr\/?page_id=3431"},"modified":"2016-07-06T16:40:47","modified_gmt":"2016-07-06T14:40:47","slug":"lidrano-2015","status":"publish","type":"page","link":"http:\/\/cvrcak-daruvar.com.hr\/?page_id=3431","title":{"rendered":"LiDraNo 2015."},"content":{"rendered":"<p>LiDraNo 2015. odr\u017ean je na me\u0111upo\u0107inskoj razini 21. sije\u010dnja 2015.godine u \u010ce\u0161koj osnovnoj \u0161koli Josipa Ru\u017ei\u010dke u\u00a0 Kon\u010danici. Rad <strong>Klare Valenti\u0107<\/strong> (8.e) upu\u0107en je na <strong>\u017dupanijski LiDraNo 2015<\/strong>. koji je odr\u017ean u Rovi\u0161\u0107u 5. velja\u010de 2015. godine.<\/p>\n<p>&nbsp;<\/p>\n<p><strong>IZVJE\u0160\u0106E O NAZO\u010cNOSTI I USPJEHU NA NATJECANJU U POZNAVANJU HRVATSKOGA JEZIKA <\/strong><\/p>\n<p><strong>\u00a0<\/strong><\/p>\n<p>U\u010denice 8. d razreda Mateja Kuljanac i Mihaela Id\u017eanovi\u0107 pristupile su 4. o\u017eujka 2015. godine \u017dupanijskome natjecanju u poznavanju hrvatskoga jezika.<\/p>\n<p><strong>Mihaela Id\u017eanovi\u0107 osvojila je prvo mjesto, a Mateja Kuljanac drugo mjesto. <\/strong><\/p>\n<p><strong>\u00a0<\/strong><\/p>\n<p>Nastavnica Jasminka Kuzle<\/p>\n","protected":false},"excerpt":{"rendered":"<p>LiDraNo 2015. odr\u017ean je na me\u0111upo\u0107inskoj razini 21. sije\u010dnja 2015.godine u \u010ce\u0161koj osnovnoj \u0161koli Josipa Ru\u017ei\u010dke u\u00a0 Kon\u010danici. Rad Klare Valenti\u0107 (8.e) upu\u0107en je na \u017dupanijski LiDraNo 2015. koji je odr\u017ean u Rovi\u0161\u0107u 5. velja\u010de 2015. godine. &nbsp; IZVJE\u0160\u0106E O NAZO\u010cNOSTI I USPJEHU NA NATJECANJU U POZNAVANJU HRVATSKOGA JEZIKA \u00a0 U\u010denice 8. d razreda Mateja [&hellip;]<\/p>\n","protected":false},"author":2,"featured_media":0,"parent":0,"menu_order":0,"comment_status":"closed","ping_status":"closed","template":"","meta":[],"_links":{"self":[{"href":"http:\/\/cvrcak-daruvar.com.hr\/index.php?rest_route=\/wp\/v2\/pages\/3431"}],"collection":[{"href":"http:\/\/cvrcak-daruvar.com.hr\/index.php?rest_route=\/wp\/v2\/pages"}],"about":[{"href":"http:\/\/cvrcak-daruvar.com.hr\/index.php?rest_route=\/wp\/v2\/types\/page"}],"author":[{"embeddable":true,"href":"http:\/\/cvrcak-daruvar.com.hr\/index.php?rest_route=\/wp\/v2\/users\/2"}],"replies":[{"embeddable":true,"href":"http:\/\/cvrcak-daruvar.com.hr\/index.php?rest_route=%2Fwp%2Fv2%2Fcomments&post=3431"}],"version-history":[{"count":2,"href":"http:\/\/cvrcak-daruvar.com.hr\/index.php?rest_route=\/wp\/v2\/pages\/3431\/revisions"}],"predecessor-version":[{"id":3434,"href":"http:\/\/cvrcak-daruvar.com.hr\/index.php?rest_route=\/wp\/v2\/pages\/3431\/revisions\/3434"}],"wp:attachment":[{"href":"http:\/\/cvrcak-daruvar.com.hr\/index.php?rest_route=%2Fwp%2Fv2%2Fmedia&parent=3431"}],"curies":[{"name":"wp","href":"https:\/\/api.w.org\/{rel}","templated":true}]}}