{"id":3405,"date":"2016-07-06T15:44:17","date_gmt":"2016-07-06T13:44:17","guid":{"rendered":"http:\/\/cvrcak-daruvar.com.hr\/?page_id=3405"},"modified":"2016-07-06T15:44:17","modified_gmt":"2016-07-06T13:44:17","slug":"moj-pogled","status":"publish","type":"page","link":"http:\/\/cvrcak-daruvar.com.hr\/?page_id=3405","title":{"rendered":"Moj pogled"},"content":{"rendered":"<p>&nbsp;<\/p>\n<p><strong>Moj pogled na \u017eivot i svijet<\/strong><\/p>\n<p>&nbsp;<\/p>\n<p>Svaka osoba ima druga\u010diji pogled na svijet. Svatko te\u017ei za ne\u010dim za \u0161to se nada da \u0107e mu \u017eivot u\u010diniti lak\u0161im i ljep\u0161im. Tako i ja. Svake ve\u010deri se pitam koja je svrha \u017eivota. I za \u0161to zapravo ljudi \u017eive jer gledaju\u0107i druge, vidim ljude koji imaju svoja nadanja, bol radi gubitka ljudi koje su voljeli, ali i strah da ih ne napuste oni do kojih im je stalo. To sve i sama osje\u0107am. I bojim se svijeta jer je tako velik i zasta\u0161uju\u0107 no i dalje ga \u017eelim vidjeti cijelog, u svoj rasko\u0161i koju mi mo\u017ee pru\u017eiti.<br \/>\nAli za\u0161to imam takve osje\u0107aje? Kako bih do\u017eivjela i iskoristila svaki trenutak svoga \u017eivota pa oti\u0161la? Da, svijet je pun razli\u010ditih mogu\u0107nosti i svaka osoba se trudi prona\u0107i svoj put i mjesto pod sretnom zvijezdom. No \u0161to nakon toga? Promi\u0161ljaju\u0107i o \u017eivotu uvi\u0111am kako mi je dra\u017ee usredoto\u010diti se \u00a0na optimisti\u010dnije stvari u \u017eivotu, razmi\u0161ljati o budu\u0107nosti.<\/p>\n<p>Vidim se kao osobu koja \u0107e pomagati drugim ljudima, onima koji ne znaju postupati dobro jer su u \u017eivotu iskusili samo gor\u010dinu. Svijet je pun groznih i sebi\u010dnih ljudi, ali i onih koji su posebni po svojoj dobroti i hrabrosti. Mislim da svaka lo\u0161a osoba prona\u0111e svog an\u0111ela \u010duvara, tj. osobu koja \u0107e je vra\u0107ati na pravi put i pokazivati joj kako postupati \u010dasno i nesebi\u010dno. Svi poku\u0161avamo ostati zapam\u0107eni u smislu da nas se voljeni sje\u0107aju i govore lijepo o nama. To je jedino \u0161to nam ostaje, uspomene i sje\u0107anja. \u017delim doprinijeti boljoj budu\u0107nosti kako bi djeca, petsto godina kasnije, u\u010dila iz povijesti o meni, o takvim ljudima, dobrotvorima. Sje\u0107ala bi ih se po dobrim stvarima i sudjelovanju u stvaranju boljeg svijeta, mjesta za ljep\u0161i \u017eivot.<\/p>\n<p>Ono \u0161to me zabrinjava je \u010dinjenica da se takvih, pozitivnih ljudi u budu\u0107nosti ljudi ne\u0107e sje\u0107ati, ne\u0107e ih biti briga i ubrzo \u0107e, bojim se, pasti u zaborav. Nikada ne\u0107e mo\u0107i razumjeti postupke, osje\u0107aje i razmi\u0161ljanja onih humanih koji kroz \u017eivot prolaze ostavljaju\u0107i trag na ljudskom srcu tako da mi na kraju preostaje samo jedno pitanje: Za\u0161to zapravo \u017eivimo?! kada na kraju \u017eivotnog puta svakoga od nas ostaje samo jedna blijeda, crno-bijela fotografija.<\/p>\n<p style=\"text-align: right;\">\u00a0<em>Sun\u010dana Jantolek, 8.c<\/em><\/p>\n<p>&nbsp;<\/p>\n<p>&nbsp;<\/p>\n<p><strong>Moj pogled na svijet<\/strong><\/p>\n<p>&nbsp;<\/p>\n<p>\u017divot je okrutan. U \u017eivotu treba imati puno prijatelja na koje se mo\u017ee\u0161 osloniti kada su ti potrebni. Treba\u0161 biti dobar u osnovnoj i srednjoj skoli, zavr\u0161iti fakultet da bi se kasnije mogao zaposliti i \u017eivjeti ugodnim \u017eivotom. Danas je \u017eivot jako te\u017eak. Puno ih je siroma\u0161nih i gladnih i nitko nikome ne poma\u017ee kada mu je najpotrebnije. Danas se svi sva\u0111aju, ratuju, ru\u0161e- nikako da se pomire. Neki misle da \u0107e do\u0107i do 3. svjetskog rata. Rijetko tko pomogne nekom siromahu. U svijetu je situacija takva \u00a0da rijetko tko pomogne nekome i svako je sam sebi najva\u017eniji. U svijetu treba\u0161 na\u0107i prijatelje koji \u0107e ti pomo\u0107i, ali kojima \u0107e\u0161 i ti isto pomo\u0107i. Na \u017eivot gledam tako da sam uvijek sretan i optimisti\u010dan, ono \u0161to je lo\u0161e, trudim popraviti na bolje.<\/p>\n<p>&nbsp;<\/p>\n<p style=\"text-align: right;\"><em>Ivan \u0160trbac, 8.b<\/em>\n<\/p>\n<p>&nbsp;<\/p>\n<p><strong>Moj pogled na \u017eivot<\/strong><\/p>\n<p>&nbsp;<\/p>\n<p>Moj pogled na \u017eivot je vrlo pozitivan. Smatram da svatko u svom \u017eivotu mo\u017ee posti\u0107i sve \u0161to \u017eeli. Naravno, mora ulo\u017eiti i nekakav trud, ali trud se na kraju uvijek isplati.<\/p>\n<p>Mnogi ljudi u svom \u017eivotu imaju razli\u010dite ciljeve ili snove samo \u0161to ih ve\u0107ina ne ostvari. U \u017eivotu mo\u017eemo puno toga posti\u0107i. Mnogi se boje da ne\u0107e uspjeti te odlu\u010duju, ne poku\u0161av\u0161i, \u00a0odustati. Ne trebamo se bojati gre\u0161aka koje bismo mogli u\u010diniti u \u017eivotu. Svaka nas gre\u0161ka pribli\u017eava cilju. \u017divotni vijek nije prekratak. Puno toga mo\u017eemo u\u010diniti samo u nekoliko godina. \u0160to je nekoliko godina u odnosu na cijeli \u017eivot?<\/p>\n<p>Kao \u0161to se ne trebamo bojati gre\u0161aka,\u00a0 ne trebamo slu\u0161ati ni tu\u0111e savjete. Uvijek \u0107e se na\u0107i bar jedna osoba koja \u0107e nam re\u0107i da ne\u0161to ne mo\u017eemo ili da to nije za nas. Ne moramo biti kao i svi ostali &#8211; prosje\u010dni. Zapravo, svatko od nas je druga\u010diji samo \u0161to nas dru\u0161tvo s vremenom \u201enau\u010di\u201c da budemo prosje\u010dni. Nikada nije prekasno za novi po\u010detak.<\/p>\n<p style=\"text-align: right;\">Zato ciljeve i neostvareni snove u \u017eivotu trebamo ostvariti \u0161to prije jer vrijeme prolazi i nikoga ne \u010deka.\u00a0 \u00a0 \u00a0 \u00a0 \u00a0 \u00a0 \u00a0 \u00a0 \u00a0 \u00a0 \u00a0 \u00a0 \u00a0 \u00a0 \u00a0 \u00a0 \u00a0 \u00a0 \u00a0 \u00a0 \u00a0 \u00a0 \u00a0 \u00a0 \u00a0 \u00a0 \u00a0 \u00a0 \u00a0 \u00a0 \u00a0 \u00a0 \u00a0 \u00a0 \u00a0 \u00a0 \u00a0 \u00a0 \u00a0 \u00a0 \u00a0 \u00a0 \u00a0 \u00a0 \u00a0 \u00a0 \u00a0 \u00a0 \u00a0 \u00a0 \u00a0 \u00a0 <em>Anamarija Caha, 8.b<\/em><\/p>\n<p>&nbsp;<\/p>\n<p>&nbsp;<\/p>\n<p><strong>Moj pogled na svijet<\/strong><\/p>\n<p>Dakle krenimo sa \u017eivotom. Moj \u017eivot je stresan, naravno, ne jako. Moram pro\u0107i s odli\u010dnim u \u0161koli, u Glazbenoj \u0161koli moram biti najbolja, na rukometu te u Foto klubu, a jo\u0161 uz to moram paziti na sestru. Dok ve\u0107ina mojih vr\u0161njaka nema nit u pola toliko obaveza ja tr\u010dim iz jedne \u0161kole u drugu. No da nemam toliko obaveza, mislim da bi mi\u00a0 bilo dosadno. Napisala bih zada\u0107u,a u\u010dila bih pet minuta te oti\u0161la malo na Facebook te bih gledala tv, a ovako maksimalno iskori\u0161avam to malo vremena \u0161to imam. Znam da nemam mnogo vremena za u\u010denje, ali ovako mi je \u017eivot zanimljiviji jer uvijek u\u010dim ne\u0161to novo.<br \/>\nSvijet? Svijet je prekrilo sivilo. Ima sve manje ljubaznih ljudi, a djeca sve manje izlaze van, igraju nogomet ili ne\u0161to tako. Djeca su sve razma\u017eenija. Ve\u0107 u prvom razredu dobivaju najskuplje mobitele i \u017ealosno mi je kada vidim dijete koje se dere na svoje roditelje jer ne\u0161to ne mo\u017ee dobiti. Djeca po\u010dinju piti, a i pu\u0161iti ve\u0107 s dvanaest godina. Pa je li to normalno? Znam da se to radilo i u prija\u0161njim generacijamano ne mislim da je bilo tako intenzivno. Ljudi su postali pohlepni. Rijetko tko \u0107e pomo\u0107i. Vi\u0161e se nikome ne mo\u017ee vjerovati i \u010dini mi se da svi sve ogovaraju, pogotovo cure. Da sada ka\u017eem kakvi su mi planovi u \u017eivotu, netko bi mi rekao da imam bujnu ma\u0161tu, a kako je rekao Albert Enstein: \u201eMa\u0161ta je bitnija od znanja.\u201c Neki ljudi odustaju od svojih snova jer ih nitko ne podr\u017eava u tome no smatram da se nikada se ne smije odustati, treba se izboriti za sebe. Sve vi\u0161e ljudi pada u depresiju, a za\u0161to?! Zato jer se sve, ali sve po\u010delo bazirati na izgledu i materijalnom stanju. Znam samo nekoliko osoba koje nisu pohlepne, a to su Dominik, Nikolina i Lovro. Njima stvarno vjerujem, ali oni nisu \u201epromaknuti\u201c poput Nade. Nada je moja prijateljica iz razreda s kojom dijelim sli\u010dna razmi\u0161ljanja. Prije sam mislila da je ona dvoli\u010dna, kako su neki govorili, ali kad sam se po\u010dela dru\u017eiti s njom shvatila sam da je ona stvarno draga osoba i da joj se mo\u017ee vjerovati.<\/p>\n<p>Nije dobro imati predrasude jer ti na kraju pomogne onaj\u00a0 za kojeg se najmanje nada\u0161.<\/p>\n<p>Samo se nadam da svijet ne\u0107e biti tako grozno mjesto kako ga sada vidim.<\/p>\n<p style=\"text-align: right;\"><em>Dorotea Vinkovi\u0107, 8.b<\/em><\/p>\n<p>&nbsp;<\/p>\n<p><strong>Moj pogled na \u017eivot i svijet<\/strong><\/p>\n<p>Svaka osoba \u017eivi u svom svijetu, u to nema sumnje. Vjerujem da se pogledi na razli\u010dite stvari mijenjaju s na\u0161im raspolo\u017eenjem i na\u0161om dobi. Prije sam mislila da je svijet beskrajno velik i prepun savr\u0161enih struktura. Moj mlad i neiskusan um nije mogao podnijeti goleme koli\u010dine novih podataka koje sam \u017eeljela razumjeti. Bio je to predivan osje\u0107aj. Svaki novi kutak sam do\u017eivljavala kao avanturu, kao lov na neotkriveno blago. \u0160to se dogodilo?<\/p>\n<p>Po\u010dela sam odrastati i shva\u0107ati da svijet nije tako savr\u0161en. \u017divot i svakodnevica su mi postajali sve jasniji, kao da je netko naglo strgnuo zavjesu s prozora. Naravno, nisam uvijek vidjela samo lo\u0161e stvari. Postojale su i one dobre koje bi mi ukazale na svjetlost u istinskoj tami.<\/p>\n<p>Danas poku\u0161avam \u0161to vedrije gledati na svijet, trudim se prona\u0107i tra\u010dak \u0161arenila i odagnati sive tonove. Nastojim da mi svaki dan bude nova prilika kako bih prona\u0161la ono dobro u svijetu.<\/p>\n<p style=\"text-align: right;\"><em>\u00a0Dora \u0160tern, 8.c<\/em><\/p>\n","protected":false},"excerpt":{"rendered":"<p>&nbsp; Moj pogled na \u017eivot i svijet &nbsp; Svaka osoba ima druga\u010diji pogled na svijet. Svatko te\u017ei za ne\u010dim za \u0161to se nada da \u0107e mu \u017eivot u\u010diniti lak\u0161im i ljep\u0161im. Tako i ja. Svake ve\u010deri se pitam koja je svrha \u017eivota. I za \u0161to zapravo ljudi \u017eive jer gledaju\u0107i druge, vidim ljude koji imaju [&hellip;]<\/p>\n","protected":false},"author":2,"featured_media":0,"parent":0,"menu_order":0,"comment_status":"closed","ping_status":"closed","template":"","meta":[],"_links":{"self":[{"href":"http:\/\/cvrcak-daruvar.com.hr\/index.php?rest_route=\/wp\/v2\/pages\/3405"}],"collection":[{"href":"http:\/\/cvrcak-daruvar.com.hr\/index.php?rest_route=\/wp\/v2\/pages"}],"about":[{"href":"http:\/\/cvrcak-daruvar.com.hr\/index.php?rest_route=\/wp\/v2\/types\/page"}],"author":[{"embeddable":true,"href":"http:\/\/cvrcak-daruvar.com.hr\/index.php?rest_route=\/wp\/v2\/users\/2"}],"replies":[{"embeddable":true,"href":"http:\/\/cvrcak-daruvar.com.hr\/index.php?rest_route=%2Fwp%2Fv2%2Fcomments&post=3405"}],"version-history":[{"count":1,"href":"http:\/\/cvrcak-daruvar.com.hr\/index.php?rest_route=\/wp\/v2\/pages\/3405\/revisions"}],"predecessor-version":[{"id":3406,"href":"http:\/\/cvrcak-daruvar.com.hr\/index.php?rest_route=\/wp\/v2\/pages\/3405\/revisions\/3406"}],"wp:attachment":[{"href":"http:\/\/cvrcak-daruvar.com.hr\/index.php?rest_route=%2Fwp%2Fv2%2Fmedia&parent=3405"}],"curies":[{"name":"wp","href":"https:\/\/api.w.org\/{rel}","templated":true}]}}