{"id":3385,"date":"2016-07-06T11:41:22","date_gmt":"2016-07-06T09:41:22","guid":{"rendered":"http:\/\/cvrcak-daruvar.com.hr\/?page_id=3385"},"modified":"2016-07-06T11:41:26","modified_gmt":"2016-07-06T09:41:26","slug":"natjecanje-iz-geografije-2","status":"publish","type":"page","link":"http:\/\/cvrcak-daruvar.com.hr\/?page_id=3385","title":{"rendered":"Natjecanje iz geografije"},"content":{"rendered":"<p>Nakon odr\u017eanog \u0161kolskog natjecanja, na \u017eupanijsku razinu plasiralo se je dvoje u\u010denika. \u017dupanijsko natjecnaje odr\u017eano je u \u010cO\u0160 Jana Amosa Komenskog u Daruvaru.\u00a0 U\u010denik <strong>Matias Andjal<\/strong> osvojio je<strong> 1. mjesto<\/strong> u konkurenciji 7. razreda. U\u010denica Vanessa Senicki osvojila je 4. mjesto u konkurenciji 6. razreda. Matias Andjal je predlo\u017een za dr\u017eavnu razinu, ali zbog nedovoljnog broja bodova nije pozvan .<\/p>\n<p style=\"text-align: right;\">\u00a0\u00a0\u00a0\u00a0\u00a0\u00a0\u00a0\u00a0\u00a0\u00a0\u00a0\u00a0\u00a0\u00a0\u00a0\u00a0\u00a0\u00a0\u00a0\u00a0\u00a0\u00a0\u00a0\u00a0\u00a0\u00a0\u00a0\u00a0\u00a0\u00a0\u00a0\u00a0\u00a0\u00a0\u00a0\u00a0\u00a0\u00a0\u00a0\u00a0\u00a0\u00a0\u00a0\u00a0\u00a0\u00a0\u00a0\u00a0\u00a0\u00a0\u00a0\u00a0\u00a0\u00a0\u00a0\u00a0\u00a0\u00a0\u00a0\u00a0\u00a0\u00a0\u00a0\u00a0\u00a0\u00a0\u00a0\u00a0\u00a0\u00a0\u00a0\u00a0\u00a0\u00a0\u00a0\u00a0\u00a0\u00a0\u00a0\u00a0\u00a0\u00a0\u00a0\u00a0\u00a0\u00a0\u00a0\u00a0\u00a0 \u00a0\u00a0\u00a0\u00a0\u00a0\u00a0\u00a0\u00a0\u00a0\u00a0\u00a0\u00a0\u00a0\u00a0\u00a0\u00a0\u00a0\u00a0\u00a0\u00a0\u00a0\u00a0\u00a0\u00a0\u00a0\u00a0\u00a0\u00a0\u00a0<em>\u00a0\u00a0Denis Singer<\/em><\/p>\n","protected":false},"excerpt":{"rendered":"<p>Nakon odr\u017eanog \u0161kolskog natjecanja, na \u017eupanijsku razinu plasiralo se je dvoje u\u010denika. \u017dupanijsko natjecnaje odr\u017eano je u \u010cO\u0160 Jana Amosa Komenskog u Daruvaru.\u00a0 U\u010denik Matias Andjal osvojio je 1. mjesto u konkurenciji 7. razreda. U\u010denica Vanessa Senicki osvojila je 4. mjesto u konkurenciji 6. razreda. Matias Andjal je predlo\u017een za dr\u017eavnu razinu, ali zbog nedovoljnog [&hellip;]<\/p>\n","protected":false},"author":2,"featured_media":0,"parent":0,"menu_order":0,"comment_status":"closed","ping_status":"closed","template":"","meta":[],"_links":{"self":[{"href":"http:\/\/cvrcak-daruvar.com.hr\/index.php?rest_route=\/wp\/v2\/pages\/3385"}],"collection":[{"href":"http:\/\/cvrcak-daruvar.com.hr\/index.php?rest_route=\/wp\/v2\/pages"}],"about":[{"href":"http:\/\/cvrcak-daruvar.com.hr\/index.php?rest_route=\/wp\/v2\/types\/page"}],"author":[{"embeddable":true,"href":"http:\/\/cvrcak-daruvar.com.hr\/index.php?rest_route=\/wp\/v2\/users\/2"}],"replies":[{"embeddable":true,"href":"http:\/\/cvrcak-daruvar.com.hr\/index.php?rest_route=%2Fwp%2Fv2%2Fcomments&post=3385"}],"version-history":[{"count":1,"href":"http:\/\/cvrcak-daruvar.com.hr\/index.php?rest_route=\/wp\/v2\/pages\/3385\/revisions"}],"predecessor-version":[{"id":3386,"href":"http:\/\/cvrcak-daruvar.com.hr\/index.php?rest_route=\/wp\/v2\/pages\/3385\/revisions\/3386"}],"wp:attachment":[{"href":"http:\/\/cvrcak-daruvar.com.hr\/index.php?rest_route=%2Fwp%2Fv2%2Fmedia&parent=3385"}],"curies":[{"name":"wp","href":"https:\/\/api.w.org\/{rel}","templated":true}]}}