{"id":3373,"date":"2016-07-06T11:33:13","date_gmt":"2016-07-06T09:33:13","guid":{"rendered":"http:\/\/cvrcak-daruvar.com.hr\/?page_id=3373"},"modified":"2016-07-06T11:33:13","modified_gmt":"2016-07-06T09:33:13","slug":"matematicka-natjecanja-u-sk-godini-2014-2015","status":"publish","type":"page","link":"http:\/\/cvrcak-daruvar.com.hr\/?page_id=3373","title":{"rendered":"Matemati\u010dka natjecanja u \u0161k. godini 2014.\/2015."},"content":{"rendered":"<p>\u0160kolsko natjecanje odr\u017eano je 29. 1. 2015. Sudjelovali su u\u010denici od 4. do 7. razreda, ukupno 30 u\u010denika.<\/p>\n<p>&nbsp;<\/p>\n<p>\u017dupanijsko natjecanje odr\u017eano je 27. 2. 2015. u III. osnovnoj \u0161koli u <strong>Bjelovaru<\/strong>.<\/p>\n<p>Prema rezultatima postignutim na \u0161kolskom natjecanju, na \u017eupanijsko natjecanje pozvano je \u010detvero u\u010denika na\u0161e \u0161kole.<\/p>\n<p>U kategoriji 5. razreda\u00a0<strong>Dorijan Popova\u010dki<\/strong>\u00a0zauzeo je 9. a <strong>Jan<\/strong> <strong>\u0160tefanac<\/strong> 10. mjesto.<\/p>\n<p>U kategoriji 6. razreda\u00a0<strong>Josip Maradin<\/strong>\u00a0zauzeo je 5. mjesto, a <strong>Vanessa Senicki<\/strong> je u kategoriji 6. razreda zauzela\u00a0 6. mjesto.<\/p>\n<p>&nbsp;<\/p>\n<p>Violeta Novakovi\u0107<\/p>\n","protected":false},"excerpt":{"rendered":"<p>\u0160kolsko natjecanje odr\u017eano je 29. 1. 2015. Sudjelovali su u\u010denici od 4. do 7. razreda, ukupno 30 u\u010denika. &nbsp; \u017dupanijsko natjecanje odr\u017eano je 27. 2. 2015. u III. osnovnoj \u0161koli u Bjelovaru. Prema rezultatima postignutim na \u0161kolskom natjecanju, na \u017eupanijsko natjecanje pozvano je \u010detvero u\u010denika na\u0161e \u0161kole. U kategoriji 5. razreda\u00a0Dorijan Popova\u010dki\u00a0zauzeo je 9. a [&hellip;]<\/p>\n","protected":false},"author":2,"featured_media":0,"parent":0,"menu_order":0,"comment_status":"closed","ping_status":"closed","template":"","meta":[],"_links":{"self":[{"href":"http:\/\/cvrcak-daruvar.com.hr\/index.php?rest_route=\/wp\/v2\/pages\/3373"}],"collection":[{"href":"http:\/\/cvrcak-daruvar.com.hr\/index.php?rest_route=\/wp\/v2\/pages"}],"about":[{"href":"http:\/\/cvrcak-daruvar.com.hr\/index.php?rest_route=\/wp\/v2\/types\/page"}],"author":[{"embeddable":true,"href":"http:\/\/cvrcak-daruvar.com.hr\/index.php?rest_route=\/wp\/v2\/users\/2"}],"replies":[{"embeddable":true,"href":"http:\/\/cvrcak-daruvar.com.hr\/index.php?rest_route=%2Fwp%2Fv2%2Fcomments&post=3373"}],"version-history":[{"count":1,"href":"http:\/\/cvrcak-daruvar.com.hr\/index.php?rest_route=\/wp\/v2\/pages\/3373\/revisions"}],"predecessor-version":[{"id":3374,"href":"http:\/\/cvrcak-daruvar.com.hr\/index.php?rest_route=\/wp\/v2\/pages\/3373\/revisions\/3374"}],"wp:attachment":[{"href":"http:\/\/cvrcak-daruvar.com.hr\/index.php?rest_route=%2Fwp%2Fv2%2Fmedia&parent=3373"}],"curies":[{"name":"wp","href":"https:\/\/api.w.org\/{rel}","templated":true}]}}