{"id":330,"date":"2012-05-31T19:29:27","date_gmt":"2012-05-31T19:29:27","guid":{"rendered":"http:\/\/cvrcak-daruvar.com.hr\/?page_id=330"},"modified":"2014-05-16T19:47:32","modified_gmt":"2014-05-16T17:47:32","slug":"osvrt-na-film","status":"publish","type":"page","link":"http:\/\/cvrcak-daruvar.com.hr\/?page_id=330","title":{"rendered":"Osvrt na film"},"content":{"rendered":"<p><strong>Sumrak saga<\/strong><\/p>\n<p>&nbsp;<\/p>\n<p><a href=\"http:\/\/cvrcak-daruvar.com.hr\/wp-content\/uploads\/2012\/05\/P1070275.jpg\" class=\"gallery_colorbox\"><img decoding=\"async\" loading=\"lazy\" class=\"alignright size-medium wp-image-331\" title=\"P1070275\" src=\"http:\/\/cvrcak-daruvar.com.hr\/wp-content\/uploads\/2012\/05\/P1070275-300x224.jpg\"  alt=\"\" width=\"300\" height=\"224\" srcset=\"http:\/\/cvrcak-daruvar.com.hr\/wp-content\/uploads\/2012\/05\/P1070275-300x224.jpg 300w, http:\/\/cvrcak-daruvar.com.hr\/wp-content\/uploads\/2012\/05\/P1070275.jpg 448w\" sizes=\"(max-width: 300px) 100vw, 300px\" \/><\/a>Ljubiteljica sam Sumrak sage. Gledala sam sve dijelove vi\u0161e puta. Radi prvog djela \u010detvrtog nastavka sam i\u0161la u Zagreb\u00a0 jer ovdje jo\u0161 nije iza\u0161ao. Meni se osobno\u00a0 vi\u0161e svi\u0111aju filmovi nego knjige te smatram da mnogi mladi gledaju radije filmove zbog glumaca, a glumci kao da su \u201estvoreni\u201c za te uloge! J<\/p>\n<p>U filmu me fascinira kemija me\u0111u glavnim glumcima te odnos vampira prema ljudskim bi\u0107ima. Film prikazuje vampire kao bi\u0107a koja \u017eive ljudskim \u017eivotom i ne \u017eele odati svoje postojanje. Prikazana je i tuga vampira zbog besmrtnosti kao i napor koji moraju ulo\u017eiti kako ne bi ubili sebi drage ljude.<\/p>\n<p>Svi\u0111a mi se Edwardova osobnost te njegov odnos s Bellom. Svi\u0111a mi se \u0161to ga je Bella prihvatila kao vampira i \u0161to je odlu\u010dila \u010duvati njegovu tajnu. Jedan dio nje zna da je Edward \u017eeljan njene krvi, a drugi dio govori joj o osje\u0107ajima koje gaji prema njemu. Bella i sama \u017eeli postati vampirica jer bi time njihova veza bila lak\u0161a. Jedva \u010dekam da iza\u0111e drugi dio \u010detvrtog nastavka u kojem se prikazuje Bellin \u017eivot kao vampirice.<br \/>\nVoljela bih kada bi ih bilo vi\u0161e\u2026<br \/>\nPreporu\u010dujem film svima koji ga nisu pogledali, bili ljubitelji vampira, tame i mo\u0107i ili samo obo\u017eavatelji glavnih likova.<\/p>\n<p>&nbsp;<\/p>\n<p style=\"text-align: right;\"><em>Hana \u010crnjevi\u0107, 8.b<\/em><\/p>\n<p align=\"right\">Lektorirala: L. B.<\/p>\n<p style=\"text-align: center;\" align=\"right\"><a href=\"http:\/\/cvrcak-daruvar.com.hr\/wp-content\/uploads\/2012\/05\/P1070279.jpg\" class=\"gallery_colorbox\"><img decoding=\"async\" loading=\"lazy\" class=\"aligncenter size-full wp-image-332\" title=\"P1070279\" src=\"http:\/\/cvrcak-daruvar.com.hr\/wp-content\/uploads\/2012\/05\/P1070279.jpg\"  alt=\"\" width=\"448\" height=\"336\" srcset=\"http:\/\/cvrcak-daruvar.com.hr\/wp-content\/uploads\/2012\/05\/P1070279.jpg 448w, http:\/\/cvrcak-daruvar.com.hr\/wp-content\/uploads\/2012\/05\/P1070279-300x224.jpg 300w\" sizes=\"(max-width: 448px) 100vw, 448px\" \/><\/a><\/p>\n<p style=\"text-align: center;\" align=\"right\"><a href=\"http:\/\/cvrcak-daruvar.com.hr\/wp-content\/uploads\/2012\/05\/P1070282.jpg\" class=\"gallery_colorbox\"><img decoding=\"async\" loading=\"lazy\" class=\"aligncenter size-full wp-image-333\" title=\"P1070282\" src=\"http:\/\/cvrcak-daruvar.com.hr\/wp-content\/uploads\/2012\/05\/P1070282.jpg\"  alt=\"\" width=\"448\" height=\"336\" srcset=\"http:\/\/cvrcak-daruvar.com.hr\/wp-content\/uploads\/2012\/05\/P1070282.jpg 448w, http:\/\/cvrcak-daruvar.com.hr\/wp-content\/uploads\/2012\/05\/P1070282-300x224.jpg 300w\" sizes=\"(max-width: 448px) 100vw, 448px\" \/><\/a><\/p>\n<p>&nbsp;<\/p>\n","protected":false},"excerpt":{"rendered":"<p>Sumrak saga &nbsp; Ljubiteljica sam Sumrak sage. Gledala sam sve dijelove vi\u0161e puta. Radi prvog djela \u010detvrtog nastavka sam i\u0161la u Zagreb\u00a0 jer ovdje jo\u0161 nije iza\u0161ao. Meni se osobno\u00a0 vi\u0161e svi\u0111aju filmovi nego knjige te smatram da mnogi mladi gledaju radije filmove zbog glumaca, a glumci kao da su \u201estvoreni\u201c za te uloge! J [&hellip;]<\/p>\n","protected":false},"author":1,"featured_media":0,"parent":827,"menu_order":0,"comment_status":"closed","ping_status":"closed","template":"","meta":[],"_links":{"self":[{"href":"http:\/\/cvrcak-daruvar.com.hr\/index.php?rest_route=\/wp\/v2\/pages\/330"}],"collection":[{"href":"http:\/\/cvrcak-daruvar.com.hr\/index.php?rest_route=\/wp\/v2\/pages"}],"about":[{"href":"http:\/\/cvrcak-daruvar.com.hr\/index.php?rest_route=\/wp\/v2\/types\/page"}],"author":[{"embeddable":true,"href":"http:\/\/cvrcak-daruvar.com.hr\/index.php?rest_route=\/wp\/v2\/users\/1"}],"replies":[{"embeddable":true,"href":"http:\/\/cvrcak-daruvar.com.hr\/index.php?rest_route=%2Fwp%2Fv2%2Fcomments&post=330"}],"version-history":[{"count":4,"href":"http:\/\/cvrcak-daruvar.com.hr\/index.php?rest_route=\/wp\/v2\/pages\/330\/revisions"}],"predecessor-version":[{"id":2482,"href":"http:\/\/cvrcak-daruvar.com.hr\/index.php?rest_route=\/wp\/v2\/pages\/330\/revisions\/2482"}],"up":[{"embeddable":true,"href":"http:\/\/cvrcak-daruvar.com.hr\/index.php?rest_route=\/wp\/v2\/pages\/827"}],"wp:attachment":[{"href":"http:\/\/cvrcak-daruvar.com.hr\/index.php?rest_route=%2Fwp%2Fv2%2Fmedia&parent=330"}],"curies":[{"name":"wp","href":"https:\/\/api.w.org\/{rel}","templated":true}]}}