{"id":3121,"date":"2015-06-13T11:29:26","date_gmt":"2015-06-13T09:29:26","guid":{"rendered":"http:\/\/cvrcak-daruvar.com.hr\/?page_id=3121"},"modified":"2016-05-18T09:08:07","modified_gmt":"2016-05-18T07:08:07","slug":"impresum","status":"publish","type":"page","link":"http:\/\/cvrcak-daruvar.com.hr\/?page_id=3121","title":{"rendered":"IMPRESUM 2014\/2015."},"content":{"rendered":"<h4><strong>Digitalni \u0161kolski list &#8220;CVR\u010cAK&#8221;<\/strong><\/h4>\n<h4><\/h4>\n<h4><strong>Adresa izdava\u010da:<\/strong><\/h4>\n<h4>Osnovna \u0161kola Vladimira Nazora Daruvar<\/h4>\n<h4>Ljudevita Gaja 24<\/h4>\n<h4>43500 Daruvar<\/h4>\n<h4><strong>Tel.: <\/strong>043 333 123<\/h4>\n<h4><strong>Fax.:<\/strong> 043 331 147<\/h4>\n<h4><strong>E-mail:<\/strong>\u00a0<span style=\"color: #222222;\">os-daruvar-001@os-vnazora-daruvar.skole.hr<\/span><\/h4>\n<h4><strong>Web stranica:<\/strong>\u00a0<a title=\"Osnovna \u0161kola Vladimira Nazora Daruvar\" href=\"http:\/\/os-vnazora-daruvar.skole.hr\/\" target=\"_blank\">http:\/\/os-vnazora-daruvar.skole.hr\/<\/a><\/h4>\n<h4><strong>Za \u0161kolu: <\/strong>ravnateljica Vesna \u0160tefanac, prof.<\/h4>\n<h4><strong>Glavna i odgovorna urednica:<\/strong> Marina Singer<\/h4>\n<h4><strong>Ra\u010dunalna obrada:<\/strong> Alenka Njegovac<\/h4>\n<h4><strong>Uredni\u0161tvo:\u00a0<\/strong><\/h4>\n<p><strong>U\u010cENICI NOVINARI:<\/strong><\/p>\n<p>Luna Bili, 5.a<\/p>\n<p>Nina Bi\u010dak, 5.b<\/p>\n<p>Domagoj Bi\u010dak, 5.c<\/p>\n<p>Anja Luki\u0107, 5.c<\/p>\n<p>Lucija Petrnel, 5.c<\/p>\n<p>Dorijan Popova\u010dki, 5.c<\/p>\n<h4>U\u010ditelji: Alenka Njegovac, Marina Singer<\/h4>\n<h4><\/h4>\n<h4><strong>Logo:<\/strong> Valentin Baron, Ivan Molnar<\/h4>\n","protected":false},"excerpt":{"rendered":"<p>Digitalni \u0161kolski list &#8220;CVR\u010cAK&#8221; Adresa izdava\u010da: Osnovna \u0161kola Vladimira Nazora Daruvar Ljudevita Gaja 24 43500 Daruvar Tel.: 043 333 123 Fax.: 043 331 147 E-mail:\u00a0os-daruvar-001@os-vnazora-daruvar.skole.hr Web stranica:\u00a0http:\/\/os-vnazora-daruvar.skole.hr\/ Za \u0161kolu: ravnateljica Vesna \u0160tefanac, prof. Glavna i odgovorna urednica: Marina Singer Ra\u010dunalna obrada: Alenka Njegovac Uredni\u0161tvo:\u00a0 U\u010cENICI NOVINARI: Luna Bili, 5.a Nina Bi\u010dak, 5.b Domagoj Bi\u010dak, 5.c [&hellip;]<\/p>\n","protected":false},"author":2,"featured_media":0,"parent":0,"menu_order":0,"comment_status":"closed","ping_status":"closed","template":"","meta":[],"_links":{"self":[{"href":"http:\/\/cvrcak-daruvar.com.hr\/index.php?rest_route=\/wp\/v2\/pages\/3121"}],"collection":[{"href":"http:\/\/cvrcak-daruvar.com.hr\/index.php?rest_route=\/wp\/v2\/pages"}],"about":[{"href":"http:\/\/cvrcak-daruvar.com.hr\/index.php?rest_route=\/wp\/v2\/types\/page"}],"author":[{"embeddable":true,"href":"http:\/\/cvrcak-daruvar.com.hr\/index.php?rest_route=\/wp\/v2\/users\/2"}],"replies":[{"embeddable":true,"href":"http:\/\/cvrcak-daruvar.com.hr\/index.php?rest_route=%2Fwp%2Fv2%2Fcomments&post=3121"}],"version-history":[{"count":3,"href":"http:\/\/cvrcak-daruvar.com.hr\/index.php?rest_route=\/wp\/v2\/pages\/3121\/revisions"}],"predecessor-version":[{"id":3216,"href":"http:\/\/cvrcak-daruvar.com.hr\/index.php?rest_route=\/wp\/v2\/pages\/3121\/revisions\/3216"}],"wp:attachment":[{"href":"http:\/\/cvrcak-daruvar.com.hr\/index.php?rest_route=%2Fwp%2Fv2%2Fmedia&parent=3121"}],"curies":[{"name":"wp","href":"https:\/\/api.w.org\/{rel}","templated":true}]}}