{"id":3028,"date":"2015-04-27T12:15:40","date_gmt":"2015-04-27T10:15:40","guid":{"rendered":"http:\/\/cvrcak-daruvar.com.hr\/?page_id=3028"},"modified":"2015-04-27T12:15:40","modified_gmt":"2015-04-27T10:15:40","slug":"novinari-2013-2014","status":"publish","type":"page","link":"http:\/\/cvrcak-daruvar.com.hr\/?page_id=3028","title":{"rendered":"Novinari 2013.\/2014."},"content":{"rendered":"<p><strong><a title=\"U\u010ditelji savjetnici \" href=\"http:\/\/cvrcak-daruvar.com.hr\/?page_id=2895\">U\u010ditelji savjetnici<\/a><\/strong><\/p>\n<p>&nbsp;<\/p>\n<p><strong><a title=\"Silvijo INTERVJU \" href=\"http:\/\/cvrcak-daruvar.com.hr\/?page_id=2893\">Silvijo INTERVJU<\/a><\/strong><\/p>\n<p>&nbsp;<\/p>\n<p><strong><a title=\"Mali INTERVJU s nastavnicom Veronikom \u0160piranac \" href=\"http:\/\/cvrcak-daruvar.com.hr\/?page_id=2900\">Mali intervju s nastavnicom Veronikom \u0160piranac<\/a><\/strong><\/p>\n<p>&nbsp;<\/p>\n<p><a title=\"Intervju s rukometa\u0161ima\" href=\"http:\/\/cvrcak-daruvar.com.hr\/?page_id=2563\"><strong>INTERVJU S RUKOMETA\u0160IMA<\/strong><\/a><\/p>\n<p>&nbsp;<\/p>\n<p><a title=\"Susret s knji\u017eevnicom \u017deljkom Horvat-Vukelja\" href=\"http:\/\/cvrcak-daruvar.com.hr\/?page_id=2560\"><strong>Susret S KNJI\u017dEVNICOM \u017deljkom Horvat-Vukelja<\/strong><\/a><\/p>\n<p>&nbsp;<\/p>\n<p><a title=\"Ovdje Sto JE ZA VAS sre\u0107a\" href=\"http:\/\/cvrcak-daruvar.com.hr\/?page_id=2767\"><strong>Ovdje Sto JE ZA VAS sre\u0107a?<\/strong><\/a><\/p>\n<p>&nbsp;<\/p>\n<p><a title=\"INTERVJUI\u0106 S DRAMSKOM SKUPINOM\" href=\"http:\/\/cvrcak-daruvar.com.hr\/?page_id=2765\"><strong>INTERVJUI\u0106 S DRAMSKOM SKUPINOM<\/strong><\/a><\/p>\n<p>&nbsp;<\/p>\n<p><a title=\"INTERVJU S VJERONAU\u010cNOM SKUPINOM\" href=\"http:\/\/cvrcak-daruvar.com.hr\/?page_id=2763\"><strong>INTERVJU S VJERONAU\u010cNOM SKUPINOM<\/strong><\/a><\/p>\n<p>&nbsp;<\/p>\n","protected":false},"excerpt":{"rendered":"<p>U\u010ditelji savjetnici &nbsp; Silvijo INTERVJU &nbsp; Mali intervju s nastavnicom Veronikom \u0160piranac &nbsp; INTERVJU S RUKOMETA\u0160IMA &nbsp; Susret S KNJI\u017dEVNICOM \u017deljkom Horvat-Vukelja &nbsp; Ovdje Sto JE ZA VAS sre\u0107a? &nbsp; INTERVJUI\u0106 S DRAMSKOM SKUPINOM &nbsp; INTERVJU S VJERONAU\u010cNOM SKUPINOM &nbsp;<\/p>\n","protected":false},"author":2,"featured_media":0,"parent":0,"menu_order":0,"comment_status":"closed","ping_status":"closed","template":"","meta":[],"_links":{"self":[{"href":"http:\/\/cvrcak-daruvar.com.hr\/index.php?rest_route=\/wp\/v2\/pages\/3028"}],"collection":[{"href":"http:\/\/cvrcak-daruvar.com.hr\/index.php?rest_route=\/wp\/v2\/pages"}],"about":[{"href":"http:\/\/cvrcak-daruvar.com.hr\/index.php?rest_route=\/wp\/v2\/types\/page"}],"author":[{"embeddable":true,"href":"http:\/\/cvrcak-daruvar.com.hr\/index.php?rest_route=\/wp\/v2\/users\/2"}],"replies":[{"embeddable":true,"href":"http:\/\/cvrcak-daruvar.com.hr\/index.php?rest_route=%2Fwp%2Fv2%2Fcomments&post=3028"}],"version-history":[{"count":2,"href":"http:\/\/cvrcak-daruvar.com.hr\/index.php?rest_route=\/wp\/v2\/pages\/3028\/revisions"}],"predecessor-version":[{"id":3030,"href":"http:\/\/cvrcak-daruvar.com.hr\/index.php?rest_route=\/wp\/v2\/pages\/3028\/revisions\/3030"}],"wp:attachment":[{"href":"http:\/\/cvrcak-daruvar.com.hr\/index.php?rest_route=%2Fwp%2Fv2%2Fmedia&parent=3028"}],"curies":[{"name":"wp","href":"https:\/\/api.w.org\/{rel}","templated":true}]}}