{"id":3023,"date":"2015-04-27T12:09:58","date_gmt":"2015-04-27T10:09:58","guid":{"rendered":"http:\/\/cvrcak-daruvar.com.hr\/?page_id=3023"},"modified":"2015-04-27T12:09:58","modified_gmt":"2015-04-27T10:09:58","slug":"impresum-2013-2014","status":"publish","type":"page","link":"http:\/\/cvrcak-daruvar.com.hr\/?page_id=3023","title":{"rendered":"Impresum 2013.\/2014."},"content":{"rendered":"<h4><strong>Digitalni \u0161kolski list \u201cCVR\u010cAK\u201d<\/strong><\/h4>\n<h4><strong>Adresa izdava\u010da:<\/strong><\/h4>\n<h4>Osnovna \u0161kola Vladimira Nazora Daruvar<\/h4>\n<h4>Ljudevita Gaja 24<\/h4>\n<h4>43500 Daruvar<\/h4>\n<h4><strong>Tel.: <\/strong>043 333 123<\/h4>\n<h4><strong>Fax.:<\/strong> 043 331 147<\/h4>\n<h4><strong>E-mail:<\/strong>\u00a0os-daruvar-001@os-vnazora-daruvar.skole.hr<\/h4>\n<h4><strong>Web stranica:<\/strong>\u00a0<a title=\"Osnovna \u0161kola Vladimira Nazora Daruvar\" href=\"http:\/\/os-vnazora-daruvar.skole.hr\/\" target=\"_blank\">http:\/\/os-vnazora-daruvar.skole.hr\/<\/a><\/h4>\n<h4><strong>Za \u0161kolu: <\/strong>ravnateljica Vesna \u0160tefanac, prof.<\/h4>\n<h4><strong>Glavna i odgovorna urednica:<\/strong> Marina Singer<\/h4>\n<h4><strong>Ra\u010dunalna obrada:<\/strong> Alenka Njegovac<\/h4>\n<h4><strong>Uredni\u0161tvo: <\/strong>Novinari, u\u010denici:<\/h4>\n<h4>Ana Marija Juri\u0161i\u0107, 8.a<\/h4>\n<h4>Ivana Kola\u010dek, 8.a<\/h4>\n<h4>Irma Boro\u0161, 5.a<\/h4>\n<h4>Ela Hradec, 5.a<\/h4>\n<h4>Tea Ivankovi\u0107, 5.a<\/h4>\n<h4>Ema Le\u0161kovi\u0107, 5.a<\/h4>\n<h4>Martina Moulis, 5.a<\/h4>\n<h4>Lorena Reni\u0107, 5.a<\/h4>\n<h4>Antonija Vondra, 5.a<\/h4>\n<h4>U\u010ditelji: Alenka Njegovac, Marina Singer<\/h4>\n<h4><\/h4>\n<h4><\/h4>\n<h4><\/h4>\n<h4><strong>Logo:<\/strong> Valentin Baron, Ivan Molnar<\/h4>\n","protected":false},"excerpt":{"rendered":"<p>Digitalni \u0161kolski list \u201cCVR\u010cAK\u201d Adresa izdava\u010da: Osnovna \u0161kola Vladimira Nazora Daruvar Ljudevita Gaja 24 43500 Daruvar Tel.: 043 333 123 Fax.: 043 331 147 E-mail:\u00a0os-daruvar-001@os-vnazora-daruvar.skole.hr Web stranica:\u00a0http:\/\/os-vnazora-daruvar.skole.hr\/ Za \u0161kolu: ravnateljica Vesna \u0160tefanac, prof. Glavna i odgovorna urednica: Marina Singer Ra\u010dunalna obrada: Alenka Njegovac Uredni\u0161tvo: Novinari, u\u010denici: Ana Marija Juri\u0161i\u0107, 8.a Ivana Kola\u010dek, 8.a Irma Boro\u0161, [&hellip;]<\/p>\n","protected":false},"author":2,"featured_media":0,"parent":0,"menu_order":0,"comment_status":"closed","ping_status":"closed","template":"","meta":[],"_links":{"self":[{"href":"http:\/\/cvrcak-daruvar.com.hr\/index.php?rest_route=\/wp\/v2\/pages\/3023"}],"collection":[{"href":"http:\/\/cvrcak-daruvar.com.hr\/index.php?rest_route=\/wp\/v2\/pages"}],"about":[{"href":"http:\/\/cvrcak-daruvar.com.hr\/index.php?rest_route=\/wp\/v2\/types\/page"}],"author":[{"embeddable":true,"href":"http:\/\/cvrcak-daruvar.com.hr\/index.php?rest_route=\/wp\/v2\/users\/2"}],"replies":[{"embeddable":true,"href":"http:\/\/cvrcak-daruvar.com.hr\/index.php?rest_route=%2Fwp%2Fv2%2Fcomments&post=3023"}],"version-history":[{"count":1,"href":"http:\/\/cvrcak-daruvar.com.hr\/index.php?rest_route=\/wp\/v2\/pages\/3023\/revisions"}],"predecessor-version":[{"id":3024,"href":"http:\/\/cvrcak-daruvar.com.hr\/index.php?rest_route=\/wp\/v2\/pages\/3023\/revisions\/3024"}],"wp:attachment":[{"href":"http:\/\/cvrcak-daruvar.com.hr\/index.php?rest_route=%2Fwp%2Fv2%2Fmedia&parent=3023"}],"curies":[{"name":"wp","href":"https:\/\/api.w.org\/{rel}","templated":true}]}}