{"id":292,"date":"2012-05-31T19:05:13","date_gmt":"2012-05-31T19:05:13","guid":{"rendered":"http:\/\/cvrcak-daruvar.com.hr\/?page_id=292"},"modified":"2012-12-12T17:30:44","modified_gmt":"2012-12-12T16:30:44","slug":"naucimo-dobrotu","status":"publish","type":"page","link":"http:\/\/cvrcak-daruvar.com.hr\/?page_id=292","title":{"rendered":"Nau\u010dimo dobrotu"},"content":{"rendered":"<p style=\"text-align: left;\" align=\"center\"><em>Nau\u010dimo dobrotu<\/em><\/p>\n<p align=\"center\">10. jubilarna akcija<\/p>\n<p>\u00a0\u00a0\u00a0\u00a0\u00a0\u00a0\u00a0\u00a0\u00a0\u00a0\u00a0 Ove je godine odr\u017eana 10. jubilarna humanitarna akcija <em>Nau\u010dimo dobrotu<\/em>.<\/p>\n<p><a href=\"http:\/\/cvrcak-daruvar.com.hr\/wp-content\/uploads\/2012\/05\/radionica-za-roditelje.jpg\" class=\"gallery_colorbox\"><img decoding=\"async\" loading=\"lazy\" class=\"alignleft size-medium wp-image-293\" title=\"OLYMPUS DIGITAL CAMERA\" src=\"http:\/\/cvrcak-daruvar.com.hr\/wp-content\/uploads\/2012\/05\/radionica-za-roditelje-300x224.jpg\"  alt=\"\" width=\"300\" height=\"224\" srcset=\"http:\/\/cvrcak-daruvar.com.hr\/wp-content\/uploads\/2012\/05\/radionica-za-roditelje-300x224.jpg 300w, http:\/\/cvrcak-daruvar.com.hr\/wp-content\/uploads\/2012\/05\/radionica-za-roditelje.jpg 448w\" sizes=\"(max-width: 300px) 100vw, 300px\" \/><\/a>U akciji je sudjelovao veliki broj u\u010ditelja i u\u010denika na\u0161e \u0161kole na razli\u010dite na\u010dine: izradom uskrsnih ukrasa, plakata, dono\u0161enjem materijala, sudjelovanjem u prodaji\u2026<\/p>\n<p>Akcija je zapo\u010dela krajem velja\u010de radionicama koje su odr\u017eavale na satovima razrednika, u sklopu razli\u010ditih izvannastavnih aktivnosti, na satovima likovne kulture i vjeronauka, a organizirano je i nekoliko radionica za roditelje.<\/p>\n<p>Izra\u0111en je veliki broj ukrasnih uskrsnih predmeta od kojih ve\u0107inu mo\u017eete vidjeti u \u201emalom katalogu\u201c<\/p>\n<table border=\"0\" cellspacing=\"0\" cellpadding=\"0\">\n<tbody>\n<tr>\n<td valign=\"top\" width=\"215\">\n<p style=\"text-align: left;\" align=\"center\"><strong>razrednik<\/strong><\/p>\n<\/td>\n<td valign=\"top\" width=\"189\">\n<p style=\"text-align: left;\" align=\"center\"><strong>razred<\/strong><\/p>\n<\/td>\n<td valign=\"top\" width=\"208\">\n<p style=\"text-align: left;\" align=\"center\"><strong>predmet<\/strong><\/p>\n<\/td>\n<\/tr>\n<tr>\n<td valign=\"top\" width=\"215\">Anita \u0106ulibrk<\/td>\n<td valign=\"top\" width=\"189\">1.A<\/td>\n<td valign=\"top\" width=\"208\">Leptiri\u0107i<\/td>\n<\/tr>\n<tr>\n<td valign=\"top\" width=\"215\">Lida Farka\u0161<\/td>\n<td valign=\"top\" width=\"189\">1.B<\/td>\n<td valign=\"top\" width=\"208\">Ukrasne plo\u010dice(salvetna tehnika)<\/td>\n<\/tr>\n<tr>\n<td valign=\"top\" width=\"215\">Ankica Je\u017eabek<\/td>\n<td valign=\"top\" width=\"189\">2.A<\/td>\n<td valign=\"top\" width=\"208\">Eko buketi \u2013 jaja na \u0161tapi\u0107u<\/td>\n<\/tr>\n<tr>\n<td valign=\"top\" width=\"215\">\u017deljka Kube\u0161<\/td>\n<td valign=\"top\" width=\"189\">2.B<\/td>\n<td valign=\"top\" width=\"208\">Jaja sa \u0161pagom<\/td>\n<\/tr>\n<tr>\n<td valign=\"top\" width=\"215\">Nada Lazi\u0107<\/td>\n<td valign=\"top\" width=\"189\">3.A<\/td>\n<td valign=\"top\" width=\"208\">Ko\u0161arice<\/td>\n<\/tr>\n<tr>\n<td valign=\"top\" width=\"215\">Jasna \u0160\u0107erba<\/td>\n<td valign=\"top\" width=\"189\">3.B<\/td>\n<td valign=\"top\" width=\"208\">Pletena gnijezda s jajima<\/td>\n<\/tr>\n<tr>\n<td valign=\"top\" width=\"215\">Sini\u0161a \u0106ulibrk<\/td>\n<td valign=\"top\" width=\"189\">4.A<\/td>\n<td valign=\"top\" width=\"208\">Pjetli\u0107i u gnijezdu<\/td>\n<\/tr>\n<tr>\n<td valign=\"top\" width=\"215\">Mirjana Ru\u017ei\u010dka<\/td>\n<td valign=\"top\" width=\"189\">4.B<\/td>\n<td valign=\"top\" width=\"208\">Pletena gnijezda s jajima<\/td>\n<\/tr>\n<tr>\n<td valign=\"top\" width=\"215\">Tajana Biljan<\/td>\n<td valign=\"top\" width=\"189\">1.C<\/td>\n<td valign=\"top\" width=\"208\">Privjesci od glinamolaVijenac od br\u0161ljana<\/td>\n<\/tr>\n<tr>\n<td valign=\"top\" width=\"215\">Renata \u017divkovi\u0107<\/td>\n<td valign=\"top\" width=\"189\">1.D<\/td>\n<td valign=\"top\" width=\"208\">Aran\u017eman cvjeti\u0107<\/td>\n<\/tr>\n<tr>\n<td valign=\"top\" width=\"215\">Andreja \u017duger<\/td>\n<td valign=\"top\" width=\"189\">2.D<\/td>\n<td valign=\"top\" width=\"208\">Aran\u017eman cvjeti\u0107<\/td>\n<\/tr>\n<tr>\n<td valign=\"top\" width=\"215\">Alenka Dela\u010d<\/td>\n<td valign=\"top\" width=\"189\">2.C<\/td>\n<td valign=\"top\" width=\"208\">Slike<\/td>\n<\/tr>\n<tr>\n<td valign=\"top\" width=\"215\">Inga \u017dupi\u0107<\/td>\n<td valign=\"top\" width=\"189\">3.C<\/td>\n<td valign=\"top\" width=\"208\">Boce i kutijice ukra\u0161ene \u0161pagom<\/td>\n<\/tr>\n<tr>\n<td valign=\"top\" width=\"215\">Bo\u017eenka Mik<\/td>\n<td valign=\"top\" width=\"189\">4.C<\/td>\n<td valign=\"top\" width=\"208\">Kutijica za jaje i zec<\/td>\n<\/tr>\n<tr>\n<td valign=\"top\" width=\"215\">Vesna Petranovi\u0107Vasil Dudukovi\u0107<\/td>\n<td valign=\"top\" width=\"189\">Batinjani, 1., 2., 3. i 4.r.<\/td>\n<td valign=\"top\" width=\"208\">Ko\u0161arice s jajima<\/td>\n<\/tr>\n<tr>\n<td valign=\"top\" width=\"215\">Ljilja VlahovacSlavica Bubli\u0107<\/td>\n<td valign=\"top\" width=\"189\">Doljani, 1., 2., 3., 4. r.<\/td>\n<td valign=\"top\" width=\"208\">Ko\u0161arice \u2013 ze\u010di\u0107iGnijezdaVjen\u010di\u0107i za vrata<\/td>\n<\/tr>\n<tr>\n<td valign=\"top\" width=\"215\">Biserka Hre\u0161i\u0107<\/td>\n<td valign=\"top\" width=\"189\">Gornji Daruvar, 1., 3. i 4. r<\/td>\n<td valign=\"top\" width=\"208\">Pisanice na \u0161tapi\u0107u<\/td>\n<\/tr>\n<\/tbody>\n<\/table>\n<p>&nbsp;<\/p>\n<p><a href=\"http:\/\/cvrcak-daruvar.com.hr\/wp-content\/uploads\/2012\/05\/radionica-bubamare.jpg\" class=\"gallery_colorbox\"><img decoding=\"async\" loading=\"lazy\" class=\"alignright size-medium wp-image-294\" title=\"radionica bubamare\" src=\"http:\/\/cvrcak-daruvar.com.hr\/wp-content\/uploads\/2012\/05\/radionica-bubamare-300x224.jpg\"  alt=\"\" width=\"300\" height=\"224\" srcset=\"http:\/\/cvrcak-daruvar.com.hr\/wp-content\/uploads\/2012\/05\/radionica-bubamare-300x224.jpg 300w, http:\/\/cvrcak-daruvar.com.hr\/wp-content\/uploads\/2012\/05\/radionica-bubamare.jpg 448w\" sizes=\"(max-width: 300px) 100vw, 300px\" \/><\/a>U vi\u0161im su se razredima izra\u0111ivali aran\u017emani i vjen\u010di\u0107i za koje je bilo potrebno najprije pripremiti dijelove: patkice, ze\u010di\u0107e, leptiri\u0107e, gnijezda, vjen\u010di\u0107e, cvjetove od glinamola i razli\u010dite druge ukrase. Radionice na kojima su se izra\u0111ivali pojedini dijelovi odr\u017eane su tijekom o\u017eujka na satovima razrednika. Sudjelovali su sljede\u0107i razrednici i u\u010denici:<\/p>\n<table border=\"0\" cellspacing=\"0\" cellpadding=\"0\">\n<tbody>\n<tr>\n<td valign=\"top\" width=\"206\">razrednik<\/td>\n<td valign=\"top\" width=\"113\">razred<\/td>\n<td valign=\"top\" width=\"300\"><\/td>\n<\/tr>\n<tr>\n<td valign=\"top\" width=\"206\">Tihana Petkovi\u0107<\/td>\n<td valign=\"top\" width=\"113\">5.C<\/td>\n<td valign=\"top\" width=\"300\">Izrada plakata<\/td>\n<\/tr>\n<tr>\n<td valign=\"top\" width=\"206\">\u0160imun A\u0161\u010di\u0107<\/td>\n<td valign=\"top\" width=\"113\">5.E<\/td>\n<td valign=\"top\" width=\"300\">Izrada gnijezda od gran\u010dica<\/td>\n<\/tr>\n<tr>\n<td valign=\"top\" width=\"206\">Denis Singer<\/td>\n<td valign=\"top\" width=\"113\">6.A<\/td>\n<td valign=\"top\" width=\"300\">Ukra\u0161avanje pisanica<\/td>\n<\/tr>\n<tr>\n<td valign=\"top\" width=\"206\">Ivana Bakari\u0107<\/td>\n<td valign=\"top\" width=\"113\">6.B<\/td>\n<td valign=\"top\" width=\"300\">Izrada ze\u010di\u0107a<\/td>\n<\/tr>\n<tr>\n<td valign=\"top\" width=\"206\">Marina Singer<\/td>\n<td valign=\"top\" width=\"113\">6.C<\/td>\n<td valign=\"top\" width=\"300\">Izrada leptira<\/td>\n<\/tr>\n<tr>\n<td valign=\"top\" width=\"206\">Zdenko Kube\u0161<\/td>\n<td valign=\"top\" width=\"113\">6.D<\/td>\n<td valign=\"top\" width=\"300\">Izrada gnijezda od gran\u010dica<\/td>\n<\/tr>\n<tr>\n<td valign=\"top\" width=\"206\">Vjekoslav Jankovi\u0107<\/td>\n<td valign=\"top\" width=\"113\">6.E<\/td>\n<td valign=\"top\" width=\"300\">Izrada plakata<\/td>\n<\/tr>\n<tr>\n<td valign=\"top\" width=\"206\">Zrinka Po\u0161tek<\/td>\n<td valign=\"top\" width=\"113\">7.A<\/td>\n<td valign=\"top\" width=\"300\">Marmoriranje<\/td>\n<\/tr>\n<tr>\n<td valign=\"top\" width=\"206\">Ivana Karpi\u0161ek<\/td>\n<td valign=\"top\" width=\"113\">7.C<\/td>\n<td valign=\"top\" width=\"300\">Ukra\u0161avanje pisanica<\/td>\n<\/tr>\n<tr>\n<td valign=\"top\" width=\"206\">Maja Kufner Kljai\u0107<\/td>\n<td valign=\"top\" width=\"113\">7.E<\/td>\n<td valign=\"top\" width=\"300\">Ukra\u0161avanje pisanica<\/td>\n<\/tr>\n<tr>\n<td valign=\"top\" width=\"206\">Irena Brki\u0107<\/td>\n<td valign=\"top\" width=\"113\">7.D<\/td>\n<td valign=\"top\" width=\"300\">Izrada patkica<\/td>\n<\/tr>\n<tr>\n<td valign=\"top\" width=\"206\">Ljubica Buzdum<\/td>\n<td valign=\"top\" width=\"113\">8.C<\/td>\n<td valign=\"top\" width=\"300\">Izrada cvjetova od glinamola<\/td>\n<\/tr>\n<tr>\n<td valign=\"top\" width=\"206\">\u017deljko Palatinu\u0161<\/td>\n<td valign=\"top\" width=\"113\">8.D<\/td>\n<td valign=\"top\" width=\"300\">Izrada gnijezda od gran\u010dica<\/td>\n<\/tr>\n<\/tbody>\n<\/table>\n<p>&nbsp;<\/p>\n<p><a href=\"http:\/\/cvrcak-daruvar.com.hr\/wp-content\/uploads\/2012\/05\/nakon-uspje\u0161no-obavljenog-posla.jpg\" class=\"gallery_colorbox\"><img decoding=\"async\" loading=\"lazy\" class=\"alignleft size-medium wp-image-295\" title=\"OLYMPUS DIGITAL CAMERA\" src=\"http:\/\/cvrcak-daruvar.com.hr\/wp-content\/uploads\/2012\/05\/nakon-uspje\u0161no-obavljenog-posla-300x224.jpg\"  alt=\"\" width=\"300\" height=\"224\" srcset=\"http:\/\/cvrcak-daruvar.com.hr\/wp-content\/uploads\/2012\/05\/nakon-uspje\u0161no-obavljenog-posla-300x224.jpg 300w, http:\/\/cvrcak-daruvar.com.hr\/wp-content\/uploads\/2012\/05\/nakon-uspje\u0161no-obavljenog-posla.jpg 448w\" sizes=\"(max-width: 300px) 100vw, 300px\" \/><\/a>Radionice su se odr\u017eavale i u sklopu izvannastavnih aktivnosti. Tako su vrtlari izra\u0111ivali pili\u0107e od vune, karitativne su grupe bojale jaja, izra\u0111ivale ze\u010di\u0107e od jaja i glinamola, velike cvjetove od krep papira i pripremale materijale za radionice, vjeronau\u010dna je skupina izra\u0111ivala\u00a0 aran\u017emane, a mali crkveni zbor bukete od pisanica. Velik posao za pripremu radionica odradile su defektologinja Kornelija \u010castek i s. Slavka Vrbani\u0107 bojanjem pisanica kao pripremu za daljnje ukra\u0161avanje.<\/p>\n<p>Humanitarnom radu posve\u0107eno je i nekoliko sati vjeronauka, tako da su 6. A i 6. B., 7. B i 7. C, 8. B i 8. C obojali i na razli\u010dite na\u010dine ukrasili preko 500 komada ispuhanih jaja koje smo kasnije, tako\u0111er, koristili u izradi razli\u010ditih aran\u017emana.<\/p>\n<p><a href=\"http:\/\/cvrcak-daruvar.com.hr\/wp-content\/uploads\/2012\/05\/ND-2012-018.jpg\" class=\"gallery_colorbox\"><img decoding=\"async\" loading=\"lazy\" class=\"alignright size-medium wp-image-296\" title=\"OLYMPUS DIGITAL CAMERA\" src=\"http:\/\/cvrcak-daruvar.com.hr\/wp-content\/uploads\/2012\/05\/ND-2012-018-300x224.jpg\"  alt=\"\" width=\"300\" height=\"224\" srcset=\"http:\/\/cvrcak-daruvar.com.hr\/wp-content\/uploads\/2012\/05\/ND-2012-018-300x224.jpg 300w, http:\/\/cvrcak-daruvar.com.hr\/wp-content\/uploads\/2012\/05\/ND-2012-018.jpg 448w\" sizes=\"(max-width: 300px) 100vw, 300px\" \/><\/a>\u00a021. o\u017eujka odr\u017eane su 2 zavr\u0161ne radionice, u Gajevoj ulici, u kojoj je sudjelovalo oko 50 u\u010denika i nekoliko roditelja. U radionicama su izra\u0111eni uskrsni vjen\u010di\u0107i, aran\u017emani u ko\u0161aricama od jute i aran\u017emani bubamare. Radionice su organizirali Dra\u017eenka Ke\u0161i\u0107, Ivana Bakari\u0107 i Tihana Petkovi\u0107, ali u njima su sudjelovali i drugi nastavnici: Ivanka Milek, Violeta Novakovi\u0107, Aleksandra Male\u0161evi\u0107 Buka\u010d, Ljubica Buzdum, stru\u010dne suradnice Kornelija \u010castek i Renata Ha\u0161pl, Lana Borjan, ra\u010dunovotkinja Sandra Langer i\u00a0 ravnatelj Ivan Cegledi.<\/p>\n<p>22. o\u017eujka odr\u017eane su 2 zavr\u0161ne radionice u \u0161koli u Frankopanskoj. Sudjelovalo je oko 40 u\u010denika i 5 nastavnika. Izra\u0111eni su aran\u017emani \u2013 gnijezda, koke od sijena i pisanice ukra\u0161ene silikonom. Radionice su organizirale: Jasminka Kuzle, Irena Brki\u0107, Ljiljana Markovi\u0107 i Suzana Lipovac.<\/p>\n<p><a href=\"http:\/\/cvrcak-daruvar.com.hr\/wp-content\/uploads\/2012\/05\/5.c-u-akciji-lijepljenja-plakata.jpg\" class=\"gallery_colorbox\"><img decoding=\"async\" loading=\"lazy\" class=\"aligncenter size-full wp-image-297\" title=\"5.c u akciji lijepljenja plakata\" src=\"http:\/\/cvrcak-daruvar.com.hr\/wp-content\/uploads\/2012\/05\/5.c-u-akciji-lijepljenja-plakata.jpg\"  alt=\"\" width=\"448\" height=\"336\" srcset=\"http:\/\/cvrcak-daruvar.com.hr\/wp-content\/uploads\/2012\/05\/5.c-u-akciji-lijepljenja-plakata.jpg 448w, http:\/\/cvrcak-daruvar.com.hr\/wp-content\/uploads\/2012\/05\/5.c-u-akciji-lijepljenja-plakata-300x224.jpg 300w\" sizes=\"(max-width: 448px) 100vw, 448px\" \/><\/a><\/p>\n<p>Prodaja je odr\u017eana na Trgu kralja Tomislava tri puta i pred crkvom Presvetog Trojstva dva puta. U prodaji su sudjelovali u\u010denici 4-ih razreda sa svojim u\u010diteljima i u\u010denici\u00a0 5. E, 6. D, 6. E, 7. D, i 7. E razreda sa svojim razrednicima, a u prijevozu i prodaji pomogli su i nastavnici \u017deljko \u0160tef\u0161a, Vladan Ivkovi\u0107 te knji\u017eni\u010darka Lana Borjan.<\/p>\n<p>&nbsp;<\/p>\n<p>Ukupno je prikupljeno 5788, 05 kn.<\/p>\n<p>Tim je novcem pru\u017eena pomo\u0107 25 u\u010denika na\u0161e \u0161kole za pla\u0107anje izleta.<\/p>\n<p>&nbsp;<\/p>\n<p>Organizator akcije:<\/p>\n<p>Tihana Petkovi\u0107, vjerou\u010diteljica<\/p>\n<p>&nbsp;<\/p>\n<p align=\"right\">lektorirala: L. B.<\/p>\n","protected":false},"excerpt":{"rendered":"<p>Nau\u010dimo dobrotu 10. jubilarna akcija \u00a0\u00a0\u00a0\u00a0\u00a0\u00a0\u00a0\u00a0\u00a0\u00a0\u00a0 Ove je godine odr\u017eana 10. jubilarna humanitarna akcija Nau\u010dimo dobrotu. U akciji je sudjelovao veliki broj u\u010ditelja i u\u010denika na\u0161e \u0161kole na razli\u010dite na\u010dine: izradom uskrsnih ukrasa, plakata, dono\u0161enjem materijala, sudjelovanjem u prodaji\u2026 Akcija je zapo\u010dela krajem velja\u010de radionicama koje su odr\u017eavale na satovima razrednika, u sklopu razli\u010ditih izvannastavnih [&hellip;]<\/p>\n","protected":false},"author":1,"featured_media":0,"parent":827,"menu_order":0,"comment_status":"closed","ping_status":"closed","template":"","meta":[],"_links":{"self":[{"href":"http:\/\/cvrcak-daruvar.com.hr\/index.php?rest_route=\/wp\/v2\/pages\/292"}],"collection":[{"href":"http:\/\/cvrcak-daruvar.com.hr\/index.php?rest_route=\/wp\/v2\/pages"}],"about":[{"href":"http:\/\/cvrcak-daruvar.com.hr\/index.php?rest_route=\/wp\/v2\/types\/page"}],"author":[{"embeddable":true,"href":"http:\/\/cvrcak-daruvar.com.hr\/index.php?rest_route=\/wp\/v2\/users\/1"}],"replies":[{"embeddable":true,"href":"http:\/\/cvrcak-daruvar.com.hr\/index.php?rest_route=%2Fwp%2Fv2%2Fcomments&post=292"}],"version-history":[{"count":5,"href":"http:\/\/cvrcak-daruvar.com.hr\/index.php?rest_route=\/wp\/v2\/pages\/292\/revisions"}],"predecessor-version":[{"id":299,"href":"http:\/\/cvrcak-daruvar.com.hr\/index.php?rest_route=\/wp\/v2\/pages\/292\/revisions\/299"}],"up":[{"embeddable":true,"href":"http:\/\/cvrcak-daruvar.com.hr\/index.php?rest_route=\/wp\/v2\/pages\/827"}],"wp:attachment":[{"href":"http:\/\/cvrcak-daruvar.com.hr\/index.php?rest_route=%2Fwp%2Fv2%2Fmedia&parent=292"}],"curies":[{"name":"wp","href":"https:\/\/api.w.org\/{rel}","templated":true}]}}