{"id":2906,"date":"2014-06-09T09:55:47","date_gmt":"2014-06-09T07:55:47","guid":{"rendered":"http:\/\/cvrcak-daruvar.com.hr\/?page_id=2906"},"modified":"2014-06-09T09:56:00","modified_gmt":"2014-06-09T07:56:00","slug":"mali-veseli-lutkari","status":"publish","type":"page","link":"http:\/\/cvrcak-daruvar.com.hr\/?page_id=2906","title":{"rendered":"MALI VESELI LUTKARI"},"content":{"rendered":"<p style=\"text-align: left;\">\u00a0<a href=\"http:\/\/cvrcak-daruvar.com.hr\/wp-content\/uploads\/2014\/06\/DSC01022.jpg\" class=\"gallery_colorbox\"><img decoding=\"async\" loading=\"lazy\" class=\"alignleft wp-image-2909 size-medium\" src=\"http:\/\/cvrcak-daruvar.com.hr\/wp-content\/uploads\/2014\/06\/DSC01022-225x300.jpg\"  alt=\"DSC01022\" width=\"225\" height=\"300\" srcset=\"http:\/\/cvrcak-daruvar.com.hr\/wp-content\/uploads\/2014\/06\/DSC01022-225x300.jpg 225w, http:\/\/cvrcak-daruvar.com.hr\/wp-content\/uploads\/2014\/06\/DSC01022.jpg 360w\" sizes=\"(max-width: 225px) 100vw, 225px\" \/><\/a>Posjetili smo lutkarsku skupinu ni\u017eih razreda na\u0161e \u0161kole. Skupina broji \u010dak 20 \u010dlanova. Radoznalo su nas do\u010dekali i lijepo primili. Vidjeli smo kako uvje\u017ebavaju igrokaz, kako izra\u0111uju rekvizite: zgradu, drvo, semafor, auto i cvijet za predstavu koju pripremaju. Oku\u0161ali smo se u izradi rekvizita \u0161to je jako zabavno. Divili smo se radovima dje\u010djih ruku i radovali se veselju ovih uspje\u0161nih prva\u0161i\u0107a. Svidjelo nam se \u0161to se svi\u00a0 lijepo sla\u017eu i rje\u0161avaju probleme bez sva\u0111a. Osje\u0107ali smo se kao u maloj ko\u0161nici jer su prva\u0161i\u0107i radili kako p\u010delice. Zadivili su nas svojom glumom. Dok su marljivo izra\u0111ivali rekvizite, rado su s nama porazgovarali o svome radu.<\/p>\n<p><a href=\"http:\/\/cvrcak-daruvar.com.hr\/wp-content\/uploads\/2014\/06\/DSC01272.jpg\" class=\"gallery_colorbox\"><img decoding=\"async\" loading=\"lazy\" class=\"alignundefined wp-image-2911 size-medium alignright\" src=\"http:\/\/cvrcak-daruvar.com.hr\/wp-content\/uploads\/2014\/06\/DSC01272-300x225.jpg\"  alt=\"DSC01272\" width=\"300\" height=\"225\" srcset=\"http:\/\/cvrcak-daruvar.com.hr\/wp-content\/uploads\/2014\/06\/DSC01272-300x225.jpg 300w, http:\/\/cvrcak-daruvar.com.hr\/wp-content\/uploads\/2014\/06\/DSC01272.jpg 640w\" sizes=\"(max-width: 300px) 100vw, 300px\" \/><\/a><\/p>\n<p><strong>Koliko ste puta nastupili?<\/strong><\/p>\n<p>Nastupili smo 4 puta.<\/p>\n<p><strong>U kojim ste igrokazima glumili?<\/strong><\/p>\n<p>Glumili smo u puno igrokaza: Bo\u017ei\u0107na pri\u010da, Gusjenica Zelenica, Jesenko, Koka i pili\u0107i, Radionica Djeda Mraza.<\/p>\n<p><strong>Koja vam je najdra\u017ea?<\/strong><\/p>\n<p><em>Leo, Martina i Lea<\/em>: Radionica Djeda Mraza.<\/p>\n<p><em>Dalma, Zara i Martina<\/em>: Gusjenica Zelenica.<\/p>\n<p style=\"text-align: left;\"><strong><a href=\"http:\/\/cvrcak-daruvar.com.hr\/wp-content\/uploads\/2014\/06\/Slika0665.jpg\" class=\"gallery_colorbox\"><img decoding=\"async\" loading=\"lazy\" class=\"alignundefined wp-image-2907 size-medium\" src=\"http:\/\/cvrcak-daruvar.com.hr\/wp-content\/uploads\/2014\/06\/Slika0665-225x300.jpg\"  alt=\"Slika0665\" width=\"225\" height=\"300\" srcset=\"http:\/\/cvrcak-daruvar.com.hr\/wp-content\/uploads\/2014\/06\/Slika0665-225x300.jpg 225w, http:\/\/cvrcak-daruvar.com.hr\/wp-content\/uploads\/2014\/06\/Slika0665.jpg 360w\" sizes=\"(max-width: 225px) 100vw, 225px\" \/><\/a>Za\u0161to ste krenuli na lutkarsku skupinu?<\/strong><\/p>\n<p><em>Martina<\/em>: Zabavno je.<\/p>\n<p style=\"text-align: left;\"><em>Leona<\/em>: Ima puno prijatelja.<\/p>\n<p><em>Lukas<\/em>: Svidjelo mi se.<\/p>\n<p><em>Lea<\/em>: Volim glumiti.<\/p>\n<p><em>Ivo<\/em>: Volim u\u010diteljicu.<\/p>\n<p><strong><a href=\"http:\/\/cvrcak-daruvar.com.hr\/wp-content\/uploads\/2014\/06\/DSC01295.jpg\" class=\"gallery_colorbox\"><img decoding=\"async\" loading=\"lazy\" class=\"size-medium wp-image-2912 alignright\" src=\"http:\/\/cvrcak-daruvar.com.hr\/wp-content\/uploads\/2014\/06\/DSC01295-300x225.jpg\"  alt=\"DSC01295\" width=\"300\" height=\"225\" srcset=\"http:\/\/cvrcak-daruvar.com.hr\/wp-content\/uploads\/2014\/06\/DSC01295-300x225.jpg 300w, http:\/\/cvrcak-daruvar.com.hr\/wp-content\/uploads\/2014\/06\/DSC01295.jpg 640w\" sizes=\"(max-width: 300px) 100vw, 300px\" \/><\/a>Koju predstavu sada uvje\u017ebavate?<\/strong><\/p>\n<p>Igrajmo se grada.<\/p>\n<p><strong>Je li te\u0161ko nau\u010diti tekst?<\/strong><\/p>\n<p>Ako nije duga\u010dak, nije.<\/p>\n<p><strong>Svi\u0111a li vam se lutkarska skupina?<\/strong><\/p>\n<p>Da!!!<\/p>\n<p><strong>Za\u0161to?<\/strong><\/p>\n<p><em>Lana<\/em>: Jer bojimo, crtamo, nastupamo\u2026<\/p>\n<p><em>Lea, Zara, Martina, Leona<\/em>: Jer izra\u0111ujemo rekvizite.<\/p>\n<p><a href=\"http:\/\/cvrcak-daruvar.com.hr\/wp-content\/uploads\/2014\/06\/DSC01023.jpg\" class=\"gallery_colorbox\"><img decoding=\"async\" loading=\"lazy\" class=\"size-medium wp-image-2910 alignleft\" src=\"http:\/\/cvrcak-daruvar.com.hr\/wp-content\/uploads\/2014\/06\/DSC01023-300x225.jpg\"  alt=\"DSC01023\" width=\"300\" height=\"225\" srcset=\"http:\/\/cvrcak-daruvar.com.hr\/wp-content\/uploads\/2014\/06\/DSC01023-300x225.jpg 300w, http:\/\/cvrcak-daruvar.com.hr\/wp-content\/uploads\/2014\/06\/DSC01023.jpg 640w\" sizes=\"(max-width: 300px) 100vw, 300px\" \/><\/a>Mali lutkari vole glumiti i lako nau\u010de tekst. Mislimo da \u0107e biti uspje\u0161ni u ovoj \u0161kolskoj godini. Lijepo smo se dru\u017eili i pomagali si me\u0111usobno. U\u017eivali smo i po\u017eeljeli vratiti se u prvi razred.<\/p>\n<p>&nbsp;<\/p>\n<p>&nbsp;<\/p>\n<p>&nbsp;<\/p>\n<p>&nbsp;<\/p>\n<p>&nbsp;<\/p>\n<p>&nbsp;<\/p>\n<p style=\"text-align: center;\"><a href=\"http:\/\/cvrcak-daruvar.com.hr\/wp-content\/uploads\/2014\/06\/129.jpg\" class=\"gallery_colorbox\"><img decoding=\"async\" loading=\"lazy\" class=\"aligncenter size-medium wp-image-2908\" src=\"http:\/\/cvrcak-daruvar.com.hr\/wp-content\/uploads\/2014\/06\/129-300x225.jpg\"  alt=\"129\" width=\"300\" height=\"225\" srcset=\"http:\/\/cvrcak-daruvar.com.hr\/wp-content\/uploads\/2014\/06\/129-300x225.jpg 300w, http:\/\/cvrcak-daruvar.com.hr\/wp-content\/uploads\/2014\/06\/129.jpg 640w\" sizes=\"(max-width: 300px) 100vw, 300px\" \/><\/a><\/p>\n<p style=\"text-align: right;\"><em>Ema Le\u0161kovi\u0107, Ela Hradec, Irma Boro\u0161, Tea Ivankovi\u0107, 5.a<\/em><\/p>\n","protected":false},"excerpt":{"rendered":"<p>\u00a0Posjetili smo lutkarsku skupinu ni\u017eih razreda na\u0161e \u0161kole. Skupina broji \u010dak 20 \u010dlanova. Radoznalo su nas do\u010dekali i lijepo primili. Vidjeli smo kako uvje\u017ebavaju igrokaz, kako izra\u0111uju rekvizite: zgradu, drvo, semafor, auto i cvijet za predstavu koju pripremaju. Oku\u0161ali smo se u izradi rekvizita \u0161to je jako zabavno. Divili smo se radovima dje\u010djih ruku i [&hellip;]<\/p>\n","protected":false},"author":2,"featured_media":0,"parent":0,"menu_order":0,"comment_status":"closed","ping_status":"closed","template":"","meta":[],"_links":{"self":[{"href":"http:\/\/cvrcak-daruvar.com.hr\/index.php?rest_route=\/wp\/v2\/pages\/2906"}],"collection":[{"href":"http:\/\/cvrcak-daruvar.com.hr\/index.php?rest_route=\/wp\/v2\/pages"}],"about":[{"href":"http:\/\/cvrcak-daruvar.com.hr\/index.php?rest_route=\/wp\/v2\/types\/page"}],"author":[{"embeddable":true,"href":"http:\/\/cvrcak-daruvar.com.hr\/index.php?rest_route=\/wp\/v2\/users\/2"}],"replies":[{"embeddable":true,"href":"http:\/\/cvrcak-daruvar.com.hr\/index.php?rest_route=%2Fwp%2Fv2%2Fcomments&post=2906"}],"version-history":[{"count":2,"href":"http:\/\/cvrcak-daruvar.com.hr\/index.php?rest_route=\/wp\/v2\/pages\/2906\/revisions"}],"predecessor-version":[{"id":2914,"href":"http:\/\/cvrcak-daruvar.com.hr\/index.php?rest_route=\/wp\/v2\/pages\/2906\/revisions\/2914"}],"wp:attachment":[{"href":"http:\/\/cvrcak-daruvar.com.hr\/index.php?rest_route=%2Fwp%2Fv2%2Fmedia&parent=2906"}],"curies":[{"name":"wp","href":"https:\/\/api.w.org\/{rel}","templated":true}]}}