{"id":2900,"date":"2014-06-09T09:38:48","date_gmt":"2014-06-09T07:38:48","guid":{"rendered":"http:\/\/cvrcak-daruvar.com.hr\/?page_id=2900"},"modified":"2014-06-09T09:38:48","modified_gmt":"2014-06-09T07:38:48","slug":"mali-intervju-s-nastavnicom-veronikom-spiranac","status":"publish","type":"page","link":"http:\/\/cvrcak-daruvar.com.hr\/?page_id=2900","title":{"rendered":"Mali intervju s nastavnicom Veronikom \u0160piranac"},"content":{"rendered":"<p>Nastavnica glazbene kulture Veronika \u0160piranac rado nam se predstavila kroz odgovore na pitanja koja smo joj postavili.<\/p>\n<p><a href=\"http:\/\/cvrcak-daruvar.com.hr\/wp-content\/uploads\/2014\/06\/Veronika.jpg\" class=\"gallery_colorbox\"><img decoding=\"async\" loading=\"lazy\" class=\"aligncenter size-medium wp-image-2901\" src=\"http:\/\/cvrcak-daruvar.com.hr\/wp-content\/uploads\/2014\/06\/Veronika-300x200.jpg\"  alt=\"Veronika\" width=\"300\" height=\"200\" srcset=\"http:\/\/cvrcak-daruvar.com.hr\/wp-content\/uploads\/2014\/06\/Veronika-300x200.jpg 300w, http:\/\/cvrcak-daruvar.com.hr\/wp-content\/uploads\/2014\/06\/Veronika.jpg 1024w\" sizes=\"(max-width: 300px) 100vw, 300px\" \/><\/a><\/p>\n<p><strong>\u201eVESELI ME KAD U\u010cENICI PJEVAJU IZ SRCA\u201c<\/strong><\/p>\n<ol>\n<li>Za\u0161to ste postali profesorica glazbene kulture?<\/li>\n<\/ol>\n<p>Postala sam profesorica, zato \u0161to volim glazbu i djecu.<\/p>\n<ol start=\"2\">\n<li>Gdje ste se \u0161kolovali?<\/li>\n<\/ol>\n<p>\u0160kolovala sam se u Puli, Njema\u010dkoj i Austriji.<\/p>\n<ol start=\"3\">\n<li>Jeste li kao mali voljeli glazbenu kulturu?<\/li>\n<\/ol>\n<p>Najvi\u0161e na svijetu!<\/p>\n<ol start=\"4\">\n<li>Jeste li ikada htjeli predavati neki drugi predmet u \u0161koli?<\/li>\n<li><\/li>\n<li>Koja Vam je najdra\u017ea pjesma?<\/li>\n<\/ol>\n<p>Ne znam, ima ih puno.<\/p>\n<ol start=\"6\">\n<li>Kakvu glazbu rado slu\u0161ate?<\/li>\n<\/ol>\n<p>Volim sve \u0161to vole slu\u0161ati mladi.<\/p>\n<ol start=\"7\">\n<li>\u0160to Vas najvi\u0161e veseli kod Va\u0161ih u\u010denika?<\/li>\n<\/ol>\n<p>Veseli me kad vidim da pjevaju iz srca.<\/p>\n<ol start=\"8\">\n<li>\u010cime se bavite u slobodno vrijeme?<\/li>\n<\/ol>\n<p>Jako volim botaniku.<\/p>\n<ol start=\"9\">\n<li>Imate li ku\u0107nog ljubimca?<\/li>\n<li>Nemam<\/li>\n<li>\u00a0Koja Vam je najdra\u017ea boja?<\/li>\n<li>Crvena<\/li>\n<li>\u00a0Koja je najve\u0107a glupost koju ste napravili?<\/li>\n<\/ol>\n<p>O\u0161i\u0161ala sam se.<\/p>\n<p>&nbsp;<\/p>\n<p>Ela Hradec, Ema Le\u0161kovi\u0107, Martina Moulis<\/p>\n<p>5.a<\/p>\n","protected":false},"excerpt":{"rendered":"<p>Nastavnica glazbene kulture Veronika \u0160piranac rado nam se predstavila kroz odgovore na pitanja koja smo joj postavili. \u201eVESELI ME KAD U\u010cENICI PJEVAJU IZ SRCA\u201c Za\u0161to ste postali profesorica glazbene kulture? Postala sam profesorica, zato \u0161to volim glazbu i djecu. Gdje ste se \u0161kolovali? \u0160kolovala sam se u Puli, Njema\u010dkoj i Austriji. Jeste li kao mali [&hellip;]<\/p>\n","protected":false},"author":2,"featured_media":0,"parent":0,"menu_order":0,"comment_status":"closed","ping_status":"closed","template":"","meta":[],"_links":{"self":[{"href":"http:\/\/cvrcak-daruvar.com.hr\/index.php?rest_route=\/wp\/v2\/pages\/2900"}],"collection":[{"href":"http:\/\/cvrcak-daruvar.com.hr\/index.php?rest_route=\/wp\/v2\/pages"}],"about":[{"href":"http:\/\/cvrcak-daruvar.com.hr\/index.php?rest_route=\/wp\/v2\/types\/page"}],"author":[{"embeddable":true,"href":"http:\/\/cvrcak-daruvar.com.hr\/index.php?rest_route=\/wp\/v2\/users\/2"}],"replies":[{"embeddable":true,"href":"http:\/\/cvrcak-daruvar.com.hr\/index.php?rest_route=%2Fwp%2Fv2%2Fcomments&post=2900"}],"version-history":[{"count":2,"href":"http:\/\/cvrcak-daruvar.com.hr\/index.php?rest_route=\/wp\/v2\/pages\/2900\/revisions"}],"predecessor-version":[{"id":2903,"href":"http:\/\/cvrcak-daruvar.com.hr\/index.php?rest_route=\/wp\/v2\/pages\/2900\/revisions\/2903"}],"wp:attachment":[{"href":"http:\/\/cvrcak-daruvar.com.hr\/index.php?rest_route=%2Fwp%2Fv2%2Fmedia&parent=2900"}],"curies":[{"name":"wp","href":"https:\/\/api.w.org\/{rel}","templated":true}]}}