{"id":2895,"date":"2014-06-09T09:32:38","date_gmt":"2014-06-09T07:32:38","guid":{"rendered":"http:\/\/cvrcak-daruvar.com.hr\/?page_id=2895"},"modified":"2014-06-09T09:32:38","modified_gmt":"2014-06-09T07:32:38","slug":"ucitelji-savjetnici","status":"publish","type":"page","link":"http:\/\/cvrcak-daruvar.com.hr\/?page_id=2895","title":{"rendered":"U\u010ditelji savjetnici"},"content":{"rendered":"<h1>Tihana Petkovi\u0107 i Denis Singer,<\/h1>\n<h1>u\u010ditelji savjetnici<\/h1>\n<p>&nbsp;<\/p>\n<p>Dvoje u\u010ditelja na\u0161e \u0161kole ove je godine napredovalo u zvanje u\u010ditelja savjetnika. To su Denis Singer i Tihana Petkovi\u0107. Rado su nam odgovorili na na\u0161a pitanja o napredovanju.<\/p>\n<p><strong>INTERVJU S NASTAVNICOM TIHANOM PETKOVI\u0106<\/strong><\/p>\n<p><strong>\u201e\u010covjek se stalno mijenja i sazrijeva jer prolaze\u0107i kroz razli\u010dite situacije iz dana u dan stje\u010demo nova iskustva i iz njih izvla\u010dimo pouke.\u201c<\/strong><\/p>\n<p>&nbsp;<\/p>\n<p><strong>1. Predstavite se u nekoliko re\u010denica.<\/strong><\/p>\n<p>Zovem se Tihana Petkovi\u0107.\u00a0 Imam 37 godina. Nakon zavr\u0161ene Gimnazije u Daruvaru upisala sam se na Katoli\u010dki bogoslovni fakultet u Zagrebu.\u00a0 Po\u010dela sam raditi 2000. godine kao vjerou\u010diteljica.<\/p>\n<p><strong>2. Kako ste postali u\u010diteljica savjetnica?<\/strong><\/p>\n<p>Da bi netko postao u\u010ditelj savjetnik treba se redovito usavr\u0161avati u novim znanjima, sudjelovati u aktivnostima \u0161kole, truditi se \u0161to bolje i kvalitetnije izvoditi nastavu, osmi\u0161ljavati nove materijale za nastavu itd&#8230;Prvi korak napredovanja je stupanj mentora, a najmanje 5 godina nakon toga mo\u017ee se napredovati i u zvanje u\u010ditelj savjetnik.<\/p>\n<p><strong>3. Kako ste se osje\u0107ali? <\/strong><\/p>\n<p>Lijep je osje\u0107aj kada te netko pohvali za trud i rad i kada napreduje\u0161 u zvanju. To je priznanje da dobro radi\u0161 i poticaj da se nastavi\u0161 truditi. Ujedno je i odgovornost.<\/p>\n<p><strong>4. \u0160to zna\u010di biti u\u010ditelj savjetnik? Koja je njegova uloga?<\/strong><\/p>\n<p>To zna\u010di nastaviti usavr\u0161avati se u znanju i vje\u0161tinama, \u010ditanjem literature, stru\u010dnim usavr\u0161avanjem. Sudjelovati u usavr\u0161avanju drugih vjerou\u010ditelja pripremom predavanja, radionica i stru\u010dnih skupova.<\/p>\n<p>Biti mentor novim vjerou\u010diteljima kako bi polo\u017eili stru\u010dni ispit. Pisati i objavljivati vlastite primjere iz nastave ili \u010dlanke u stru\u010dnim \u010dasopisima.<\/p>\n<p><strong>5. Koliko se va\u0161 rad promijenio u odnosu na ranije vrijeme?<\/strong><\/p>\n<p>\u010covjek se stalno mijenja i sazrijeva jer prolaze\u0107i kroz razli\u010dite situacije iz dana u dan stje\u010demo nova iskustva i iz njih izvla\u010dimo pouke. Jednako je tako i u poslu koji obavljamo.\u00a0 Ranije sam imala puno vi\u0161e energije i \u017eeljela da u\u010denici sudjeluju u \u0161to vi\u0161e aktivnosti. Sada mi je lak\u0161e procijeniti \u0161to je zaista bitno, a \u0161to nebitno i nastojim da u\u010denici kroz nastavu vjeronauka nau\u010de sami razmi\u0161ljati otkrivati \u0161to je\u00a0 u \u017eivotu bitno, \u0161to nas izgra\u0111uje\u00a0 kao osobe i \u010dini sretnima, a \u0161to tome ne vodi.<\/p>\n<p><strong>6. \u0160to volite u svom poslu, a \u0161to bi ste promijenili?<\/strong><\/p>\n<p>U svom poslu najvi\u0161e volim kada se na satu stvori dobra atmosfera, kada razgovaramo i u\u010denici iznose svoja iskrena razmi\u0161ljanja, stavove, kada vidim u njima dobrotu, plemenitost i\u00a0 humanost. \u0160to bih promijenila, te\u0161ko je re\u0107i u malo rije\u010di. O\u010digledno je da se na\u0161e dru\u0161tvo jako mijenja, mijenjaju se vrijednosti,\u00a0 sve se vi\u0161e gleda kroz materijalno,okru\u017eeni smo tehnologijom i medijima koji plasiraju neke svoje vrijednosti. Sve to jako utje\u010de na mlade generacije. Postaju sve pasivniji, a bojim se da \u0107e, kada krenu u \u017eivot vidjeti da \u0107e se od njih jako puno tra\u017eiti i o\u010dekivati.\u00a0 Mladi imaju puno sposobnosti, ali ih sve manje razvijaju.<\/p>\n<p><strong>7. \u010cime se bavite osim neposrednim radom u \u0161koli?<\/strong><\/p>\n<p>Ima dosta aktivnosti. Neke su od njih povezane sa \u0161kolom, a to su vo\u0111enje Stru\u010dnog vije\u0107a vjerou\u010ditelja i povremeno objavljivanje radnih listova u \u010dasopisu za vjerou\u010ditelje \u201eLa\u0111a\u201c. Sudjelujem u raznim aktivnostima u \u017eupi, kao \u0161to su dje\u010dji Caritas, pripremanje za misna slavlja itd. Osim toga jedna sam od osniva\u010dica Udruge \u017ddralice i sudjelujem u njihovom radu.<\/p>\n<p>&nbsp;<\/p>\n<p>&nbsp;<\/p>\n<p><strong>INTERVJU S NASTAVNIKOM DENISOM SINGEROM<\/strong><\/p>\n<p><strong>\u201eLijepo je kad je upornost u radu nagra\u0111ena\u201c<\/strong><\/p>\n<p><strong>\u00a0<\/strong><\/p>\n<ol>\n<li><strong>Predstavite nam se u nekoliko re\u010denica<\/strong>?<\/li>\n<\/ol>\n<p>Ja sam Denis Singer. Radim u Osnovnoj \u0161koli Vladimira Nazora kao nastavnik geografije 16 godina.<\/p>\n<ol start=\"2\">\n<li><strong>\u00a0Kako se postali u\u010ditelj savjetnik?<\/strong><\/li>\n<\/ol>\n<p>Treba se stalno usavr\u0161avati, pratiti stru\u010dnu literaturu, kvalitetno raditi s u\u010denicima, povremeno dr\u017eati predavanja\u2026<\/p>\n<ol start=\"3\">\n<li><strong>\u00a0Kako ste se osje\u0107ali kada ste postali u\u010ditelj savjetnik?<\/strong><\/li>\n<\/ol>\n<p>Lijepo je to iskustvo jer je time nagra\u0111ena upornost u radu i dobra komunikacija\u00a0 s u\u010denicima i u\u010diteljima.<\/p>\n<ol start=\"4\">\n<li><strong>\u00a0\u0160to zna\u010di biti u\u010ditelj savjetnik. Koja je njegova uloga?<\/strong><\/li>\n<\/ol>\n<p>To zna\u010di da treba i dalje kvalitetno raditi, a po potrebi i uklju\u010diti se u aktivnost koju organizira Agencija za odgoj i obrazovanje. Zna\u010di, treba pomo\u0107i mla\u0111im kolegama koji po\u010dinju s radom u \u0161koli.<\/p>\n<ol start=\"5\">\n<li><strong>\u00a0Koliko se va\u0161 rad promijenio u odnosu na ranije vrijeme<\/strong>?<\/li>\n<\/ol>\n<p>Nema prevelike promjene. I dalje treba svaki dan poku\u0161avati \u0161to vi\u0161e educirati u\u010denike, a i dio svog slobodnog vremena mora se izdvojiti izvan nastavnog rada.<\/p>\n<p>&nbsp;<\/p>\n<ol start=\"6\">\n<li><strong>\u00a0\u0160to volite u svom poslu, a \u0161to bi ste promijenili?<\/strong><\/li>\n<\/ol>\n<p>Volim kada u\u010denici budu pristojni i posti\u017eu uspjehe u \u0161koli ili izvan \u0161kole. Volim kada mi se u\u010denici nasmije\u0161e u gradu. Volio bih da lo\u0161e stvari iz dru\u0161tva ne dolaze u \u0161kolu.<\/p>\n<ol start=\"7\">\n<li><strong>\u010cime se jo\u0161 bavite osim neposrednim radom u \u0161koli?<\/strong><\/li>\n<\/ol>\n<p>Poku\u0161avam da se u\u010denici uklju\u010de u rad Astronomskog dru\u0161tva Kumova slama iz Daruvara. Prou\u010davam zavi\u010daj i nastojim u\u010denike potaknuti da ga isto prou\u010de, povremeno i pi\u0161em ne\u0161to o zavi\u010daju.<\/p>\n<ol start=\"8\">\n<li><strong>Uo\u010dili smo va\u0161e ime na radnoj bilje\u017enici petog razreda. Kako ste sudjelovali u njenoj izvedbi?<\/strong><\/li>\n<\/ol>\n<p>Dobio sam ponudu jedne nakladni\u010dke ku\u0107e i s drugim kolegama sudjelovao sam u njezinoj izvedbi. To iziskuje puno vremena i truda, ali je u svakom slu\u010daju zanimljivo iskustvo.<\/p>\n<p>&nbsp;<\/p>\n<ol start=\"9\">\n<li><strong>Imate li i dalje u planu pisati knjige i radne bilje\u017enice za \u0161kolu<\/strong>?<\/li>\n<\/ol>\n<p>Ako dobijem priliku, da. Iako bih vi\u0161e volio pisati o zavi\u010daju, fotografirati zavi\u010daj i prou\u010davati stare fotografije s naglaskom na Daruvar i Velike Zdence.<\/p>\n","protected":false},"excerpt":{"rendered":"<p>Tihana Petkovi\u0107 i Denis Singer, u\u010ditelji savjetnici &nbsp; Dvoje u\u010ditelja na\u0161e \u0161kole ove je godine napredovalo u zvanje u\u010ditelja savjetnika. To su Denis Singer i Tihana Petkovi\u0107. Rado su nam odgovorili na na\u0161a pitanja o napredovanju. INTERVJU S NASTAVNICOM TIHANOM PETKOVI\u0106 \u201e\u010covjek se stalno mijenja i sazrijeva jer prolaze\u0107i kroz razli\u010dite situacije iz dana u [&hellip;]<\/p>\n","protected":false},"author":2,"featured_media":0,"parent":0,"menu_order":0,"comment_status":"closed","ping_status":"closed","template":"","meta":[],"_links":{"self":[{"href":"http:\/\/cvrcak-daruvar.com.hr\/index.php?rest_route=\/wp\/v2\/pages\/2895"}],"collection":[{"href":"http:\/\/cvrcak-daruvar.com.hr\/index.php?rest_route=\/wp\/v2\/pages"}],"about":[{"href":"http:\/\/cvrcak-daruvar.com.hr\/index.php?rest_route=\/wp\/v2\/types\/page"}],"author":[{"embeddable":true,"href":"http:\/\/cvrcak-daruvar.com.hr\/index.php?rest_route=\/wp\/v2\/users\/2"}],"replies":[{"embeddable":true,"href":"http:\/\/cvrcak-daruvar.com.hr\/index.php?rest_route=%2Fwp%2Fv2%2Fcomments&post=2895"}],"version-history":[{"count":2,"href":"http:\/\/cvrcak-daruvar.com.hr\/index.php?rest_route=\/wp\/v2\/pages\/2895\/revisions"}],"predecessor-version":[{"id":2897,"href":"http:\/\/cvrcak-daruvar.com.hr\/index.php?rest_route=\/wp\/v2\/pages\/2895\/revisions\/2897"}],"wp:attachment":[{"href":"http:\/\/cvrcak-daruvar.com.hr\/index.php?rest_route=%2Fwp%2Fv2%2Fmedia&parent=2895"}],"curies":[{"name":"wp","href":"https:\/\/api.w.org\/{rel}","templated":true}]}}