{"id":2893,"date":"2014-06-09T09:31:32","date_gmt":"2014-06-09T07:31:32","guid":{"rendered":"http:\/\/cvrcak-daruvar.com.hr\/?page_id=2893"},"modified":"2014-06-09T09:31:58","modified_gmt":"2014-06-09T07:31:58","slug":"silvijo-intervju","status":"publish","type":"page","link":"http:\/\/cvrcak-daruvar.com.hr\/?page_id=2893","title":{"rendered":"Silvijo intervju"},"content":{"rendered":"<p><strong>Silvijo Matijevi\u0107<\/strong><\/p>\n<p><strong>\u00a0<\/strong><\/p>\n<p>Jo\u0161 je jedan u\u010denik na\u0161e \u0161kole ostvario izvanredan uspjeh u u\u010denju i znanju i time pokazao da je u\u010denje jo\u0161 uvijek \u201ein\u201c te da se isplati ulo\u017eiti trud kako bi se ostvario cilj. Silvijo Matijevi\u0107 \u010dak je tre\u0107i u Hrvatskoj u poznavanju njema\u010dkoga jezika.<\/p>\n<p><strong>\u00a0<\/strong><\/p>\n<p><strong>\u00a0<\/strong><\/p>\n<ol>\n<li><strong>Predstavi nam se u par re\u010denica.<\/strong><\/li>\n<\/ol>\n<p>Ja sam Silvijo Matijevi\u0107, imam 14 godina i poha\u0111am osmi razred osnovne \u0161kole Vladimira Nazora Daruvar.<\/p>\n<p>&nbsp;<\/p>\n<ol start=\"2\">\n<li><strong>\u010cestitamo ti na fenomenalnom uspjehu na dr\u017eavnom natjecanju! Opi\u0161i nam kako je to sve izgledalo.<\/strong><\/li>\n<\/ol>\n<p>Hvala. Natjecanje je bilo organizirano u osnovnoj \u0161koli Zadarski otoci u Zadru. Na natjecanje me je vodio nastavnik Goran Pihir, a za vrijeme samoga natjecanja vladala je ugodna atmosfera, tako da se nije bilo te\u0161ko koncentrirati na pismeni i usmeni dio natjecanja.<\/p>\n<p>&nbsp;<\/p>\n<ol start=\"3\">\n<li><strong>Kakav je osje\u0107aj biti 3. u Hrvatskoj u poznavanju njema\u010dkoga jezika?<\/strong><\/li>\n<\/ol>\n<p>Osje\u0107aj biti tre\u0107i u hrvatskoj u znanju njema\u010dkoga jezika je vrlo lijep.<\/p>\n<p>&nbsp;<\/p>\n<ol start=\"4\">\n<li><strong>Otkud ljubav prema njema\u010dkom jeziku? U\u010di\u0161 li taj jezik ve\u0107 jako dugo?<\/strong><\/li>\n<\/ol>\n<p>Ljubav prema njema\u010dkome jeziku se pojavila vi\u0161egodi\u0161njim boravkom u Njema\u010dkoj, a kao drugi strani jezik ga u\u010dim ve\u0107 pet godina.<\/p>\n<p>&nbsp;<\/p>\n<ol start=\"5\">\n<li><strong>Jesi li se dugo pripremao za natjecanje? Kako su tekle pripreme?<\/strong><\/li>\n<\/ol>\n<p>Za natjecanje se nisam ne\u0161to prete\u017eno pripremao, ve\u0107 sam si na putu do Zadra ponovio osnovnu gramatiku njema\u010dkoga jezika.<\/p>\n<p>&nbsp;<\/p>\n<ol start=\"6\">\n<li><strong>Jesi li bio na jo\u0161 nekim natjecanjima ili si se fokusirao samo na njema\u010dki jezik?<\/strong><\/li>\n<\/ol>\n<p>Uz natjecanje iz njema\u010dkoga jezika u osmom sam razredu bio na natjecanjima \u0161kolske razine iz informatike i tehni\u010dke kulture.<\/p>\n<p>&nbsp;<\/p>\n<ol start=\"7\">\n<li><strong>Kamo panira\u0161 i\u0107i nakon osnovne \u0161kole?<\/strong><\/li>\n<\/ol>\n<p>Nakon osnovne \u0161kole planiram i\u0107i u tehni\u010dku \u0161kolu, u smjer elektrotehni\u010dara.<\/p>\n<p><strong>\u00a0<\/strong><\/p>\n<ol start=\"8\">\n<li><strong>Po \u010demu \u0107e\u0161 pamtiti osnovnu \u0161kolu?<\/strong><\/li>\n<\/ol>\n<p>Osnovnu \u0161kolu \u0107u pamtiti po mome razredu, razredniku, ostalim nastavnicama i nastavnicima i naravno po uspjehu iz njema\u010dkoga jezika.<\/p>\n<p><strong>\u00a0<\/strong><\/p>\n<p><strong>Pokazao si kako se trud i rad vi\u0161estruko isplate. \u017delimo ti jo\u0161 puno dobrog rada i jo\u0161 ovakvih sjajnih uspjeha!<\/strong><\/p>\n<p><strong>\u00a0<\/strong><\/p>\n<p>&nbsp;<\/p>\n<p>Marina Singer<\/p>\n<p>&nbsp;<\/p>\n","protected":false},"excerpt":{"rendered":"<p>Silvijo Matijevi\u0107 \u00a0 Jo\u0161 je jedan u\u010denik na\u0161e \u0161kole ostvario izvanredan uspjeh u u\u010denju i znanju i time pokazao da je u\u010denje jo\u0161 uvijek \u201ein\u201c te da se isplati ulo\u017eiti trud kako bi se ostvario cilj. Silvijo Matijevi\u0107 \u010dak je tre\u0107i u Hrvatskoj u poznavanju njema\u010dkoga jezika. \u00a0 \u00a0 Predstavi nam se u par re\u010denica. [&hellip;]<\/p>\n","protected":false},"author":2,"featured_media":0,"parent":0,"menu_order":0,"comment_status":"closed","ping_status":"closed","template":"","meta":[],"_links":{"self":[{"href":"http:\/\/cvrcak-daruvar.com.hr\/index.php?rest_route=\/wp\/v2\/pages\/2893"}],"collection":[{"href":"http:\/\/cvrcak-daruvar.com.hr\/index.php?rest_route=\/wp\/v2\/pages"}],"about":[{"href":"http:\/\/cvrcak-daruvar.com.hr\/index.php?rest_route=\/wp\/v2\/types\/page"}],"author":[{"embeddable":true,"href":"http:\/\/cvrcak-daruvar.com.hr\/index.php?rest_route=\/wp\/v2\/users\/2"}],"replies":[{"embeddable":true,"href":"http:\/\/cvrcak-daruvar.com.hr\/index.php?rest_route=%2Fwp%2Fv2%2Fcomments&post=2893"}],"version-history":[{"count":1,"href":"http:\/\/cvrcak-daruvar.com.hr\/index.php?rest_route=\/wp\/v2\/pages\/2893\/revisions"}],"predecessor-version":[{"id":2894,"href":"http:\/\/cvrcak-daruvar.com.hr\/index.php?rest_route=\/wp\/v2\/pages\/2893\/revisions\/2894"}],"wp:attachment":[{"href":"http:\/\/cvrcak-daruvar.com.hr\/index.php?rest_route=%2Fwp%2Fv2%2Fmedia&parent=2893"}],"curies":[{"name":"wp","href":"https:\/\/api.w.org\/{rel}","templated":true}]}}