{"id":2876,"date":"2014-06-09T08:39:46","date_gmt":"2014-06-09T06:39:46","guid":{"rendered":"http:\/\/cvrcak-daruvar.com.hr\/?page_id=2876"},"modified":"2015-04-27T13:54:39","modified_gmt":"2015-04-27T11:54:39","slug":"humanitarno","status":"publish","type":"page","link":"http:\/\/cvrcak-daruvar.com.hr\/?page_id=2876","title":{"rendered":"Humanitarno 2013.\/2014."},"content":{"rendered":"<p>&nbsp;<\/p>\n<h1><strong><span style=\"color: #ff6600;\">ZA<span style=\"color: #0000ff;\">JEDNO<\/span><\/span><\/strong><\/h1>\n<p><span style=\"color: #000000;\"><a href=\"http:\/\/cvrcak-daruvar.com.hr\/wp-content\/uploads\/2014\/06\/Elena.jpg\" class=\"gallery_colorbox\"><img decoding=\"async\" loading=\"lazy\" class=\"alignleft size-medium wp-image-2877\" src=\"http:\/\/cvrcak-daruvar.com.hr\/wp-content\/uploads\/2014\/06\/Elena-300x286.jpg\"  alt=\"Elena\" width=\"300\" height=\"286\" srcset=\"http:\/\/cvrcak-daruvar.com.hr\/wp-content\/uploads\/2014\/06\/Elena-300x286.jpg 300w, http:\/\/cvrcak-daruvar.com.hr\/wp-content\/uploads\/2014\/06\/Elena.jpg 715w\" sizes=\"(max-width: 300px) 100vw, 300px\" \/><\/a><\/span><\/p>\n<p>HUMANITARNA AKCIJA U\u010cENIKA OSNOVNE \u0160KOLE VLADIMIRA NAZORA DARUVAR<\/p>\n<p style=\"text-align: center;\">\u201e<span style=\"color: #ff6600;\">ZA<\/span><span style=\"color: #000080;\"><strong>JEDNO<\/strong><\/span>\u201c<\/p>\n<p>Svjedoci\u00a0 smo nezapam\u0107enih poplava u regiji.\u00a0 Jo\u0161 od biblijskih vremena zna se da nakon potopa, poplave, ne ostaje ni\u0161ta.<\/p>\n<p>Cijela Hrvatska digla se na noge i prikupljene su tone humanitarne pomo\u0107i.<\/p>\n<p>\u201e \u0160to im zapravo treba?\u201c pitala sam roditelje.<\/p>\n<p>\u201eTreba im da se probude u svome, a ne u nekim sportskim dvoranama i prihvatili\u0161tima\u201c, rekli su.<\/p>\n<p>A \u0161to kad se vrate u svoje, \u0161to \u0107e ih do\u010dekati?\u00a0 Blato u sobama. Napola ili potpuno raspadnut namje\u0161taj. Odje\u0107a koja je danima stajala u smrdljivoj vodi i raspada se. Kompjuteri kojima su stradale instalacije, nema interneta,\u00a0 nema vi\u0161e Facebooka, osim ako nisu u bijegu od vode zgrabili i laptop. A uglavnom nemaju laptope.\u00a0 Znam, jer sam bila tamo i vidjela. Jedva su se od rata oporavili.<\/p>\n<p>Godinama sam posje\u0107ivala Stro\u0161ince, prolazila kroz Soljane, bila u Gunji, poznajem i Bosansku posavinu.\u00a0 Ti ljudi nisu bili netko na televiziji, nego netko koga poznajem.\u00a0 Razgovarala sam s prijateljima u razredu. Dok smo mi spremali \u201efe\u0161tu\u201c za kraj, netko blizak nije znao ni kako ni kada \u0107e zavr\u0161iti \u0161kolsku godinu.<\/p>\n<p>I tada smo po\u010deli uo\u010davati razlike i razmi\u0161ljati o sutra\u0161njici. \u0160to nas \u010deka? \u0160to njih \u010deka, nakon poplave?\u00a0 Htjela sam pomo\u0107i, ali nisam htjela da moj paket otvori neka 80-godi\u0161nja baka koja \u010deka \u0161e\u0107er\u00a0 i kavu, mo\u017eda tople \u010darape, a u mom paketu na\u0111e modernu majicu i\u00a0 ru\u017ei\u010dasti lak za nokte da obradujem vr\u0161njakinju.<\/p>\n<p>Moj razred, kao i svi ostali 8. razredi, zavr\u0161ava obavezno \u0161kolovanje. Slavimo. Slavimo trenutak odabira budu\u0107eg zanimanja i upis u srednju \u0161kolu da bismo nakon zavr\u0161ene srednje\u00a0 \u0161kole opet slavili. \u201eFe\u0161tamo\u201c jer ulazimo u svijet odraslih. U gradu \u0107e u izlogu za 3 ili 4 godine objesiti na\u0161e slike.\u00a0 Nakon toga, mnogo \u0107e tih slika visiti na Zavodu za zapo\u0161ljavanje.<\/p>\n<p>\u017divimo u \u010dudno poslo\u017eenom svijetu. Taj svijet, uglavnom,\u00a0 mi, djeca ne mo\u017eemo\u00a0 promijeniti.\u00a0 Mnogi na\u0161i roditelji imaju kredite, radi se naporno i te\u0161ko, za neredovite pla\u0107e. Nisu pomo\u0107 poplavljenima davali tajkuni. Davali su je obi\u010dni, mali ljudi, odvajaju\u0107i od svojih skromnih pla\u0107a i mirovina.<\/p>\n<p>Maloprije sam rekla da mi, djeca ne mo\u017eemo promijeniti svijet.\u00a0 Uglavnom ne. Sustav nam je nametnuo okvire \u017eivota. Ali, jo\u0161 uvijek postoji ne\u0161to \u0161to mo\u017eemo izabrati.\u00a0 Na\u010din razmi\u0161ljanja. \u0160irinu vidika. Da vidimo druge.\u00a0 Da nau\u010dimo ne\u0161to iz svega, pa tako i ovih poplava.<\/p>\n<p>\u0160to je moj razred,\u00a0 moja generacija nau\u010dila iz poplava?<\/p>\n<p>&#8211;\u00a0\u00a0\u00a0\u00a0\u00a0\u00a0\u00a0\u00a0\u00a0 Nau\u010dili smo da je sigurnost privid. Da ne postoji. Da se u tvojoj sobi, tvom krevetu mogu sutra zale\u0107i zmije, iz bar deset nepredvidivih razloga.<\/p>\n<p>&#8211;\u00a0\u00a0\u00a0\u00a0\u00a0\u00a0\u00a0\u00a0\u00a0 Da treba vjerovati u ljude, a ne u sustav. Sustav po\u0161alje vre\u0107e s pijeskom s dan-dva zaka\u0161njenja.\u00a0 Ljudi\u00a0 po\u0161alju pomo\u0107 i sakupe tone hrane i otvore svoje domove i svoja srca.<\/p>\n<p>&#8211;\u00a0\u00a0\u00a0\u00a0\u00a0\u00a0\u00a0\u00a0\u00a0 Da ne treba spa\u0161avati nebitne stvari. Ostavi odje\u0107u i kozmetiku. Netko \u0107e ti to dati. Spasi psa, njegovu ljubav ti nitko ne mo\u017ee nadomjestiti. Spasi babine nao\u010dale.\u00a0 I fotoalbum. Da zapamti\u0161 kakva ti je ku\u0107a bila. Ponesi svoje uspomene, sje\u0107anje na rodno selo prije poplave, da iz toga crpi\u0161 snagu za obnovu.<\/p>\n<p>Najbitnije\u00a0 \u0161to smo nau\u010dili je lekcija \u0161to ti zapravo treba u \u017eivotu: ono osnovno, \u017eivotno \u2013 vjera u ljude.<\/p>\n<p>Netko drugi \u0107e se pobrinuti za ta imanja. Za izgubljenu ljetinu. Za \u0161tetu na ku\u0107ama.<\/p>\n<p>Ono \u0161to mi, djeca mo\u017eemo\u00a0 jest prona\u0107i sli\u010dne sebi. U\u010denike kao i mi koji sada \u010diste svoje ku\u0107e ili se nadaju da \u0107e uskoro \u010distiti svoje ku\u0107e.\u00a0 Mo\u017eemo ih obradovati, dati im upravo ono \u0161to su izgubili \u2013 vjeru\u00a0 u ljude, nadu da \u0107e biti bolje, trenutak radosti jer je neki vr\u0161njak negdje daleko od njihovog sela mislio na njih.<\/p>\n<p>Napravite paketi\u0107 za nekog tko je zavr\u0161io isti razred kao i vi. Stavite u njega ono \u0161to vi volite, ono \u0161to vole svi mladi, ono \u0161to im ne\u0107e dati dr\u017eava.<\/p>\n<p>Ono \u0161to trebaju djevojke: donje rublje, ga\u0107ice, grudnjak;\u00a0 mirisni \u00a0tu\u0161 gel;\u00a0 moderne nau\u0161nice;\u00a0 finu \u010dokoladu. Iz iskustva znamo da \u010dokolada uvijek poma\u017ee.<\/p>\n<p>Ono \u0161to trebaju de\u010dki: donje rublje,\u00a0 \u010darape, bon za mobitel, majicu, mo\u017eda traperice koje ne nosi\u0161. Sjetite se staviti radne rukavice \u2013 oni sada rade, poma\u017eu svojima u vra\u0107anju u \u017eivot.<\/p>\n<p>Poklonite djeli\u0107 svojih \u017eivota. Pru\u017eite ruku prijateljstva . Ne znamo kada \u0107e nama zatrebati.<\/p>\n<p>Dio smo ove zemlje, ove regije, ovih ljudi.\u00a0 U ime 8. razreda, molim vas da se pove\u017eete i pomognete. Stvorite lanac prijateljstva. Onim razredima kojima do\u0111u na\u0161i darovi\u00a0 i pisma po\u0161aljite imena, e-mail adrese, ponudite kontakt na Facebooku.<\/p>\n<p>Mo\u017eda sutra, mo\u017eda za koju godinu, mo\u017eda \u0107ete ih sresti. \u00a0Mo\u017eda \u0107ete za koju godinu probati s njima njihove slavonske kulene i govoriti da imate tamo nekog svog, poznatog.\u00a0 Kad do\u0111u te\u0161ka vremena, dobro je imati nekog svog.<\/p>\n<p>Generaciju na\u0161ih roditelja zahvatio je rat. I ne slutimo \u0161to nas sve mo\u017ee do\u010dekati.\u00a0 Dok smo povezani, dok smo prijatelji, nema te nevolje i nesre\u0107e koju ne mo\u017eemo pobijediti zajedno.<\/p>\n<p>&nbsp;<\/p>\n<p style=\"text-align: right;\"><em>Elena Luna Pavlovi\u0107, 8.e<\/em><\/p>\n","protected":false},"excerpt":{"rendered":"<p>&nbsp; ZAJEDNO HUMANITARNA AKCIJA U\u010cENIKA OSNOVNE \u0160KOLE VLADIMIRA NAZORA DARUVAR \u201eZAJEDNO\u201c Svjedoci\u00a0 smo nezapam\u0107enih poplava u regiji.\u00a0 Jo\u0161 od biblijskih vremena zna se da nakon potopa, poplave, ne ostaje ni\u0161ta. Cijela Hrvatska digla se na noge i prikupljene su tone humanitarne pomo\u0107i. \u201e \u0160to im zapravo treba?\u201c pitala sam roditelje. \u201eTreba im da se probude [&hellip;]<\/p>\n","protected":false},"author":2,"featured_media":0,"parent":0,"menu_order":0,"comment_status":"closed","ping_status":"closed","template":"","meta":[],"_links":{"self":[{"href":"http:\/\/cvrcak-daruvar.com.hr\/index.php?rest_route=\/wp\/v2\/pages\/2876"}],"collection":[{"href":"http:\/\/cvrcak-daruvar.com.hr\/index.php?rest_route=\/wp\/v2\/pages"}],"about":[{"href":"http:\/\/cvrcak-daruvar.com.hr\/index.php?rest_route=\/wp\/v2\/types\/page"}],"author":[{"embeddable":true,"href":"http:\/\/cvrcak-daruvar.com.hr\/index.php?rest_route=\/wp\/v2\/users\/2"}],"replies":[{"embeddable":true,"href":"http:\/\/cvrcak-daruvar.com.hr\/index.php?rest_route=%2Fwp%2Fv2%2Fcomments&post=2876"}],"version-history":[{"count":6,"href":"http:\/\/cvrcak-daruvar.com.hr\/index.php?rest_route=\/wp\/v2\/pages\/2876\/revisions"}],"predecessor-version":[{"id":3060,"href":"http:\/\/cvrcak-daruvar.com.hr\/index.php?rest_route=\/wp\/v2\/pages\/2876\/revisions\/3060"}],"wp:attachment":[{"href":"http:\/\/cvrcak-daruvar.com.hr\/index.php?rest_route=%2Fwp%2Fv2%2Fmedia&parent=2876"}],"curies":[{"name":"wp","href":"https:\/\/api.w.org\/{rel}","templated":true}]}}