{"id":2773,"date":"2014-05-19T19:16:34","date_gmt":"2014-05-19T17:16:34","guid":{"rendered":"http:\/\/cvrcak-daruvar.com.hr\/?page_id=2773"},"modified":"2014-05-19T19:16:34","modified_gmt":"2014-05-19T17:16:34","slug":"terenska-nastava","status":"publish","type":"page","link":"http:\/\/cvrcak-daruvar.com.hr\/?page_id=2773","title":{"rendered":"Terenska nastava"},"content":{"rendered":"<p><span style=\"color: #222222;\">Dana 16.05.2014.god. 64 u\u010denika, koji njema\u010dki jezik u\u010de kao redovni i izborni predmet, u pratnji nastavnika Vlaste Valenta ,Mirjane Ru\u017ei\u010dka, Ankice Je\u017eabek i Gorana Pihira, bili su na terenskoj nastavi u Salzburgu, Austrija.<\/span><br style=\"color: #222222;\" \/><span style=\"color: #222222;\">U\u010denici su posjetili rudnik soli u blizini Salzburga, panoramski razgledali znamenitosti Salzburga i posjetili \u00a0veliki trgova\u010dki centar.<\/span><br style=\"color: #222222;\" \/><span style=\"color: #222222;\">Oni su puno vidjeli \u00a0i nau\u010dili vezano za jezik koji u\u010de, povijest i obi\u010daje naroda \u010diji jezik u\u010de i karakteristike pejza\u017ea i klime alpskog dijela Europe.<\/span><br style=\"color: #222222;\" \/><span style=\"color: #222222;\">U\u010denici su bili u prilici da se susre\u0107u s izvornom komunikacijom jezika koji u\u010de i istovremeno su dobili povratnu informaciju koliko su nau\u010dili da se mogu sporazumijevati.Istovremeno je ovakav tip terenske nastave poticaj u\u010denicima da u\u010de strane jezike ,kako bi se u svojoj budu\u0107nosti mogli uspje\u0161no snalaziti u situacijama s ljudima , koje \u0107e susretati u stranim zemljama bilo da tra\u017ee posao ili turisti\u010dki obilaze druge zemlje.<\/span><br style=\"color: #222222;\" \/><span style=\"color: #222222;\">\u00a0<\/span><\/p>\n<p style=\"text-align: right;\"><em><span style=\"color: #222222;\">Vlasta Valenta, u\u010diteljica njema\u010dkog jezika<\/span><\/em><\/p>\n","protected":false},"excerpt":{"rendered":"<p>Dana 16.05.2014.god. 64 u\u010denika, koji njema\u010dki jezik u\u010de kao redovni i izborni predmet, u pratnji nastavnika Vlaste Valenta ,Mirjane Ru\u017ei\u010dka, Ankice Je\u017eabek i Gorana Pihira, bili su na terenskoj nastavi u Salzburgu, Austrija.U\u010denici su posjetili rudnik soli u blizini Salzburga, panoramski razgledali znamenitosti Salzburga i posjetili \u00a0veliki trgova\u010dki centar.Oni su puno vidjeli \u00a0i nau\u010dili vezano [&hellip;]<\/p>\n","protected":false},"author":2,"featured_media":0,"parent":0,"menu_order":0,"comment_status":"closed","ping_status":"closed","template":"","meta":[],"_links":{"self":[{"href":"http:\/\/cvrcak-daruvar.com.hr\/index.php?rest_route=\/wp\/v2\/pages\/2773"}],"collection":[{"href":"http:\/\/cvrcak-daruvar.com.hr\/index.php?rest_route=\/wp\/v2\/pages"}],"about":[{"href":"http:\/\/cvrcak-daruvar.com.hr\/index.php?rest_route=\/wp\/v2\/types\/page"}],"author":[{"embeddable":true,"href":"http:\/\/cvrcak-daruvar.com.hr\/index.php?rest_route=\/wp\/v2\/users\/2"}],"replies":[{"embeddable":true,"href":"http:\/\/cvrcak-daruvar.com.hr\/index.php?rest_route=%2Fwp%2Fv2%2Fcomments&post=2773"}],"version-history":[{"count":1,"href":"http:\/\/cvrcak-daruvar.com.hr\/index.php?rest_route=\/wp\/v2\/pages\/2773\/revisions"}],"predecessor-version":[{"id":2774,"href":"http:\/\/cvrcak-daruvar.com.hr\/index.php?rest_route=\/wp\/v2\/pages\/2773\/revisions\/2774"}],"wp:attachment":[{"href":"http:\/\/cvrcak-daruvar.com.hr\/index.php?rest_route=%2Fwp%2Fv2%2Fmedia&parent=2773"}],"curies":[{"name":"wp","href":"https:\/\/api.w.org\/{rel}","templated":true}]}}