{"id":2767,"date":"2014-05-19T18:56:11","date_gmt":"2014-05-19T16:56:11","guid":{"rendered":"http:\/\/cvrcak-daruvar.com.hr\/?page_id=2767"},"modified":"2014-05-19T18:56:41","modified_gmt":"2014-05-19T16:56:41","slug":"sto-je-za-vas-sreca","status":"publish","type":"page","link":"http:\/\/cvrcak-daruvar.com.hr\/?page_id=2767","title":{"rendered":"\u0160TO JE ZA VAS SRE\u0106A"},"content":{"rendered":"<p>Obilje\u017eili smo Me\u0111unarodni dan sre\u0107e ukra\u0161avanjem panoa. U tome su nam pomogli svi u\u010denici na\u0161e \u0161kole u Gajevoj ulici. Mi novinari smo obi\u0161li sve razrede i zamolili u\u010denike da nam na komadi\u0107u papira jednostavno napi\u0161u \u0161to je za njih sre\u0107a. Prikupili smo sve papiri\u0107e, bilo ih je nekoliko stotina, i odlu\u010dili zadr\u017eati tu dozu osobnosti koju su u\u010denici s nama podijelili. Tako smo originalne papiri\u0107e pri\u010dvrstili jedne za druge, ukrasili ih i stavili na pano.<\/p>\n<p><a href=\"http:\/\/cvrcak-daruvar.com.hr\/wp-content\/uploads\/2014\/05\/Fotografija8475.jpg\" class=\"gallery_colorbox\"><img decoding=\"async\" loading=\"lazy\" class=\"aligncenter size-medium wp-image-2769\" src=\"http:\/\/cvrcak-daruvar.com.hr\/wp-content\/uploads\/2014\/05\/Fotografija8475-300x224.jpg\"  alt=\"Fotografija8475\" width=\"300\" height=\"224\" srcset=\"http:\/\/cvrcak-daruvar.com.hr\/wp-content\/uploads\/2014\/05\/Fotografija8475-300x224.jpg 300w, http:\/\/cvrcak-daruvar.com.hr\/wp-content\/uploads\/2014\/05\/Fotografija8475.jpg 448w\" sizes=\"(max-width: 300px) 100vw, 300px\" \/><\/a><\/p>\n<p>Dan sre\u0107e osvanuo je u veselom tonu. U\u010denici su zastajkivali pred panoom, tra\u017eili ba\u0161 svoj izraz sre\u0107e, ali su i znati\u017eeljno \u010ditali \u0161to je sre\u0107a za njihove prijatelje. A \u0161to je za u\u010denike sre\u0107a? Ono u \u010demu se ve\u0107ina slo\u017eila su: zdravlje, obitelj, prijatelji, ljubav, dobar uspjeh u \u0161koli, igre\u2026 U manjoj mjeri navedene su stvari kao \u0161to su razni mobiteli, tableti, ra\u010dunala.<\/p>\n<p>Za nas je najve\u0107a sre\u0107a bila vidjeti gu\u017evu pred panoom, blago naguravanje u nestrpljivoj \u017eelji da se vidi \u0161to je tamo, pa\u017enja koju su na\u0161i \u0161kolski kolege ukazali za na\u0161 rad. Osmijeh na licu u\u010denika, koji bi prona\u0161li i svoju re\u010denicu sre\u0107e na panou i osjetili se va\u017enima, uljep\u0161ao nam je ovaj Dan sre\u0107e i ispunio svoju svrhu.<\/p>\n<p>Novinarska skupina<\/p>\n","protected":false},"excerpt":{"rendered":"<p>Obilje\u017eili smo Me\u0111unarodni dan sre\u0107e ukra\u0161avanjem panoa. U tome su nam pomogli svi u\u010denici na\u0161e \u0161kole u Gajevoj ulici. Mi novinari smo obi\u0161li sve razrede i zamolili u\u010denike da nam na komadi\u0107u papira jednostavno napi\u0161u \u0161to je za njih sre\u0107a. Prikupili smo sve papiri\u0107e, bilo ih je nekoliko stotina, i odlu\u010dili zadr\u017eati tu dozu osobnosti [&hellip;]<\/p>\n","protected":false},"author":2,"featured_media":0,"parent":0,"menu_order":2,"comment_status":"closed","ping_status":"closed","template":"","meta":[],"_links":{"self":[{"href":"http:\/\/cvrcak-daruvar.com.hr\/index.php?rest_route=\/wp\/v2\/pages\/2767"}],"collection":[{"href":"http:\/\/cvrcak-daruvar.com.hr\/index.php?rest_route=\/wp\/v2\/pages"}],"about":[{"href":"http:\/\/cvrcak-daruvar.com.hr\/index.php?rest_route=\/wp\/v2\/types\/page"}],"author":[{"embeddable":true,"href":"http:\/\/cvrcak-daruvar.com.hr\/index.php?rest_route=\/wp\/v2\/users\/2"}],"replies":[{"embeddable":true,"href":"http:\/\/cvrcak-daruvar.com.hr\/index.php?rest_route=%2Fwp%2Fv2%2Fcomments&post=2767"}],"version-history":[{"count":3,"href":"http:\/\/cvrcak-daruvar.com.hr\/index.php?rest_route=\/wp\/v2\/pages\/2767\/revisions"}],"predecessor-version":[{"id":2771,"href":"http:\/\/cvrcak-daruvar.com.hr\/index.php?rest_route=\/wp\/v2\/pages\/2767\/revisions\/2771"}],"wp:attachment":[{"href":"http:\/\/cvrcak-daruvar.com.hr\/index.php?rest_route=%2Fwp%2Fv2%2Fmedia&parent=2767"}],"curies":[{"name":"wp","href":"https:\/\/api.w.org\/{rel}","templated":true}]}}