{"id":2765,"date":"2014-05-19T18:55:37","date_gmt":"2014-05-19T16:55:37","guid":{"rendered":"http:\/\/cvrcak-daruvar.com.hr\/?page_id=2765"},"modified":"2014-05-19T18:55:37","modified_gmt":"2014-05-19T16:55:37","slug":"intervjuic-s-dramskom-skupinom","status":"publish","type":"page","link":"http:\/\/cvrcak-daruvar.com.hr\/?page_id=2765","title":{"rendered":"INTERVJUI\u0106 S DRAMSKOM SKUPINOM"},"content":{"rendered":"<p><strong>INTERVJUI\u0106 S DRAMSKOM SKUPINOM<\/strong><\/p>\n<p>&nbsp;<\/p>\n<p><strong>Koliko vas je u ekipi?<\/strong><\/p>\n<p>U ekipi nas je 26.<\/p>\n<p><strong>Kako biste se opisali kao skupina? <\/strong><\/p>\n<p>Mi smo ekipa koja se voli dru\u017eiti, stvarati igrokaze i zabavljati se.<\/p>\n<p><strong>Tko i \u0161to vas je potaknulo da krenete na dramsku skupinu?<\/strong><\/p>\n<p>Prija\u0161nji glumci i njihove odli\u010dne izvedbe, predstave.<\/p>\n<p><strong>\u0160to vam se svi\u0111a u va\u0161em radu?<\/strong><\/p>\n<p>Gluma, dru\u017eenje, igranje, zabavljanje i jo\u0161 mnogo toga.<\/p>\n<p><strong>Opi\u0161ite kako izgleda na dramskoj sceni.<\/strong><\/p>\n<p>Kada se svi okupimo, nastavnik nas podijeli u grupe i ka\u017ee da smislimo ne\u0161to \u0161to je vezano za tu temu. Tako napravimo predstavu.<\/p>\n<p><strong>Jeste li i\u0161li na neka natjecanja?<\/strong><\/p>\n<p>Da, i\u0161li smo u De\u017eanovac na Lidrano. I\u0161lo nas je samo deset.<\/p>\n<p><strong>Koga biste pozvali da vam se pridru\u017ei u grupu?<\/strong><\/p>\n<p>Svi su pozvani da do\u0111u u na\u0161u ekipu!<\/p>\n<p>&nbsp;<\/p>\n<p>Antonija Vondra, 5.a<\/p>\n","protected":false},"excerpt":{"rendered":"<p>INTERVJUI\u0106 S DRAMSKOM SKUPINOM &nbsp; Koliko vas je u ekipi? U ekipi nas je 26. Kako biste se opisali kao skupina? Mi smo ekipa koja se voli dru\u017eiti, stvarati igrokaze i zabavljati se. Tko i \u0161to vas je potaknulo da krenete na dramsku skupinu? Prija\u0161nji glumci i njihove odli\u010dne izvedbe, predstave. \u0160to vam se svi\u0111a [&hellip;]<\/p>\n","protected":false},"author":2,"featured_media":0,"parent":0,"menu_order":0,"comment_status":"closed","ping_status":"closed","template":"","meta":[],"_links":{"self":[{"href":"http:\/\/cvrcak-daruvar.com.hr\/index.php?rest_route=\/wp\/v2\/pages\/2765"}],"collection":[{"href":"http:\/\/cvrcak-daruvar.com.hr\/index.php?rest_route=\/wp\/v2\/pages"}],"about":[{"href":"http:\/\/cvrcak-daruvar.com.hr\/index.php?rest_route=\/wp\/v2\/types\/page"}],"author":[{"embeddable":true,"href":"http:\/\/cvrcak-daruvar.com.hr\/index.php?rest_route=\/wp\/v2\/users\/2"}],"replies":[{"embeddable":true,"href":"http:\/\/cvrcak-daruvar.com.hr\/index.php?rest_route=%2Fwp%2Fv2%2Fcomments&post=2765"}],"version-history":[{"count":1,"href":"http:\/\/cvrcak-daruvar.com.hr\/index.php?rest_route=\/wp\/v2\/pages\/2765\/revisions"}],"predecessor-version":[{"id":2766,"href":"http:\/\/cvrcak-daruvar.com.hr\/index.php?rest_route=\/wp\/v2\/pages\/2765\/revisions\/2766"}],"wp:attachment":[{"href":"http:\/\/cvrcak-daruvar.com.hr\/index.php?rest_route=%2Fwp%2Fv2%2Fmedia&parent=2765"}],"curies":[{"name":"wp","href":"https:\/\/api.w.org\/{rel}","templated":true}]}}