{"id":2763,"date":"2014-05-19T18:55:10","date_gmt":"2014-05-19T16:55:10","guid":{"rendered":"http:\/\/cvrcak-daruvar.com.hr\/?page_id=2763"},"modified":"2014-05-19T18:55:10","modified_gmt":"2014-05-19T16:55:10","slug":"intervju-s-vjeronaucnom-skupinom","status":"publish","type":"page","link":"http:\/\/cvrcak-daruvar.com.hr\/?page_id=2763","title":{"rendered":"INTERVJU S VJERONAU\u010cNOM SKUPINOM"},"content":{"rendered":"<p><strong>INTERVJU S VJERONAU\u010cNOM SKUPINOM<\/strong><\/p>\n<p>&nbsp;<\/p>\n<ol>\n<li><strong>Koliko ste puno u\u010dili za natjecanje? <\/strong><\/li>\n<\/ol>\n<p>Dnevno smo u\u010dili jedan sat. \u010citali smo skriptu.<\/p>\n<ol>\n<li><strong>Kako se dolazi na dr\u017eavno natjecanje, \u0161to sve morate pro\u0107i prije toga?<\/strong><\/li>\n<\/ol>\n<p>Na \u0161kolskom natjecanju se sastavi ekipa od \u010detiri \u010dlana. Zatim ekipa dolazi na \u017eupanijsko natjecanje na kojem mora biti prva kako bi pro\u0161la na Biskupijsko natjecanje. Nakon toga se odlazi na dr\u017eavno natjecanje.<\/p>\n<ol>\n<li><strong>Kamo ste i\u0161li na natjecanje?<\/strong><\/li>\n<\/ol>\n<p>U lijepi grad \u0160ibenik.<\/p>\n<ol>\n<li><strong>\u0160to vam je bilo najte\u017ee na natjecanju?<\/strong><\/li>\n<\/ol>\n<p>Najte\u017ea je bila slagalica u kojoj smo u 3 minute trebali slo\u017eiti jednu od slika.<\/p>\n<ol>\n<li><strong>Koliko vas je bilo na dr\u017eavnom natjecanju?<\/strong><\/li>\n<\/ol>\n<p>Na dr\u017eavnom natjecanju bilo je 17 ekipa osnovnih \u0161kola i 19 srednjih \u0161kola.<\/p>\n<ol>\n<li><strong>Je li vam je bilo lijepo u \u0160ibeniku?<\/strong><\/li>\n<\/ol>\n<p>Da, hotel je bio predivan. I\u0161li smo na otok Prvi\u0107 gdje smo bili u muzeju Fausta Vran\u010di\u0107a i na grobu doti\u010dnoga.<\/p>\n<ol>\n<li><strong>Koliko ste dugo tamo bili? <\/strong><\/li>\n<\/ol>\n<p>Ondje smo bili predivna 3 dana koja su nam brzo pro\u0161la.<\/p>\n<ol>\n<li><strong>Kako su vas ugostili?<\/strong><\/li>\n<\/ol>\n<p>Lijepo su nas ugostili u hotelu Solaris, \u010dija je hrana bila ukusna i sobe jo\u0161 ljep\u0161e.<\/p>\n<ol>\n<li><strong>Koliko ste dugo putovali do \u0160ibenika?<\/strong><\/li>\n<\/ol>\n<p>7 sati uz molitve i pjesme.<\/p>\n<ol>\n<li><strong>\u00a0Tko vas je vodio na natjecanje?<\/strong><\/li>\n<\/ol>\n<p>Nastavnica vjeronauka Tihana Petkovi\u0107.<\/p>\n<ol>\n<li><strong>\u00a0Kako izgleda Dr\u017eavno natjecanje, \u0161to se tamo radi?<\/strong><\/li>\n<\/ol>\n<p>U po\u010detku je vrlo stresno jer sada znate da nema ljudi koji ne znaju gradivo. Prvo se pi\u0161e test i sla\u017ee se slagalica. Prvih pet ekipa onda igraju igru &#8221;Tko \u017eeli biti Isusov milijunak?&#8221;.<\/p>\n<ol>\n<li><strong>\u00a0Je li komisija bila stroga?<\/strong><\/li>\n<\/ol>\n<p>Komisija je imala dobre \u010dlanove, ali i one \u201ezle\u201c koji su tvrdoglavi i \u017eele ti &#8221;zapapriti&#8221;.<\/p>\n<ol>\n<li><strong>\u00a0Koji ste bili na natjecanju? Jeste li zadovoljni svojim uspjehom?<\/strong><\/li>\n<\/ol>\n<p>Na\u017ealost, uz sve pripreme, bili smo 12. Po na\u0161em mi\u0161ljenju, mogli smo i bolje.<\/p>\n<ol>\n<li><strong>\u00a0Kakav je osje\u0107aj bio kad ste \u010duli da ste pro\u0161li na Dr\u017eavno natjecanje?<\/strong><\/li>\n<\/ol>\n<p>Svi smo bili jako sretni i skakutali smo po dvorani od sre\u0107e.<\/p>\n<ol>\n<li><strong>\u00a0Kako ste se osje\u0107ali na Dr\u017eavnom natjecanju? Jeste imali tremu?<\/strong><\/li>\n<\/ol>\n<p>Svi smo bili jako uzbu\u0111eni, ali nas je bio strah. Naravno, da smo imali tremu.<\/p>\n<ol>\n<li><strong>\u00a0Ho\u0107ete li i dalje i\u0107i na natjecanja?<\/strong><\/li>\n<\/ol>\n<p>Mila, kao najmla\u0111i \u010dlan, mora osvetiti starije \u010dlanove i biti na najmanje tre\u0107em mjestu.<\/p>\n<ol>\n<li><strong>\u00a0Jeste li i\u0161li na jo\u0161 neka natjecanja?<\/strong><\/li>\n<\/ol>\n<p>Mila je i\u0161la na natjecanje iz povijesti i bila 8. na \u017eupanijskom.<\/p>\n<ol>\n<li><strong>\u00a0Osma\u0161i, po \u010demu \u0107ete pamtiti osnovnu \u0161kolu?<\/strong><\/li>\n<\/ol>\n<p>Po dobrim nastavnicima i prijateljima.<\/p>\n<p>&nbsp;<\/p>\n<p>Lorena Reni\u0107, Martina Moulis i Antonija Vondra<\/p>\n<p>5.a<\/p>\n","protected":false},"excerpt":{"rendered":"<p>INTERVJU S VJERONAU\u010cNOM SKUPINOM &nbsp; Koliko ste puno u\u010dili za natjecanje? Dnevno smo u\u010dili jedan sat. \u010citali smo skriptu. Kako se dolazi na dr\u017eavno natjecanje, \u0161to sve morate pro\u0107i prije toga? Na \u0161kolskom natjecanju se sastavi ekipa od \u010detiri \u010dlana. Zatim ekipa dolazi na \u017eupanijsko natjecanje na kojem mora biti prva kako bi pro\u0161la na [&hellip;]<\/p>\n","protected":false},"author":2,"featured_media":0,"parent":0,"menu_order":0,"comment_status":"closed","ping_status":"closed","template":"","meta":[],"_links":{"self":[{"href":"http:\/\/cvrcak-daruvar.com.hr\/index.php?rest_route=\/wp\/v2\/pages\/2763"}],"collection":[{"href":"http:\/\/cvrcak-daruvar.com.hr\/index.php?rest_route=\/wp\/v2\/pages"}],"about":[{"href":"http:\/\/cvrcak-daruvar.com.hr\/index.php?rest_route=\/wp\/v2\/types\/page"}],"author":[{"embeddable":true,"href":"http:\/\/cvrcak-daruvar.com.hr\/index.php?rest_route=\/wp\/v2\/users\/2"}],"replies":[{"embeddable":true,"href":"http:\/\/cvrcak-daruvar.com.hr\/index.php?rest_route=%2Fwp%2Fv2%2Fcomments&post=2763"}],"version-history":[{"count":1,"href":"http:\/\/cvrcak-daruvar.com.hr\/index.php?rest_route=\/wp\/v2\/pages\/2763\/revisions"}],"predecessor-version":[{"id":2764,"href":"http:\/\/cvrcak-daruvar.com.hr\/index.php?rest_route=\/wp\/v2\/pages\/2763\/revisions\/2764"}],"wp:attachment":[{"href":"http:\/\/cvrcak-daruvar.com.hr\/index.php?rest_route=%2Fwp%2Fv2%2Fmedia&parent=2763"}],"curies":[{"name":"wp","href":"https:\/\/api.w.org\/{rel}","templated":true}]}}