{"id":2757,"date":"2014-05-19T18:51:06","date_gmt":"2014-05-19T16:51:06","guid":{"rendered":"http:\/\/cvrcak-daruvar.com.hr\/?page_id=2757"},"modified":"2014-05-19T18:51:06","modified_gmt":"2014-05-19T16:51:06","slug":"lidrano","status":"publish","type":"page","link":"http:\/\/cvrcak-daruvar.com.hr\/?page_id=2757","title":{"rendered":"LiDraNo"},"content":{"rendered":"<p><strong>Dramska skupina na me\u0111uop\u0107inskoj smotri LiDraNo 2014. u De\u017eanovcu<\/strong><\/p>\n<p>Dramska skupina na\u0161e \u0161kole i ove godine sudjelovala je na Smotri LiDraNo. Me\u0111uop\u0107inska razina susreta uprili\u010dena je u De\u017eanovcu 21. sije\u010dnja 2014. Usprkos zimi i hladno\u0107i, toplo smo i srda\u010dno do\u010dekani. Nastupili smo sa zanimljivim i razigranim igrokazom Ljubav (ni)je \u0161oping. Na tom igrokazu, ra\u0111enom prema ve\u0107 izvedenoj dramskoj igri Bo\u017ei\u0107 (ni)je \u0161oping, radilo je 28 \u010dlanova na\u0161e skupine. Problem je, dakako, bio odabrati onih deset u\u010denika koji \u0107e nastupiti u kategoriji skupnoga scenskog izraza. Problem smo rije\u0161ili izvla\u010denjem sretnih imena iz kutije.<\/p>\n<p>Bio je to jako dobar i zapa\u017een nastup. Na\u0161i mali glumci igrokaz su izveli samouvjereno i bez gre\u0161ke. Igra, s pone\u0161to improvizacije i spretne prilagodbe uvjetima izvedbe, bija\u0161e vesela, razigrana i poletna. Na okruglom stolu odlu\u010deno je kako \u0107e na \u017eupanijskoj razini nastupiti skupina iz De\u017eanovca. To \u0161to nismo uspjeli oti\u0107i na vi\u0161u razinu nije nas rastu\u017eilo. Bili smo sretni i zadovoljni \u0161to smo bili dio ovoga lijepog susreta i \u0161to smo imali mogu\u0107nost drugima predstaviti svoj rad.<\/p>\n<p>Mi smo se zaista zabavljali toga dana u De\u017eanovcu. U\u017eivali smo u nastupima drugih skupina, razmjenjivali dojmove i stjecali nova iskustva. I to je u cijeloj ovoj pri\u010di i najva\u017enije.<\/p>\n<p>Vladan Ivkovi\u0107<\/p>\n","protected":false},"excerpt":{"rendered":"<p>Dramska skupina na me\u0111uop\u0107inskoj smotri LiDraNo 2014. u De\u017eanovcu Dramska skupina na\u0161e \u0161kole i ove godine sudjelovala je na Smotri LiDraNo. Me\u0111uop\u0107inska razina susreta uprili\u010dena je u De\u017eanovcu 21. sije\u010dnja 2014. Usprkos zimi i hladno\u0107i, toplo smo i srda\u010dno do\u010dekani. Nastupili smo sa zanimljivim i razigranim igrokazom Ljubav (ni)je \u0161oping. Na tom igrokazu, ra\u0111enom prema [&hellip;]<\/p>\n","protected":false},"author":2,"featured_media":0,"parent":0,"menu_order":0,"comment_status":"closed","ping_status":"closed","template":"","meta":[],"_links":{"self":[{"href":"http:\/\/cvrcak-daruvar.com.hr\/index.php?rest_route=\/wp\/v2\/pages\/2757"}],"collection":[{"href":"http:\/\/cvrcak-daruvar.com.hr\/index.php?rest_route=\/wp\/v2\/pages"}],"about":[{"href":"http:\/\/cvrcak-daruvar.com.hr\/index.php?rest_route=\/wp\/v2\/types\/page"}],"author":[{"embeddable":true,"href":"http:\/\/cvrcak-daruvar.com.hr\/index.php?rest_route=\/wp\/v2\/users\/2"}],"replies":[{"embeddable":true,"href":"http:\/\/cvrcak-daruvar.com.hr\/index.php?rest_route=%2Fwp%2Fv2%2Fcomments&post=2757"}],"version-history":[{"count":1,"href":"http:\/\/cvrcak-daruvar.com.hr\/index.php?rest_route=\/wp\/v2\/pages\/2757\/revisions"}],"predecessor-version":[{"id":2758,"href":"http:\/\/cvrcak-daruvar.com.hr\/index.php?rest_route=\/wp\/v2\/pages\/2757\/revisions\/2758"}],"wp:attachment":[{"href":"http:\/\/cvrcak-daruvar.com.hr\/index.php?rest_route=%2Fwp%2Fv2%2Fmedia&parent=2757"}],"curies":[{"name":"wp","href":"https:\/\/api.w.org\/{rel}","templated":true}]}}