{"id":2723,"date":"2014-05-19T18:18:41","date_gmt":"2014-05-19T16:18:41","guid":{"rendered":"http:\/\/cvrcak-daruvar.com.hr\/?page_id=2723"},"modified":"2014-05-19T18:35:59","modified_gmt":"2014-05-19T16:35:59","slug":"majcina-ljubav-je-beskrajna","status":"publish","type":"page","link":"http:\/\/cvrcak-daruvar.com.hr\/?page_id=2723","title":{"rendered":"Maj\u010dina ljubav je beskrajna"},"content":{"rendered":"<p>&nbsp;<\/p>\n<p><strong>Ljubav prema majci<\/strong><\/p>\n<p>&nbsp;<\/p>\n<p>Moja majka je svjetiljka<\/p>\n<p>koja svijetli danju i no\u0107u.<\/p>\n<p>Onaj je moj svijet<\/p>\n<p>kao najljep\u0161i cvijet<\/p>\n<p>U srcu mome drijema<\/p>\n<p>kao sakrivena<\/p>\n<p>O\u010di su joj od kristala<\/p>\n<p>kao kugla plava<\/p>\n<p>&nbsp;<\/p>\n<p>Majka mi svu ljubav pru\u017ea,<\/p>\n<p>lijepa je kao latice ru\u017ea.<\/p>\n<p>&nbsp;<\/p>\n<p>Ja volim svoju majku<\/p>\n<p>kao najljep\u0161u bajku.<\/p>\n<p>&nbsp;<\/p>\n<p><em>Valentina Houf, 4.a<\/em><\/p>\n<p>&nbsp;<\/p>\n<p>&nbsp;<\/p>\n<p><strong>Moja majka<\/strong><\/p>\n<p>Kada sam tu\u017ena<\/p>\n<p>i kad se bojim,<\/p>\n<p>njen zagrljaj me smiri<\/p>\n<p>&nbsp;<\/p>\n<p>Kada sam sretna,<\/p>\n<p>njena sre\u0107a je jo\u0161 ve\u0107a.<\/p>\n<p>&nbsp;<\/p>\n<p>Znam da \u0107e uvijek<\/p>\n<p>biti tu za mene<\/p>\n<p>jer je njena ljubav beskrajna,<\/p>\n<p>ba\u0161 kao i moja.<\/p>\n<p><em>Eneja Fijala, 4.a<\/em><\/p>\n<p>&nbsp;<\/p>\n<p>&nbsp;<\/p>\n<p>&nbsp;<\/p>\n<p>&nbsp;<\/p>\n<p>&nbsp;<\/p>\n<p><strong>\u00a0Moja mama <\/strong><\/p>\n<p>Kad moja mama pla\u010de,<\/p>\n<p>zvijezde se smra\u010de.<\/p>\n<p>&nbsp;<\/p>\n<p>Kad se ona smije,<\/p>\n<p>sunce sije.<\/p>\n<p>&nbsp;<\/p>\n<p>Kad je moja mama ljuta,<\/p>\n<p>mi\u010di joj se s puta!<\/p>\n<p>&nbsp;<\/p>\n<p>Kad je ona radosna,<\/p>\n<p>zacijeli mi rana.<\/p>\n<p>&nbsp;<\/p>\n<p>Ja volim svoju mamu jako,<\/p>\n<p>neka to zna svatko!<\/p>\n<p>&nbsp;<\/p>\n<p><em>Hana Budinja\u0161, 4.a<\/em><\/p>\n<p>&nbsp;<\/p>\n<p>&nbsp;<\/p>\n<p><strong>\u00a0Moja mama <\/strong><\/p>\n<p>Moja mama je sunce<\/p>\n<p>koje obasjava cijeli planet.<\/p>\n<p>&nbsp;<\/p>\n<p>Moja mama je sva<\/p>\n<p>dobrota ovog svijeta.<\/p>\n<p>&nbsp;<\/p>\n<p>Moja mama je bistro more<\/p>\n<p>puno lijepih koraljnih grebena.<\/p>\n<p>&nbsp;<\/p>\n<p><em>Leo Pavli\u0107, 4.a<\/em><\/p>\n<p>&nbsp;<\/p>\n<p>&nbsp;<\/p>\n<p><strong>Moja baka<\/strong><\/p>\n<p>Moja je baka blaga i draga,<\/p>\n<p>ona je topla i mila<\/p>\n<p>i nje\u017ena poput ru\u017eine latice.<\/p>\n<p>&nbsp;<\/p>\n<p>Svako nam jutro dolazi<\/p>\n<p>i svako sam jutro vedra i vesela<\/p>\n<p>kada ugledam njezin osmijeh<\/p>\n<p>koji mi obasjava dan.<\/p>\n<p>&nbsp;<\/p>\n<p>Moja je baka lepr\u0161ava ptica<\/p>\n<p>koja se s nama \u0161ali i smije<\/p>\n<p>te \u0161iri radost \u00a0i sre\u0107u.<\/p>\n<p>&nbsp;<\/p>\n<p>Uz nju,<\/p>\n<p>svaki dan je radostan.<\/p>\n<p>&nbsp;<\/p>\n<p><em>Tea Kova\u010di\u0107, 4.a<\/em><\/p>\n<p>&nbsp;<\/p>\n<p>&nbsp;<\/p>\n<p>&nbsp;<\/p>\n<p><strong>Ruke moje majke<\/strong><\/p>\n<p>&nbsp;<\/p>\n<p>Svakog dana mene grle<\/p>\n<p>ruke moje majke.<\/p>\n<p>&nbsp;<\/p>\n<p>Kao latice cvijeta<\/p>\n<p>majka ruke \u0161iri<\/p>\n<p>u zagrljaj da me primi.<\/p>\n<p>&nbsp;<\/p>\n<p>Najsretnije dijete ja sam,<\/p>\n<p>kad me nje\u017eno grle<\/p>\n<p>dvije ruke moje majke.<\/p>\n<p>&nbsp;<\/p>\n<p>Svakog dana mene grle<\/p>\n<p>ruke moje majke.<\/p>\n<p>&nbsp;<\/p>\n<p><em>Neven Vuka\u0161inovi\u0107, 4.a<\/em><\/p>\n<p>&nbsp;<\/p>\n<p>&nbsp;<\/p>\n","protected":false},"excerpt":{"rendered":"<p>&nbsp; Ljubav prema majci &nbsp; Moja majka je svjetiljka koja svijetli danju i no\u0107u. Onaj je moj svijet kao najljep\u0161i cvijet U srcu mome drijema kao sakrivena O\u010di su joj od kristala kao kugla plava &nbsp; Majka mi svu ljubav pru\u017ea, lijepa je kao latice ru\u017ea. &nbsp; Ja volim svoju majku kao najljep\u0161u bajku. &nbsp; [&hellip;]<\/p>\n","protected":false},"author":2,"featured_media":0,"parent":0,"menu_order":0,"comment_status":"closed","ping_status":"closed","template":"","meta":[],"_links":{"self":[{"href":"http:\/\/cvrcak-daruvar.com.hr\/index.php?rest_route=\/wp\/v2\/pages\/2723"}],"collection":[{"href":"http:\/\/cvrcak-daruvar.com.hr\/index.php?rest_route=\/wp\/v2\/pages"}],"about":[{"href":"http:\/\/cvrcak-daruvar.com.hr\/index.php?rest_route=\/wp\/v2\/types\/page"}],"author":[{"embeddable":true,"href":"http:\/\/cvrcak-daruvar.com.hr\/index.php?rest_route=\/wp\/v2\/users\/2"}],"replies":[{"embeddable":true,"href":"http:\/\/cvrcak-daruvar.com.hr\/index.php?rest_route=%2Fwp%2Fv2%2Fcomments&post=2723"}],"version-history":[{"count":6,"href":"http:\/\/cvrcak-daruvar.com.hr\/index.php?rest_route=\/wp\/v2\/pages\/2723\/revisions"}],"predecessor-version":[{"id":2755,"href":"http:\/\/cvrcak-daruvar.com.hr\/index.php?rest_route=\/wp\/v2\/pages\/2723\/revisions\/2755"}],"wp:attachment":[{"href":"http:\/\/cvrcak-daruvar.com.hr\/index.php?rest_route=%2Fwp%2Fv2%2Fmedia&parent=2723"}],"curies":[{"name":"wp","href":"https:\/\/api.w.org\/{rel}","templated":true}]}}