{"id":2698,"date":"2014-05-16T23:49:27","date_gmt":"2014-05-16T21:49:27","guid":{"rendered":"http:\/\/cvrcak-daruvar.com.hr\/?page_id=2698"},"modified":"2014-05-19T18:37:22","modified_gmt":"2014-05-19T16:37:22","slug":"zbor","status":"publish","type":"page","link":"http:\/\/cvrcak-daruvar.com.hr\/?page_id=2698","title":{"rendered":"Zbor"},"content":{"rendered":"<p><strong>ZBOR NI\u017dEG UZRASTA OSNOVNE \u0160KOLE VLADIMIRA NAZORA<\/strong><\/p>\n<div id=\"attachment_2701\" style=\"width: 310px\" class=\"wp-caption aligncenter\"><a href=\"http:\/\/cvrcak-daruvar.com.hr\/wp-content\/uploads\/2014\/05\/DSC_9761.jpg\" class=\"gallery_colorbox\"><img aria-describedby=\"caption-attachment-2701\" decoding=\"async\" loading=\"lazy\" class=\"wp-image-2701 size-medium\" src=\"http:\/\/cvrcak-daruvar.com.hr\/wp-content\/uploads\/2014\/05\/DSC_9761-300x199.jpg\"  alt=\"DSC_9761\" width=\"300\" height=\"199\" srcset=\"http:\/\/cvrcak-daruvar.com.hr\/wp-content\/uploads\/2014\/05\/DSC_9761-300x199.jpg 300w, http:\/\/cvrcak-daruvar.com.hr\/wp-content\/uploads\/2014\/05\/DSC_9761.jpg 1024w\" sizes=\"(max-width: 300px) 100vw, 300px\" \/><\/a><p id=\"caption-attachment-2701\" class=\"wp-caption-text\">Mali zbor<\/p><\/div>\n<p><strong>\u00a0<\/strong><\/p>\n<p><strong>\u00a0\u00a0\u00a0\u00a0\u00a0\u00a0\u00a0\u00a0\u00a0\u00a0\u00a0 <\/strong>Mali zbor na\u0161e \u0161kole broji 22 \u010dlanice. U\u010denice su to petih razreda. Zbor djeluje u dvije zgrade: \u0161koli u Gajevoj i \u0161koli u Frankopanskoj ulici.<\/p>\n<p>Na po\u010detku nastavne godine u zboru je pjevalo i nekoliko u\u010denika 2., 3. i 4. razreda. Oni su samostalno nastupili za Dan kruha u Domu za starije i nemo\u0107ne te im tako uljep\u0161ali dan svojom pjesmom i posjetom.<\/p>\n<p>Sljede\u0107i nastup bio je povodom Bo\u017ei\u0107a u kinu, gdje je svaka skupina (mala i velika) otpjevala po jednu pjesmu, a jedna je bila zajedni\u010dka.<\/p>\n<p>Nakon zimskih praznika, djevoj\u010dice iz starije skupine nastavile su raditi na zadanom programu za \u017dupanijsku smotru zborova koja se odr\u017eala u Bjelovaru. Zbora\u0161ice su ocijenjene kao vrlo uspje\u0161ne, no na\u017ealost su ih njihove konkurentice iz \u010cazme, koje broje 50-ak \u010dlanova, prestigle i nastavile natjecanje u Vara\u017edinu.<\/p>\n<p>Zbor je u travnju nastupio na Europskom danu me\u0111ugeneracijske solidarnosti te tako pokazao da je uvijek i za svakoga spreman dati ono \u0161to se ne mo\u017ee kupiti, a svima je drago \u2013 pjevanje iz srca.<\/p>\n<p>Djevoj\u010dice \u0107e i program za Dan \u0161kole obogatiti svojim nastupom, a sve to pod palicom svoje dirigentice Veronike \u0160piranac, mag. mus.<\/p>\n<p>&nbsp;<\/p>\n<p><a href=\"http:\/\/cvrcak-daruvar.com.hr\/wp-content\/uploads\/2014\/05\/DSC_0092.jpg\" class=\"gallery_colorbox\"><img decoding=\"async\" loading=\"lazy\" class=\"aligncenter wp-image-2702 size-medium\" src=\"http:\/\/cvrcak-daruvar.com.hr\/wp-content\/uploads\/2014\/05\/DSC_0092-198x300.jpg\"  alt=\"DSC_0092\" width=\"198\" height=\"300\" srcset=\"http:\/\/cvrcak-daruvar.com.hr\/wp-content\/uploads\/2014\/05\/DSC_0092-198x300.jpg 198w, http:\/\/cvrcak-daruvar.com.hr\/wp-content\/uploads\/2014\/05\/DSC_0092.jpg 678w\" sizes=\"(max-width: 198px) 100vw, 198px\" \/><\/a><\/p>\n<p style=\"text-align: right;\">Veronika \u0160piranac<\/p>\n<p style=\"text-align: right;\">\n<p><strong>ZBOR<\/strong><\/p>\n<p>4.4.2014. \u0161kolski zbor je i\u0161ao na natjecanje u Bjelovar. Na natjecanje nas je i\u0161lo 23. Bilo nas je jako puno. Kada smo do\u0161li, smjestili smo se u 1. osnovnu \u0161kolu da se presvu\u010demo i malo odmorimo. Mi smo se za natjecanje pripremali dva i pol mjeseca. Pjevali smo: <em>Je\u017e, Moj ma\u010dak, \u017dabac i Viva la musica<\/em>. Poslije natjecanja vratili smo se u\u00a0\u00a0\u00a0\u00a0\u00a0 1. osnovnu \u0161kolu na ru\u010dak. Na\u0161a voditeljica zbora Veronika \u0160piranac je bila na okruglom stolu dok smo mi jeli. Kada je nastavnica zavr\u0161ila, svi smo i\u0161li ku\u0107i. Nama nije bilo bitno pobijediti nego sudjelovati.<\/p>\n<p style=\"text-align: right;\"><em>Antonija Vondra, 5.a<\/em><\/p>\n","protected":false},"excerpt":{"rendered":"<p>ZBOR NI\u017dEG UZRASTA OSNOVNE \u0160KOLE VLADIMIRA NAZORA \u00a0 \u00a0\u00a0\u00a0\u00a0\u00a0\u00a0\u00a0\u00a0\u00a0\u00a0\u00a0 Mali zbor na\u0161e \u0161kole broji 22 \u010dlanice. U\u010denice su to petih razreda. Zbor djeluje u dvije zgrade: \u0161koli u Gajevoj i \u0161koli u Frankopanskoj ulici. Na po\u010detku nastavne godine u zboru je pjevalo i nekoliko u\u010denika 2., 3. i 4. razreda. Oni su samostalno nastupili za [&hellip;]<\/p>\n","protected":false},"author":2,"featured_media":0,"parent":0,"menu_order":0,"comment_status":"closed","ping_status":"closed","template":"","meta":[],"_links":{"self":[{"href":"http:\/\/cvrcak-daruvar.com.hr\/index.php?rest_route=\/wp\/v2\/pages\/2698"}],"collection":[{"href":"http:\/\/cvrcak-daruvar.com.hr\/index.php?rest_route=\/wp\/v2\/pages"}],"about":[{"href":"http:\/\/cvrcak-daruvar.com.hr\/index.php?rest_route=\/wp\/v2\/types\/page"}],"author":[{"embeddable":true,"href":"http:\/\/cvrcak-daruvar.com.hr\/index.php?rest_route=\/wp\/v2\/users\/2"}],"replies":[{"embeddable":true,"href":"http:\/\/cvrcak-daruvar.com.hr\/index.php?rest_route=%2Fwp%2Fv2%2Fcomments&post=2698"}],"version-history":[{"count":7,"href":"http:\/\/cvrcak-daruvar.com.hr\/index.php?rest_route=\/wp\/v2\/pages\/2698\/revisions"}],"predecessor-version":[{"id":2736,"href":"http:\/\/cvrcak-daruvar.com.hr\/index.php?rest_route=\/wp\/v2\/pages\/2698\/revisions\/2736"}],"wp:attachment":[{"href":"http:\/\/cvrcak-daruvar.com.hr\/index.php?rest_route=%2Fwp%2Fv2%2Fmedia&parent=2698"}],"curies":[{"name":"wp","href":"https:\/\/api.w.org\/{rel}","templated":true}]}}