{"id":269,"date":"2012-05-31T18:11:40","date_gmt":"2012-05-31T18:11:40","guid":{"rendered":"http:\/\/cvrcak-daruvar.com.hr\/?page_id=269"},"modified":"2014-05-16T19:47:42","modified_gmt":"2014-05-16T17:47:42","slug":"od-zlata-jabuka","status":"publish","type":"page","link":"http:\/\/cvrcak-daruvar.com.hr\/?page_id=269","title":{"rendered":"Od zlata jabuka"},"content":{"rendered":"<p><strong>Humanitarna akcija \u201eOd zlata jabuka\u201c<\/strong><\/p>\n<p>&nbsp;<\/p>\n<p><a href=\"http:\/\/cvrcak-daruvar.com.hr\/wp-content\/uploads\/2012\/05\/2011.10-0241.jpg\" class=\"gallery_colorbox\"><img decoding=\"async\" loading=\"lazy\" class=\"alignright size-medium wp-image-270\" title=\"2011.10 024\" src=\"http:\/\/cvrcak-daruvar.com.hr\/wp-content\/uploads\/2012\/05\/2011.10-0241-300x224.jpg\"  alt=\"\" width=\"300\" height=\"224\" srcset=\"http:\/\/cvrcak-daruvar.com.hr\/wp-content\/uploads\/2012\/05\/2011.10-0241-300x224.jpg 300w, http:\/\/cvrcak-daruvar.com.hr\/wp-content\/uploads\/2012\/05\/2011.10-0241.jpg 448w\" sizes=\"(max-width: 300px) 100vw, 300px\" \/><\/a>Dani kruha i zahvalnosti\u00a0 za plodove zemlje tradicionalno su 17.10. obilje\u017eeni humanitarnom akcijom \u201cOd zlata jabuka\u201c.\u00a0 U\u010denici su prikupili\u00a0 plodove\u00a0 jeseni (jabuke,kru\u0161ke,orahe\u2026) i pekarske proizvode (kruh,pecivo,kola\u010de\u2026). Sve su to njihove\u00a0 vrijedne ruke prikladno upakirale uz pomo\u0107 nastavnika. Podijeljeni u skupine krenuli su prema razli\u010ditim\u00a0 odredi\u0161tima nose\u0107i pakete.<\/p>\n<p>\u010clanovi karitativnih skupina pripremili su \u010destitke kojima su ukrasili pakete s kruhom, pecivima i plodovima jeseni.<\/p>\n<p>Posjetili smo:<\/p>\n<ul>\n<li>Dom za starije i nemo\u0107ne osobe Ljudevite pl. Jankovi\u0107 gdje su u\u010denici 3. b razreda razveselili \u0161ti\u0107enike doma\u00a0 igrokazom Gradski i poljski mi\u0161.<\/li>\n<li>Centar Rudolf Steiner u kome su zbor i recitatori na\u0161e \u0161kole izveli kratak program.<\/li>\n<li>preko 100 ku\u0107anstava u kojima \u017eive starije osobe na podru\u010dju Daruvara i bli\u017ee okolice<\/li>\n<li>Dom za starije i nemo\u0107ne osobe PUZ Vianey.<\/li>\n<\/ul>\n<p><a href=\"http:\/\/cvrcak-daruvar.com.hr\/wp-content\/uploads\/2012\/05\/DSC09045.jpg\" class=\"gallery_colorbox\"><img decoding=\"async\" loading=\"lazy\" class=\"alignleft size-medium wp-image-271\" title=\"DSC09045\" src=\"http:\/\/cvrcak-daruvar.com.hr\/wp-content\/uploads\/2012\/05\/DSC09045-300x200.jpg\"  alt=\"\" width=\"300\" height=\"200\" srcset=\"http:\/\/cvrcak-daruvar.com.hr\/wp-content\/uploads\/2012\/05\/DSC09045-300x200.jpg 300w, http:\/\/cvrcak-daruvar.com.hr\/wp-content\/uploads\/2012\/05\/DSC09045.jpg 448w\" sizes=\"(max-width: 300px) 100vw, 300px\" \/><\/a>U posjetima su sudjelovali u\u010denici 4. razreda i njihove u\u010diteljice i u\u010ditelji, \u010dlanovi karitativne grupe te 15 skupina u\u010denika i nastavnika. Bli\u017ea ku\u0107anstva obi\u0161li smo pje\u0161ice. Nekoliko je skupina sa svojim nastavnicima automobilom obi\u0161lo udaljenija ku\u0107anstva u Vrbovcu, Markovcu, Doljanjima, \u0160ibovcu, Golubinjaku, Gornjem Daruvaru i Batinjanima. U posjete su po\u0161li zajedno sa svojim u\u010diteljicama i u\u010denici podru\u010dnih \u0161kola Batinjani i Doljani.<\/p>\n<p><a href=\"http:\/\/cvrcak-daruvar.com.hr\/wp-content\/uploads\/2012\/05\/dan-kruha-2011-0241.jpg\" class=\"gallery_colorbox\"><img decoding=\"async\" loading=\"lazy\" class=\"alignright size-medium wp-image-272\" title=\"OLYMPUS DIGITAL CAMERA\" src=\"http:\/\/cvrcak-daruvar.com.hr\/wp-content\/uploads\/2012\/05\/dan-kruha-2011-0241-300x224.jpg\"  alt=\"\" width=\"300\" height=\"224\" srcset=\"http:\/\/cvrcak-daruvar.com.hr\/wp-content\/uploads\/2012\/05\/dan-kruha-2011-0241-300x224.jpg 300w, http:\/\/cvrcak-daruvar.com.hr\/wp-content\/uploads\/2012\/05\/dan-kruha-2011-0241.jpg 448w\" sizes=\"(max-width: 300px) 100vw, 300px\" \/><\/a>Ponosni smo \u0161to veliki broj u\u010denika svake godine izra\u017eava \u017eelju i\u0107i u posjet starijim osobama. Zahvaljujemo se i svim roditeljima koji se u velikom broju odazivaju, pripremaju kruh, kola\u010de, peciva i \u0161alju ih u \u0161kolu kako bismo mogli pripremiti pakete. Tijekom 6 godina, koliko akcija traje, razvidno je da \u00a0na\u0161i u\u010denici rado pru\u017eaju pa\u017enju i po\u0161tovanje starijim osobama.<\/p>\n<p><a href=\"http:\/\/cvrcak-daruvar.com.hr\/wp-content\/uploads\/2012\/05\/dan-kruha-2011-025.jpg\" class=\"gallery_colorbox\"><img decoding=\"async\" loading=\"lazy\" class=\"alignleft size-medium wp-image-273\" title=\"OLYMPUS DIGITAL CAMERA\" src=\"http:\/\/cvrcak-daruvar.com.hr\/wp-content\/uploads\/2012\/05\/dan-kruha-2011-025-300x224.jpg\"  alt=\"\" width=\"300\" height=\"224\" srcset=\"http:\/\/cvrcak-daruvar.com.hr\/wp-content\/uploads\/2012\/05\/dan-kruha-2011-025-300x224.jpg 300w, http:\/\/cvrcak-daruvar.com.hr\/wp-content\/uploads\/2012\/05\/dan-kruha-2011-025.jpg 448w\" sizes=\"(max-width: 300px) 100vw, 300px\" \/><\/a>To najbolje govore i izjave na\u0161ih u\u010denika: \u201e<em>Raduje nas \u0161to smo tim bakama i djedovima izmamili osmijehe na lica i uljep\u0161ali dan. <\/em><em>Sretni smo \u0161to smo mogli razveseliti te ljude i u\u010diniti dobro djelo!\u201c<\/em><\/p>\n<p><em>\u00a0<\/em><\/p>\n<p>&nbsp;<\/p>\n<p style=\"text-align: right;\"><em>voditeljica akcije:<\/em><\/p>\n<p style=\"text-align: right;\"><em>Suzana Lipovac<\/em><\/p>\n<p>&nbsp;<\/p>\n","protected":false},"excerpt":{"rendered":"<p>Humanitarna akcija \u201eOd zlata jabuka\u201c &nbsp; Dani kruha i zahvalnosti\u00a0 za plodove zemlje tradicionalno su 17.10. obilje\u017eeni humanitarnom akcijom \u201cOd zlata jabuka\u201c.\u00a0 U\u010denici su prikupili\u00a0 plodove\u00a0 jeseni (jabuke,kru\u0161ke,orahe\u2026) i pekarske proizvode (kruh,pecivo,kola\u010de\u2026). Sve su to njihove\u00a0 vrijedne ruke prikladno upakirale uz pomo\u0107 nastavnika. Podijeljeni u skupine krenuli su prema razli\u010ditim\u00a0 odredi\u0161tima nose\u0107i pakete. \u010clanovi karitativnih [&hellip;]<\/p>\n","protected":false},"author":1,"featured_media":0,"parent":264,"menu_order":0,"comment_status":"closed","ping_status":"closed","template":"","meta":[],"_links":{"self":[{"href":"http:\/\/cvrcak-daruvar.com.hr\/index.php?rest_route=\/wp\/v2\/pages\/269"}],"collection":[{"href":"http:\/\/cvrcak-daruvar.com.hr\/index.php?rest_route=\/wp\/v2\/pages"}],"about":[{"href":"http:\/\/cvrcak-daruvar.com.hr\/index.php?rest_route=\/wp\/v2\/types\/page"}],"author":[{"embeddable":true,"href":"http:\/\/cvrcak-daruvar.com.hr\/index.php?rest_route=\/wp\/v2\/users\/1"}],"replies":[{"embeddable":true,"href":"http:\/\/cvrcak-daruvar.com.hr\/index.php?rest_route=%2Fwp%2Fv2%2Fcomments&post=269"}],"version-history":[{"count":3,"href":"http:\/\/cvrcak-daruvar.com.hr\/index.php?rest_route=\/wp\/v2\/pages\/269\/revisions"}],"predecessor-version":[{"id":2488,"href":"http:\/\/cvrcak-daruvar.com.hr\/index.php?rest_route=\/wp\/v2\/pages\/269\/revisions\/2488"}],"up":[{"embeddable":true,"href":"http:\/\/cvrcak-daruvar.com.hr\/index.php?rest_route=\/wp\/v2\/pages\/264"}],"wp:attachment":[{"href":"http:\/\/cvrcak-daruvar.com.hr\/index.php?rest_route=%2Fwp%2Fv2%2Fmedia&parent=269"}],"curies":[{"name":"wp","href":"https:\/\/api.w.org\/{rel}","templated":true}]}}