{"id":2671,"date":"2014-05-16T23:23:18","date_gmt":"2014-05-16T21:23:18","guid":{"rendered":"http:\/\/cvrcak-daruvar.com.hr\/?page_id=2671"},"modified":"2014-05-16T23:23:18","modified_gmt":"2014-05-16T21:23:18","slug":"vjeronaucna-olimpijada","status":"publish","type":"page","link":"http:\/\/cvrcak-daruvar.com.hr\/?page_id=2671","title":{"rendered":"Vjeronau\u010dna olimpijada"},"content":{"rendered":"<p>Na\u0161u je \u0161kolu na vjeronau\u010dnom natjecanju pod nazivom Vjeronau\u010dna olimpijada predstavljala ekipa od \u010detiri u\u010denika, a to su: Mila Jurekovi\u0107\u00a0 (7.c), Josipa Plicka (8.a), Mijo Radi\u0107 (8. b) i Ivana \u0160tern (8.c).<\/p>\n<p><a href=\"http:\/\/cvrcak-daruvar.com.hr\/wp-content\/uploads\/2014\/05\/ekipa.jpg\" class=\"gallery_colorbox\"><img decoding=\"async\" loading=\"lazy\" class=\"aligncenter size-full wp-image-2672\" src=\"http:\/\/cvrcak-daruvar.com.hr\/wp-content\/uploads\/2014\/05\/ekipa.jpg\"  alt=\"OLYMPUS DIGITAL CAMERA\" width=\"386\" height=\"294\" srcset=\"http:\/\/cvrcak-daruvar.com.hr\/wp-content\/uploads\/2014\/05\/ekipa.jpg 386w, http:\/\/cvrcak-daruvar.com.hr\/wp-content\/uploads\/2014\/05\/ekipa-300x228.jpg 300w\" sizes=\"(max-width: 386px) 100vw, 386px\" \/><\/a><\/p>\n<p>Oni su pobijedili na me\u0111u\u017eupanijskoj i biskupijskoj razini te se time plasirali na dr\u017eavno natjecanje. Dr\u017eavno je natjecanje odr\u017eano u \u0160ibeniku od 2. do 4. travnja.<\/p>\n<p>Tema ovogodi\u0161nje olimpijade bila je: Znanost i vjera.<\/p>\n<p>Mila, Josipa, Mijo i Ivana jo\u0161 su se od listopada marljivo pripremali i nau\u010dili zaista mnogo informacija koje \u0107e im zasigurno korisiti i u daljnjem \u0161kolovanju jer je ovogodi\u0161nja tema zahva\u0107ala sadr\u017eaje i iz mnogih drugih podru\u010dja. Zaklju\u010dili smo kako je dr\u017eavno natjecanje jedno krasno iskustvo i svojevrsna nagrada za sav trud jer smo imali izvrstan smje\u0161taj te mnogo dodatnih sadr\u017eaja. Osim natjecanja, u\u010denicima je organiziran izlet na otok Prvi\u0107 gdje su posjetili memorijalni centar Faus Vran\u010di\u0107. U\u010denici su imali i organizirani obilazak \u0160ibenika kako bi se upoznali s njegovim znamenitostima: katedralom sv. Jakova, hrvatskim nacionalnim sveti\u0161tem sv. Nikole Taveli\u0107a i dr.<\/p>\n<p>&nbsp;<\/p>\n<p>Tihana Petkovi\u0107, vjerou\u010diteljica<\/p>\n","protected":false},"excerpt":{"rendered":"<p>Na\u0161u je \u0161kolu na vjeronau\u010dnom natjecanju pod nazivom Vjeronau\u010dna olimpijada predstavljala ekipa od \u010detiri u\u010denika, a to su: Mila Jurekovi\u0107\u00a0 (7.c), Josipa Plicka (8.a), Mijo Radi\u0107 (8. b) i Ivana \u0160tern (8.c). Oni su pobijedili na me\u0111u\u017eupanijskoj i biskupijskoj razini te se time plasirali na dr\u017eavno natjecanje. Dr\u017eavno je natjecanje odr\u017eano u \u0160ibeniku od 2. [&hellip;]<\/p>\n","protected":false},"author":2,"featured_media":0,"parent":0,"menu_order":0,"comment_status":"closed","ping_status":"closed","template":"","meta":[],"_links":{"self":[{"href":"http:\/\/cvrcak-daruvar.com.hr\/index.php?rest_route=\/wp\/v2\/pages\/2671"}],"collection":[{"href":"http:\/\/cvrcak-daruvar.com.hr\/index.php?rest_route=\/wp\/v2\/pages"}],"about":[{"href":"http:\/\/cvrcak-daruvar.com.hr\/index.php?rest_route=\/wp\/v2\/types\/page"}],"author":[{"embeddable":true,"href":"http:\/\/cvrcak-daruvar.com.hr\/index.php?rest_route=\/wp\/v2\/users\/2"}],"replies":[{"embeddable":true,"href":"http:\/\/cvrcak-daruvar.com.hr\/index.php?rest_route=%2Fwp%2Fv2%2Fcomments&post=2671"}],"version-history":[{"count":2,"href":"http:\/\/cvrcak-daruvar.com.hr\/index.php?rest_route=\/wp\/v2\/pages\/2671\/revisions"}],"predecessor-version":[{"id":2674,"href":"http:\/\/cvrcak-daruvar.com.hr\/index.php?rest_route=\/wp\/v2\/pages\/2671\/revisions\/2674"}],"wp:attachment":[{"href":"http:\/\/cvrcak-daruvar.com.hr\/index.php?rest_route=%2Fwp%2Fv2%2Fmedia&parent=2671"}],"curies":[{"name":"wp","href":"https:\/\/api.w.org\/{rel}","templated":true}]}}