{"id":2653,"date":"2014-05-16T23:05:00","date_gmt":"2014-05-16T21:05:00","guid":{"rendered":"http:\/\/cvrcak-daruvar.com.hr\/?page_id=2653"},"modified":"2014-05-16T23:05:00","modified_gmt":"2014-05-16T21:05:00","slug":"natjecanje-iz-geografije","status":"publish","type":"page","link":"http:\/\/cvrcak-daruvar.com.hr\/?page_id=2653","title":{"rendered":"Natjecanje iz geografije"},"content":{"rendered":"<p>Na \u0161kolskom natjecanju iz geografije sudjelovalo je 24 u\u010denika .<\/p>\n<p>Plasman na \u017eupanijsko natjecanje iz geografije ostvarili su Ana Marija Caha i Vanessa Senicki.<\/p>\n<p>\u017dupanijsko natjecanje odr\u017eano je u \u010cO\u0160 Jana Amosa Komenskog u Daruvaru ,7.o\u017eujka 2014.<\/p>\n<p>Ana Marija Caha zauzela je 4. mjesto na \u017eupanijskom natjecanju iz geografije u konkurenciji \u0161estih razreda .<\/p>\n<p>Vanessa Senicki zauzela je 6. mjesto na \u017eupanijskom natjecanju iz geografije u konkurenciji petih razreda .<\/p>\n<p>&nbsp;<\/p>\n<p>Denis Singer , prof.<\/p>\n","protected":false},"excerpt":{"rendered":"<p>Na \u0161kolskom natjecanju iz geografije sudjelovalo je 24 u\u010denika . Plasman na \u017eupanijsko natjecanje iz geografije ostvarili su Ana Marija Caha i Vanessa Senicki. \u017dupanijsko natjecanje odr\u017eano je u \u010cO\u0160 Jana Amosa Komenskog u Daruvaru ,7.o\u017eujka 2014. Ana Marija Caha zauzela je 4. mjesto na \u017eupanijskom natjecanju iz geografije u konkurenciji \u0161estih razreda . Vanessa [&hellip;]<\/p>\n","protected":false},"author":2,"featured_media":0,"parent":0,"menu_order":0,"comment_status":"closed","ping_status":"closed","template":"","meta":[],"_links":{"self":[{"href":"http:\/\/cvrcak-daruvar.com.hr\/index.php?rest_route=\/wp\/v2\/pages\/2653"}],"collection":[{"href":"http:\/\/cvrcak-daruvar.com.hr\/index.php?rest_route=\/wp\/v2\/pages"}],"about":[{"href":"http:\/\/cvrcak-daruvar.com.hr\/index.php?rest_route=\/wp\/v2\/types\/page"}],"author":[{"embeddable":true,"href":"http:\/\/cvrcak-daruvar.com.hr\/index.php?rest_route=\/wp\/v2\/users\/2"}],"replies":[{"embeddable":true,"href":"http:\/\/cvrcak-daruvar.com.hr\/index.php?rest_route=%2Fwp%2Fv2%2Fcomments&post=2653"}],"version-history":[{"count":1,"href":"http:\/\/cvrcak-daruvar.com.hr\/index.php?rest_route=\/wp\/v2\/pages\/2653\/revisions"}],"predecessor-version":[{"id":2654,"href":"http:\/\/cvrcak-daruvar.com.hr\/index.php?rest_route=\/wp\/v2\/pages\/2653\/revisions\/2654"}],"wp:attachment":[{"href":"http:\/\/cvrcak-daruvar.com.hr\/index.php?rest_route=%2Fwp%2Fv2%2Fmedia&parent=2653"}],"curies":[{"name":"wp","href":"https:\/\/api.w.org\/{rel}","templated":true}]}}