{"id":2649,"date":"2014-05-16T23:04:01","date_gmt":"2014-05-16T21:04:01","guid":{"rendered":"http:\/\/cvrcak-daruvar.com.hr\/?page_id=2649"},"modified":"2014-05-16T23:04:01","modified_gmt":"2014-05-16T21:04:01","slug":"izvjesce-s-natjecanja-iz-povijesti-2014","status":"publish","type":"page","link":"http:\/\/cvrcak-daruvar.com.hr\/?page_id=2649","title":{"rendered":"IZVJE\u0160\u0106E S NATJECANJA IZ POVIJESTI 2014."},"content":{"rendered":"<p>Na \u0161kolskom natjecanju iz povijesti sudjelovalo je 20 u\u010denika sedmih i osmih razreda. Na \u017eupanijsko natjecanje plasirale su se dvije u\u010denice : Mila Jurekovi\u0107 i Matea Kuljanac. \u017dupanijsko natjecanje odr\u017eano je u Hercegovcu 8. o\u017eujka. Mila Jurekovi\u0107 zauzela je 8., a Matea Kuljanac 5. mjesto. Mentori u\u010denicama bili su Ivana Bakari\u0107 i Zdravko Palavra.<\/p>\n","protected":false},"excerpt":{"rendered":"<p>Na \u0161kolskom natjecanju iz povijesti sudjelovalo je 20 u\u010denika sedmih i osmih razreda. Na \u017eupanijsko natjecanje plasirale su se dvije u\u010denice : Mila Jurekovi\u0107 i Matea Kuljanac. \u017dupanijsko natjecanje odr\u017eano je u Hercegovcu 8. o\u017eujka. Mila Jurekovi\u0107 zauzela je 8., a Matea Kuljanac 5. mjesto. Mentori u\u010denicama bili su Ivana Bakari\u0107 i Zdravko Palavra.<\/p>\n","protected":false},"author":2,"featured_media":0,"parent":0,"menu_order":0,"comment_status":"closed","ping_status":"closed","template":"","meta":[],"_links":{"self":[{"href":"http:\/\/cvrcak-daruvar.com.hr\/index.php?rest_route=\/wp\/v2\/pages\/2649"}],"collection":[{"href":"http:\/\/cvrcak-daruvar.com.hr\/index.php?rest_route=\/wp\/v2\/pages"}],"about":[{"href":"http:\/\/cvrcak-daruvar.com.hr\/index.php?rest_route=\/wp\/v2\/types\/page"}],"author":[{"embeddable":true,"href":"http:\/\/cvrcak-daruvar.com.hr\/index.php?rest_route=\/wp\/v2\/users\/2"}],"replies":[{"embeddable":true,"href":"http:\/\/cvrcak-daruvar.com.hr\/index.php?rest_route=%2Fwp%2Fv2%2Fcomments&post=2649"}],"version-history":[{"count":2,"href":"http:\/\/cvrcak-daruvar.com.hr\/index.php?rest_route=\/wp\/v2\/pages\/2649\/revisions"}],"predecessor-version":[{"id":2859,"href":"http:\/\/cvrcak-daruvar.com.hr\/index.php?rest_route=\/wp\/v2\/pages\/2649\/revisions\/2859"}],"wp:attachment":[{"href":"http:\/\/cvrcak-daruvar.com.hr\/index.php?rest_route=%2Fwp%2Fv2%2Fmedia&parent=2649"}],"curies":[{"name":"wp","href":"https:\/\/api.w.org\/{rel}","templated":true}]}}