{"id":264,"date":"2012-05-31T18:08:47","date_gmt":"2012-05-31T18:08:47","guid":{"rendered":"http:\/\/cvrcak-daruvar.com.hr\/?page_id=264"},"modified":"2012-12-12T17:24:52","modified_gmt":"2012-12-12T16:24:52","slug":"mladi-za-starije-2","status":"publish","type":"page","link":"http:\/\/cvrcak-daruvar.com.hr\/?page_id=264","title":{"rendered":"Mladi za starije"},"content":{"rendered":"<p><strong>Priredba za starije i nemo\u0107ne<\/strong><\/p>\n<p><a href=\"http:\/\/cvrcak-daruvar.com.hr\/wp-content\/uploads\/2012\/05\/SAM_26951.jpg\" class=\"gallery_colorbox\"><img decoding=\"async\" loading=\"lazy\" class=\"alignright size-medium wp-image-265\" title=\"SAM_2695\" src=\"http:\/\/cvrcak-daruvar.com.hr\/wp-content\/uploads\/2012\/05\/SAM_26951-300x200.jpg\"  alt=\"\" width=\"300\" height=\"200\" srcset=\"http:\/\/cvrcak-daruvar.com.hr\/wp-content\/uploads\/2012\/05\/SAM_26951-300x200.jpg 300w, http:\/\/cvrcak-daruvar.com.hr\/wp-content\/uploads\/2012\/05\/SAM_26951.jpg 448w\" sizes=\"(max-width: 300px) 100vw, 300px\" \/><\/a>U\u010denici i u\u010denice 3.c razreda Osnovne \u0161kole Vladimira Nazora Daruvar: Karlo Kuzle, Dorian Horvat, Dajana Momi\u0107, Atea Urlih, Hana Abel, Sara Buduljak, Jelena Prlina i Ivona Kollert posjetili su 5. listopada 2011. starije i nemo\u0107ne Centra za program ministarstva, obitelji, branitelja i me\u0111uljudske solidarnosti Dnevnog boravka u Daruvaru. U\u010denici su uprili\u010dili maleni program za \u0161ti\u0107enike povodom Dana starijih i nemo\u0107nih. Djedovi i bake pjevali su s njima i plesali, a nakon dru\u017eenja, s toplinom u srcu, oti\u0161li svojim ku\u0107ama.<\/p>\n<p><a href=\"http:\/\/cvrcak-daruvar.com.hr\/wp-content\/uploads\/2012\/05\/SAM_26301.jpg\" class=\"gallery_colorbox\"><img decoding=\"async\" loading=\"lazy\" class=\"alignleft size-medium wp-image-266\" title=\"SAM_2630\" src=\"http:\/\/cvrcak-daruvar.com.hr\/wp-content\/uploads\/2012\/05\/SAM_26301-300x200.jpg\"  alt=\"\" width=\"300\" height=\"200\" srcset=\"http:\/\/cvrcak-daruvar.com.hr\/wp-content\/uploads\/2012\/05\/SAM_26301-300x200.jpg 300w, http:\/\/cvrcak-daruvar.com.hr\/wp-content\/uploads\/2012\/05\/SAM_26301.jpg 448w\" sizes=\"(max-width: 300px) 100vw, 300px\" \/><\/a>U\u010denici 3. c razreda posjetili su \u00a017. 3. 2012. i Dom za starije i nemo\u0107ne grofice\u00a0 Ljudevite plemenite Jankovi\u0107 \u00a0u Daruvaru. Toga dana obilje\u017eavala se trogodi\u0161njica postojanja doma. Osmijesi na licima i suze u o\u010dima dokaz su topline koju su djeca izazvala u njihovim srcima. Za vrijeme priredbe, neki su \u0161ti\u0107enici sjedili na stolcima, neki su bili dovezeni u kolicima, dok su neki, na \u017ealost, ostali u krevetima.<strong><\/strong><\/p>\n<p>Nakon priredbe, kuharice su na kolicima dovezle veliku tortu u obliku njihovog doma. Zapaljene su velike svije\u0107e i \u00a0pu\u0161tena vesela glazba. Prava gozba je po\u010dela. Djedovi i bake sladili su se komadima torte, pili sokove, a neki su \u010dak i plesali. U\u010denici i u\u010denice darovali su svakome pisanicu i \u010destitku koje su sami izradili.<\/p>\n<p>Osje\u0107ali smo se ponosno jer smo u\u010dinili dobro djelo. Nekoga smo razveselili. Pohvalili\u00a0 su nas: ravnatelj doma gosp. \u0160imunovi\u0107, ravnateljica Dnevnog boravka Simona Nerad te gradona\u010delnik Grada Daruvara gosp.Rohlik koji je bio nazo\u010dan na obje na\u0161e priredbe, u obje ustanove.<\/p>\n<p>&nbsp;<\/p>\n<p><em>\u00a0U\u010diteljica Inga \u017dupi\u0107<\/em><\/p>\n<p><a href=\"http:\/\/cvrcak-daruvar.com.hr\/wp-content\/uploads\/2012\/05\/P171011_12.13_011.jpg\" class=\"gallery_colorbox\"><img decoding=\"async\" loading=\"lazy\" class=\"aligncenter size-full wp-image-267\" title=\"COOKIE2\" src=\"http:\/\/cvrcak-daruvar.com.hr\/wp-content\/uploads\/2012\/05\/P171011_12.13_011.jpg\"  alt=\"\" width=\"448\" height=\"336\" srcset=\"http:\/\/cvrcak-daruvar.com.hr\/wp-content\/uploads\/2012\/05\/P171011_12.13_011.jpg 448w, http:\/\/cvrcak-daruvar.com.hr\/wp-content\/uploads\/2012\/05\/P171011_12.13_011-300x224.jpg 300w\" sizes=\"(max-width: 448px) 100vw, 448px\" \/><\/a><\/p>\n","protected":false},"excerpt":{"rendered":"<p>Priredba za starije i nemo\u0107ne U\u010denici i u\u010denice 3.c razreda Osnovne \u0161kole Vladimira Nazora Daruvar: Karlo Kuzle, Dorian Horvat, Dajana Momi\u0107, Atea Urlih, Hana Abel, Sara Buduljak, Jelena Prlina i Ivona Kollert posjetili su 5. listopada 2011. starije i nemo\u0107ne Centra za program ministarstva, obitelji, branitelja i me\u0111uljudske solidarnosti Dnevnog boravka u Daruvaru. U\u010denici su [&hellip;]<\/p>\n","protected":false},"author":1,"featured_media":0,"parent":827,"menu_order":0,"comment_status":"closed","ping_status":"closed","template":"","meta":[],"_links":{"self":[{"href":"http:\/\/cvrcak-daruvar.com.hr\/index.php?rest_route=\/wp\/v2\/pages\/264"}],"collection":[{"href":"http:\/\/cvrcak-daruvar.com.hr\/index.php?rest_route=\/wp\/v2\/pages"}],"about":[{"href":"http:\/\/cvrcak-daruvar.com.hr\/index.php?rest_route=\/wp\/v2\/types\/page"}],"author":[{"embeddable":true,"href":"http:\/\/cvrcak-daruvar.com.hr\/index.php?rest_route=\/wp\/v2\/users\/1"}],"replies":[{"embeddable":true,"href":"http:\/\/cvrcak-daruvar.com.hr\/index.php?rest_route=%2Fwp%2Fv2%2Fcomments&post=264"}],"version-history":[{"count":2,"href":"http:\/\/cvrcak-daruvar.com.hr\/index.php?rest_route=\/wp\/v2\/pages\/264\/revisions"}],"predecessor-version":[{"id":839,"href":"http:\/\/cvrcak-daruvar.com.hr\/index.php?rest_route=\/wp\/v2\/pages\/264\/revisions\/839"}],"up":[{"embeddable":true,"href":"http:\/\/cvrcak-daruvar.com.hr\/index.php?rest_route=\/wp\/v2\/pages\/827"}],"wp:attachment":[{"href":"http:\/\/cvrcak-daruvar.com.hr\/index.php?rest_route=%2Fwp%2Fv2%2Fmedia&parent=264"}],"curies":[{"name":"wp","href":"https:\/\/api.w.org\/{rel}","templated":true}]}}