{"id":2628,"date":"2014-05-16T22:33:21","date_gmt":"2014-05-16T20:33:21","guid":{"rendered":"http:\/\/cvrcak-daruvar.com.hr\/?page_id=2628"},"modified":"2014-05-16T22:59:25","modified_gmt":"2014-05-16T20:59:25","slug":"veseli-svijet","status":"publish","type":"page","link":"http:\/\/cvrcak-daruvar.com.hr\/?page_id=2628","title":{"rendered":"Veseli svijet"},"content":{"rendered":"\n<table id=\"tablepress-4\" class=\"tablepress tablepress-id-4\">\n<thead>\n<tr class=\"row-1 odd\">\n\t<th class=\"column-1\">ZNAM JEDNU DJEVOJ\u010cICU<br \/>\n<br \/>\nZnam jednu djevoj\u010dicu<br \/>\nkoja ima plave o\u010di,<br \/>\nod nje mi srce sko\u010di.<br \/>\n<br \/>\nZnam jednu djevoj\u010dicu<br \/>\nkoja ima plavu kosu<br \/>\nkojom me \u010desto udari po nosu.<br \/>\n<br \/>\nZnam jednu djevoj\u010dicu<br \/>\nkoja se rado vozi na biciklu<br \/>\ni s majkom vadi ciklu.<br \/>\n                    Luka Zeman, 2. R P\u0160 Doljani<br \/>\n<\/th><th class=\"column-2\"><br \/>\n<br \/>\nDA SAM KI\u0160A<br \/>\nDa sam ki\u0161a bila bih u parku. \u0160etala bih sa svojim prijateljicama. Stiskale bismo oblake, zalijevale cvije\u0107e, ceste, polja i vrtove. Iza nas bi sve ostalo svje\u017ee i \u010disto.<br \/>\n                                                                               Tea Polenus, 2. R P\u0160 Doljani<br \/>\n<br \/>\n<br \/>\n<\/th>\n<\/tr>\n<\/thead>\n<tbody class=\"row-hover\">\n<tr class=\"row-2 even\">\n\t<td class=\"column-1\">SVETI NIKOLA U DOLJANIMA<br \/>\nO\u010distila sam svoje \u010dizmice i legla u krevet. Pomolila sam se i zaspala. U jutro sam krenula u \u0161kolu s nestrpljenjem. Za vrijeme nastave smo svi bili nestrpljivi jer smo \u010dekali svetog Nikolu. Kada je do\u0161ao, mi smo ga lijepo do\u010dekali i pokazali mu program pripremljen u njegovu \u010dast. Kada smo zavr\u0161ili s nastupom, on je bio jako sretan i pohvalio nas je. Njegovi pomo\u0107nici su nam podijelili darove. Pozdravio nas je i oti\u0161ao u obilazak ostale dobre djece.<br \/>\n                                                                                    Vanja Pavi\u010di\u0107, 2.r P\u0160 Doljani<br \/>\n<\/td><td class=\"column-2\">VOLIM PROLJE\u0106E<br \/>\nStiglo je prolje\u0107e. Sa sobom je donijelo mirise cvije\u0107a. U zelenoj travi procvjetale su ljubi\u010dice, bijele tratin\u010dice, \u017euti masla\u010dci. \u010carobno prolje\u0107e nam je probudilo sve \u017eivotinje, ptice, skakavce, leptire, p\u010dele, ose ,bubamare. Hvala ti, prolje\u0107e, na ovoj ljepoti. <br \/>\n                                                                                Laura Ko\u0161njar, 2.r P\u0160 Doljani<\/td>\n<\/tr>\n<tr class=\"row-3 odd\">\n\t<td class=\"column-1\">VESELA VELJA\u010cA<br \/>\nU velja\u010di se sve ma\u010dke zabavljaju. To je mjesec njihove zabave. Tako je i moja ma\u010dka Mimi prona\u0161la svoga ma\u010dka Mucka  za zabavu. Svaki je dan provodio vrijeme s njom. Nakon dva mjeseca na svijet  je donijela tri slatka ma\u010di\u0107a. Mimi i Mucko su bili jako ponosni.<br \/>\n                                                                      Josipa Lovri\u0107, 2. R P\u0160 Doljani<\/td><td class=\"column-2\">PROLJE\u0106E<br \/>\nStiglo je prolje\u0107e, <br \/>\nprobudilo ptice.<br \/>\nTravu zazelenilo,<br \/>\nCvije\u0107e za\u0161arenilo.<br \/>\nLeptiri\u0107i lete<br \/>\nI pozdravljaju dijete.<br \/>\n                        Ivona Zeman, 2.r P\u0160 Doljani<br \/>\n<\/td>\n<\/tr>\n<tr class=\"row-4 even\">\n\t<td class=\"column-1\">OD ZRNA DO KRUHA<br \/>\nNa njivu posijemo zrno p\u0161enice. Zrno u zemlji po\u010dne pu\u0161tati klicu. Po njoj pada ki\u0161a i grije sunce, sve dok ne naraste do zrelog klasa. Zatim se p\u0161enica kombajnira, odvozi u mlin i mljevenjem pretvara u bra\u0161no. Pekari od bra\u0161na, mlake vode, soli i kvasca mijese tijesto i prave kruh i peciva. Kruh stavljaju u pe\u0107nicu na pe\u010denje. Ispe\u010den kruh se stavlja u police i poziva nas, svojim opojnim mirisom, da ga ku\u0161amo.<br \/>\n                                                                                             Ivona Zeman, 2.r P\u0160 Doljani <br \/>\n<\/td><td class=\"column-2\">DA SAM KRIJESNICA<br \/>\nDa sam krijesnica svijetlila bih tamo gdje nema svjetla. Letjela bih od cvijeta do cvijeta, posje\u0107ivala  bih svoje prijatelje. Igrala bih se sa suncem, pomagala drugima sakupljati hranu. Plesala bih sa svojim prijateljicama bubamarama i pticama. Ure\u0111ivala bih svoju ku\u0107u u stablu. Po cijelu no\u0107 bih svijetlila na nebu.<br \/>\n                                                                                    Josipa Lovri\u0107 2.r P\u0160 Doljani<br \/>\n<br \/>\n<\/td>\n<\/tr>\n<\/tbody>\n<\/table>\n\n<p>&nbsp;<\/p>\n\n<table id=\"tablepress-6\" class=\"tablepress tablepress-id-6\">\n<tbody class=\"row-hover\">\n<tr class=\"row-1 odd\">\n\t<td class=\"column-1\">Lipa<br \/>\nJednog dana<br \/>\nLipa mala<br \/>\nPlesat stala.<br \/>\n<br \/>\nHelikopteri oko nje letjeli<br \/>\nI u sredi\u0161te nje sletjeli.<br \/>\n<br \/>\nPle\u0161e lipa<br \/>\nPle\u0161e, ple\u0161e<br \/>\nHelikopteri vi\u010du<br \/>\nEvo nesre\u0107e!<br \/>\n<br \/>\nDo\u0161li mravi,<br \/>\nNa lipu stali<br \/>\nPa ju grickali.<br \/>\n<br \/>\nLipa vi\u010de:<br \/>\n-Jao, jao!-<br \/>\n\u010cak je jedan <br \/>\nHelikopter pao.<br \/>\n<br \/>\nTu\u017ena lica \u0161to da radi<br \/>\nVe\u0107 su ju svu izgrizli mravi.<br \/>\n<br \/>\nHelikopter s tla poleti<br \/>\nI u sredi\u0161te lipe opet sleti,<br \/>\n-Ne boj se, lipo, to su samo mravi!-<br \/>\n<br \/>\nMravi su u \u010dudu stali<br \/>\nI jedan drugog pogledali.<br \/>\n<br \/>\n-\u0160to od nas strahujete?<br \/>\nMi smo tako mali!<br \/>\n-A do\u0161li smo radi proteina <br \/>\nI nama potrebnih vitamina.-<br \/>\nToni  Stranjik,  4. razred<br \/>\n<\/td><td class=\"column-2\"><\/td><td class=\"column-3\">Da sam ja jugo<br \/>\n<br \/>\nDa sam ja jugo<br \/>\nIgrao bih se vani dugo.<br \/>\nPosjetio bih Nacionalni park Kornati<br \/>\nI usput pojeo sladoled tati.<br \/>\nOti\u0161ao bih u Pulu<br \/>\nI kupio si jednu lulu.<br \/>\nZvao bih more da se sa mnom igra<br \/>\nMale ma\u010dke i velikog tigra.<br \/>\nToni \u0160epl,   4. razred<br \/>\n<br \/>\n<br \/>\n<br \/>\nJa maestral<br \/>\n<br \/>\nRado bih maestral bila,<br \/>\nPa poklonila svima krila.<br \/>\nOdletjela bih u mirisne latice<br \/>\nI prona\u0161la p\u010dele zujalice.<br \/>\nLetjela bih visoko, u daleke planine,<br \/>\nPosjetila more, mirisne doline.<br \/>\nMirisala bih zelenu travu,<br \/>\nZavirila u ku\u0107u malenom mravu,<br \/>\nMirisala bih kosu i zlatne ke\u010dke<br \/>\nMaloj Ani iz Ulice be\u010dke.<br \/>\nKarolina Pavi\u010di\u0107,  4. razred<br \/>\n<br \/>\n<br \/>\nMaestral<br \/>\n<br \/>\nDa sam ja vjetar maestral<br \/>\nSkoknuo bih u hotel -Na\u0161 mali raj,-<br \/>\nU Istru i na zagreba\u010dku pistu,<br \/>\nU Nacionalni park Plitvi\u010dka jezera<br \/>\nUsput  bih pogledao biciklisti\u010dka odijela.<br \/>\nNajvi\u0161e bih volio oti\u0107i na more<br \/>\nGdje bih se kupao do rane zore.<br \/>\nZvao bih buru da se sa mnom igra,<br \/>\nOna je brza kao val, <br \/>\na ja bih i dalje i dalje ostao<br \/>\nvoljeni vjetar maestral.<br \/>\nToni Stranjik, 4. razred<br \/>\n<\/td>\n<\/tr>\n<tr class=\"row-2 even\">\n\t<td class=\"column-1\">Maestral<br \/>\n<br \/>\nJa vjetar blagi<br \/>\nNisam pri velikoj snazi.<br \/>\nU planinama bih bio <br \/>\nI ne bih se skrio.<br \/>\nPosjetio bih drva<br \/>\nOd maloga crva.<br \/>\nPozvao bih sve<br \/>\nIz Hrvatske.<br \/>\nIvan Tometi\u0107,  4. razred<br \/>\n<\/td><td class=\"column-2\"><\/td><td class=\"column-3\">Da sam maestral<br \/>\n<br \/>\nDa sam vjetar maestral<br \/>\nBio bih jako mal.<br \/>\nSna\u017ean ne bih bio<br \/>\nI nitko se od mene ne bi krio.<br \/>\nLetio bih do tropskih \u0161uma<br \/>\nGdje nema odba\u010denih guma.<br \/>\nPreletio bih cijeli svijet<br \/>\nDa na\u0111em najljep\u0161i cvijet.<br \/>\nPozvao bih avione od papira<br \/>\nI letjeli bi tako<br \/>\nDa nikome ne bi dali mira.<br \/>\nMi\u0161el Vuji\u0107, 4. razred<br \/>\n<\/td>\n<\/tr>\n<\/tbody>\n<\/table>\n\n","protected":false},"excerpt":{"rendered":"<p>&nbsp;<\/p>\n","protected":false},"author":2,"featured_media":0,"parent":0,"menu_order":0,"comment_status":"closed","ping_status":"closed","template":"","meta":[],"_links":{"self":[{"href":"http:\/\/cvrcak-daruvar.com.hr\/index.php?rest_route=\/wp\/v2\/pages\/2628"}],"collection":[{"href":"http:\/\/cvrcak-daruvar.com.hr\/index.php?rest_route=\/wp\/v2\/pages"}],"about":[{"href":"http:\/\/cvrcak-daruvar.com.hr\/index.php?rest_route=\/wp\/v2\/types\/page"}],"author":[{"embeddable":true,"href":"http:\/\/cvrcak-daruvar.com.hr\/index.php?rest_route=\/wp\/v2\/users\/2"}],"replies":[{"embeddable":true,"href":"http:\/\/cvrcak-daruvar.com.hr\/index.php?rest_route=%2Fwp%2Fv2%2Fcomments&post=2628"}],"version-history":[{"count":3,"href":"http:\/\/cvrcak-daruvar.com.hr\/index.php?rest_route=\/wp\/v2\/pages\/2628\/revisions"}],"predecessor-version":[{"id":2640,"href":"http:\/\/cvrcak-daruvar.com.hr\/index.php?rest_route=\/wp\/v2\/pages\/2628\/revisions\/2640"}],"wp:attachment":[{"href":"http:\/\/cvrcak-daruvar.com.hr\/index.php?rest_route=%2Fwp%2Fv2%2Fmedia&parent=2628"}],"curies":[{"name":"wp","href":"https:\/\/api.w.org\/{rel}","templated":true}]}}