{"id":2617,"date":"2014-05-16T22:27:32","date_gmt":"2014-05-16T20:27:32","guid":{"rendered":"http:\/\/cvrcak-daruvar.com.hr\/?page_id=2617"},"modified":"2015-04-27T13:31:48","modified_gmt":"2015-04-27T11:31:48","slug":"literarni-kutak-2","status":"publish","type":"page","link":"http:\/\/cvrcak-daruvar.com.hr\/?page_id=2617","title":{"rendered":"Literarni kutak 2013.\/2014."},"content":{"rendered":"<p><a title=\"Veseli svijet\" href=\"http:\/\/cvrcak-daruvar.com.hr\/?page_id=2628\">Veseli svijet<\/a><\/p>\n<p><a title=\"Maj\u010dina ljubav je beskrajna\" href=\"http:\/\/cvrcak-daruvar.com.hr\/?page_id=2723\">Maj\u010dina ljubav je beskrajna<\/a><\/p>\n<p><a title=\"Svijet osma\u0161a\" href=\"http:\/\/cvrcak-daruvar.com.hr\/?page_id=2741\">Svijet osma\u0161a<\/a><\/p>\n<p><a title=\"Na\u0161i dani za pam\u010denje\" href=\"http:\/\/cvrcak-daruvar.com.hr\/?page_id=2748\">Na\u0161i dani za pam\u010denje<\/a><\/p>\n<p>&nbsp;<\/p>\n\n<table id=\"tablepress-3\" class=\"tablepress tablepress-id-3\">\n<tbody class=\"row-hover\">\n<tr class=\"row-1 odd\">\n\t<td class=\"column-1\">\u017dupanijsko natjecanje u poznavanju hrvatskoga jezika \u2013 Rovi\u0161\u0107e 2014.<br \/>\n<br \/>\nZnanje proizlazi iz iskustava koja stje\u010demo.<br \/>\n<br \/>\nIako u po\u010detku nisam bila sigurna ho\u0107u li se pridru\u017eiti dodatnoj nastavi, nastavnica me uvjerila da mi dodatno u\u010denje hrvatskoga jezika mo\u017ee donijeti samo dobro. \u010cinilo se kako je natjecanje daleko sve do 5. o\u017eujka 2014.,  dana polaska u Rovi\u0161\u0107e. <br \/>\n\tOkupili smo se u O\u0160 Rovi\u0161\u0107e. Bilo je zanimljivo upoznati nove ljude. U\u0161li smo u u\u010dionicu u kojoj \u0107emo pisati ispit. Bila sam pomalo nesigurna, ali su moju nesigurnost izbrisala nasmije\u0161ena lica nastavnica koje su nam po\u017eeljele puno uspjeha.<br \/>\n\tIspit nije bio nimalo jednostavan. Zadatci su zahtijevali potpunu koncentraciju i razmi\u0161ljanje o vi\u0161e gramati\u010dkih zakonitosti istovremeno.<br \/>\n\tNakon ispita slijedilo je dru\u017eenje. Svi smo se opustili. Dok su nastavnici ispravljali ispite, mi smo gledali film. Djeca su sve \u010de\u0161\u0107e pogledavala na sat i\u0161\u010dekuju\u0107i rezultate. U zraku se osje\u0107ala nestrpljivost. <br \/>\n\tNapokon su objavljeni rezultati. \u010cetvrta sam! Bila sam ponosna na sebe i zahvalna nastavnici koja me podu\u010dila bitnim stvarima i vjerovala u mene.<br \/>\n\tNa progla\u0161enju su nam uru\u010dili pohvalnice i cvije\u0107e. Svi mi koji smo pristupili \u017dupanijskom natjecanju u poznavanju hrvatskoga jezika osje\u0107ali smo se pobjednicima. <br \/>\n\tZnam da se trud isplati. Svi sati koje sam ulo\u017eila vje\u017ebaju\u0107i, isplatili su se. Nastavljam vje\u017ebati i pripremati se za sljede\u0107e natjecanje i za nova iskustva.<br \/>\n<br \/>\n<br \/>\n                                                                                                           Mihaela Id\u017eanovi\u0107, 7.d<br \/>\n<\/td>\n<\/tr>\n<\/tbody>\n<\/table>\n<!-- #tablepress-3 from cache -->\n<p>&nbsp;<\/p>\n\n<table id=\"tablepress-8\" class=\"tablepress tablepress-id-8\">\n<tbody class=\"row-hover\">\n<tr class=\"row-1 odd\">\n\t<td class=\"column-1\">To je bio dan za pam\u0107enje<br \/>\n<br \/>\nIz \u0161kole sam se vratio<br \/>\nDo ku\u0107e svratio,<br \/>\nNazvao prijatelje,<br \/>\nInternetske krotitelje.<br \/>\n<br \/>\nU novoj igri stajali smo mi<br \/>\nNadimci su nam bili TheWestShefiff, Dodiplay i Madman K 3<br \/>\n<br \/>\n\u0160krinje sam si stvorio<br \/>\nU spilju prolaz otvorio.<br \/>\n<br \/>\nKantu vode stavili smo,<br \/>\nNova vrata pravili smo<br \/>\nDijamante smo mi kopali<br \/>\nU novu spilju pali<br \/>\nI Sheriffovu farmu brzo razvalili.<br \/>\n<br \/>\nUbrzo je do\u0161ao kraj ovoj internetskoj idili<br \/>\nI samo smo svi, odjednom, ra\u010dunala isklju\u010dili.<br \/>\n<br \/>\n<br \/>\nTo je tek bio po\u010detak<br \/>\nI ne nadzire se zavr\u0161etak.<br \/>\nIgrali smo jo\u0161 i dalje,<br \/>\nNo ovoj pjesmi sada kraj je!<br \/>\n<br \/>\nKarlo Lu\u010dan, 6.b<br \/>\n<\/td><td class=\"column-2\">Prijateljstvo<br \/>\n<br \/>\nNemoj nesretna biti<br \/>\nruku \u0107e ti uvijek netko pru\u017eiti.<br \/>\n<br \/>\nAko te obavije tama<br \/>\nne zaboravi,<br \/>\nnisi sama!<br \/>\n<br \/>\nNetko \u0107e ti uvijek ruku pru\u017eiti,<br \/>\nali znaj,<br \/>\nprijateljstvo treba zaslu\u017eiti!<br \/>\n                             <br \/>\n                       Nada Tuti\u0107, 6.b<br \/>\n<\/td>\n<\/tr>\n<tr class=\"row-2 even\">\n\t<td class=\"column-1\">Sport<br \/>\n<br \/>\nNjega voli svatko,<br \/>\nA kada pobijedi\u0161 to je tek slatko.<br \/>\nU tijelu zdrav duh, ka\u017eu na\u0161i stari,<br \/>\nSvi ga volimo i ni\u0161ta nam ne fali.<br \/>\n<br \/>\nEkipa se skuplja,<br \/>\nSpremni smo za tren oka u\u0107i na teren\u2026<br \/>\nDodaj! Pucaj! Zabij gol!<br \/>\nTo je pravi spoj!<br \/>\n<br \/>\nKada trenira\u0161<br \/>\nPrava je  \u201estvar\u201c<br \/>\nPuno smijeha, veselja \u2013<br \/>\nI najljep\u0161ih \u017eelja!<br \/>\n<br \/>\nSport je fora,<br \/>\nSport je o. k.<br \/>\nZato ga volimo najvi\u0161e,<br \/>\nHej!<br \/>\n<br \/>\nKarlo \u010cuhnil, 6.b<br \/>\n<\/td><td class=\"column-2\">To je prolje\u0107e<br \/>\n<br \/>\nProlje\u0107e nam je stiglo<br \/>\npuno \u0161arenih boja,<br \/>\nmo\u017ee se prona\u0107i<br \/>\ni proljetnica koja.<br \/>\n<br \/>\nZazvonila su zvonca<br \/>\nvisibaba bijelih,<br \/>\nboji \u017eutoj<br \/>\njaglac se veseli.<br \/>\nDok ljubi\u010dica<br \/>\n\u0160e\u0161ir ljubi\u010dasti \u017eeli.<br \/>\n<br \/>\nProlje\u0107e se veselo smije<br \/>\nDok blagi vjetri\u0107 grane vije.<br \/>\n<br \/>\nAna Marija Caha, 6.b<br \/>\n<\/td>\n<\/tr>\n<\/tbody>\n<\/table>\n<!-- #tablepress-8 from cache -->\n<p>&nbsp;<\/p>\n\n<table id=\"tablepress-12\" class=\"tablepress tablepress-id-12\">\n<tbody class=\"row-hover\">\n<tr class=\"row-1 odd\">\n\t<td class=\"column-1\">PRI\u010cA S LIVADE<br \/>\n<br \/>\n<br \/>\nJednog proljetnog dana na\u0161li su se na livadi  masla\u010dak i radoznala tratin\u010dica. Gledali su jedno u drugo i \u010dudili se. <br \/>\nNakon  nekog vremena upita tratin\u010dica masla\u010dka kako se zove, \u0161to  je  on, ima li posao, gdje \u017eivi i koliko mu je dana. Masla\u010dak se \u010dudio jer za cijela svoga \u017eivota nije \u010duo toliko pitanja. Onda stade odgovarati. Rekao je  kako se zove Marin, da je cvijet, kako nema posao, da \u017eivi na livadi i da mu je 36 dana. Ona se stalno htjela  igrati s masla\u010dkom, ali on bi uvijek rekao: ,,ja sam prestar za igru.\u201c \u0161to je bilo najgore, masla\u010dak je stalno \u0161utio i \u010ditao novine. Nije htio razgovarati ni igrati se s tratin\u010dicom. <br \/>\nNakon nekog vremena tratin\u010dica si je prona\u0161la novu prijateljicu. Zvala se Magdalena i tako\u0111er je bila tratin\u010dica. Njih dvije su se stalno igrale i pri\u010dale. Dvije tratin\u010dice uvijek su bile sretne, a stari masla\u010dak samo je \u010ditao, \u010ditao, \u010ditao i \u0161utio. Magdalena i tratin\u010dica rasle su i rasle dok ih dvije djevoj\u010dice nisu ubrale i odnijele ih ku\u0107i. U toj ku\u0107i je zavr\u0161io njihov veseo, zaigran i zabavan \u017eivot.<br \/>\n<br \/>\n<br \/>\n<br \/>\nToni  Nokta, 4.c<br \/>\n<\/td>\n<\/tr>\n<tr class=\"row-2 even\">\n\t<td class=\"column-1\">Prolje\u0107e<br \/>\n<br \/>\nU cik proljetne zore <br \/>\nprobudila sam se ja. <br \/>\nU podne iza\u0161la sam van <br \/>\ni ka\u017eem vjeverici dobar dan! <br \/>\nAh, taj miris svje\u017e i proljetnice male <br \/>\nkoje svojim glavicama diraju niske grane. <br \/>\nKapi proljetne rose <br \/>\n\u010dine ptice bose. <br \/>\nTo lijepo prolje\u0107e <br \/>\nuvijek se javlja u jedno stolje\u0107e. <br \/>\nPjev mladih ptica <br \/>\nnazvale su ma\u010dku - mica. <br \/>\nVisibaba se u jutro budi, <br \/>\njaglac u podne, <br \/>\na ljubi\u010dica, <br \/>\n\u0161to da ka\u017eem, <br \/>\nona je spavalica. <br \/>\nPsi\u0107 prote\u017ee kratke noge, <br \/>\na u\u0161i bi mogle slu\u0161ati zov prolje\u0107a. <br \/>\nKad vidim to sve <br \/>\nlane mi ka\u017ee: \u201eGle! \u0160to se to mi\u010de?<br \/>\nKakva je to dreka? <br \/>\nZar u \u0161umi prolje\u0107e ve\u0107 \u010deka?\u201c <br \/>\nAh, to je tako prolje\u0107e ne \u010deka, <br \/>\nmi\u010de zimske deke <br \/>\ni stavlja meke <br \/>\nzrake toplog, sna\u017enog i sjajnog sunca. <br \/>\nTe sve stvari \u010dine proljetnu radost i<br \/>\n na\u0161u mladost. <br \/>\nTi svje\u017ei mirisni dani <br \/>\ntrajali su jo\u0161 samo lani.<br \/>\n<br \/>\n\t\t\t\t\t\tNika Tuti\u0107<br \/>\n<\/td>\n<\/tr>\n<\/tbody>\n<\/table>\n<!-- #tablepress-12 from cache -->\n","protected":false},"excerpt":{"rendered":"<p>Veseli svijet Maj\u010dina ljubav je beskrajna Svijet osma\u0161a Na\u0161i dani za pam\u010denje &nbsp; &nbsp; &nbsp;<\/p>\n","protected":false},"author":2,"featured_media":0,"parent":0,"menu_order":0,"comment_status":"closed","ping_status":"closed","template":"","meta":[],"_links":{"self":[{"href":"http:\/\/cvrcak-daruvar.com.hr\/index.php?rest_route=\/wp\/v2\/pages\/2617"}],"collection":[{"href":"http:\/\/cvrcak-daruvar.com.hr\/index.php?rest_route=\/wp\/v2\/pages"}],"about":[{"href":"http:\/\/cvrcak-daruvar.com.hr\/index.php?rest_route=\/wp\/v2\/types\/page"}],"author":[{"embeddable":true,"href":"http:\/\/cvrcak-daruvar.com.hr\/index.php?rest_route=\/wp\/v2\/users\/2"}],"replies":[{"embeddable":true,"href":"http:\/\/cvrcak-daruvar.com.hr\/index.php?rest_route=%2Fwp%2Fv2%2Fcomments&post=2617"}],"version-history":[{"count":9,"href":"http:\/\/cvrcak-daruvar.com.hr\/index.php?rest_route=\/wp\/v2\/pages\/2617\/revisions"}],"predecessor-version":[{"id":3039,"href":"http:\/\/cvrcak-daruvar.com.hr\/index.php?rest_route=\/wp\/v2\/pages\/2617\/revisions\/3039"}],"wp:attachment":[{"href":"http:\/\/cvrcak-daruvar.com.hr\/index.php?rest_route=%2Fwp%2Fv2%2Fmedia&parent=2617"}],"curies":[{"name":"wp","href":"https:\/\/api.w.org\/{rel}","templated":true}]}}