{"id":2583,"date":"2014-05-16T22:08:52","date_gmt":"2014-05-16T20:08:52","guid":{"rendered":"http:\/\/cvrcak-daruvar.com.hr\/?page_id=2583"},"modified":"2015-04-27T13:49:19","modified_gmt":"2015-04-27T11:49:19","slug":"skolske-aktivnosti","status":"publish","type":"page","link":"http:\/\/cvrcak-daruvar.com.hr\/?page_id=2583","title":{"rendered":"\u0160KOLSKE AKTIVNOSTI 2013.\/2014."},"content":{"rendered":"<h3><a title=\"MALI VESELI LUTKARI\" href=\"http:\/\/cvrcak-daruvar.com.hr\/?page_id=2906\">Mali veseli lutkari<\/a><\/h3>\n<h3><a title=\"Zbor\" href=\"http:\/\/cvrcak-daruvar.com.hr\/?page_id=2698\">Zbor<\/a><\/h3>\n<h3><a title=\"Europski tjedan programiranja\" href=\"http:\/\/cvrcak-daruvar.com.hr\/?page_id=2210\">Europski tjedan programiranja<\/a><\/h3>\n<h3><a title=\"Terenska nastava\" href=\"http:\/\/cvrcak-daruvar.com.hr\/?page_id=2773\">Terenska nastava<\/a><\/h3>\n<p>&nbsp;<\/p>\n<h2><\/h2>\n<h2><strong>Mladi vrtlari<\/strong><\/h2>\n\n<table id=\"tablepress-2\" class=\"tablepress tablepress-id-2\">\n<tbody class=\"row-hover\">\n<tr class=\"row-1 odd\">\n\t<td class=\"column-1\"><a href=\"http:\/\/cvrcak-daruvar.com.hr\/wp-content\/uploads\/2014\/05\/vrtlari.jpg\" class=\"gallery_colorbox\"><img src=\"http:\/\/cvrcak-daruvar.com.hr\/wp-content\/uploads\/2014\/05\/vrtlari-150x150.jpg\"  alt=\"\" width=\"150\" height=\"150\" class=\"aligncenter size-thumbnail wp-image-2580\" \/><\/a><\/td><td class=\"column-2\">Vrijedni u\u010denici, \u010dlanovi skupine \"Mladi vrtlari\" \u0161kole u Frankopanskoj, tijekom godine ure\u0111ivali su \u0161kolski okoli\u0161. U dvori\u0161tu na\u0161e \u0161kole posa\u0111en je vrt ljekovitog bilja. U vrtu su \"Mladi vrtlari\" posadili lavandu, neven i mentu.<\/td>\n<\/tr>\n<\/tbody>\n<\/table>\n<!-- #tablepress-2 from cache -->\n<p>&nbsp;<\/p>\n<p>&nbsp;<\/p>\n<h2><strong>Humanitarne skupine <\/strong><\/h2>\n\n<table id=\"tablepress-7\" class=\"tablepress tablepress-id-7\">\n<tbody class=\"row-hover\">\n<tr class=\"row-1 odd\">\n\t<td class=\"column-1\">Humanitarne skupine u na\u0161oj \u0161koli okupljaju u\u010denike od 5. do 8. razreda koji se \u017eele baviti kreativnim radom i rukotvorinama, a ujedno \u017eele pomo\u0107i onima kojima je pomo\u0107 potrebna. <br \/>\nOve smo \u0161kolske godine sudjelovali u humanitarnim aktivnostima na\u0161e \u0161kole, a neke i sami organizirali.<br \/>\nPovodom Dana kruha sudjelovali smo u akciji Od zlata jabuka pakiranjem i pripremanjem poklona koje su u\u010denici na\u0161e \u0161kole nosili u posjete starijim osobama. <br \/>\nPovodom Bo\u017ei\u0107a izra\u0111ivali smo bo\u017ei\u0107ne ukrase za Caritas. <br \/>\nPovodom Valentinova izradili smo ogrlice i narukvice s prigodnim ukrasima te smo organizirali humanitarnu prodaju na holovima \u0161kole u Gajevoj i Frankopanskoj. Sav prihod te akcije namijenjen je obitelji u\u010denika Ivana Tubi\u0107a.  <br \/>\nPovodom Uskrsa izra\u0111ivali smo pletene narukvice s razli\u010ditim perlicama, ukrasima i natpisima. <br \/>\nNa velikoj pomo\u0107i zahvaljujemo u\u010diteljicama Biserki Hre\u0161i\u0107 i Vesni Petranovi\u0107, s. Slavki Vrbani\u0107 i \u017deljki Juhas. <br \/>\nU pletenju narukvica postali smo ve\u0107 pravi majstori. Neke od na\u0161ih rukotvorina mo\u017eete vidjeti i na\u0161oj facebook stranici: Humani kreativci.<br \/>\nVoditeljice skupina: Suzana Lipovac i Tihana Petkovi\u0107<br \/>\n<\/td><td class=\"column-2\"><a href=\"http:\/\/cvrcak-daruvar.com.hr\/wp-content\/uploads\/2014\/05\/humanitarna.jpg\" class=\"gallery_colorbox\"><img src=\"http:\/\/cvrcak-daruvar.com.hr\/wp-content\/uploads\/2014\/05\/humanitarna-150x150.jpg\"  alt=\"\" width=\"150\" height=\"150\" class=\"aligncenter size-thumbnail wp-image-2679\" \/><\/a><\/td>\n<\/tr>\n<\/tbody>\n<\/table>\n<!-- #tablepress-7 from cache -->\n<p>&nbsp;<\/p>\n<p>&nbsp;<\/p>\n<h2><strong>Akcije u suradnji s Crvenim kri\u017eem<\/strong><\/h2>\n\n<table id=\"tablepress-9\" class=\"tablepress tablepress-id-9\">\n<tbody class=\"row-hover\">\n<tr class=\"row-1 odd\">\n\t<td class=\"column-1\">U\u010denici  razredne nastave na\u0161e \u0161kole ove \u0161kolske godine sudjelovali su u dvije humanitarne akcije u suradnji s Crvenim kri\u017eem.<br \/>\nPrva akcija bila je \u201eSolidarnost na djelu\u201c u kojoj su u\u010denici prodavali bonove od 1,00 kn i 5,00 kn. <br \/>\nDruga akcija bila je prikupljanje rabljene odje\u0107e i obu\u0107e.<br \/>\nCilj obje akcije bio je motivirati djecu da pomognu ljudima u nevolji te razvijati empatiju.<br \/>\nObje akcije zavr\u0161ene su vrlo uspje\u0161no na obostrano zadovoljstvo.<br \/>\n                                                                          u\u010diteljica Anita \u0106ulibrk  <br \/>\n<\/td>\n<\/tr>\n<\/tbody>\n<\/table>\n<!-- #tablepress-9 from cache -->\n<p>&nbsp;<\/p>\n<p>&nbsp;<\/p>\n<h2><strong>Akcija ure\u0111enja \u0161kolskog dvori\u0161ta<\/strong><\/h2>\n\n<table id=\"tablepress-10\" class=\"tablepress tablepress-id-10\">\n<tbody class=\"row-hover\">\n<tr class=\"row-1 odd\">\n\t<td class=\"column-1\"><a href=\"http:\/\/cvrcak-daruvar.com.hr\/wp-content\/uploads\/2014\/05\/Dvoriste-1.jpg\" class=\"gallery_colorbox\"><img src=\"http:\/\/cvrcak-daruvar.com.hr\/wp-content\/uploads\/2014\/05\/Dvoriste-1-300x225.jpg\"  alt=\"\" width=\"300\" height=\"225\" class=\"aligncenter size-medium wp-image-2692\" \/><\/a><\/td>\n<\/tr>\n<tr class=\"row-2 even\">\n\t<td class=\"column-1\">U mjesecu travnju u\u010denici 2. a i 3. a razreda s roditeljima i u\u010diteljima sudjelovali <br \/>\nsu u akciji ure\u0111enja dijela \u0161kolskog dvori\u0161ta. <br \/>\nAkciju je organizirala U\u010deni\u010dka zadruga \u201eGinko\u201c.<br \/>\nPripremljena je povr\u0161ina i zasa\u0111eni su \u010dempresi, \u017eivica \u0161im\u0161ira i ru\u017ee stabla\u0161ice.<br \/>\nDio biljaka uzgojili su u\u010denici sa svojim u\u010diteljima.<br \/>\nZadovoljni u\u010dinjenim i okrijepljeni, dogovorili su budu\u0107e radove.<br \/>\n<br \/>\n\t\t\t\t\t\tAnita \u0106ulibrk i Sini\u0161a \u0106ulibrk<br \/>\n<\/td>\n<\/tr>\n<tr class=\"row-3 odd\">\n\t<td class=\"column-1\"><a href=\"http:\/\/cvrcak-daruvar.com.hr\/wp-content\/uploads\/2014\/05\/Dvoriste-2.jpg\" class=\"gallery_colorbox\"><img src=\"http:\/\/cvrcak-daruvar.com.hr\/wp-content\/uploads\/2014\/05\/Dvoriste-2-300x225.jpg\"  alt=\"\" width=\"300\" height=\"225\" class=\"aligncenter size-medium wp-image-2693\" \/><\/a><\/td>\n<\/tr>\n<\/tbody>\n<\/table>\n<!-- #tablepress-10 from cache -->\n","protected":false},"excerpt":{"rendered":"<p>Mali veseli lutkari Zbor Europski tjedan programiranja Terenska nastava &nbsp; Mladi vrtlari &nbsp; &nbsp; Humanitarne skupine &nbsp; &nbsp; Akcije u suradnji s Crvenim kri\u017eem &nbsp; &nbsp; Akcija ure\u0111enja \u0161kolskog dvori\u0161ta<\/p>\n","protected":false},"author":2,"featured_media":0,"parent":0,"menu_order":0,"comment_status":"closed","ping_status":"closed","template":"","meta":[],"_links":{"self":[{"href":"http:\/\/cvrcak-daruvar.com.hr\/index.php?rest_route=\/wp\/v2\/pages\/2583"}],"collection":[{"href":"http:\/\/cvrcak-daruvar.com.hr\/index.php?rest_route=\/wp\/v2\/pages"}],"about":[{"href":"http:\/\/cvrcak-daruvar.com.hr\/index.php?rest_route=\/wp\/v2\/types\/page"}],"author":[{"embeddable":true,"href":"http:\/\/cvrcak-daruvar.com.hr\/index.php?rest_route=\/wp\/v2\/users\/2"}],"replies":[{"embeddable":true,"href":"http:\/\/cvrcak-daruvar.com.hr\/index.php?rest_route=%2Fwp%2Fv2%2Fcomments&post=2583"}],"version-history":[{"count":12,"href":"http:\/\/cvrcak-daruvar.com.hr\/index.php?rest_route=\/wp\/v2\/pages\/2583\/revisions"}],"predecessor-version":[{"id":3051,"href":"http:\/\/cvrcak-daruvar.com.hr\/index.php?rest_route=\/wp\/v2\/pages\/2583\/revisions\/3051"}],"wp:attachment":[{"href":"http:\/\/cvrcak-daruvar.com.hr\/index.php?rest_route=%2Fwp%2Fv2%2Fmedia&parent=2583"}],"curies":[{"name":"wp","href":"https:\/\/api.w.org\/{rel}","templated":true}]}}