{"id":256,"date":"2012-05-31T18:02:43","date_gmt":"2012-05-31T18:02:43","guid":{"rendered":"http:\/\/cvrcak-daruvar.com.hr\/?page_id=256"},"modified":"2012-12-12T17:24:26","modified_gmt":"2012-12-12T16:24:26","slug":"mladi-vrtlari","status":"publish","type":"page","link":"http:\/\/cvrcak-daruvar.com.hr\/?page_id=256","title":{"rendered":"Mladi vrtlari"},"content":{"rendered":"<p>U sklopu izvannastavnih aktivnosti djeluje skupina \u201eMladi vrtlari\u201c koji se brinu o okoli\u0161u \u0161kole u Frankopanskoj ulici. Tijekom godine ure\u0111ujemo cvjetne gredice, sadimo i orezujemo ukrasno grmlje i\u00a0 trudimo se, zajedno s pomo\u0107no-tehni\u010dkim osobljem, kako bi boravak u \u0161koli svima bio lijep i ugodan.<\/p>\n<p>Sudjelovali smo u humanitarnoj akciji \u201cNau\u010dimo dobrotu\u201c\u00a0 i akciji \u201eZelena \u010distka\u201c.<\/p>\n<p><a href=\"http:\/\/cvrcak-daruvar.com.hr\/wp-content\/uploads\/2012\/05\/vrtlari-001.jpg\" class=\"gallery_colorbox\"><img decoding=\"async\" loading=\"lazy\" class=\"aligncenter size-full wp-image-257\" title=\"OLYMPUS DIGITAL CAMERA\" src=\"http:\/\/cvrcak-daruvar.com.hr\/wp-content\/uploads\/2012\/05\/vrtlari-001.jpg\"  alt=\"\" width=\"448\" height=\"336\" srcset=\"http:\/\/cvrcak-daruvar.com.hr\/wp-content\/uploads\/2012\/05\/vrtlari-001.jpg 448w, http:\/\/cvrcak-daruvar.com.hr\/wp-content\/uploads\/2012\/05\/vrtlari-001-300x224.jpg 300w\" sizes=\"(max-width: 448px) 100vw, 448px\" \/><\/a><\/p>\n<p>&nbsp;<\/p>\n<p><a href=\"http:\/\/cvrcak-daruvar.com.hr\/wp-content\/uploads\/2012\/05\/vrtlari-012.jpg\" class=\"gallery_colorbox\"><img decoding=\"async\" loading=\"lazy\" class=\"aligncenter size-full wp-image-258\" title=\"OLYMPUS DIGITAL CAMERA\" src=\"http:\/\/cvrcak-daruvar.com.hr\/wp-content\/uploads\/2012\/05\/vrtlari-012.jpg\"  alt=\"\" width=\"448\" height=\"336\" srcset=\"http:\/\/cvrcak-daruvar.com.hr\/wp-content\/uploads\/2012\/05\/vrtlari-012.jpg 448w, http:\/\/cvrcak-daruvar.com.hr\/wp-content\/uploads\/2012\/05\/vrtlari-012-300x224.jpg 300w\" sizes=\"(max-width: 448px) 100vw, 448px\" \/><\/a><\/p>\n<p>&nbsp;<\/p>\n<p><a href=\"http:\/\/cvrcak-daruvar.com.hr\/wp-content\/uploads\/2012\/05\/vrtlari-019.jpg\" class=\"gallery_colorbox\"><img decoding=\"async\" loading=\"lazy\" class=\"aligncenter size-full wp-image-259\" title=\"OLYMPUS DIGITAL CAMERA\" src=\"http:\/\/cvrcak-daruvar.com.hr\/wp-content\/uploads\/2012\/05\/vrtlari-019.jpg\"  alt=\"\" width=\"448\" height=\"336\" srcset=\"http:\/\/cvrcak-daruvar.com.hr\/wp-content\/uploads\/2012\/05\/vrtlari-019.jpg 448w, http:\/\/cvrcak-daruvar.com.hr\/wp-content\/uploads\/2012\/05\/vrtlari-019-300x224.jpg 300w\" sizes=\"(max-width: 448px) 100vw, 448px\" \/><\/a><\/p>\n","protected":false},"excerpt":{"rendered":"<p>U sklopu izvannastavnih aktivnosti djeluje skupina \u201eMladi vrtlari\u201c koji se brinu o okoli\u0161u \u0161kole u Frankopanskoj ulici. Tijekom godine ure\u0111ujemo cvjetne gredice, sadimo i orezujemo ukrasno grmlje i\u00a0 trudimo se, zajedno s pomo\u0107no-tehni\u010dkim osobljem, kako bi boravak u \u0161koli svima bio lijep i ugodan. Sudjelovali smo u humanitarnoj akciji \u201cNau\u010dimo dobrotu\u201c\u00a0 i akciji \u201eZelena \u010distka\u201c. [&hellip;]<\/p>\n","protected":false},"author":1,"featured_media":0,"parent":827,"menu_order":0,"comment_status":"closed","ping_status":"closed","template":"","meta":[],"_links":{"self":[{"href":"http:\/\/cvrcak-daruvar.com.hr\/index.php?rest_route=\/wp\/v2\/pages\/256"}],"collection":[{"href":"http:\/\/cvrcak-daruvar.com.hr\/index.php?rest_route=\/wp\/v2\/pages"}],"about":[{"href":"http:\/\/cvrcak-daruvar.com.hr\/index.php?rest_route=\/wp\/v2\/types\/page"}],"author":[{"embeddable":true,"href":"http:\/\/cvrcak-daruvar.com.hr\/index.php?rest_route=\/wp\/v2\/users\/1"}],"replies":[{"embeddable":true,"href":"http:\/\/cvrcak-daruvar.com.hr\/index.php?rest_route=%2Fwp%2Fv2%2Fcomments&post=256"}],"version-history":[{"count":3,"href":"http:\/\/cvrcak-daruvar.com.hr\/index.php?rest_route=\/wp\/v2\/pages\/256\/revisions"}],"predecessor-version":[{"id":261,"href":"http:\/\/cvrcak-daruvar.com.hr\/index.php?rest_route=\/wp\/v2\/pages\/256\/revisions\/261"}],"up":[{"embeddable":true,"href":"http:\/\/cvrcak-daruvar.com.hr\/index.php?rest_route=\/wp\/v2\/pages\/827"}],"wp:attachment":[{"href":"http:\/\/cvrcak-daruvar.com.hr\/index.php?rest_route=%2Fwp%2Fv2%2Fmedia&parent=256"}],"curies":[{"name":"wp","href":"https:\/\/api.w.org\/{rel}","templated":true}]}}