{"id":245,"date":"2012-05-31T17:53:36","date_gmt":"2012-05-31T17:53:36","guid":{"rendered":"http:\/\/cvrcak-daruvar.com.hr\/?page_id=245"},"modified":"2012-12-12T17:24:03","modified_gmt":"2012-12-12T16:24:03","slug":"knjiznicni-kutak","status":"publish","type":"page","link":"http:\/\/cvrcak-daruvar.com.hr\/?page_id=245","title":{"rendered":"Knji\u017eni\u010dni kutak"},"content":{"rendered":"<p>KNJI\u017dNICA?! \u0160TO SE U NJOJ DOGA\u0110A? \u0160TO KNJI\u017dNI\u010cARKA RADI DOK STE VI NA NASTAVI? \u2026i jo\u0161 ne\u0161to\u2026<\/p>\n<div id=\"attachment_248\" style=\"width: 310px\" class=\"wp-caption alignright\"><a href=\"http:\/\/cvrcak-daruvar.com.hr\/wp-content\/uploads\/2012\/05\/Posjet-knji\u017enici-P\u0160-Batinjani-i-Ivanovo-Polje.jpg\" class=\"gallery_colorbox\"><img aria-describedby=\"caption-attachment-248\" decoding=\"async\" loading=\"lazy\" class=\"size-medium wp-image-248\" title=\"Posjet knji\u017enici P\u0160 Batinjani i Ivanovo Polje\" src=\"http:\/\/cvrcak-daruvar.com.hr\/wp-content\/uploads\/2012\/05\/Posjet-knji\u017enici-P\u0160-Batinjani-i-Ivanovo-Polje-300x224.jpg\"  alt=\"\" width=\"300\" height=\"224\" srcset=\"http:\/\/cvrcak-daruvar.com.hr\/wp-content\/uploads\/2012\/05\/Posjet-knji\u017enici-P\u0160-Batinjani-i-Ivanovo-Polje-300x224.jpg 300w, http:\/\/cvrcak-daruvar.com.hr\/wp-content\/uploads\/2012\/05\/Posjet-knji\u017enici-P\u0160-Batinjani-i-Ivanovo-Polje.jpg 448w\" sizes=\"(max-width: 300px) 100vw, 300px\" \/><\/a><p id=\"caption-attachment-248\" class=\"wp-caption-text\">Posjet knji\u017enici P\u0160 Batinjani i P\u0160 Ivanovo Polje<\/p><\/div>\n<p>Knji\u017enica je smje\u0161tena u sredi\u0161tu \u0161kole, a svrha joj je biti na usluzi svim u\u010denicima i djelatnicima. Kroz obavljanje poslova odgojno-obrazovnog, stru\u010dno-knji\u017eni\u010dnog i kulturne i javne djelatnosti nabrojati je one zanimljivije tijekom godine.<\/p>\n<p>U knji\u017enici se odr\u017eava nastava iz pojedinih predmeta, kako redovna tako dopunska i dodatna, gledaju se filmovi, igraju se didakti\u010dke igre, izra\u0111uju se plakati o zna\u010dajnim doga\u0111ajima, temama, datumima, filmovima\u2026ali i plakati u suradnji s\u00a0 nastavnicima npr. Nau\u010dimo dobrotu.<\/p>\n<p><a href=\"http:\/\/cvrcak-daruvar.com.hr\/wp-content\/uploads\/2012\/05\/DSC02788.jpg\" class=\"gallery_colorbox\"><img decoding=\"async\" loading=\"lazy\" class=\"aligncenter size-full wp-image-249\" title=\"DSC02788\" src=\"http:\/\/cvrcak-daruvar.com.hr\/wp-content\/uploads\/2012\/05\/DSC02788.jpg\"  alt=\"\" width=\"448\" height=\"336\" srcset=\"http:\/\/cvrcak-daruvar.com.hr\/wp-content\/uploads\/2012\/05\/DSC02788.jpg 448w, http:\/\/cvrcak-daruvar.com.hr\/wp-content\/uploads\/2012\/05\/DSC02788-300x224.jpg 300w\" sizes=\"(max-width: 448px) 100vw, 448px\" \/><\/a><\/p>\n<p><a href=\"http:\/\/cvrcak-daruvar.com.hr\/wp-content\/uploads\/2012\/05\/DSC02790.jpg\" class=\"gallery_colorbox\"><img decoding=\"async\" loading=\"lazy\" class=\"aligncenter size-full wp-image-250\" title=\"DSC02790\" src=\"http:\/\/cvrcak-daruvar.com.hr\/wp-content\/uploads\/2012\/05\/DSC02790.jpg\"  alt=\"\" width=\"448\" height=\"336\" srcset=\"http:\/\/cvrcak-daruvar.com.hr\/wp-content\/uploads\/2012\/05\/DSC02790.jpg 448w, http:\/\/cvrcak-daruvar.com.hr\/wp-content\/uploads\/2012\/05\/DSC02790-300x224.jpg 300w\" sizes=\"(max-width: 448px) 100vw, 448px\" \/><\/a><\/p>\n<p>Knji\u017eni\u010darka sudjeluje u svim \u0161kolskim zbivanjima na na\u010din da uspostavlja suradnju, organizira sat, prikuplja potrebne materijale, sredstva i pomagala i td.,\u00a0 pou\u010dava u\u010denike vje\u0161tinama koji su potrebni za vrednovanje informacija, cjelo\u017eivotno u\u010denje i jo\u0161 mnogo toga.<br \/>\n<a href=\"http:\/\/cvrcak-daruvar.com.hr\/wp-content\/uploads\/2012\/05\/P1070277.jpg\" class=\"gallery_colorbox\"><img decoding=\"async\" loading=\"lazy\" class=\"alignleft size-medium wp-image-251\" title=\"P1070277\" src=\"http:\/\/cvrcak-daruvar.com.hr\/wp-content\/uploads\/2012\/05\/P1070277-300x224.jpg\"  alt=\"\" width=\"300\" height=\"224\" srcset=\"http:\/\/cvrcak-daruvar.com.hr\/wp-content\/uploads\/2012\/05\/P1070277-300x224.jpg 300w, http:\/\/cvrcak-daruvar.com.hr\/wp-content\/uploads\/2012\/05\/P1070277.jpg 448w\" sizes=\"(max-width: 300px) 100vw, 300px\" \/><\/a>Knji\u017enica je idealno mjesto za organiziranje projekata, radionica, natjecanja, medijske nastave za \u0161to se najvi\u0161e i koristi no pogodna je i za primjenu najsuvremenijih oblika pou\u010davanja kao \u0161to je\u00a0 intermedijalni i interdisciplinarni pristup s obzirom da prostor vrvi informacijama.<br \/>\nPreko knji\u017enice se naru\u010duju ud\u017ebenici, knjige za lektiru i slobodno \u010ditanje, stru\u010dna literatura za nastavnike, ravnatelja i stru\u010dne suradnike.<br \/>\nTijekom godine u knji\u017enici je organizirano sortiranje pisama za Valentinovo i\u00a0 radionica kreativnog pisanja ljubavnih pisama, posjet kazali\u0161tu u Zagreb, razmjena rabljenih ud\u017ebenika i td.<br \/>\n<a href=\"http:\/\/cvrcak-daruvar.com.hr\/wp-content\/uploads\/2012\/05\/P10702771.jpg\" class=\"gallery_colorbox\"><img decoding=\"async\" loading=\"lazy\" class=\"alignright size-medium wp-image-252\" title=\"P1070277\" src=\"http:\/\/cvrcak-daruvar.com.hr\/wp-content\/uploads\/2012\/05\/P10702771-300x224.jpg\"  alt=\"\" width=\"300\" height=\"224\" srcset=\"http:\/\/cvrcak-daruvar.com.hr\/wp-content\/uploads\/2012\/05\/P10702771-300x224.jpg 300w, http:\/\/cvrcak-daruvar.com.hr\/wp-content\/uploads\/2012\/05\/P10702771.jpg 448w\" sizes=\"(max-width: 300px) 100vw, 300px\" \/><\/a>U\u010denici rado s knji\u017eni\u010darkom izra\u0111uju tematske panoe, poma\u017eu u obnovi o\u0161te\u0107enih knjiga i drugo.<br \/>\nKnji\u017enica je ogledalo \u0161kole i predstavlja most izme\u0111u knji\u017enice i u\u010denika, nastavnika, stru\u010dnih suradnika, tehni\u010dkog, administrativnog osoblja, ali i javnih ustanova kako \u0161to su muzeji,kazali\u0161ta, druge knji\u017enice i \u0161kole, razni nakladnici.<\/p>\n<p>Nadam se da \u0107emo svi zajedno ustrajati u boga\u0107enju vrijednosti koje oplemenjuju \u010dovjeka!<\/p>\n<p style=\"text-align: right;\"><em>Va\u0161a knji\u017eni\u010darka<\/em>,<br \/>\n<em>Lana Borjan\u00a0<\/em><\/p>\n<div id=\"attachment_253\" style=\"width: 458px\" class=\"wp-caption aligncenter\"><a href=\"http:\/\/cvrcak-daruvar.com.hr\/wp-content\/uploads\/2012\/05\/Posjet-knji\u017enici.jpg\" class=\"gallery_colorbox\"><img aria-describedby=\"caption-attachment-253\" decoding=\"async\" loading=\"lazy\" class=\"size-full wp-image-253\" title=\"Posjet knji\u017enici\" src=\"http:\/\/cvrcak-daruvar.com.hr\/wp-content\/uploads\/2012\/05\/Posjet-knji\u017enici.jpg\"  alt=\"\" width=\"448\" height=\"336\" srcset=\"http:\/\/cvrcak-daruvar.com.hr\/wp-content\/uploads\/2012\/05\/Posjet-knji\u017enici.jpg 448w, http:\/\/cvrcak-daruvar.com.hr\/wp-content\/uploads\/2012\/05\/Posjet-knji\u017enici-300x224.jpg 300w\" sizes=\"(max-width: 448px) 100vw, 448px\" \/><\/a><p id=\"caption-attachment-253\" class=\"wp-caption-text\">Posjet knji\u017enici<\/p><\/div>\n<p>&nbsp;<\/p>\n<div id=\"attachment_254\" style=\"width: 458px\" class=\"wp-caption aligncenter\"><a href=\"http:\/\/cvrcak-daruvar.com.hr\/wp-content\/uploads\/2012\/05\/Terenska-nastava-23.11.2011-Daruvar-006.jpg\" class=\"gallery_colorbox\"><img aria-describedby=\"caption-attachment-254\" decoding=\"async\" loading=\"lazy\" class=\"size-full wp-image-254\" title=\"Terenska nastava 23.11.2011 Daruvar 006\" src=\"http:\/\/cvrcak-daruvar.com.hr\/wp-content\/uploads\/2012\/05\/Terenska-nastava-23.11.2011-Daruvar-006.jpg\"  alt=\"\" width=\"448\" height=\"336\" srcset=\"http:\/\/cvrcak-daruvar.com.hr\/wp-content\/uploads\/2012\/05\/Terenska-nastava-23.11.2011-Daruvar-006.jpg 448w, http:\/\/cvrcak-daruvar.com.hr\/wp-content\/uploads\/2012\/05\/Terenska-nastava-23.11.2011-Daruvar-006-300x224.jpg 300w\" sizes=\"(max-width: 448px) 100vw, 448px\" \/><\/a><p id=\"caption-attachment-254\" class=\"wp-caption-text\">Terenska nastava<\/p><\/div>\n","protected":false},"excerpt":{"rendered":"<p>KNJI\u017dNICA?! \u0160TO SE U NJOJ DOGA\u0110A? \u0160TO KNJI\u017dNI\u010cARKA RADI DOK STE VI NA NASTAVI? \u2026i jo\u0161 ne\u0161to\u2026 Knji\u017enica je smje\u0161tena u sredi\u0161tu \u0161kole, a svrha joj je biti na usluzi svim u\u010denicima i djelatnicima. Kroz obavljanje poslova odgojno-obrazovnog, stru\u010dno-knji\u017eni\u010dnog i kulturne i javne djelatnosti nabrojati je one zanimljivije tijekom godine. U knji\u017enici se odr\u017eava nastava [&hellip;]<\/p>\n","protected":false},"author":1,"featured_media":0,"parent":827,"menu_order":0,"comment_status":"closed","ping_status":"closed","template":"","meta":[],"_links":{"self":[{"href":"http:\/\/cvrcak-daruvar.com.hr\/index.php?rest_route=\/wp\/v2\/pages\/245"}],"collection":[{"href":"http:\/\/cvrcak-daruvar.com.hr\/index.php?rest_route=\/wp\/v2\/pages"}],"about":[{"href":"http:\/\/cvrcak-daruvar.com.hr\/index.php?rest_route=\/wp\/v2\/types\/page"}],"author":[{"embeddable":true,"href":"http:\/\/cvrcak-daruvar.com.hr\/index.php?rest_route=\/wp\/v2\/users\/1"}],"replies":[{"embeddable":true,"href":"http:\/\/cvrcak-daruvar.com.hr\/index.php?rest_route=%2Fwp%2Fv2%2Fcomments&post=245"}],"version-history":[{"count":4,"href":"http:\/\/cvrcak-daruvar.com.hr\/index.php?rest_route=\/wp\/v2\/pages\/245\/revisions"}],"predecessor-version":[{"id":247,"href":"http:\/\/cvrcak-daruvar.com.hr\/index.php?rest_route=\/wp\/v2\/pages\/245\/revisions\/247"}],"up":[{"embeddable":true,"href":"http:\/\/cvrcak-daruvar.com.hr\/index.php?rest_route=\/wp\/v2\/pages\/827"}],"wp:attachment":[{"href":"http:\/\/cvrcak-daruvar.com.hr\/index.php?rest_route=%2Fwp%2Fv2%2Fmedia&parent=245"}],"curies":[{"name":"wp","href":"https:\/\/api.w.org\/{rel}","templated":true}]}}