{"id":232,"date":"2012-05-31T15:26:40","date_gmt":"2012-05-31T15:26:40","guid":{"rendered":"http:\/\/cvrcak-daruvar.com.hr\/?page_id=232"},"modified":"2012-05-31T15:27:21","modified_gmt":"2012-05-31T15:27:21","slug":"3-b","status":"publish","type":"page","link":"http:\/\/cvrcak-daruvar.com.hr\/?page_id=232","title":{"rendered":"3.b"},"content":{"rendered":"<p>&nbsp;<\/p>\n<p>&nbsp;<\/p>\n<p>&nbsp;<\/p>\n<p align=\"center\"><strong>Jednodnevni izlet\u00a0 tre\u0107ih razreda<\/strong><\/p>\n<p>\u00a0\u00a0\u00a0\u00a0\u00a0\u00a0\u00a0\u00a0 <a href=\"http:\/\/cvrcak-daruvar.com.hr\/wp-content\/uploads\/2012\/05\/3b-2.jpg\" class=\"gallery_colorbox\"><img decoding=\"async\" loading=\"lazy\" class=\"alignright size-medium wp-image-233\" title=\"3b-2\" src=\"http:\/\/cvrcak-daruvar.com.hr\/wp-content\/uploads\/2012\/05\/3b-2-225x300.jpg\"  alt=\"\" width=\"225\" height=\"300\" srcset=\"http:\/\/cvrcak-daruvar.com.hr\/wp-content\/uploads\/2012\/05\/3b-2-225x300.jpg 225w, http:\/\/cvrcak-daruvar.com.hr\/wp-content\/uploads\/2012\/05\/3b-2.jpg 768w\" sizes=\"(max-width: 225px) 100vw, 225px\" \/><\/a>Ju\u010der smo bili na jednodnevnom izletu u Vara\u017edinu i Trako\u0161\u0107anu.<\/p>\n<p>U 6.30 smo mama, seka i ja stigle pred \u0161kolu gdje smo s ostalom djecom i njihovim mamama \u010dekale autobus. Kada je stigao, vidjela sam da je to autobus na kat. Moje prijateljice i ja smo se ukrcale i sjele na prva sjedala. Putovali smo kroz Batinjane, Vukovije, Gornju Vrijesku, Bastaje, Katinac, \u0110ulovac i jo\u0161 mnoga sela.<\/p>\n<p>Kada smo stigli u Vara\u017edin najprije smo obi\u0161li Entomolo\u0161ki muzej, tj. Muzej kukaca. Tamo smo promatrali sve vrste\u00a0 kukaca: od \u0161umskih do no\u0107nih, od velikih do najmanjih, od li\u010dinka do buba, od ljepotana do grabe\u017eljivaca.<\/p>\n<p>Nakon posjeta muzeju pro\u0161etali smo do Starog grada. Nakon razgleda svih prostorija oti\u0161li smo na ru\u010dak. Poslije ru\u010dka penjali smo se do dvorca Trako\u0161\u0107an. Tamo smo puno toga vidjeli.<\/p>\n<p>U\u010diteljice su dozvolile da si kupimo suvenire. Autobusom smo krenuli oko 17.10. ku\u0107ama smo se vratili oko devet sati. Roditelji su bili sretni \u0161to su nas do\u010dekali.<\/p>\n<p><a href=\"http:\/\/cvrcak-daruvar.com.hr\/wp-content\/uploads\/2012\/05\/3b-1.jpg\" class=\"gallery_colorbox\"><img decoding=\"async\" loading=\"lazy\" class=\"alignleft size-medium wp-image-236\" title=\"3b-1\" src=\"http:\/\/cvrcak-daruvar.com.hr\/wp-content\/uploads\/2012\/05\/3b-1-225x300.jpg\"  alt=\"\" width=\"225\" height=\"300\" srcset=\"http:\/\/cvrcak-daruvar.com.hr\/wp-content\/uploads\/2012\/05\/3b-1-225x300.jpg 225w, http:\/\/cvrcak-daruvar.com.hr\/wp-content\/uploads\/2012\/05\/3b-1.jpg 768w\" sizes=\"(max-width: 225px) 100vw, 225px\" \/><\/a>Ovaj izlet je bio super! Mislim da bi na izlete trebalo i\u0107i i \u010de\u0161\u0107e.<\/p>\n<p>&nbsp;<\/p>\n<p>&nbsp;<\/p>\n<p style=\"text-align: right;\">\u00a0\u00a0\u00a0\u00a0\u00a0\u00a0\u00a0\u00a0\u00a0\u00a0\u00a0\u00a0\u00a0\u00a0\u00a0\u00a0\u00a0\u00a0\u00a0\u00a0\u00a0\u00a0\u00a0\u00a0\u00a0\u00a0\u00a0\u00a0\u00a0\u00a0\u00a0\u00a0\u00a0\u00a0\u00a0\u00a0\u00a0\u00a0\u00a0\u00a0\u00a0\u00a0\u00a0\u00a0\u00a0\u00a0\u00a0\u00a0\u00a0\u00a0\u00a0\u00a0\u00a0\u00a0\u00a0\u00a0\u00a0\u00a0\u00a0\u00a0\u00a0\u00a0\u00a0\u00a0\u00a0\u00a0\u00a0\u00a0\u00a0\u00a0\u00a0\u00a0\u00a0\u00a0 Tea Ivankovi\u0107, 3.b<\/p>\n","protected":false},"excerpt":{"rendered":"<p>&nbsp; &nbsp; &nbsp; Jednodnevni izlet\u00a0 tre\u0107ih razreda \u00a0\u00a0\u00a0\u00a0\u00a0\u00a0\u00a0\u00a0 Ju\u010der smo bili na jednodnevnom izletu u Vara\u017edinu i Trako\u0161\u0107anu. U 6.30 smo mama, seka i ja stigle pred \u0161kolu gdje smo s ostalom djecom i njihovim mamama \u010dekale autobus. Kada je stigao, vidjela sam da je to autobus na kat. Moje prijateljice i ja smo se [&hellip;]<\/p>\n","protected":false},"author":1,"featured_media":0,"parent":827,"menu_order":0,"comment_status":"closed","ping_status":"closed","template":"","meta":[],"_links":{"self":[{"href":"http:\/\/cvrcak-daruvar.com.hr\/index.php?rest_route=\/wp\/v2\/pages\/232"}],"collection":[{"href":"http:\/\/cvrcak-daruvar.com.hr\/index.php?rest_route=\/wp\/v2\/pages"}],"about":[{"href":"http:\/\/cvrcak-daruvar.com.hr\/index.php?rest_route=\/wp\/v2\/types\/page"}],"author":[{"embeddable":true,"href":"http:\/\/cvrcak-daruvar.com.hr\/index.php?rest_route=\/wp\/v2\/users\/1"}],"replies":[{"embeddable":true,"href":"http:\/\/cvrcak-daruvar.com.hr\/index.php?rest_route=%2Fwp%2Fv2%2Fcomments&post=232"}],"version-history":[{"count":2,"href":"http:\/\/cvrcak-daruvar.com.hr\/index.php?rest_route=\/wp\/v2\/pages\/232\/revisions"}],"predecessor-version":[{"id":237,"href":"http:\/\/cvrcak-daruvar.com.hr\/index.php?rest_route=\/wp\/v2\/pages\/232\/revisions\/237"}],"up":[{"embeddable":true,"href":"http:\/\/cvrcak-daruvar.com.hr\/index.php?rest_route=\/wp\/v2\/pages\/827"}],"wp:attachment":[{"href":"http:\/\/cvrcak-daruvar.com.hr\/index.php?rest_route=%2Fwp%2Fv2%2Fmedia&parent=232"}],"curies":[{"name":"wp","href":"https:\/\/api.w.org\/{rel}","templated":true}]}}