{"id":2210,"date":"2013-12-01T20:59:55","date_gmt":"2013-12-01T19:59:55","guid":{"rendered":"http:\/\/cvrcak-daruvar.com.hr\/?page_id=2210"},"modified":"2013-12-01T21:02:31","modified_gmt":"2013-12-01T20:02:31","slug":"europski-tjedan-programiranj","status":"publish","type":"page","link":"http:\/\/cvrcak-daruvar.com.hr\/?page_id=2210","title":{"rendered":"Europski tjedan programiranja"},"content":{"rendered":"<p><a href=\"http:\/\/cvrcak-daruvar.com.hr\/wp-content\/uploads\/2013\/12\/eu-code-logo.png\" class=\"gallery_colorbox\" rel=\"attachment wp-att-2219\"><img decoding=\"async\" loading=\"lazy\" class=\"wp-image-2219 alignleft\" style=\"border: 2px solid black;\" alt=\"eu-code-logo\" src=\"http:\/\/cvrcak-daruvar.com.hr\/wp-content\/uploads\/2013\/12\/eu-code-logo.png\"  width=\"100\" height=\"100\" srcset=\"http:\/\/cvrcak-daruvar.com.hr\/wp-content\/uploads\/2013\/12\/eu-code-logo.png 800w, http:\/\/cvrcak-daruvar.com.hr\/wp-content\/uploads\/2013\/12\/eu-code-logo-150x150.png 150w, http:\/\/cvrcak-daruvar.com.hr\/wp-content\/uploads\/2013\/12\/eu-code-logo-300x300.png 300w\" sizes=\"(max-width: 100px) 100vw, 100px\" \/><\/a><\/p>\n<p><span style=\"color: #0000ff;\">\u00a0 \u00a0 \u00a0Zajedno sa cijelom Europom obilje\u017eili smo Europski tjedan \u00a0 \u00a0 \u00a0 \u00a0programiranja od 25. do 30. studenog 2013. godine.<\/span><\/p>\n<p>&nbsp;<\/p>\n<p><span style=\"color: #0000ff;\">U petak \u00a029.11.2013. u\u010denici koji dolaze na izvannastavnu aktivnost Mladi programeri, programirali su u Scratchu.<\/span><\/p>\n<p><a href=\"http:\/\/cvrcak-daruvar.com.hr\/wp-content\/uploads\/2013\/12\/CodeEU-DA.jpg\" class=\"gallery_colorbox\" rel=\"attachment wp-att-2225\"><img decoding=\"async\" loading=\"lazy\" class=\"size-full wp-image-2225 aligncenter\" alt=\"CodeEU-DA\" src=\"http:\/\/cvrcak-daruvar.com.hr\/wp-content\/uploads\/2013\/12\/CodeEU-DA.jpg\"  width=\"448\" height=\"336\" srcset=\"http:\/\/cvrcak-daruvar.com.hr\/wp-content\/uploads\/2013\/12\/CodeEU-DA.jpg 448w, http:\/\/cvrcak-daruvar.com.hr\/wp-content\/uploads\/2013\/12\/CodeEU-DA-300x224.jpg 300w\" sizes=\"(max-width: 448px) 100vw, 448px\" \/><\/a><\/p>\n<p><span style=\"color: #0000ff;\">Sudjelovali su sljede\u0107i u\u010denici:<\/span><\/p>\n<table border=\"0\" cellspacing=\"1\" cellpadding=\"1\">\n<tbody>\n<tr>\n<td>\n<div><span style=\"color: #0000ff;\">1. Leo Bla\u017ei\u010dko, 4.c<\/span><\/div>\n<div><span style=\"color: #0000ff;\">2. Matej Golub, 4.c<\/span><\/div>\n<div><span style=\"color: #0000ff;\">3. Matija Halupa, 4.c<\/span><\/div>\n<div><span style=\"color: #0000ff;\">4. Michael Kir\u0161ek, 4.c<\/span><\/div>\n<div><span style=\"color: #0000ff;\">5. Dominik Lali\u0107, 4.c<\/span><\/div>\n<\/td>\n<td>\n<div><span style=\"color: #0000ff;\">6. Antonio Hlavsa, 4.d<\/span><\/div>\n<div><span style=\"color: #0000ff;\">7. Antun Kaner, 4.d<\/span><\/div>\n<div><span style=\"color: #0000ff;\">8. Davor Novosad, 4.d<\/span><\/div>\n<div><span style=\"color: #0000ff;\">9. Silvio Pokorni, 4.d<\/span><\/div>\n<\/td>\n<td>\n<div><span style=\"color: #0000ff;\">10. Josip Dostal, 5.d<\/span><\/div>\n<div><span style=\"color: #0000ff;\">11. Luka Dostal, 5.d<\/span><\/div>\n<div><span style=\"color: #0000ff;\">12. Dorian Juranovi\u0107, 5.d<\/span><\/div>\n<div><span style=\"color: #0000ff;\">13. Dragan Kova\u010devi\u0107, 5.d<\/span><\/div>\n<div><span style=\"color: #0000ff;\">14. Karlo Kuzle, 5.d<\/span><\/div>\n<div><span style=\"color: #0000ff;\">15. Ante Petru\u0161i\u0107, 5.d<\/span><\/div>\n<div><span style=\"color: #0000ff;\">16. Denio Stracabo\u0161ko, 5.d<\/span><\/div>\n<div><span style=\"color: #0000ff;\">17. Dorijan Horvat, 5.d<\/span><\/div>\n<\/td>\n<td>\n<div><span style=\"color: #0000ff;\">18. Domjan Grkini\u0107, 6.e<\/span><\/div>\n<div><span style=\"color: #0000ff;\">19. Kristian Vale\u010di\u0107, 6.e<\/span><\/div>\n<\/td>\n<\/tr>\n<\/tbody>\n<\/table>\n<div><span style=\"color: #0000ff;\">U\u010denica Kristina Novakovi\u0107, 8.b napravila je Web stranicu u FrontPageu2003: Ada Bayron, prva \u017eena programerka.<\/span><\/div>\n<div><\/div>\n<div><span style=\"color: #0000ff;\">U\u010denik Ivan Klari\u0107, 7.e napravio je prezentaciju u PowerPointu o programiranju.<\/span><\/div>\n<div><\/div>\n<div><span style=\"color: #0000ff;\">Voditeljica Alenka Njegovac<\/span><\/div>\n","protected":false},"excerpt":{"rendered":"<p>\u00a0 \u00a0 \u00a0Zajedno sa cijelom Europom obilje\u017eili smo Europski tjedan \u00a0 \u00a0 \u00a0 \u00a0programiranja od 25. do 30. studenog 2013. godine. &nbsp; U petak \u00a029.11.2013. u\u010denici koji dolaze na izvannastavnu aktivnost Mladi programeri, programirali su u Scratchu. Sudjelovali su sljede\u0107i u\u010denici: 1. Leo Bla\u017ei\u010dko, 4.c 2. Matej Golub, 4.c 3. Matija Halupa, 4.c 4. Michael [&hellip;]<\/p>\n","protected":false},"author":1,"featured_media":0,"parent":0,"menu_order":0,"comment_status":"closed","ping_status":"closed","template":"","meta":[],"_links":{"self":[{"href":"http:\/\/cvrcak-daruvar.com.hr\/index.php?rest_route=\/wp\/v2\/pages\/2210"}],"collection":[{"href":"http:\/\/cvrcak-daruvar.com.hr\/index.php?rest_route=\/wp\/v2\/pages"}],"about":[{"href":"http:\/\/cvrcak-daruvar.com.hr\/index.php?rest_route=\/wp\/v2\/types\/page"}],"author":[{"embeddable":true,"href":"http:\/\/cvrcak-daruvar.com.hr\/index.php?rest_route=\/wp\/v2\/users\/1"}],"replies":[{"embeddable":true,"href":"http:\/\/cvrcak-daruvar.com.hr\/index.php?rest_route=%2Fwp%2Fv2%2Fcomments&post=2210"}],"version-history":[{"count":4,"href":"http:\/\/cvrcak-daruvar.com.hr\/index.php?rest_route=\/wp\/v2\/pages\/2210\/revisions"}],"predecessor-version":[{"id":2224,"href":"http:\/\/cvrcak-daruvar.com.hr\/index.php?rest_route=\/wp\/v2\/pages\/2210\/revisions\/2224"}],"wp:attachment":[{"href":"http:\/\/cvrcak-daruvar.com.hr\/index.php?rest_route=%2Fwp%2Fv2%2Fmedia&parent=2210"}],"curies":[{"name":"wp","href":"https:\/\/api.w.org\/{rel}","templated":true}]}}