{"id":189,"date":"2012-05-31T14:41:58","date_gmt":"2012-05-31T14:41:58","guid":{"rendered":"http:\/\/cvrcak-daruvar.com.hr\/?page_id=189"},"modified":"2012-12-12T17:35:31","modified_gmt":"2012-12-12T16:35:31","slug":"zbor-visih-razreda","status":"publish","type":"page","link":"http:\/\/cvrcak-daruvar.com.hr\/?page_id=189","title":{"rendered":"Zbor vi\u0161ih razreda"},"content":{"rendered":"<p>Zbor vi\u0161ih razreda O\u0160 Vladimira Nazora \u00a0u Daruvaru<\/p>\n<p>Zbor vi\u0161ih razreda djeluje u okviru izvannastavnih aktivnosti na koji dolaze djeca koja vole pjevati. Rad na vi\u0161eglasju a capella je vrlo zahtjevan i iziskuje nebrojeno ponavljanja i uvje\u017ebavanja.<\/p>\n<p>&nbsp;<\/p>\n<p>Po\u010detkom \u0161kolske godine se obi\u010dno u\u010dlanjuje velik broj djevojaka, oko pedeset, ali \u00a0broj s vremenom opada.<\/p>\n<p>Tijekom prvog polugodi\u0161ta imali smo nastupe u Kino dvorani povodom obilje\u017eavanja sve\u010danosti Plodova zemlje.<\/p>\n<p>Krajem listopada gostovali smo u \u0161koli Rudolf \u00a0Steiner gdje smo priredili program za djecu.<\/p>\n<p>Bo\u017ei\u0107ni program odr\u017eali smo u Kino dvorani.<\/p>\n<p><a href=\"http:\/\/cvrcak-daruvar.com.hr\/wp-content\/uploads\/2012\/05\/1b-2011-b-001-2731.jpg\" class=\"gallery_colorbox\"><img decoding=\"async\" loading=\"lazy\" class=\"aligncenter size-full wp-image-577\" title=\"SONY DSC\" src=\"http:\/\/cvrcak-daruvar.com.hr\/wp-content\/uploads\/2012\/05\/1b-2011-b-001-2731.jpg\"  alt=\"\" width=\"448\" height=\"300\" srcset=\"http:\/\/cvrcak-daruvar.com.hr\/wp-content\/uploads\/2012\/05\/1b-2011-b-001-2731.jpg 448w, http:\/\/cvrcak-daruvar.com.hr\/wp-content\/uploads\/2012\/05\/1b-2011-b-001-2731-300x200.jpg 300w\" sizes=\"(max-width: 448px) 100vw, 448px\" \/><\/a><\/p>\n<p>Drugo polugodi\u0161te bilo je rezervirano za pripremu glazbenih sve\u010danosti. Zbor je pjevao troglasne pjesme stoga je napravljena \u00a0selekcija. Izabrali smo trideset djevojaka koje mogu pjevati ovaj zahtjevan repertoar. Zbog te\u017eine zadanog programa do\u0161lo je do osipanja \u010dlanova, pa se nismo prijavili za nastup na \u017dupanijskoj smotri koja se ove godine odr\u017eala u Grubi\u0161nom polju.<\/p>\n<p>Zadnji nastup bio je na priredbi povodom\u00a0 Dana \u0161kole \u00a0koja je odr\u017eana u Kino dvorani, \u00a028. svibnja.<\/p>\n<p><a href=\"http:\/\/cvrcak-daruvar.com.hr\/wp-content\/uploads\/2012\/05\/Dan_skole_28-5-12-19.jpg\" class=\"gallery_colorbox\"><img decoding=\"async\" loading=\"lazy\" class=\"aligncenter size-full wp-image-578\" title=\"Dan_skole_28-5-12 (19)\" src=\"http:\/\/cvrcak-daruvar.com.hr\/wp-content\/uploads\/2012\/05\/Dan_skole_28-5-12-19.jpg\"  alt=\"\" width=\"448\" height=\"299\" srcset=\"http:\/\/cvrcak-daruvar.com.hr\/wp-content\/uploads\/2012\/05\/Dan_skole_28-5-12-19.jpg 448w, http:\/\/cvrcak-daruvar.com.hr\/wp-content\/uploads\/2012\/05\/Dan_skole_28-5-12-19-300x200.jpg 300w\" sizes=\"(max-width: 448px) 100vw, 448px\" \/><\/a><\/p>\n<p>Glazba je zvonka radost i oplemenjuje du\u0161u.Troglasno pjevanje razvija timski duh, stvara \u017eelju i potrebu za pjevanjem.<\/p>\n<p>&nbsp;<\/p>\n<p align=\"right\">Lektorirala: L. B.<\/p>\n<p>&nbsp;<\/p>\n","protected":false},"excerpt":{"rendered":"<p>Zbor vi\u0161ih razreda O\u0160 Vladimira Nazora \u00a0u Daruvaru Zbor vi\u0161ih razreda djeluje u okviru izvannastavnih aktivnosti na koji dolaze djeca koja vole pjevati. Rad na vi\u0161eglasju a capella je vrlo zahtjevan i iziskuje nebrojeno ponavljanja i uvje\u017ebavanja. &nbsp; Po\u010detkom \u0161kolske godine se obi\u010dno u\u010dlanjuje velik broj djevojaka, oko pedeset, ali \u00a0broj s vremenom opada. Tijekom [&hellip;]<\/p>\n","protected":false},"author":1,"featured_media":0,"parent":827,"menu_order":0,"comment_status":"closed","ping_status":"closed","template":"","meta":[],"_links":{"self":[{"href":"http:\/\/cvrcak-daruvar.com.hr\/index.php?rest_route=\/wp\/v2\/pages\/189"}],"collection":[{"href":"http:\/\/cvrcak-daruvar.com.hr\/index.php?rest_route=\/wp\/v2\/pages"}],"about":[{"href":"http:\/\/cvrcak-daruvar.com.hr\/index.php?rest_route=\/wp\/v2\/types\/page"}],"author":[{"embeddable":true,"href":"http:\/\/cvrcak-daruvar.com.hr\/index.php?rest_route=\/wp\/v2\/users\/1"}],"replies":[{"embeddable":true,"href":"http:\/\/cvrcak-daruvar.com.hr\/index.php?rest_route=%2Fwp%2Fv2%2Fcomments&post=189"}],"version-history":[{"count":4,"href":"http:\/\/cvrcak-daruvar.com.hr\/index.php?rest_route=\/wp\/v2\/pages\/189\/revisions"}],"predecessor-version":[{"id":192,"href":"http:\/\/cvrcak-daruvar.com.hr\/index.php?rest_route=\/wp\/v2\/pages\/189\/revisions\/192"}],"up":[{"embeddable":true,"href":"http:\/\/cvrcak-daruvar.com.hr\/index.php?rest_route=\/wp\/v2\/pages\/827"}],"wp:attachment":[{"href":"http:\/\/cvrcak-daruvar.com.hr\/index.php?rest_route=%2Fwp%2Fv2%2Fmedia&parent=189"}],"curies":[{"name":"wp","href":"https:\/\/api.w.org\/{rel}","templated":true}]}}