{"id":1544,"date":"2013-02-08T17:28:39","date_gmt":"2013-02-08T16:28:39","guid":{"rendered":"http:\/\/cvrcak-daruvar.com.hr\/?page_id=1544"},"modified":"2013-02-08T17:32:45","modified_gmt":"2013-02-08T16:32:45","slug":"geografija","status":"publish","type":"page","link":"http:\/\/cvrcak-daruvar.com.hr\/?page_id=1544","title":{"rendered":"GEOGRAFIJA"},"content":{"rendered":"<p>U\u010denici su uspje\u0161no predstavili projekt Mjerenje visine Sunca na \u017eupanijskom vije\u0107u u\u010ditelja geografije odr\u017eanom 27. rujna 2012. godine u \u010cO\u0160 Jana Amosa Komenskog u Daruvaru gdje su bili pohvaljeni od strane svih nazo\u010dnih u\u010ditelja.<\/p>\n<p>Opis cjelokupnog projekta objavljen je na \u0161kolskom portalu Profila u rubrici GEO LAB pod predmetom geografija. U\u010denike koji su sudjelovali u projektu primila je i pohvalila ravnateljica Vesna \u0160tefanac. U ovoj \u0161kolskoj godini provodimo projekt Mjerenje svjetlosnog one\u010di\u0161\u0107enja.<\/p>\n<p>Denis Singer, prof. i u\u010denici Astronomske skupine (Karlo Horvat, Luka Bartol, Lena Popadi\u0107, Dora \u010castek, Karlo Kara\u010di\u0107, Mijo Radi\u0107, Tomislav Karaula i Petra Bubli\u0107)<\/p>\n<p style=\"text-align: center;\"><b>Mjerenje visine Sunca<\/b><\/p>\n<p><a href=\"http:\/\/cvrcak-daruvar.com.hr\/wp-content\/uploads\/2013\/02\/Gnomon.jpg\" class=\"gallery_colorbox\" rel=\"attachment wp-att-1545\"><img decoding=\"async\" loading=\"lazy\" class=\"aligncenter\" alt=\"Gnomon\" src=\"http:\/\/cvrcak-daruvar.com.hr\/wp-content\/uploads\/2013\/02\/Gnomon-225x300.jpg\"  width=\"182\" height=\"243\" \/><\/a><\/p>\n<p>U daruvarskoj Osnovnoj \u0161koli Vladimira Nazora pro\u0161le smo \u0161kolske godine odlu\u010dili provesti mjerenje visine Sunca gnomonom.<\/p>\n<p>Gnomon je astronomski instrument koji su koristili u drevnoj Kini, Mezopotamiji i starom Egiptu. Kod gnomona je najva\u017enije da duljina \u0161tapa iznad podloge bude to\u010dno jedan metar. \u0160tap se mo\u017ee pri\u010dvrstiti za da\u0161\u010dicu kako bismo ga mogli staviti na betonsku podlogu. \u0160tap se ne smije klimati i mora biti okomit na podlogu na koju ga stavljamo. Vrlo je va\u017eno pripaziti kamo \u0107emo smjestiti gnomon, kako ga drvo ili grmlje u okolici ne bi zasjenilo prilikom mjerenja. Gnomon ima visak koji nam slu\u017ei da provjerimo okomitost. Uo\u010dimo li da gnomon nije okomit na podlogu, mo\u017eemo postaviti papire ispod da\u0161\u010dice za koju je pri\u010dvr\u0161\u0107en \u0161tap gnomona.<\/p>\n<p><a href=\"http:\/\/cvrcak-daruvar.com.hr\/wp-content\/uploads\/2013\/02\/Duljina-sjene-\u0161tapa.jpg\" class=\"gallery_colorbox\" rel=\"attachment wp-att-1546\"><img decoding=\"async\" loading=\"lazy\" class=\"aligncenter\" alt=\"Duljina sjene \u0161tapa\" src=\"http:\/\/cvrcak-daruvar.com.hr\/wp-content\/uploads\/2013\/02\/Duljina-sjene-\u0161tapa.jpg\"  width=\"181\" height=\"240\" \/><\/a><\/p>\n<p align=\"center\">U\u010denici mjere duljinu sjene \u0161tapa pomo\u0107u gnomona, drvenog ravnala i metra.<\/p>\n<p>&nbsp;<\/p>\n<p><b>Prva skupina: mjerenje duljine sjene \u0161tapa\u00a0 \u00a0\u00a0\u00a0\u00a0<\/b><\/p>\n<p>Prilikom mjerenja u\u010denici su bili podijeljeni u \u010detiri skupine.<\/p>\n<p>Prva je skupina mjerila duljinu sjene \u0161tapa u centimetrima. U\u010denicima su za mjerenje bili potrebni: gnomon, metar, kreda, drveno ravnalo, olovka i obrazac na papiru u koji \u0107e upisivati rezultate svoga mjerenja.<\/p>\n<p>Mjerenja su zapo\u010dinjali u 10 sati i 40 minuta. Njihov je zadatak bio da svakih 10 minuta na tlu bilje\u017ee polo\u017eaj zavr\u0161etka sjene \u0161tapa kredom. U\u010denici su to\u010dku koja predstavlja zavr\u0161etak sjene \u0161tapa, uz pomo\u0107 drvenog ravnala, ravnom crtom spojili s centrom \u0161tapa gnomona. Nakon toga izmjerili su metrom duljinu crte koja predstavlja duljinu sjene \u0161tapa. Mjerenja su obavljali sve do 13 sati i 20 minuta. Va\u017eno je spomenuti da se mjerenje u navedenom vremenskom intervalu mo\u017ee obaviti samo u vrijeme zimskoga ra\u010dunanja vremena. U vrijeme ljetnoga ra\u010dunanja vremena mjerenje se pomi\u010de za jedan sat unaprijed i provodi se od 11 sati i 40 minuta do 14 sati i 20 minuta. U\u010denici \u0107e prilikom mjerenja duljine sjene \u0161tapa primijetiti stalnu promjenu duljine i smjera sjene \u0161tapa.<\/p>\n<p>Sve je izmjerene vrijednosti prva skupina bilje\u017eila u obrazac i s rezultatima mjerenja upoznala ostale skupine u\u010denika.<\/p>\n<p><a href=\"http:\/\/cvrcak-daruvar.com.hr\/wp-content\/uploads\/2013\/02\/Radni-pribor.jpg\" class=\"gallery_colorbox\" rel=\"attachment wp-att-1547\"><img decoding=\"async\" loading=\"lazy\" class=\"aligncenter\" alt=\"Radni pribor\" src=\"http:\/\/cvrcak-daruvar.com.hr\/wp-content\/uploads\/2013\/02\/Radni-pribor.jpg\"  width=\"240\" height=\"180\" \/><\/a><\/p>\n<p align=\"center\">Radni pribor druge skupine: milimetarski papir, trokut, olovka i kutomjer.<\/p>\n<p><b>Druga skupina: odre\u0111ivanje visine Sunca<\/b><\/p>\n<p>Druga je skupina na milimetarskom papiru, uz pomo\u0107 kutomjera, odre\u0111ivala visinu Sunca. U\u010denicima su za izradu zadatka bili potrebni: kutomjer, trokut, milimetarski papir i olovka.<\/p>\n<p>Da bismo izmjerili visinu Sunca, potrebno je na milimetarski papir nacrtati pravokutni trokut kojemu je jedna stranica jednaka duljini sjene \u0161tapa koja je umanjena 10 puta. Okomita stranica pravokutnog trokuta jednaka je duljini \u0161tapa koja je tako\u0111er umanjena 10 puta (ta vrijednost je stalno ista i iznosi 10 cm). Kut \u0161to ga tre\u0107a stranica trokuta (hipotenuza) zatvara s umanjenom duljinom sjene \u0161tapa predstavlja kutnu visinu Sunca u trenutku mjerenja.<\/p>\n<p><a href=\"http:\/\/cvrcak-daruvar.com.hr\/wp-content\/uploads\/2013\/02\/Mjerenje.jpg\" class=\"gallery_colorbox\" rel=\"attachment wp-att-1548\"><img decoding=\"async\" loading=\"lazy\" class=\"aligncenter\" alt=\"Mjerenje\" src=\"http:\/\/cvrcak-daruvar.com.hr\/wp-content\/uploads\/2013\/02\/Mjerenje.jpg\"  width=\"350\" height=\"388\" \/><\/a><\/p>\n<p>Pri odre\u0111ivanju kutne visine Sunca treba biti precizan i stalno kontrolirati dobivene vrijednosti. Prva i druga skupina svoje vrijednosti, koje su dobili opa\u017eanjem ili ra\u010dunanjem, upisuju na ranije pripremljeni obrazac. Obrazac ostavljaju na vidnom mjestu da bi bio dostupan svim skupinama.<\/p>\n<p>Primjer tablice koju mo\u017eete koristiti kao obrazac u koji \u0107e u\u010denici upisivati vrijednosti:<\/p>\n<p>Mjerenje visine Sunca mjerenjem visine sjene \u0161tapa<\/p>\n<p><a href=\"http:\/\/cvrcak-daruvar.com.hr\/wp-content\/uploads\/2013\/02\/Tablica.jpg\" class=\"gallery_colorbox\" rel=\"attachment wp-att-1549\"><img decoding=\"async\" loading=\"lazy\" class=\"aligncenter\" alt=\"Tablica\" src=\"http:\/\/cvrcak-daruvar.com.hr\/wp-content\/uploads\/2013\/02\/Tablica.jpg\"  width=\"194\" height=\"454\" \/><\/a>Tablica 1<i>. Duljine sjene \u0161tapa i visina Sunca u stupnjevima, Daruvar, 23. o\u017eujka 2012.<\/i><\/p>\n<p>Legenda:<\/p>\n<p>t = vrijeme<\/p>\n<p>cm = duljina sjene<\/p>\n<p>h = visina Sunca u stupnjevima<\/p>\n<p>&nbsp;<\/p>\n<p><b>Tre\u0107a i \u010detvrta skupina: izrada grafikona <\/b><\/p>\n<p><a href=\"http:\/\/cvrcak-daruvar.com.hr\/wp-content\/uploads\/2013\/02\/Rad-na-ra\u010dunalima.jpg\" class=\"gallery_colorbox\" rel=\"attachment wp-att-1550\"><img decoding=\"async\" loading=\"lazy\" class=\"aligncenter\" alt=\"Rad na ra\u010dunalima\" src=\"http:\/\/cvrcak-daruvar.com.hr\/wp-content\/uploads\/2013\/02\/Rad-na-ra\u010dunalima.jpg\"  width=\"240\" height=\"236\" \/><\/a><\/p>\n<p align=\"center\">U\u010denici su izra\u0111ivali grafikone na prijenosnim ra\u010dunalima<\/p>\n<p>U\u010denici tre\u0107e i \u010detvrte skupine su na ra\u010dunalima izra\u0111ivali grafikone. Treba naglasiti da sve skupine me\u0111usobno ovise jedna o drugoj tijekom cijelog projekta. U\u010denici mogu pomagati jedni drugima ako uo\u010de, prate\u0107i dobivene vrijednosti, pogre\u0161ku kod mjerenja ili izra\u010dunavanja.<\/p>\n<p>Za rad tre\u0107e i \u010detvrte skupine potrebna su ra\u010dunala. Po\u017eeljno je da to budu dva prijenosna ra\u010dunala kako bi i u\u010denici koji obavljaju mjerenja izvan u\u010dionice mogli pratiti promjene vrijednosti na grafikonima.<\/p>\n<p>Tre\u0107a je skupina izra\u0111ivala grafikon koji prikazuje promjenu duljine sjene \u0161tapa koju je mjerila prva skupina. U\u010denici su, uz pomo\u0107 ra\u010dunala i programa Microsoft Office Excel, izradili grafikon:<\/p>\n<p><a href=\"http:\/\/cvrcak-daruvar.com.hr\/wp-content\/uploads\/2013\/02\/Grafikon.jpg\" class=\"gallery_colorbox\" rel=\"attachment wp-att-1551\"><img decoding=\"async\" loading=\"lazy\" class=\"aligncenter\" alt=\"Grafikon\" src=\"http:\/\/cvrcak-daruvar.com.hr\/wp-content\/uploads\/2013\/02\/Grafikon.jpg\"  width=\"400\" height=\"202\" \/><\/a><\/p>\n<p>\u010cetvrta je skupina izra\u0111ivala grafikon koji prikazuje promjenu visine Sunca koju je izra\u010dunavala druga skupina. Uz pomo\u0107 ra\u010dunala i programa Microsoft Office Excel, u\u010denici su izradili grafikon:<\/p>\n<p><a href=\"http:\/\/cvrcak-daruvar.com.hr\/wp-content\/uploads\/2013\/02\/Grafikon-2.jpg\" class=\"gallery_colorbox\" rel=\"attachment wp-att-1552\"><img decoding=\"async\" loading=\"lazy\" class=\"aligncenter\" alt=\"Grafikon-2\" src=\"http:\/\/cvrcak-daruvar.com.hr\/wp-content\/uploads\/2013\/02\/Grafikon-2.jpg\"  width=\"400\" height=\"226\" \/><\/a><\/p>\n<p align=\"center\">Promjena visine Sunca u Daruvaru, 23. o\u017eujka 2012.<\/p>\n<p>Nakon vi\u0161emjese\u010dnih mjerenja, u\u010denici su uz pomo\u0107 u\u010ditelja do\u0161li do sljede\u0107ih zaklju\u010daka:<\/p>\n<p><a href=\"http:\/\/cvrcak-daruvar.com.hr\/wp-content\/uploads\/2013\/02\/slika-5.jpg\" class=\"gallery_colorbox\" rel=\"attachment wp-att-1553\"><img decoding=\"async\" loading=\"lazy\" alt=\"slika-5\" src=\"http:\/\/cvrcak-daruvar.com.hr\/wp-content\/uploads\/2013\/02\/slika-5.jpg\"  width=\"240\" height=\"180\" \/><\/a><\/p>\n<p>Ozna\u010dene duljine sjene \u0161tapa nakon mjerenja.<\/p>\n<ul>\n<li>Sjena \u0161tapa uvijek je na suprotnoj strani od Sunca.<\/li>\n<\/ul>\n<ul>\n<li>Najkra\u0107a sjena \u0161tapa pokazuje smjer sjevera, a Sunce je u tom trenutku u smjeru juga.<\/li>\n<li>Sunce tijekom dana mijenja visinu na nebu.<\/li>\n<li>U trenutku kada je sjena najkra\u0107a, Sunce je u najvi\u0161oj to\u010dki na nebu.<\/li>\n<li>Sjena \u0161tapa mijenja smjer i duljinu zbog prividnog gibanja Sunca po nebu tijekom dana.<\/li>\n<li>Sunce tijekom godine mijenja visinu i mjesto izlaska zbog \u010dega je i duljina dana razli\u010dita.<\/li>\n<\/ul>\n<p>Treba naglasiti da su u\u010denici bili vrlo zainteresirani za ovaj projekt uz \u017eelju da se u nastavu geografije uklju\u010di \u0161to je mogu\u0107e vi\u0161e prakti\u010dnog rada.<\/p>\n<p align=\"right\"><b>Denis Singer, prof.<\/b><\/p>\n","protected":false},"excerpt":{"rendered":"<p>U\u010denici su uspje\u0161no predstavili projekt Mjerenje visine Sunca na \u017eupanijskom vije\u0107u u\u010ditelja geografije odr\u017eanom 27. rujna 2012. godine u \u010cO\u0160 Jana Amosa Komenskog u Daruvaru gdje su bili pohvaljeni od strane svih nazo\u010dnih u\u010ditelja. Opis cjelokupnog projekta objavljen je na \u0161kolskom portalu Profila u rubrici GEO LAB pod predmetom geografija. U\u010denike koji su sudjelovali u [&hellip;]<\/p>\n","protected":false},"author":1,"featured_media":0,"parent":1511,"menu_order":0,"comment_status":"closed","ping_status":"closed","template":"","meta":[],"_links":{"self":[{"href":"http:\/\/cvrcak-daruvar.com.hr\/index.php?rest_route=\/wp\/v2\/pages\/1544"}],"collection":[{"href":"http:\/\/cvrcak-daruvar.com.hr\/index.php?rest_route=\/wp\/v2\/pages"}],"about":[{"href":"http:\/\/cvrcak-daruvar.com.hr\/index.php?rest_route=\/wp\/v2\/types\/page"}],"author":[{"embeddable":true,"href":"http:\/\/cvrcak-daruvar.com.hr\/index.php?rest_route=\/wp\/v2\/users\/1"}],"replies":[{"embeddable":true,"href":"http:\/\/cvrcak-daruvar.com.hr\/index.php?rest_route=%2Fwp%2Fv2%2Fcomments&post=1544"}],"version-history":[{"count":5,"href":"http:\/\/cvrcak-daruvar.com.hr\/index.php?rest_route=\/wp\/v2\/pages\/1544\/revisions"}],"predecessor-version":[{"id":1557,"href":"http:\/\/cvrcak-daruvar.com.hr\/index.php?rest_route=\/wp\/v2\/pages\/1544\/revisions\/1557"}],"up":[{"embeddable":true,"href":"http:\/\/cvrcak-daruvar.com.hr\/index.php?rest_route=\/wp\/v2\/pages\/1511"}],"wp:attachment":[{"href":"http:\/\/cvrcak-daruvar.com.hr\/index.php?rest_route=%2Fwp%2Fv2%2Fmedia&parent=1544"}],"curies":[{"name":"wp","href":"https:\/\/api.w.org\/{rel}","templated":true}]}}