{"id":1326,"date":"2013-02-07T14:59:14","date_gmt":"2013-02-07T13:59:14","guid":{"rendered":"http:\/\/cvrcak-daruvar.com.hr\/?page_id=1326"},"modified":"2013-02-09T07:53:24","modified_gmt":"2013-02-09T06:53:24","slug":"sport-2","status":"publish","type":"page","link":"http:\/\/cvrcak-daruvar.com.hr\/?page_id=1326","title":{"rendered":"Sport"},"content":{"rendered":"<p style=\"text-align: left;\" align=\"center\">SPORTSKI DAN U\u010cENIKA RAZREDNE NASTAVE<\/p>\n<div id=\"attachment_1623\" style=\"width: 160px\" class=\"wp-caption alignleft\"><a href=\"http:\/\/cvrcak-daruvar.com.hr\/wp-content\/uploads\/2013\/02\/uz-tekst-Sportski-dan.jpg\" class=\"gallery_colorbox\" rel=\"attachment wp-att-1623\"><img aria-describedby=\"caption-attachment-1623\" decoding=\"async\" loading=\"lazy\" class=\"size-thumbnail wp-image-1623\" alt=\"Sportski dan 1\" src=\"http:\/\/cvrcak-daruvar.com.hr\/wp-content\/uploads\/2013\/02\/uz-tekst-Sportski-dan-150x150.jpg\"  width=\"150\" height=\"150\" \/><\/a><p id=\"caption-attachment-1623\" class=\"wp-caption-text\">Sportski dan 1<\/p><\/div>\n<p>27.rujna 2012. planiran je kao sportski dan. U\u010ditelji ni\u017eih razreda poveli su u\u010denike prvih i drugih razreda u \u0161etnju Julijevim parkom. Nakon \u0161etnje zaustavili smo se na igrali\u0161tu gdje su se u\u010denici bolje upoznavali kroz igru i razli\u010dita natjecanja. Bilo je vru\u0107e, osvje\u017eenje smo potra\u017eili u Rimskoj \u0161umi na \u201eJulisbrumu\u201c.Druga\u0161i\u0107i su u\u017eivali u prekrasnom pogledu koji se pru\u017eao sa vrha Vinogradske ulice.<\/p>\n<p>&nbsp;<\/p>\n<p>&nbsp;<\/p>\n<div id=\"attachment_1624\" style=\"width: 160px\" class=\"wp-caption alignright\"><a href=\"http:\/\/cvrcak-daruvar.com.hr\/wp-content\/uploads\/2013\/02\/sportski-dan-2.jpg\" class=\"gallery_colorbox\" rel=\"attachment wp-att-1624\"><img aria-describedby=\"caption-attachment-1624\" decoding=\"async\" loading=\"lazy\" class=\"size-thumbnail wp-image-1624 \" alt=\"Sportski dan 2\" src=\"http:\/\/cvrcak-daruvar.com.hr\/wp-content\/uploads\/2013\/02\/sportski-dan-2-150x150.jpg\"  width=\"150\" height=\"150\" \/><\/a><p id=\"caption-attachment-1624\" class=\"wp-caption-text\">Sportski dan 2<\/p><\/div>\n<p>Sportski dan u\u010denika tre\u0107ih i \u010detvrtih razreda protekao je u \u0161etnji prirodom, slobodnoj igri, natjecanju u tr\u010danju te mom\u010dadskim igrama. Boravili smo uz jezero Dabrovac, tr\u010dali na hipodromu, \u0161etali uz sportski aerodrom i odigrali sportske susrete na \u0161kolskom igrali\u0161tu.<\/p>\n<p>Dan je bio kao stvoren za boravak u prirodi, a mi smo svoje \u0161kolske ruksake zamijenili torbama u kojima se, uz vodu, sok, sendvi\u010d, na\u0161ao i poneki sportski rekvizit.<\/p>\n<p>&nbsp;<\/p>\n<div id=\"attachment_1625\" style=\"width: 160px\" class=\"wp-caption alignleft\"><a href=\"http:\/\/cvrcak-daruvar.com.hr\/wp-content\/uploads\/2013\/02\/sportski-dan-3.jpg\" class=\"gallery_colorbox\" rel=\"attachment wp-att-1625\"><img aria-describedby=\"caption-attachment-1625\" decoding=\"async\" loading=\"lazy\" class=\"size-thumbnail wp-image-1625\" alt=\"Sportski dan 3\" src=\"http:\/\/cvrcak-daruvar.com.hr\/wp-content\/uploads\/2013\/02\/sportski-dan-3-150x150.jpg\"  width=\"150\" height=\"150\" \/><\/a><p id=\"caption-attachment-1625\" class=\"wp-caption-text\">Sportski dan 3<\/p><\/div>\n<p>&nbsp;<\/p>\n<p>&nbsp;<\/p>\n<p>Uz \u0161alu, smijeh i dru\u017eenje propje\u0161a\u010dili smo 6-7 km. Umorni, ali zadovoljni krenuli smo ku\u0107ama. Bio je to na\u0161 prvi ovogodi\u0161nji \u201eDan bez \u0161kolske torbe\u201c.<\/p>\n<p>&nbsp;<\/p>\n<p style=\"text-align: right;\"><em>U\u010denici razredne nastave<\/em><\/p>\n<div id=\"attachment_1626\" style=\"width: 160px\" class=\"wp-caption alignleft\"><a href=\"http:\/\/cvrcak-daruvar.com.hr\/wp-content\/uploads\/2013\/02\/sportski-dan-4.jpg\" class=\"gallery_colorbox\" rel=\"attachment wp-att-1626\"><img aria-describedby=\"caption-attachment-1626\" decoding=\"async\" loading=\"lazy\" class=\"size-thumbnail wp-image-1626\" alt=\"Sportski dan 4\" src=\"http:\/\/cvrcak-daruvar.com.hr\/wp-content\/uploads\/2013\/02\/sportski-dan-4-150x150.jpg\"  width=\"150\" height=\"150\" \/><\/a><p id=\"caption-attachment-1626\" class=\"wp-caption-text\">Sportski dan 4<\/p><\/div>\n<div id=\"attachment_1627\" style=\"width: 160px\" class=\"wp-caption alignleft\"><a href=\"http:\/\/cvrcak-daruvar.com.hr\/wp-content\/uploads\/2013\/02\/sportski-dan-5.jpg\" class=\"gallery_colorbox\" rel=\"attachment wp-att-1627\"><img aria-describedby=\"caption-attachment-1627\" decoding=\"async\" loading=\"lazy\" class=\"size-thumbnail wp-image-1627\" alt=\"Sportski dan 5\" src=\"http:\/\/cvrcak-daruvar.com.hr\/wp-content\/uploads\/2013\/02\/sportski-dan-5-150x150.jpg\"  width=\"150\" height=\"150\" \/><\/a><p id=\"caption-attachment-1627\" class=\"wp-caption-text\">Sportski dan 5\u00a0<\/p><\/div>\n","protected":false},"excerpt":{"rendered":"<p>SPORTSKI DAN U\u010cENIKA RAZREDNE NASTAVE 27.rujna 2012. planiran je kao sportski dan. U\u010ditelji ni\u017eih razreda poveli su u\u010denike prvih i drugih razreda u \u0161etnju Julijevim parkom. Nakon \u0161etnje zaustavili smo se na igrali\u0161tu gdje su se u\u010denici bolje upoznavali kroz igru i razli\u010dita natjecanja. Bilo je vru\u0107e, osvje\u017eenje smo potra\u017eili u Rimskoj \u0161umi na \u201eJulisbrumu\u201c.Druga\u0161i\u0107i [&hellip;]<\/p>\n","protected":false},"author":1,"featured_media":0,"parent":1301,"menu_order":0,"comment_status":"closed","ping_status":"closed","template":"","meta":[],"_links":{"self":[{"href":"http:\/\/cvrcak-daruvar.com.hr\/index.php?rest_route=\/wp\/v2\/pages\/1326"}],"collection":[{"href":"http:\/\/cvrcak-daruvar.com.hr\/index.php?rest_route=\/wp\/v2\/pages"}],"about":[{"href":"http:\/\/cvrcak-daruvar.com.hr\/index.php?rest_route=\/wp\/v2\/types\/page"}],"author":[{"embeddable":true,"href":"http:\/\/cvrcak-daruvar.com.hr\/index.php?rest_route=\/wp\/v2\/users\/1"}],"replies":[{"embeddable":true,"href":"http:\/\/cvrcak-daruvar.com.hr\/index.php?rest_route=%2Fwp%2Fv2%2Fcomments&post=1326"}],"version-history":[{"count":5,"href":"http:\/\/cvrcak-daruvar.com.hr\/index.php?rest_route=\/wp\/v2\/pages\/1326\/revisions"}],"predecessor-version":[{"id":1329,"href":"http:\/\/cvrcak-daruvar.com.hr\/index.php?rest_route=\/wp\/v2\/pages\/1326\/revisions\/1329"}],"up":[{"embeddable":true,"href":"http:\/\/cvrcak-daruvar.com.hr\/index.php?rest_route=\/wp\/v2\/pages\/1301"}],"wp:attachment":[{"href":"http:\/\/cvrcak-daruvar.com.hr\/index.php?rest_route=%2Fwp%2Fv2%2Fmedia&parent=1326"}],"curies":[{"name":"wp","href":"https:\/\/api.w.org\/{rel}","templated":true}]}}