{"id":106,"date":"2012-05-31T13:44:32","date_gmt":"2012-05-31T13:44:32","guid":{"rendered":"http:\/\/cvrcak-daruvar.com.hr\/?page_id=106"},"modified":"2012-05-31T13:44:54","modified_gmt":"2012-05-31T13:44:54","slug":"intervju-s-nastavnicom-tihanom-petkovic","status":"publish","type":"page","link":"http:\/\/cvrcak-daruvar.com.hr\/?page_id=106","title":{"rendered":"Intervju s nastavnicom Tihanom Petkovi\u0107"},"content":{"rendered":"<p>11. travnja 2012.g \u00a0napravili smo intervju s nastavnicom Tihanom Petkovi\u0107. Ona vodi dobrotvornu akciju na\u0161e \u0161kole pa smo joj postavili par pitanja vezano uz dobrotvornu akciju koja slavi 10 godina djelovanja.<\/p>\n<p><strong>\u00a0Tko je i kada do\u0161ao na ideju osnivanja humanitarne akcije?<\/strong><\/p>\n<p>Nastavnica Romana \u017dukina. Dok je radila u na\u0161oj \u0161koli napravila je radionicu u kojoj su u\u010denici izra\u0111ivali ukrase vezane uz Uskrs. Ti su ukrasi bili izlo\u017eeni na holu. Sljede\u0107e godine nastavnica je pre\u0161la u gimnaziju, a meni se svidjela ideja izrade ukrasa, pa smo pripremili prodajnu izlo\u017ebu i tako zapo\u010deli humanitarnu akciju. Bilo je to 2002. godine.<\/p>\n<p><strong>Tko je dao ime akciji?<\/strong><\/p>\n<p>Ja sam dala ime akciji.<\/p>\n<p><strong>\u0160to time \u017eelite poru\u010diti?<\/strong><\/p>\n<p>Da se u \u0161koli ne usvaja samo znanje ve\u0107 da je jako va\u017eno \u201eu\u010diti dobrotu\u201c odnosno nastojati ili raditi na tome da budemo \u0161to plemenitiji i imamo srca za svoje bli\u017enje.<\/p>\n<p><strong>Je li ova akcija vezana uz Caritas?<\/strong><\/p>\n<p>Ovo je akcija na\u0161e \u0161kole, Caritas je povezan samo utoliko \u0161to nam materijalno pripoma\u017ee u nabavi materijala i u prodaji \u00a0ispred crkve. Sav prihod je namijenjen u\u010denicima (pla\u0107anje izleta).<\/p>\n<p><strong>\u00a0Tko sve sudjeluje u akciji?<\/strong><\/p>\n<p>U akciji sudjeluje velika ve\u0107ina u\u010ditelja i u\u010diteljica na\u0161e \u0161kole, puno u\u010denika svih razreda na razli\u010dite na\u010dine: u radionicama, na satovima razrednika, na satu vjeronauka i likovnog ili u zavr\u0161nim radionicama na kojima se izra\u0111uju \u201ekona\u010dni proizvodi\u201c, ali i u sklopu razli\u010ditih izvannastavnih aktivnosti kao \u0161to su karitativna skupina, vjeronau\u010dna skupina, vrtlari itd.<\/p>\n<p><strong>Vole li u\u010denici pomagati i donositi materijal?<\/strong><\/p>\n<p>U\u010denici su vrlo aktivni i mnogi s velikim zadovoljstvom i rado\u0161\u0107u donose materijale: ispuhana jaja, grane, mahovinu&#8230; na kraju krajeva, bez tako \u00a0velikog odaziva i sudjelovanja u\u010denika u radionicama ova akcija ne bi bila mogu\u0107a zato se svima koji su doprinjeli od srca zahvaljuje.<\/p>\n<p><strong>\u0160to sve izra\u0111ujete?<\/strong><\/p>\n<p>Razli\u010dite ukrase vezane uz slavlje Uskrsa.<\/p>\n<p><strong>\u00a0Prodaju li se svi ukrasi za vrijeme akcije?<\/strong><\/p>\n<p>Naravno, ne mo\u017ee se prodati sve, a ono \u0161to ostane od ukrasa, doradi se i ponovo pusti u prodaju.<\/p>\n<p>&nbsp;<\/p>\n<p><strong>\u00a0Kupuju li vi\u0161e u\u010denici ili odrasli?<\/strong><\/p>\n<p>Vi\u0161e kupuju odrasli me\u0111utim u najve\u0107em broju to su upravo roditelji na\u0161ih u\u010denika koji na taj na\u010din podupiru humanitarnu akciju.<\/p>\n<p><strong>Je li te\u0161ko prikupiti novac u ovo krizno vrijeme?<\/strong><\/p>\n<p>Primjetili smo da \u0161to je kriza ve\u0107a tj. \u0161to su vremena materijalno te\u017ea to su ljudi\u00a0 solidarniji i spremniji pomo\u0107i drugima. Iz godine u godinu uspijeh akcije je sve ve\u0107i.<\/p>\n<p><strong>Jeste li zadovoljni u\u010dincima akcije?<\/strong><\/p>\n<p>Odu\u0161evljena sam u\u010dincima ove akcije pogotovo kada vidim koliko su svi, i u\u010denici i roditelji, spremni sura\u0111ivati i dati svoj doprinos kada je rije\u010d o nekoj plemenitoj svrsi.<\/p>\n<p>&nbsp;<\/p>\n<p style=\"text-align: center;\" align=\"right\">Iva Radman, 8. a<\/p>\n<p style=\"text-align: left;\" align=\"right\"><em>Lektorirala: L. B.<\/em><\/p>\n","protected":false},"excerpt":{"rendered":"<p>11. travnja 2012.g \u00a0napravili smo intervju s nastavnicom Tihanom Petkovi\u0107. Ona vodi dobrotvornu akciju na\u0161e \u0161kole pa smo joj postavili par pitanja vezano uz dobrotvornu akciju koja slavi 10 godina djelovanja. \u00a0Tko je i kada do\u0161ao na ideju osnivanja humanitarne akcije? Nastavnica Romana \u017dukina. Dok je radila u na\u0161oj \u0161koli napravila je radionicu u kojoj [&hellip;]<\/p>\n","protected":false},"author":1,"featured_media":0,"parent":827,"menu_order":0,"comment_status":"closed","ping_status":"closed","template":"","meta":[],"_links":{"self":[{"href":"http:\/\/cvrcak-daruvar.com.hr\/index.php?rest_route=\/wp\/v2\/pages\/106"}],"collection":[{"href":"http:\/\/cvrcak-daruvar.com.hr\/index.php?rest_route=\/wp\/v2\/pages"}],"about":[{"href":"http:\/\/cvrcak-daruvar.com.hr\/index.php?rest_route=\/wp\/v2\/types\/page"}],"author":[{"embeddable":true,"href":"http:\/\/cvrcak-daruvar.com.hr\/index.php?rest_route=\/wp\/v2\/users\/1"}],"replies":[{"embeddable":true,"href":"http:\/\/cvrcak-daruvar.com.hr\/index.php?rest_route=%2Fwp%2Fv2%2Fcomments&post=106"}],"version-history":[{"count":3,"href":"http:\/\/cvrcak-daruvar.com.hr\/index.php?rest_route=\/wp\/v2\/pages\/106\/revisions"}],"predecessor-version":[{"id":108,"href":"http:\/\/cvrcak-daruvar.com.hr\/index.php?rest_route=\/wp\/v2\/pages\/106\/revisions\/108"}],"up":[{"embeddable":true,"href":"http:\/\/cvrcak-daruvar.com.hr\/index.php?rest_route=\/wp\/v2\/pages\/827"}],"wp:attachment":[{"href":"http:\/\/cvrcak-daruvar.com.hr\/index.php?rest_route=%2Fwp%2Fv2%2Fmedia&parent=106"}],"curies":[{"name":"wp","href":"https:\/\/api.w.org\/{rel}","templated":true}]}}